{"id":108508,"date":"2026-03-20T18:05:50","date_gmt":"2026-03-20T18:05:50","guid":{"rendered":"https:\/\/soydeaqui.ddns.net\/pachuca\/index.php\/producto\/domo-ip-4-megapixel-lente-mot-2-8-a-12-mm-40-mts-ir-exir-ik10-ip67-h-265-wdr-140-db-captura-facial-deepinview-busqueda-por-atributos-2-microfonos-integrados-micro-sd\/"},"modified":"2026-03-20T18:06:12","modified_gmt":"2026-03-20T18:06:12","slug":"domo-ip-4-megapixel-lente-mot-2-8-a-12-mm-40-mts-ir-exir-ik10-ip67-h-265-wdr-140-db-captura-facial-deepinview-busqueda-por-atributos-2-microfonos-integrados-micro-sd","status":"publish","type":"product","link":"https:\/\/soydeaqui.ddns.net\/pachuca\/index.php\/producto\/domo-ip-4-megapixel-lente-mot-2-8-a-12-mm-40-mts-ir-exir-ik10-ip67-h-265-wdr-140-db-captura-facial-deepinview-busqueda-por-atributos-2-microfonos-integrados-micro-sd\/","title":{"rendered":"Domo IP 4 Megapixel \/ Lente Mot. 2.8 a 12 mm \/ 40 mts IR EXIR \/ IK10 \/ IP67 \/ H.265+ \/ WDR 140 dB \/ Captura Facial \/ DeepinView \/ B\u00fasqueda por Atributos \/ 2 Micr\u00f3fonos Integrados \/ Micro SD"},"content":{"rendered":"<div style='width: 100%; max-width: 1200px; margin: 0 auto; font-family: sans-serif; line-height: 1.6; color: inherit; background-color: transparent;'> <!-- Encabezado Principal --> <\/p>\n<section style='width: 100%; padding: 30px 0;'> <\/section>\n<div style='width: 100%; max-width: 1200px; margin: 0 auto; padding: 0 15px;'>\n<div style='width: 100%; margin-bottom: 30px;'><\/div>\n<\/p><\/div>\n<p> <!-- Secci\u00f3n de Especificaciones --> <\/p>\n<div style='width: 100%; padding: 30px 0;'>\n<div style='width: 100%; text-align: center;'>\n<h1 style='font-size: 28px; color: #232a6f; border-bottom: 2px solid currentColor; padding-bottom: 5px; margin: 0 auto; display: inline-block; max-width: 100%;'> <span style='font-family: verdana&comma; geneva&comma; sans-serif;'>Especificaciones<\/span> <\/h1>\n<\/p><\/div>\n<p> <!-- Nueva estructura de tarjetas --> <\/p>\n<div style='display: flex; flex-wrap: wrap; gap: 20px; margin-top: 30px;'> <!-- COLUMNA IZQUIERDA --> <\/p>\n<div style='flex: 1 1 300px; min-width: 280px; max-width: 50%;'> <!-- Tarjeta Caracter\u00edsticas Principales --> <\/p>\n<div style='border: 1px solid rgba(150&comma; 150&comma; 150&comma; 0.4); border-radius: 8px; overflow: hidden; display: flex; flex-direction: column;'>\n<div style='padding: 15px; background: #df001e; border-bottom: 1px solid #a80000; color: white; font-weight: bold;'> Caracter\u00edsticas Principales: <\/div>\n<div style='padding: 15px; color: inherit;'>\n<ul style='padding-left: 20px; margin: 0; font-size: 14px; list-style-type: disc;'>\n<li style='margin-bottom: 5px;'><span style='font-family: verdana&comma; geneva&comma; sans-serif;'>Resoluci\u00f3n m\u00e1xima: 4 Megapixel (2560 x 1440).<\/span><\/li>\n<li style='margin-bottom: 5px;'><span style='font-family: verdana&comma; geneva&comma; sans-serif;'>Iluminaci\u00f3n m\u00ednima: color 0.0005 Lux @ (F1.2&comma; AGC ON)<\/span><\/li>\n<li style='margin-bottom: 5px;'><span style='font-family: verdana&comma; geneva&comma; sans-serif;'>D\u00eda \/ Noche Real (filtro ICR).<\/span><\/li>\n<li style='margin-bottom: 5px;'><span style='font-family: verdana&comma; geneva&comma; sans-serif;'>Distancia motorizado: 2.8 a 12 mm (angulo de visi\u00f3n 130.1\u00b0 a 45.7\u00b0)<\/span><\/li>\n<li style='margin-bottom: 5px;'><span style='font-family: verdana&comma; geneva&comma; sans-serif;'>Distancia de infrarrojo: 40 mts Smart IR.<\/span><\/li>\n<li style='margin-bottom: 5px;'><span style='font-family: verdana&comma; geneva&comma; sans-serif;'>Funciones normales: WDR 140 dB \/ BLC \/ HLC \/ 3D DNR \/ Defog \/ EIS.<\/span><\/li>\n<li style='margin-bottom: 5px;'><span style='font-family: verdana&comma; geneva&comma; sans-serif;'>Compresi\u00f3n: H.265+ \/ H.265 \/ H.264+ \/ H.264.<\/span><\/li>\n<li style='margin-bottom: 5px;'><span style='font-family: verdana&comma; geneva&comma; sans-serif;'>Compatible con la plataforma de Hik-Connect.<\/span><\/li>\n<li style='margin-bottom: 5px;'><span style='font-family: verdana&comma; geneva&comma; sans-serif;'>Micr\u00f3fono integrado.<\/span><\/li>\n<li style='margin-bottom: 5px;'><span style='font-family: verdana&comma; geneva&comma; sans-serif;'>Main Stream: 30 fps (2560 x 1440 \/ 1920 x 1080 \/ 1280 x 720).<\/span><\/li>\n<li style='margin-bottom: 5px;'><span style='font-family: verdana&comma; geneva&comma; sans-serif;'>Sub Steam: 30 fps (704 x 480 \/ 640 x 480).<\/span><\/li>\n<\/ul><\/div>\n<\/p><\/div>\n<p> <!-- Tarjeta Entradas\/Salidas --> <\/p>\n<div style='border: 1px solid rgba(150&comma; 150&comma; 150&comma; 0.4); border-radius: 8px; overflow: hidden; display: flex; flex-direction: column; margin-top: 20px;'>\n<div style='padding: 15px; background: #df001e; border-bottom: 1px solid #a80000; color: white; font-weight: bold;'> Entradas y Salidas de Audio \/ Alarmas \/ Red: <\/div>\n<div style='padding: 15px; color: inherit;'>\n<ul style='padding-left: 20px; margin: 0; font-size: 14px; list-style-type: disc;'>\n<li style='margin-bottom: 5px;'><span style='font-family: verdana&comma; geneva&comma; sans-serif;'>Entradas de alarma: 1.<\/span><\/li>\n<li style='margin-bottom: 5px;'><span style='font-family: verdana&comma; geneva&comma; sans-serif;'>Salidas de alarma: 2.<\/span><\/li>\n<li style='margin-bottom: 5px;'><span style='font-family: verdana&comma; geneva&comma; sans-serif;'>Entradas de audio: 1.<\/span><\/li>\n<li style='margin-bottom: 5px;'><span style='font-family: verdana&comma; geneva&comma; sans-serif;'>Salidas de audio: 1.<\/span><\/li>\n<li style='margin-bottom: 5px;'><span style='font-family: verdana&comma; geneva&comma; sans-serif;'>Puerto de red: 1 (10 \/ 100 \/ 1000 Mbps \/ PoE 802.3at).<\/span><\/li>\n<li style='margin-bottom: 5px;'><span style='font-family: verdana&comma; geneva&comma; sans-serif;'>Soporta ONVIF (PROFILE S&comma; PROFILE G&comma; PROFILE T) \/ ISAPI \/ SDK \/ ISUP.<\/span><\/li>\n<li style='margin-bottom: 5px;'><span style='font-family: verdana&comma; geneva&comma; sans-serif;'>Soporta hasta 20 usuarios simult\u00e1neos.<\/span><\/li>\n<\/ul><\/div>\n<\/p><\/div>\n<\/p><\/div>\n<p> <!-- COLUMNA DERECHA --> <\/p>\n<div style='flex: 1 1 300px; min-width: 280px; max-width: 50%;'> <!-- Tarjeta Caracter\u00edsticas F\u00edsicas --> <\/p>\n<div style='border: 1px solid rgba(150&comma; 150&comma; 150&comma; 0.4); border-radius: 8px; overflow: hidden; display: flex; flex-direction: column;'>\n<div style='padding: 15px; background: #df001e; border-bottom: 1px solid #a80000; color: white; font-weight: bold;'> Caracter\u00edsticas F\u00edsicas y El\u00e9ctricas: <\/div>\n<div style='padding: 15px; color: inherit;'>\n<ul style='padding-left: 20px; margin: 0; font-size: 14px; list-style-type: disc;'>\n<li style='margin-bottom: 5px;'><span style='font-family: verdana&comma; geneva&comma; sans-serif;'>Alimentaci\u00f3n: 12 Vcc \/ 24 VCA \/ PoE 802.3 at \/ 12 W.<\/span><\/li>\n<li style='margin-bottom: 5px;'><span style='font-family: verdana&comma; geneva&comma; sans-serif;'>Temperatura de operaci\u00f3n: -30\u00b0C a 60\u00b0C \/ Humedad al 95% m\u00e1ximo.<\/span><\/li>\n<li style='margin-bottom: 5px;'><span style='font-family: verdana&comma; geneva&comma; sans-serif;'>Antivandalica (IK10).<\/span><\/li>\n<li style='margin-bottom: 5px;'><span style='font-family: verdana&comma; geneva&comma; sans-serif;'>Exterior (IP67).<\/span><\/li>\n<li style='margin-bottom: 5px;'><span style='font-family: verdana&comma; geneva&comma; sans-serif;'>Dimensiones: 144.3 x 114.1 mm<\/span><\/li>\n<li style='margin-bottom: 5px;'><span style='font-family: verdana&comma; geneva&comma; sans-serif;'>Peso: 990 gramos.<\/span><\/li>\n<\/ul><\/div>\n<\/p><\/div>\n<p> <!-- Tarjeta Accesorios Compatibles --> <\/p>\n<div style='border: 1px solid rgba(150&comma; 150&comma; 150&comma; 0.4); border-radius: 8px; overflow: hidden; display: flex; flex-direction: column; margin-top: 20px;'>\n<div style='padding: 15px; background: #df001e; border-bottom: 1px solid #a80000; color: white; font-weight: bold;'> Accesorios Compatibles: <\/div>\n<div style='padding: 15px; color: inherit;'>\n<ul style='padding-left: 20px; margin: 0; font-size: 14px; list-style-type: disc;'>\n<li style='margin-bottom: 5px; text-align: left;'> <strong style='font-size: 14pt;'> <span style='font-family: verdana&comma; geneva&comma; sans-serif;'>Consulte la ficha t\u00e9cnica para validar los accesorios compatibles&comma; de clic <a href='https:\/\/ftp3.syscom.mx\/usuarios\/fcarrillo\/Hikvision\/Specs\/Especificaciones%20Tecnicas%20iDS-2CD7146G0-IZ%28H%29S%28Y%29%28D%29_V5.8.10_20230214.pdf?_gl=1*ixq3rj*_gcl_aw*R0NMLjE3NTM5ODg0NzluQmhBTkVpd0FlUWFQVlFXWFJid3V3RDhRanVEY1ZSa1pQcUFoQ1NvNG1YR085MmdzV2JzTktibUx3RXZnOFFTM3RCb0NvMThRQXZEX0J3RQ..*_gcl_au*NTA4MzI1MjQ1LjE3NTMxMjEwMDI.' target='_blank' rel='noopener' style='color: #df001e; text-decoration: underline;'>Aqui<\/a> <\/span> <\/strong> <\/li>\n<\/ul><\/div>\n<\/p><\/div>\n<\/p><\/div>\n<\/p><\/div>\n<p> <!-- CARACTER\u00cdSTICAS DESTACADAS (ancho completo) --> <\/p>\n<div style='width: 100%; margin-top: 30px;'>\n<div style='border: 1px solid rgba(150&comma; 150&comma; 150&comma; 0.4); border-radius: 8px; overflow: hidden; display: flex; flex-direction: column;'>\n<div style='padding: 15px; background: #df001e; border-bottom: 1px solid #a80000; color: white; font-weight: bold;'> Caracter\u00edsticas Destacadas: <\/div>\n<div style='padding: 15px; color: inherit;'>\n<ul style='padding-left: 20px; margin: 0; font-size: 14px; list-style-type: disc;'>\n<li style='margin-bottom: 15px;'> <span style='font-family: verdana&comma; geneva&comma; sans-serif;'>Reconocimiento facial:<\/span>\n<p style='margin-top: 8px; margin-bottom: 0; text-align: justify;'> <span style='font-family: verdana&comma; geneva&comma; sans-serif; font-size: 11pt;'>Con algoritmos integrados basados en aprendizaje profundo&comma; la c\u00e1mara puede dar la mejor toma de la cara de un objetivo a trav\u00e9s de la detecci\u00f3n&comma; seguimiento&comma; captura&comma; calificaci\u00f3n y selecci\u00f3n. La c\u00e1mara captura la cara y emite las caracter\u00edsticas&comma; como el sexo&comma; la edad y expresi\u00f3n.<\/span> <\/p>\n<\/li>\n<li style='margin-bottom: 15px;'> <span style='font-family: verdana&comma; geneva&comma; sans-serif;'>Proteccion perimetral:<\/span>\n<p style='margin-top: 8px; margin-bottom: 0; text-align: justify;'> <span style='font-family: verdana&comma; geneva&comma; sans-serif; font-size: 11pt;'>Con algoritmos integrados de detecci\u00f3n y clasificaci\u00f3n de objetivos basados en aprendizaje profundo&comma; la c\u00e1mara lleva a cabo el deber de protecci\u00f3n del per\u00edmetro&comma; control de las acciones de cruce de l\u00ednea&comma; intrusi\u00f3n&comma; entrada y salida de la regi\u00f3n. Los algoritmos filtran en gran medida la alarma err\u00f3nea causada por la interferencia de hojas&comma; luces&comma; animales&comma; banderas&comma; etc.<\/span> <\/p>\n<\/li>\n<li style='margin-bottom: 15px;'> <span style='font-family: verdana&comma; geneva&comma; sans-serif;'>Deteccion de atributos:<\/span>\n<p style='margin-top: 8px; margin-bottom: 0; text-align: justify;'> <span style='font-family: verdana&comma; geneva&comma; sans-serif; font-size: 11pt;'>Con los algoritmos de aprendizaje profundo incorporados&comma; la c\u00e1mara detecta y captura la cara&comma; el cuerpo humano&comma; el veh\u00edculo en el regi\u00f3n especificada y genera las caracter\u00edsticas&comma; como g\u00e9nero&comma; edad&comma; color superior y tipo de veh\u00edculo.<\/span> <\/p>\n<\/li>\n<\/ul><\/div>\n<\/p><\/div>\n<\/p><\/div>\n<\/p><\/div>\n<p> <!-- Secci\u00f3n vac\u00eda --> <\/p>\n<section style='width: 100%; padding: 40px 0;'>\n<div style='display: flex; flex-wrap: wrap; align-items: center; gap: 30px;'>\n<div style='flex: 1 1 100%;'><\/div>\n<div style='flex: 1 1 100%;'><\/div>\n<\/p><\/div>\n<\/section>\n<p> <!-- Secci\u00f3n con fondo --> <\/p>\n<section style='width: 100%; background-color: #eff3fe; padding: 40px 0;'>\n<div style='width: 100%; max-width: 1200px; margin: 0 auto; padding: 0 15px;'>\n<div style='width: 100%;'><\/div>\n<\/p><\/div>\n<\/section><\/div>\n","protected":false},"excerpt":{"rendered":"<p>Domo IP 4 Megapixel \/ Lente Mot. 2.8 a 12 mm \/ 40 mts IR EXIR \/ IK10 \/ IP67 \/ H.265+ \/ WDR 140 dB \/ Captura Facial \/ DeepinView \/ B\u00fasqueda por Atributos \/ 2 Micr\u00f3fonos Integrados \/ Micro SD<\/p>\n","protected":false},"featured_media":108507,"comment_status":"open","ping_status":"closed","template":"","meta":[],"product_brand":[],"product_cat":[2056],"product_tag":[122,2057,54],"class_list":{"0":"post-108508","1":"product","2":"type-product","3":"status-publish","4":"has-post-thumbnail","6":"product_cat-domo-eyeball-turret","7":"product_tag-camaras-ip-y-nvrs","8":"product_tag-domo-eyeball-turret","9":"product_tag-hikvision","11":"first","12":"outofstock","13":"sale","14":"shipping-taxable","15":"purchasable","16":"product-type-simple"},"_links":{"self":[{"href":"https:\/\/soydeaqui.ddns.net\/pachuca\/index.php\/wp-json\/wp\/v2\/product\/108508","targetHints":{"allow":["GET"]}}],"collection":[{"href":"https:\/\/soydeaqui.ddns.net\/pachuca\/index.php\/wp-json\/wp\/v2\/product"}],"about":[{"href":"https:\/\/soydeaqui.ddns.net\/pachuca\/index.php\/wp-json\/wp\/v2\/types\/product"}],"replies":[{"embeddable":true,"href":"https:\/\/soydeaqui.ddns.net\/pachuca\/index.php\/wp-json\/wp\/v2\/comments?post=108508"}],"wp:featuredmedia":[{"embeddable":true,"href":"https:\/\/soydeaqui.ddns.net\/pachuca\/index.php\/wp-json\/wp\/v2\/media\/108507"}],"wp:attachment":[{"href":"https:\/\/soydeaqui.ddns.net\/pachuca\/index.php\/wp-json\/wp\/v2\/media?parent=108508"}],"wp:term":[{"taxonomy":"product_brand","embeddable":true,"href":"https:\/\/soydeaqui.ddns.net\/pachuca\/index.php\/wp-json\/wp\/v2\/product_brand?post=108508"},{"taxonomy":"product_cat","embeddable":true,"href":"https:\/\/soydeaqui.ddns.net\/pachuca\/index.php\/wp-json\/wp\/v2\/product_cat?post=108508"},{"taxonomy":"product_tag","embeddable":true,"href":"https:\/\/soydeaqui.ddns.net\/pachuca\/index.php\/wp-json\/wp\/v2\/product_tag?post=108508"}],"curies":[{"name":"wp","href":"https:\/\/api.w.org\/{rel}","templated":true}]}}