{"id":108504,"date":"2026-03-20T18:05:39","date_gmt":"2026-03-20T18:05:39","guid":{"rendered":"https:\/\/soydeaqui.ddns.net\/pachuca\/index.php\/producto\/proteccion-activa-turret-ip-panoramica-8-megapixel-180-imagen-a-color-24-7-poe-wdr-130-ip67-acusense-proteccion-activa-luz-estroboscopica-y-alarma-audible-microsd\/"},"modified":"2026-03-20T18:05:41","modified_gmt":"2026-03-20T18:05:41","slug":"proteccion-activa-turret-ip-panoramica-8-megapixel-180-imagen-a-color-24-7-poe-wdr-130-ip67-acusense-proteccion-activa-luz-estroboscopica-y-alarma-audible-microsd","status":"publish","type":"product","link":"https:\/\/soydeaqui.ddns.net\/pachuca\/index.php\/producto\/proteccion-activa-turret-ip-panoramica-8-megapixel-180-imagen-a-color-24-7-poe-wdr-130-ip67-acusense-proteccion-activa-luz-estroboscopica-y-alarma-audible-microsd\/","title":{"rendered":"[PROTECCI\u00d3N ACTIVA] Turret IP Panor\u00e1mica 8 Megapixel \/ 180\u00b0 \/ Imagen a Color 24\/7 \/ PoE \/ WDR 130\u00b0 \/ IP67 \/ ACUSENSE \/ Protecci\u00f3n Activa (Luz Estrobosc\u00f3pica y Alarma Audible) \/ MicroSD"},"content":{"rendered":"<div style='width: 100%; max-width: 1200px; margin: 0 auto; font-family: sans-serif; line-height: 1.6; color: inherit; background-color: transparent;'> <!-- Im\u00e1genes y video --> <\/p>\n<div style='display: flex; flex-wrap: wrap; gap: 15px; margin-bottom: 30px;'> <img style='width: 100%; height: auto; border: 1px solid rgba(150&comma;150&comma;150&comma;0.3); border-radius: 8px;' src='https:\/\/ftp3.syscom.mx\/usuarios\/xguereque\/Imagenes\/hikvision\/colorvu-2.jpg' alt=''> <img style='width: 100%; height: auto; border: 1px solid rgba(150&comma;150&comma;150&comma;0.3); border-radius: 8px;' src='http:\/\/ftp3.syscom.mx\/usuarios\/roberto.espino\/Specs\/Color\/canteen.jpeg' alt=''> <img style='width: 100%; height: auto; border: 1px solid rgba(150&comma;150&comma;150&comma;0.3); border-radius: 8px;' src='http:\/\/ftp3.syscom.mx\/usuarios\/roberto.espino\/Specs\/Color\/road%20day.jpeg' alt=''> <img style='width: 100%; height: auto; border: 1px solid rgba(150&comma;150&comma;150&comma;0.3); border-radius: 8px;' src='http:\/\/ftp3.syscom.mx\/usuarios\/roberto.espino\/Specs\/Color\/road.jpeg' alt=''> <\/p>\n<div style='position: relative; padding-bottom: 56.25%; height: 0; overflow: hidden; margin-bottom: 30px;'> <video style='position: absolute; top: 0; left: 0; width: 100%; height: 100%; border: none;' loop muted controls><source src='https:\/\/ftp3.syscom.mx\/usuarios\/fcarrillo\/Hikvision\/videos\/Indoor%20Parking%20Lot%204K%20ColorVu%2BPanoramic%2032-9%20%281%29.mp4' type='video\/mp4'><\/video> <\/div>\n<\/p><\/div>\n<p> <!-- Secci\u00f3n de caracter\u00edsticas --> <\/p>\n<div style='display: flex; flex-wrap: wrap; gap: 30px; margin-bottom: 30px;'>\n<div style='flex: 1 1 300px; min-width: 280px;'>\n<h3 style='font-size: 22px; border-bottom: 2px solid currentColor; padding-bottom: 5px; margin-top: 0; color: inherit; opacity: 0.8;'>Caracter\u00edsticas principales<\/h3>\n<ul style='padding-left: 20px; font-size: 15px; color: inherit;'>\n<li style='margin-bottom: 5px;'><strong>Resoluci\u00f3n M\u00e1xima:<\/strong> 8 Megapixel (5120 x 1440)<\/li>\n<li style='margin-bottom: 5px;'><strong>Iluminaci\u00f3n m\u00ednima:<\/strong> 0.0005 Lux @ (F1.0&comma; AGC ON)<\/li>\n<li style='margin-bottom: 5px;'><strong>Lente fijo:<\/strong> dual 4 mm (\u00e1ngulo de apertura 180\u00b0 +\/-10\u00ba)<\/li>\n<li style='margin-bottom: 5px;'><strong>Alcance de luz blanca:<\/strong> 40 Metros<\/li>\n<li style='margin-bottom: 5px;'><strong>Memoria microSD:<\/strong> Soporta hasta 512 GB (no incluida)<\/li>\n<li style='margin-bottom: 5px;'><strong>WDR:<\/strong> 130 dB<\/li>\n<li style='margin-bottom: 5px;'><strong>Detecci\u00f3n:<\/strong> Movimiento \/ Cruce de l\u00ednea \/ Intrusi\u00f3n<\/li>\n<li style='margin-bottom: 5px;'><strong>Audio:<\/strong> Micr\u00f3fono y altavoz integrado<\/li>\n<li style='margin-bottom: 5px;'><strong>Alerta:<\/strong> Luz intermitente y alerta de audio pregrabado \/ personalizable<\/li>\n<\/ul><\/div>\n<div style='flex: 1 1 300px; min-width: 280px;'>\n<h3 style='font-size: 22px; border-bottom: 2px solid currentColor; padding-bottom: 5px; margin-top: 0; color: inherit; opacity: 0.8;'>Caracter\u00edsticas F\u00edsicas y El\u00e9ctricas<\/h3>\n<ul style='padding-left: 20px; font-size: 15px; color: inherit;'>\n<li style='margin-bottom: 5px;'><strong>Temperatura de Operaci\u00f3n:<\/strong> -30\u00b0C a 60\u00b0C<\/li>\n<li style='margin-bottom: 5px;'><strong>Alimentaci\u00f3n:<\/strong> 12Vcc \/ 10.5 Watts<\/li>\n<li style='margin-bottom: 5px;'><strong>PoE:<\/strong> Soporta 802.3af \/ 12.5 Watts<\/li>\n<li style='margin-bottom: 5px;'><strong>Protecci\u00f3n:<\/strong> Interior \/ Exterior IP67<\/li>\n<li style='margin-bottom: 5px;'><strong>Entrada de alarma:<\/strong> 1<\/li>\n<li style='margin-bottom: 5px;'><strong>Salida de alarma:<\/strong> 1<\/li>\n<li style='margin-bottom: 5px;'><strong>Material:<\/strong> Metal y policarbonato<\/li>\n<li style='margin-bottom: 5px;'><strong>Dimensiones:<\/strong> 155 mm \u00d7 155.3 mm<\/li>\n<li style='margin-bottom: 5px;'><strong>Peso:<\/strong> 1110 gramos<\/li>\n<\/ul>\n<p style='margin-top: 20px;'><strong>Accesorios:<\/strong> <a style='color: inherit; text-decoration: underline;' href='https:\/\/ftp3.syscom.mx\/usuarios\/emendoza\/elesbanmch\/HIKVISON\/EDICIONES\/DS-2CD3387G2P-LSU_SL%2B%28C%29_Datasheet_20240716.pdf' target='_blank' rel='noopener'>Consultar ficha t\u00e9cnica<\/a><\/p>\n<\/p><\/div>\n<div style='flex: 1 1 300px; min-width: 280px;'>\n<h3 style='font-size: 22px; border-bottom: 2px solid currentColor; padding-bottom: 5px; margin-top: 0; color: inherit; opacity: 0.8;'>Caracter\u00edsticas Destacadas<\/h3>\n<p style='font-size: 15px; color: inherit;'>Las c\u00e1maras ColorVu cuentan con F stop ajustando a 1.0&comma; lo que le permite una mayor captaci\u00f3n y aprovechamiento de la luz&comma; su luz blanca permite iluminar los ambientes muy oscuros para brindar una imagen a color 24\/7&comma; es por ello que ColorVu se encuentra entre las m\u00e1s seleccionadas por los clientes en ambientes como bares&comma; tiendas&comma; hogar&comma; oficina&comma; hospitales&comma; perimetrales.<\/p>\n<\/p><\/div>\n<\/p><\/div>\n<p> <!-- Secci\u00f3n de ACUSENSE --> <\/p>\n<div style='margin-bottom: 30px;'>\n<h3 style='font-size: 22px; border-bottom: 2px solid currentColor; padding-bottom: 5px; margin-top: 0; color: inherit; opacity: 0.8;'>Tecnolog\u00eda ACUSENSE<\/h3>\n<div style='background-color: rgba(150&comma;150&comma;150&comma;0.1); border-radius: 8px; padding: 15px;'>\n<p style='font-size: 15px; color: inherit; margin: 0 0 10px 0;'>Soporta tecnolog\u00eda ACUSENSE para evitar falsas alarmas ocasionadas por movimientos de pixeles como son las ramas de \u00e1rboles&comma; movimiento de cortinas&comma; lluvias&comma; etc.<\/p>\n<p style='font-size: 15px; color: inherit; margin: 0;'>Con la tecnolog\u00eda ACUSENSE haremos de una detecci\u00f3n efectiva ya que solo se activar\u00e1 el evento cuando detecte cuerpos humanos o veh\u00edculos para poder evitar las falsas alarmas.<\/p>\n<\/p><\/div>\n<\/p><\/div>\n<p> <!-- Secci\u00f3n de consideraciones --> <\/p>\n<div style='margin-bottom: 30px;'>\n<h3 style='font-size: 22px; border-bottom: 2px solid currentColor; padding-bottom: 5px; margin-top: 0; color: inherit; opacity: 0.8;'>Consideraciones<\/h3>\n<ul style='padding-left: 20px; font-size: 15px; color: inherit;'>\n<li style='margin-bottom: 5px;'>NVRs compatibles para grabaci\u00f3n: serie NI-Q&comma; NI-I (128 y 256 canales)&comma; NI-K1. No soporta salida HDMI directa&comma; no soporta el tama\u00f1o de imagen por la decodificaci\u00f3n. Se puede visualizar por App&comma; web o iVMS-4200<\/li>\n<li style='margin-bottom: 5px;'>NVRs compatibles para grabaci\u00f3n y monitoreo directo por HDMI: serie NXI-I&comma; NI-M&comma; NI-I&comma; NXI-K2&comma; NI-K&comma; NXI-M<\/li>\n<li style='margin-bottom: 5px;'>No es posible integrarlo a NVRs de 4 canales o DVR&#8217;s de cualquier modelo. No lo soportan por el tama\u00f1o de imagen<\/li>\n<li style='margin-bottom: 5px;'>No es posible integrarlo con los NVRs DS-76**NXI-K1<\/li>\n<\/ul><\/div>\n<p> <!-- Imagen de tabla --> <\/p>\n<div style='margin-bottom: 30px;'> <img style='width: 100%; height: auto; border: 1px solid rgba(150&comma;150&comma;150&comma;0.3); border-radius: 8px;' src='https:\/\/ftp3.syscom.mx\/usuarios\/resperon\/Fotos%20Camaras%20IP\/Tabla%20DS-2CD2%283%29387G2P-LSU%2C%20DS-2CD2%283%29T87G2P-LSUSL%20buena.png' alt=''> <\/div>\n<p> <!-- Secci\u00f3n de videos de ACUSENSE --> <\/p>\n<div style='display: flex; flex-wrap: wrap; gap: 30px; margin-bottom: 30px;'>\n<div style='flex: 1 1 400px; min-width: 300px;'>\n<h3 style='font-size: 20px; margin-top: 0; color: inherit; opacity: 0.8; text-align: center;'>AcuSense \u00c1reas Restringidas<\/h3>\n<div style='position: relative; padding-bottom: 56.25%; height: 0; overflow: hidden;'>   <\/div>\n<\/p><\/div>\n<div style='flex: 1 1 400px; min-width: 300px;'>\n<h3 style='font-size: 20px; margin-top: 0; color: inherit; opacity: 0.8; text-align: center;'>AcuSense Almacenes<\/h3>\n<div style='position: relative; padding-bottom: 56.25%; height: 0; overflow: hidden;'>   <\/div>\n<\/p><\/div>\n<\/p><\/div>\n<p> <!-- Imagen final --> <\/p>\n<div style='margin-bottom: 30px;'> <img style='width: 100%; height: auto; border: 1px solid rgba(150&comma;150&comma;150&comma;0.3); border-radius: 8px;' src='https:\/\/ftp3.syscom.mx\/usuarios\/jsosa\/HIKVISION\/imagenes\/banners\/solution%20complete.png' alt=''> <\/div>\n<\/p><\/div>\n","protected":false},"excerpt":{"rendered":"<p>[PROTECCI\u00d3N ACTIVA] Turret IP Panor\u00e1mica 8 Megapixel \/ 180\u00b0 \/ Imagen a Color 24\/7 \/ PoE \/ WDR 130\u00b0 \/ IP67 \/ ACUSENSE \/ Protecci\u00f3n Activa (Luz Estrobosc\u00f3pica y Alarma Audible) \/ MicroSD<\/p>\n","protected":false},"featured_media":108503,"comment_status":"open","ping_status":"closed","template":"","meta":[],"product_brand":[],"product_cat":[2248],"product_tag":[122,2249,54],"class_list":{"0":"post-108504","1":"product","2":"type-product","3":"status-publish","4":"has-post-thumbnail","6":"product_cat-fisheye-y-hemisfericas","7":"product_tag-camaras-ip-y-nvrs","8":"product_tag-fisheye-y-hemisfericas","9":"product_tag-hikvision","11":"first","12":"instock","13":"sale","14":"shipping-taxable","15":"purchasable","16":"product-type-simple"},"_links":{"self":[{"href":"https:\/\/soydeaqui.ddns.net\/pachuca\/index.php\/wp-json\/wp\/v2\/product\/108504","targetHints":{"allow":["GET"]}}],"collection":[{"href":"https:\/\/soydeaqui.ddns.net\/pachuca\/index.php\/wp-json\/wp\/v2\/product"}],"about":[{"href":"https:\/\/soydeaqui.ddns.net\/pachuca\/index.php\/wp-json\/wp\/v2\/types\/product"}],"replies":[{"embeddable":true,"href":"https:\/\/soydeaqui.ddns.net\/pachuca\/index.php\/wp-json\/wp\/v2\/comments?post=108504"}],"wp:featuredmedia":[{"embeddable":true,"href":"https:\/\/soydeaqui.ddns.net\/pachuca\/index.php\/wp-json\/wp\/v2\/media\/108503"}],"wp:attachment":[{"href":"https:\/\/soydeaqui.ddns.net\/pachuca\/index.php\/wp-json\/wp\/v2\/media?parent=108504"}],"wp:term":[{"taxonomy":"product_brand","embeddable":true,"href":"https:\/\/soydeaqui.ddns.net\/pachuca\/index.php\/wp-json\/wp\/v2\/product_brand?post=108504"},{"taxonomy":"product_cat","embeddable":true,"href":"https:\/\/soydeaqui.ddns.net\/pachuca\/index.php\/wp-json\/wp\/v2\/product_cat?post=108504"},{"taxonomy":"product_tag","embeddable":true,"href":"https:\/\/soydeaqui.ddns.net\/pachuca\/index.php\/wp-json\/wp\/v2\/product_tag?post=108504"}],"curies":[{"name":"wp","href":"https:\/\/api.w.org\/{rel}","templated":true}]}}