{"id":108497,"date":"2026-03-20T18:05:14","date_gmt":"2026-03-20T18:05:14","guid":{"rendered":"https:\/\/soydeaqui.ddns.net\/pachuca\/index.php\/producto\/switch-cnmatrix-wisp-tx1012-dc-p-de-8-puertos-poe-y-4-sfp-170-w-poe-budget-capa-2-gestion-gratuita-desde-la-nube-para-corriente-directa\/"},"modified":"2026-03-20T18:05:35","modified_gmt":"2026-03-20T18:05:35","slug":"switch-cnmatrix-wisp-tx1012-dc-p-de-8-puertos-poe-y-4-sfp-170-w-poe-budget-capa-2-gestion-gratuita-desde-la-nube-para-corriente-directa","status":"publish","type":"product","link":"https:\/\/soydeaqui.ddns.net\/pachuca\/index.php\/producto\/switch-cnmatrix-wisp-tx1012-dc-p-de-8-puertos-poe-y-4-sfp-170-w-poe-budget-capa-2-gestion-gratuita-desde-la-nube-para-corriente-directa\/","title":{"rendered":"Switch cnMatrix WISP TX1012-DC-P de 8 puertos PoE y 4 SFP+, 170 W PoE Budget, Capa 2, gesti\u00f3n gratuita desde la nube, para corriente directa"},"content":{"rendered":"<div style='width: 100%; max-width: 1200px; margin: 0 auto; font-family: sans-serif; line-height: 1.6; color: inherit; background-color: transparent;'> <!-- T\u00edtulo principal --> <\/p>\n<h3 style='font-size: 22px; border-bottom: 2px solid currentColor; padding-bottom: 5px; margin-top: 0; color: inherit; opacity: 0.8; text-align: center;'> Mejore el rendimiento de la red y reduzca tiempo y costo de aprovisionamiento y administraci\u00f3n <\/h3>\n<p> <!-- Imagen principal --> <\/p>\n<div style='margin: 20px 0;'> <img style='width: 100%; max-width: 400px; height: auto; margin: 0 auto; border: 1px solid rgba(150&comma;150&comma;150&comma;0.3); border-radius: 8px; display: block;' src='https:\/\/ftp3.syscom.mx\/usuarios\/dquezada\/Cambium\/cnMatrix\/switches%20cnmatrix.JPG' alt=''> <\/div>\n<p> <!-- Descripci\u00f3n general --> <\/p>\n<div style='margin: 20px 0; font-size: 15px; color: inherit; text-align: center;'>\n<p style='margin: 0 0 15px;'> Los equipos de TI&comma; MSP e ISP deben proporcionar r\u00e1pidamente una experiencia de red \u00f3ptima para usuarios y dispositivos. Los operadores de red buscan simplicidad&comma; flexibilidad y automatizaci\u00f3n para mejorar el rendimiento de la red&comma; proporcionar una red confiable y confiable&comma; y proporcionar una experiencia de toque cero al implementar nuevos servicios y \/ o cambios en la red. Las soluciones de red en la nube con Wi-Fi cnPilot\u2122&comma; conmutaci\u00f3n cnMatrix\u2122 y gesti\u00f3n de la nube cnMaestro\u2122 de Cambium Networks brindan una experiencia \u00f3ptima para el cliente al tiempo que mantienen una seguridad s\u00f3lida y reducen los costos. <\/p>\n<p style='margin: 0 0 15px;'> Los conmutadores cnMatrix simplifican la implementaci\u00f3n y operaci\u00f3n de la red. Cuando se implementan con puntos de acceso WLAN cnPilot y el sistema de administraci\u00f3n cnMaestro&comma; los operadores de red tienen una red unificada de alta calidad con cable&comma; inal\u00e1mbrica&comma; unificada y de alta calidad. CnMatrix de Cambium Networks mejora el rendimiento&comma; la seguridad y la satisfacci\u00f3n del usuario final al tiempo que reduce los costos. <\/p>\n<\/p><\/div>\n<p> <!-- Secci\u00f3n de caracter\u00edsticas en grid --> <\/p>\n<div style='display: grid; grid-template-columns: repeat(auto-fit&comma; minmax(280px&comma; 1fr)); gap: 30px; margin: 30px 0;'> <!-- Caracter\u00edstica 1 --> <\/p>\n<div style='border: 1px solid rgba(150&comma; 150&comma; 150&comma; 0.4); border-radius: 8px; overflow: hidden;'>\n<div style='padding: 15px; border-bottom: 1px solid rgba(150&comma; 150&comma; 150&comma; 0.2); font-weight: bold; font-size: 16px; color: inherit; background-color: rgba(150&comma; 150&comma; 150&comma; 0.1);'> AUTOMATIZACI\u00d3N BASADA EN POL\u00cdTICAS <\/div>\n<div style='padding: 15px; color: inherit; font-size: 14px;'> <img style='width: 100%; max-width: 200px; height: auto; margin: 0 auto 15px; border: 1px solid rgba(150&comma;150&comma;150&comma;0.3); border-radius: 8px; display: block; float: left;' src='data:image\/png;base64&comma;iVBORw0KGgoAAAANSUhEUgAAACoAAAA4CAYAAACL3WrLAAACNUlEQVRoBe2ZO0sDQRSF80v8A9rYqYUINooWVmvAIk1ABCHGRkHQoEUiSEStfEB8EoiFiIiIloGICNoEC7WQiIqFIoIBi4yckVl2kzXcWfdhwlwYJoGTvd+end0kcwKsRipQI5xMgTp9pWrb0fePIptfP2XayApr6Bj3ZKAXeqK3VVU4mr95ZG3BWU\/grExo6o0xMJRXBWhXeIFDNvbEWOboguUu7zwZ6NXan+C9AVvurAkUYpwlIAtPr+Un5fp7wKE3GNZ2s6Z+JtDY0gEXYfarkqkTzhCe2DQhmEC1yDIXQWynbu9fWDSeYcPTaXZ1XbBzCL7M4ChYjOUoaHd4kZ8oGrVoCWMf8mvcE66Cfha\/dEg0wnh4fiMDCqHroGg0OLmtwwajq6K31OwJKIjSh+dsa\/+MlUolKUAh9gxUNLQ71xdo+8AcX2OhsRTb2Mv5MsSzHCzGMj2emvtm9JtB3Ll+zfgaNZYlaGcoyYamdnwZWuTnFxtMM5YJ9K\/fTMYD231dXzeTclRiHahLL2EWSaocJdkkIVKOSphFkipHSTZJiJSjEmaRpMpRkk0SIuWohFkkqXKUZJOESDkqYRZJShwVW34v9wM2khV18UJF2AAAAABJRU5ErkJggg==' alt=''> <\/p>\n<p style='text-align: center; margin-top: 10px;'> Capacidad para perfilar dispositivos y configurar autom\u00e1ticamente el switch proporcionando una experiencia de zero-touch incluso al implementar&comma; desconectar o mover dispositivos de red <\/p>\n<\/p><\/div>\n<\/p><\/div>\n<p> <!-- Caracter\u00edstica 2 --> <\/p>\n<div style='border: 1px solid rgba(150&comma; 150&comma; 150&comma; 0.4); border-radius: 8px; overflow: hidden;'>\n<div style='padding: 15px; border-bottom: 1px solid rgba(150&comma; 150&comma; 150&comma; 0.2); font-weight: bold; font-size: 16px; color: inherit; background-color: rgba(150&comma; 150&comma; 150&comma; 0.1);'> SEGMENTACI\u00d3N AUTOM\u00c1TICA DE DISPOSITIVOS <\/div>\n<div style='padding: 15px; color: inherit; font-size: 14px;'> <img style='width: 100%; max-width: 200px; height: auto; margin: 0 auto 15px; border: 1px solid rgba(150&comma;150&comma;150&comma;0.3); border-radius: 8px; display: block; float: left;' src='data:image\/png;base64&comma;iVBORw0KGgoAAAANSUhEUgAAADQAAAA2CAYAAABwF6rfAAAFNklEQVRoBe2YMWsVURCF80v8A\/oHtLKLoHW0N6kVbQQt0hkbJVgpgpIyKS0UtFOwEaxSiZWgnSAWlil+kisgwz333HPPvXfOzF249vZ+775773v33Wf+P79GQzL6ehTuPX0dNm8+j4kydZ6y4Tm55n4x2A+nzt82E21e4k7u4PO3SOr0pV54+PJd4JtEmTpI8+0h7uTOXt2OBPbuj2byd+\/HtnNXH8y0LaPCldyv6XEEj3dSonBNtS9S70qODSMHXu0em4srOawu8HixLHU8Wx4zz7c7ua07O5EgW39Zuvd3Yxu5h7iTwzvaFdk4bm0PYqKMV2mzvLoMsu7kAMl6uvD040mIKlSp81hrMkwj5KSM84xDm+R1tkkXeaPkioqbKLfkmrCyh47Wcx5WbWLO4nJ9fz8Mw98PY6LsLR2n0BnXklvQtbbzVgZSvZLS8eYySE10v7y8bJWTOYJYX+YmW7X2ltyqeaQu3tZz60W1aunV9hz3i4O9T+HRq\/fh7f4oHP74eW4uXOcRnnTw8Pvco9GJbsaDJXfnmSXHbTBX4fo1r\/zM5V6wnqUsxIC4uDV7KUtdDqDm47kLndJvHgxs3nh2oiRHkGgLeL26D58A6N069aovJwAAAABJRU5ErkJggg==' alt=''> <\/p>\n<p style='text-align: center; margin-top: 10px;'> Proporciona un entorno seguro para los recursos cr\u00edticos de la red al colocar autom\u00e1ticamente los dispositivos en el segmento de red apropiado seg\u00fan su perfil <\/p>\n<\/p><\/div>\n<\/p><\/div>\n<p> <!-- Caracter\u00edstica 3 --> <\/p>\n<div style='border: 1px solid rgba(150&comma; 150&comma; 150&comma; 0.4); border-radius: 8px; overflow: hidden;'>\n<div style='padding: 15px; border-bottom: 1px solid rgba(150&comma; 150&comma; 150&comma; 0.2); font-weight: bold; font-size: 16px; color: inherit; background-color: rgba(150&comma; 150&comma; 150&comma; 0.1);'> AUTO POLICY Wipe <\/div>\n<div style='padding: 15px; color: inherit; font-size: 14px;'> <img style='width: 100%; max-width: 200px; height: auto; margin: 0 auto 15px; border: 1px solid rgba(150&comma;150&comma;150&comma;0.3); border-radius: 8px; display: block; float: left;' src='data:image\/png;base64&comma;iVBORw0KGgoAAAANSUhEUgAAADcAAAAxCAYAAAB+gjFbAAADS0lEQVRoBe2av4pTQRTG90l8AX0BrSwCClqv9q61EhtBi1i5NopoowiaLTelhSvaubCNYppgYbRZWFMJEmSxGvkNfMv15sydG5JzSfAeGGbu\/Dvfd86ZmTCTjdCQjL4ehXtPX4fNm89jokydp2x4Tq65Xwz2w6nzt81Em5e4kzv4\/C2SOn2pFx6+fBf4JlGmDtJ8e4g7ubNXtiOBvQ+jGfy7bz7GtnNXH8y0LaPCldyv6XEEj3dSonBNtS9S70qODSMHXu0em4srOawu8HixLHU8Wx4zz7c7ua07O5EgW39Zuvd3Yxu5h7iTwzvaFdk4bm0PYqKMV2mzvLoMsu7kAMl6uvD040mIKlSp81hrMkwj5KSM84xDm+R1tkkXeaPkioqbKLfkmrCyh47Wcx5WbWLO4nJ9fz8Mw98PY6LsLR2n0BnXklvQtbbzVgZSvZLS8eYySE10v7y8bJWTOYJYX+YmW7X2ltyqeaQu3tZz60W1aunV9hz3i4O9T+HRq\/fh7f4oHP74eW4uXOcRnnTw8Pvco9GJbsaDJXfnmSXHbTBX4fo1r\/zM5V6wnqUsxIC4uDV7KUtdDqDm47kLndJvHgxs3nh2oiRHkGgLeL26D58A6N069aovJwAAAABJRU5ErkJggg==' alt=''> <\/p>\n<p style='text-align: center; margin-top: 10px;'> Mejora la seguridad al eliminar autom\u00e1ticamente toda la configuraci\u00f3n din\u00e1mica asociada cuando un dispositivo se desconecta <\/p>\n<\/p><\/div>\n<\/p><\/div>\n<p> <!-- Caracter\u00edstica 4 --> <\/p>\n<div style='border: 1px solid rgba(150&comma; 150&comma; 150&comma; 0.4); border-radius: 8px; overflow: hidden;'>\n<div style='padding: 15px; border-bottom: 1px solid rgba(150&comma; 150&comma; 150&comma; 0.2); font-weight: bold; font-size: 16px; color: inherit; background-color: rgba(150&comma; 150&comma; 150&comma; 0.1);'> AWARE INAL\u00c1MBRICO <\/div>\n<div style='padding: 15px; color: inherit; font-size: 14px;'> <img style='width: 100%; max-width: 200px; height: auto; margin: 0 auto 15px; border: 1px solid rgba(150&comma;150&comma;150&comma;0.3); border-radius: 8px; display: block; float: left;' src='data:image\/png;base64&comma;iVBORw0KGgoAAAANSUhEUgAAADoAAAAuCAYAAAB5\/AqlAAADUUlEQVRoBe2YMWsVURCF80v8A\/oHtLKLoHW0N6kVbQQt0hkbJVgpgpIyKS0UtFOwEaxSiZWgnSAWlin+kisgwz333HPPvXfOzF249vZ+775773v33Wf+P79GQzL6ehTuPX0dNm8+jokydZ6y4Tm55n4x2A+nzt82E21e4k7u4PO3SOr0pV54+PJd4JtGmDtJ8e4g7ubNXtiOBvQ+jGfy7bz7GtnNXH8y0LaPCldyv6XEEj3dSonBNtS9S70qODSMHXu0em4srOawu8HixLHU8Wx4zz7c7ua07O5EgW39Zuvd3Yxu5h7iTwzvaFdk4bm0PYqKMV2mzvLoMsu7kAMl6uvD040mIKlSp81hrMkwj5KSM84xDm+R1tkkXeaPkioqbKLfkmrCyh47Wcx5WbWLO4nJ9fz8Mw98PY6LsLR2n0BnXklvQtbbzVgZSvZLS8eYySE10v7y8bJWTOYJYX+YmW7X2ltyqeaQu3tZz60W1aunV9hz3i4O9T+HRq\/fh7f4oHP74eW4uXOcRnnTw8Pvco9GJbsaDJXfnmSXHbTBX4fo1r\/zM5V6wnqUsxIC4uDV7KUtdDqDm47kLndJvHgxs3nh2oiRHkGgLeL26D58A6N069aovJwAAAABJRU5ErkJggg==' alt=''> <\/p>\n<p style='text-align: center; margin-top: 10px;'> Permite la automatizaci\u00f3n de pol\u00edticas&comma; la supervisi\u00f3n sencilla y la resoluci\u00f3n de problemas de la red unificada por cable \/ inal\u00e1mbrica <\/p>\n<\/p><\/div>\n<\/p><\/div>\n<p> <!-- Caracter\u00edstica 5 --> <\/p>\n<div style='border: 1px solid rgba(150&comma; 150&comma; 150&comma; 0.4); border-radius: 8px; overflow: hidden;'>\n<div style='padding: 15px; border-bottom: 1px solid rgba(150&comma; 150&comma; 150&comma; 0.2); font-weight: bold; font-size: 16px; color: inherit; background-color: rgba(150&comma; 150&comma; 150&comma; 0.1);'> SUPERVIVENCIA DEL SITIO <\/div>\n<div style='padding: 15px; color: inherit; font-size: 14px;'> <img style='width: 100%; max-width: 200px; height: auto; margin: 0 auto 15px; border: 1px solid rgba(150&comma;150&comma;150&comma;0.3); border-radius: 8px; display: block; float: left;' src='data:image\/png;base64&comma;iVBORw0KGgoAAAANSUhEUgAAAD0AAAA0CAYAAAA5bTAhAAACoElEQVRoBe2ZQUtbQRDH\/ST9Cr30UG+9FHoTK6Q3i6AnBUsLKm0PUlqSU6gIilIq5JgcehBJQLxIQQ9CCSgUxF4KXgSheEjpZeX\/cB\/j9M3uBl5e9m12YHnzsjOb\/c3MbvL2jamRlLERZFaFQtd39lXl1baxnZ1fDjwPhUKPv6ipB09WjK3ZPgkLOovmz01PPZtdSwNR2+5kmeX6WaGZ5jOnwNNLXxPw6labm+V+PzRoCvy62lTH3V9hQ3NgpNIEjaDYNkD0v6m1nKqi8ExnAdugbZsf7XehLhRaAnaBrixuGXnQD3gXKQzaBBwktA04OGgXYEB3f\/5OynOtcfBfhaJsS9PersCa8ur6Rqv3rqWB7hf4HiW7KQV0nsDg9x46b2DvoQcB7DW0Dfjox4XTX8m59w2Fsah4Wd42YADgAAGTd2kIEBXvoF2AKTQHonA6MNzGK2hX4GCg+wEOBnr2XSNZn3jWdRGpdKmvZONNeeMAb3V9l87ZqEtA1Emy8QaaTtZFl4Cor2QzVGisYxzJ2I5u8FvLd2AJyHtogCDqLg2QVEoPjc0LAchqX1rfk6AEB82BaEZ1NXCb0meaA0Xou3XPAxMzTUuD6FJghvqTJa1XMu9kc8MkY6bJoyUCJ0nMNIlMLG8SDKoO7LVOXNM0zESXAiOtV+KaHinxdR\/Lm0aJ6LG8STCy1L5e1UqlSweWbGJ50ygRXQpMoWu69\/efwptE3TqHp8lj48eNvfQz3aevkg18MHn0a1t+lWzgNzm\/IfphHPTDjo8JBi7G8n409SkZCIOVtYGBixH6bf2bwqmnbi+Xd9TjSlU9nPhgbc8XNlM\/+OPexQ\/j43v0d+L6dOazky\/sqB90MHAxQnPjUO4jdCiZtHHETNsiFEr\/SGb6FuoFMzeKNU1tAAAAAElFTkSuQmCC' alt=''> <\/p>\n<p style='text-align: center; margin-top: 10px;'> Operaci\u00f3n ininterrumpida incluso cuando se pierde la conectividad a la nube <\/p>\n<\/p><\/div>\n<\/p><\/div>\n<p> <!-- Caracter\u00edstica 6 --> <\/p>\n<div style='border: 1px solid rgba(150&comma; 150&comma; 150&comma; 0.4); border-radius: 8px; overflow: hidden;'>\n<div style='padding: 15px; border-bottom: 1px solid rgba(150&comma; 150&comma; 150&comma; 0.2); font-weight: bold; font-size: 16px; color: inherit; background-color: rgba(150&comma; 150&comma; 150&comma; 0.1);'> GESTI\u00d3N DE LA NUBE <\/div>\n<div style='padding: 15px; color: inherit; font-size: 14px;'> <img style='width: 100%; max-width: 200px; height: auto; margin: 0 auto 15px; border: 1px solid rgba(150&comma;150&comma;150&comma;0.3); border-radius: 8px; display: block; float: left;' src='data:image\/png;base64&comma;iVBORw0KGgoAAAANSUhEUgAAAD4AAAAuCAYAAABwF6rfAAAFNklEQVRoBe1a\/2uXRRz3L6l+isgw\/CWoH8QktFBikGlWRPgFwWiJ+kO6XMv8ysi5lsN0YbMmuUm6jcytnLMJc6ZsKRt+Sa0FrrVYbtPpVHjL69ZrnLfnnnvuns8Dszx4uG\/vu\/f7de\/Xve\/us02S\/2maFIp7YOim1Bw+LSs31wjKD1ryBn64pVOWfLBHHpn+\/thXUXP8QcMt3sDnvfe5ArxiU7VgEZ6dv1leXFz63wdeVFavgHdevKrAsv5HT3\/m4Hv6BqTpxDn5trFdGlo65VJ3X7BOb48DMGgOwEisZ0n3Q8fOyrzlO8e2lr7NZi7cJpUHW70XwBs4NIDez722ZUxZlnRftWW\/ArzUnCIp\/LRO6o+ekRMdl6XxeJcUf9Eo094sVv0LVuySP\/sGxmxyFYKAk95Z031p4dcKVEHJQbk+PGLFsr3qqJKD9\/8ZHLbK6R1BwLGfs6Z7yZc\/Kh3FFQ26vdby\/obTSn5ZUZVVRu8IAo4JZi0qzYzuf\/UPyaPPr5bXV5botjrLH302Gnh\/+vmCUzYYOIIZvG7SnXWn5hiBnfta1NzNJ8\/HSI3v6v17UI1bvmHf+E6jJRi4je6M9oYer+rCNZUy5eV1XmMoDJY88+omVq15MHDMGEV3PdpbtTo6Xni7RPKWlTukorvXbqtVXr81cida4N\/WVMCzovuMtz6RV97dEWu4rZMnzvBN+ymAsamAm3Q36zbjXO1vrEpG16h5sE2eTrBNUgGHYtAdlwsmk\/5s98m37v5B0bW9q9tnmIzcviOPz1oriwv2OMelBk6648GCxHqa6H7ht14FPH\/9N04AusD2qmY1rvZIh94cWU4NnPTGaw2J9bTRfc3WAQrE3vq2SMPNxtaOy0p+bn6y2JAaOAzIgu4jt+\/KnKVlCsyu6hYT5311PGKeeKlQnpz9oXT92nNfn62SE+DV359SBuaS7jAYj465+aPv\/7x3yqWqrk0u\/t4r1waHpftqv9Q1\/SKLCkZ\/FMFD6eSZKzac49qDgev\/N6GMW1yu6U5ry75qkql5Hysd+pMU5cdmrJbC0lq5NpTsccI5g4AjgCGS6+ARSc3ortepME3e3HZeyvc2y8Ydh6S08oh8d+ysDN24FTRlEHDQCp+ebHQn\/XXZiVD2Bk6AyPVkozvpr8uGllvbLwmeq1EforrOQJcOb+BR3qYSk+74YTIXdAdgvAHM\/W3WoSspw7yA27xN4OyncrNOOZ+cc0yeXSQoR12M0AaccAoWAzHIlbyAx3kbikh3XhlZD6U7HxwYn4TGkCHLcJGKS4mBc+WRxyWAxqrTUEv9uLH6HjyIeQDEJ\/Hm6FrsxMBh39E3AjJGc0VnHJn6zDwnwHGUAISPIdyfjAdkDOaKS\/AwdGGh06ScAMckPt6mwRjDuqPNBRoyZJYrIlOHLU8NPMbbNAZeTwKW8tweSc5gjrHlqYGHeptmkK2doF1HkG282Z4KeBpvm4bY6jgB8B8V2Ne5Ag1dqYBzcMg5agOqt2Nhef\/WY4EuE1qm7XHjI48zejuXXqARCFz8GxcCoO\/FhnO48mDgHAgaRj0BzTbXFEZCAiz+ZQS0xgcvZ8Um2h+3QJEehydoYJLcdsbjXMbVk3PguMLDI\/RGFgdE74MOXHfgUiRweAJeSvL5gsA82Cw4IlcsiEw0OZ5F3yZxLIzHMcgM=' alt=''> <\/p>\n<p style='text-align: center; margin-top: 10px;'> La plataforma de gesti\u00f3n gratuita basada en la nube de cnMaestro proporciona una rica gesti\u00f3n del ciclo de vida&comma; configuraci\u00f3n y control&comma; y servicios de seguridad; que tambi\u00e9n puede estar disponible con opciones de implementaci\u00f3n en las instalaciones <\/p>\n<\/p><\/div>\n<\/p><\/div>\n<\/p><\/div>\n<p> <!-- Tabla de especificaciones --> <\/p>\n<div style='margin: 30px 0;'>\n<h3 style='font-size: 20px; border-bottom: 2px solid currentColor; padding-bottom: 5px; margin: 0 0 15px; color: inherit; opacity: 0.8;'> Caracter\u00edsticas generales <\/h3>\n<div style='display: grid; grid-template-columns: repeat(auto-fit&comma; minmax(250px&comma; 1fr)); gap: 20px;'>\n<div style='border: 1px solid rgba(150&comma; 150&comma; 150&comma; 0.4); border-radius: 8px; overflow: hidden;'>\n<div style='padding: 15px; border-bottom: 1px solid rgba(150&comma; 150&comma; 150&comma; 0.2); font-weight: bold; font-size: 16px; color: inherit; background-color: rgba(150&comma; 150&comma; 150&comma; 0.1);'>Rendimiento<\/div>\n<div style='padding: 15px; color: inherit; font-size: 14px;'>96 Gbps<\/div>\n<\/p><\/div>\n<div style='border: 1px solid rgba(150&comma; 150&comma; 150&comma; 0.4); border-radius: 8px; overflow: hidden;'>\n<div style='padding: 15px; border-bottom: 1px solid rgba(150&comma; 150&comma; 150&comma; 0.2); font-weight: bold; font-size: 16px; color: inherit; background-color: rgba(150&comma; 150&comma; 150&comma; 0.1);'>PoE<\/div>\n<div style='padding: 15px; color: inherit; font-size: 14px;'>802.3af\/at&comma; 24V Pasivos&comma; 54V Pasivos<\/div>\n<\/p><\/div>\n<div style='border: 1px solid rgba(150&comma; 150&comma; 150&comma; 0.4); border-radius: 8px; overflow: hidden;'>\n<div style='padding: 15px; border-bottom: 1px solid rgba(150&comma; 150&comma; 150&comma; 0.2); font-weight: bold; font-size: 16px; color: inherit; background-color: rgba(150&comma; 150&comma; 150&comma; 0.1);'>Puertos Uplink<\/div>\n<div style='padding: 15px; color: inherit; font-size: 14px;'>4 SFP+<\/div>\n<\/p><\/div>\n<div style='border: 1px solid rgba(150&comma; 150&comma; 150&comma; 0.4); border-radius: 8px; overflow: hidden;'>\n<div style='padding: 15px; border-bottom: 1px solid rgba(150&comma; 150&comma; 150&comma; 0.2); font-weight: bold; font-size: 16px; color: inherit; background-color: rgba(150&comma; 150&comma; 150&comma; 0.1);'>Almacenamiento Flash<\/div>\n<div style='padding: 15px; color: inherit; font-size: 14px;'>128 MB<\/div>\n<\/p><\/div>\n<div style='border: 1px solid rgba(150&comma; 150&comma; 150&comma; 0.4); border-radius: 8px; overflow: hidden;'>\n<div style='padding: 15px; border-bottom: 1px solid rgba(150&comma; 150&comma; 150&comma; 0.2); font-weight: bold; font-size: 16px; color: inherit; background-color: rgba(150&comma; 150&comma; 150&comma; 0.1);'>Alimentaci\u00f3n Corriente Directa<\/div>\n<div style='padding: 15px; color: inherit; font-size: 14px;'>170W @ 30-65Vcc&comma; 120W @ 9\u201329Vcc<\/div>\n<\/p><\/div>\n<div style='border: 1px solid rgba(150&comma; 150&comma; 150&comma; 0.4); border-radius: 8px; overflow: hidden;'>\n<div style='padding: 15px; border-bottom: 1px solid rgba(150&comma; 150&comma; 150&comma; 0.2); font-weight: bold; font-size: 16px; color: inherit; background-color: rgba(150&comma; 150&comma; 150&comma; 0.1);'>Calidad de servicio<\/div>\n<div style='padding: 15px; color: inherit; font-size: 14px;'>Asignaci\u00f3n de ACL y marcado de ToS\/DSCP (COS) Asignaci\u00f3n de ACL a cola de prioridad<\/div>\n<\/p><\/div>\n<div style='border: 1px solid rgba(150&comma; 150&comma; 150&comma; 0.4); border-radius: 8px; overflow: hidden;'>\n<div style='padding: 15px; border-bottom: 1px solid rgba(150&comma; 150&comma; 150&comma; 0.2); font-weight: bold; font-size: 16px; color: inherit; background-color: rgba(150&comma; 150&comma; 150&comma; 0.1);'>Seguridad<\/div>\n<div style='padding: 15px; color: inherit; font-size: 14px;'>Autenticaci\u00f3n 802.1x&comma; DHCP Snooping&comma; Radius\/ Tacacs\/ Tacacs+<\/div>\n<\/p><\/div>\n<div style='border: 1px solid rgba(150&comma; 150&comma; 150&comma; 0.4); border-radius: 8px; overflow: hidden;'>\n<div style='padding: 15px; border-bottom: 1px solid rgba(150&comma; 150&comma; 150&comma; 0.2); font-weight: bold; font-size: 16px; color: inherit; background-color: rgba(150&comma; 150&comma; 150&comma; 0.1);'>Administraci\u00f3n<\/div>\n<div style='padding: 15px; color: inherit; font-size: 14px;'>cnMaestro (gesti\u00f3n en la nube)&comma; Cliente&comma; Servidor DHCP&comma; TFTP\/ SFTP&comma; gesti\u00f3n de almacenamiento de archivos USB<\/div>\n<\/p><\/div>\n<div style='border: 1px solid rgba(150&comma; 150&comma; 150&comma; 0.4); border-radius: 8px; overflow: hidden;'>\n<div style='padding: 15px; border-bottom: 1px solid rgba(150&comma; 150&comma; 150&comma; 0.2); font-weight: bold; font-size: 16px; color: inherit; background-color: rgba(150&comma; 150&comma; 150&comma; 0.1);'>Gesti\u00f3n desde la nube cnMaestro<\/div>\n<div style='padding: 15px; color: inherit; font-size: 14px;'>S\u00ed<\/div>\n<\/p><\/div>\n<\/p><\/div>\n<\/p><\/div>\n<p> <!-- Notas adicionales --> <\/p>\n<div style='margin: 30px 0;'>\n<p style='margin: 0 0 10px; font-size: 14px; color: inherit;'> <strong>Requiere montaje para Rack de 19&#8242; modelo MXRACKTX1K0.<\/strong> <\/p>\n<p style='margin: 0 0 10px; font-size: 14px; color: inherit;'> <strong>Requiere cable de corriente modelo AC-CORD-1.8M<\/strong> <\/p>\n<\/p><\/div>\n<\/p><\/div>\n","protected":false},"excerpt":{"rendered":"<p>Switch cnMatrix WISP TX1012-DC-P de 8 puertos PoE y 4 SFP+, 170 W PoE Budget, Capa 2, gesti\u00f3n gratuita desde la nube, para corriente directa<\/p>\n","protected":false},"featured_media":108496,"comment_status":"open","ping_status":"closed","template":"","meta":[],"product_brand":[],"product_cat":[1986],"product_tag":[1316,664,1987],"class_list":{"0":"post-108497","1":"product","2":"type-product","3":"status-publish","4":"has-post-thumbnail","6":"product_cat-switches-poe","7":"product_tag-cambium-networks","8":"product_tag-networking","9":"product_tag-switches-poe","11":"first","12":"outofstock","13":"sale","14":"shipping-taxable","15":"purchasable","16":"product-type-simple"},"_links":{"self":[{"href":"https:\/\/soydeaqui.ddns.net\/pachuca\/index.php\/wp-json\/wp\/v2\/product\/108497","targetHints":{"allow":["GET"]}}],"collection":[{"href":"https:\/\/soydeaqui.ddns.net\/pachuca\/index.php\/wp-json\/wp\/v2\/product"}],"about":[{"href":"https:\/\/soydeaqui.ddns.net\/pachuca\/index.php\/wp-json\/wp\/v2\/types\/product"}],"replies":[{"embeddable":true,"href":"https:\/\/soydeaqui.ddns.net\/pachuca\/index.php\/wp-json\/wp\/v2\/comments?post=108497"}],"wp:featuredmedia":[{"embeddable":true,"href":"https:\/\/soydeaqui.ddns.net\/pachuca\/index.php\/wp-json\/wp\/v2\/media\/108496"}],"wp:attachment":[{"href":"https:\/\/soydeaqui.ddns.net\/pachuca\/index.php\/wp-json\/wp\/v2\/media?parent=108497"}],"wp:term":[{"taxonomy":"product_brand","embeddable":true,"href":"https:\/\/soydeaqui.ddns.net\/pachuca\/index.php\/wp-json\/wp\/v2\/product_brand?post=108497"},{"taxonomy":"product_cat","embeddable":true,"href":"https:\/\/soydeaqui.ddns.net\/pachuca\/index.php\/wp-json\/wp\/v2\/product_cat?post=108497"},{"taxonomy":"product_tag","embeddable":true,"href":"https:\/\/soydeaqui.ddns.net\/pachuca\/index.php\/wp-json\/wp\/v2\/product_tag?post=108497"}],"curies":[{"name":"wp","href":"https:\/\/api.w.org\/{rel}","templated":true}]}}