{"id":108492,"date":"2026-03-20T18:04:58","date_gmt":"2026-03-20T18:04:58","guid":{"rendered":"https:\/\/soydeaqui.ddns.net\/pachuca\/index.php\/producto\/desarmador-de-precision-magnetico-4-en-1-punta-ph0-ph00-y-planas-3-2-y-2-4-mm\/"},"modified":"2026-03-20T18:05:08","modified_gmt":"2026-03-20T18:05:08","slug":"desarmador-de-precision-magnetico-4-en-1-punta-ph0-ph00-y-planas-3-2-y-2-4-mm","status":"publish","type":"product","link":"https:\/\/soydeaqui.ddns.net\/pachuca\/index.php\/producto\/desarmador-de-precision-magnetico-4-en-1-punta-ph0-ph00-y-planas-3-2-y-2-4-mm\/","title":{"rendered":"Desarmador de Precisi\u00f3n Magn\u00e9tico 4 en 1 (Punta PH0, PH00 y Planas 3.2 y 2.4 mm)."},"content":{"rendered":"<div style='width: 100%; max-width: 1200px; margin: 0 auto; font-family: sans-serif; line-height: 1.6; color: inherit; background-color: transparent;'>\n<div style='display: flex; flex-wrap: wrap; gap: 30px; margin-bottom: 30px;'>\n<div style='flex: 1 1 300px; min-width: 280px;'>\n<h3 style='font-size: 22px; border-bottom: 2px solid currentColor; padding-bottom: 5px; margin-top: 0; color: inherit; opacity: 0.8;'>Caracter\u00edsticas<\/h3>\n<ul style='padding-left: 20px; font-size: 15px; color: inherit;'>\n<li style='margin-bottom: 5px;'>Desarmador para uso electr\u00f3nico con cuatro puntas no magn\u00e9ticas diferentes en una sola herramienta; incluye puntas Phillips n.\u00ba 0 y n.\u00ba 00&comma; y puntas ranuradas de 1\/8&#8221; (3&comma;2 mm) y 3\/32&#8221; (2&comma;4 mm)<\/li>\n<li style='margin-bottom: 5px;'>Casquillo giratorio para lograr un control \u00f3ptimo y preciso<\/li>\n<li style='margin-bottom: 5px;'>Cilindro cromado resistente a la corrosi\u00f3n que incluye dos puntas de doble extremo que superan las normas ANSI<\/li>\n<li style='margin-bottom: 5px;'>Los mangos acojinados brindan m\u00e1xima comodidad cuando se trabaja en equipos peque\u00f1os.<\/li>\n<li style='margin-bottom: 5px;'>Punta rectificada a precisi\u00f3n con tratamiento t\u00e9rmico para brindar m\u00e1s resistencia.<\/li>\n<li style='margin-bottom: 5px;'>Cuenta con una barra intercambiable para cambiar de punta r\u00e1pidamente<\/li>\n<li style='margin-bottom: 5px;'>Liviano&comma; solo pesa 1&comma;1 oz (31 g)<\/li>\n<\/ul><\/div>\n<\/p><\/div>\n<hr style='border: 0; border-top: 1px solid rgba(150&comma; 150&comma; 150&comma; 0.3); margin: 30px 0;'>\n<div style='display: flex; flex-wrap: wrap; gap: 20px; margin-bottom: 30px;'>\n<div style='flex: 1 1 250px; border: 1px solid rgba(150&comma; 150&comma; 150&comma; 0.4); border-radius: 8px; overflow: hidden; display: flex; flex-direction: column;'>\n<div style='padding: 15px; border-bottom: 1px solid rgba(150&comma; 150&comma; 150&comma; 0.2); font-weight: bold; font-size: 18px; color: inherit;'>Especificaciones<\/div>\n<div style='padding: 15px; color: inherit;'>\n<ul style='padding-left: 20px; margin: 0; font-size: 14px; list-style-type: disc;'>\n<li style='margin-bottom: 5px;'><strong>Caracter\u00edsticas especiales:<\/strong> Casquillo giratorio para lograr un control \u00f3ptimo y preciso<\/li>\n<li style='margin-bottom: 5px;'><strong>Tama\u00f1o de punta Phillips:<\/strong> N.\u00ba 0 y N.\u00ba 00<\/li>\n<li style='margin-bottom: 5px;'><strong>Tama\u00f1o de punta plana:<\/strong> 1\/8&#8221; (3&comma;2 mm)&comma; 3\/32&#8221; (2&comma;4 mm)<\/li>\n<li style='margin-bottom: 5px;'><strong>Magn\u00e9tico:<\/strong> No<\/li>\n<li style='margin-bottom: 5px;'><strong>Retenci\u00f3n de la punta:<\/strong> De cambio r\u00e1pido<\/li>\n<li style='margin-bottom: 5px;'><strong>Longitud de la barra:<\/strong> 2&comma;797&#8221; (7&comma;1 cm)<\/li>\n<li style='margin-bottom: 5px;'><strong>Aislado:<\/strong> No<\/li>\n<li style='margin-bottom: 5px;'><strong>Material del mango:<\/strong> Goma<\/li>\n<li style='margin-bottom: 5px;'><strong>Color del mango:<\/strong> Negro<\/li>\n<li style='margin-bottom: 5px;'><strong>Longitud total:<\/strong> 6&comma;5&#8221; (16&comma;5 cm)<\/li>\n<li style='margin-bottom: 5px;'><strong>Cantidad de piezas:<\/strong> 3<\/li>\n<li style='margin-bottom: 5px;'><strong>Peso:<\/strong> 1&comma;1 oz (31 g)<\/li>\n<li style='margin-bottom: 5px;'><strong>UPC:<\/strong> 092644325816<\/li>\n<\/ul><\/div>\n<\/p><\/div>\n<\/p><\/div>\n<hr style='border: 0; border-top: 1px solid rgba(150&comma; 150&comma; 150&comma; 0.3); margin: 30px 0;'>\n<div style='display: flex; flex-wrap: wrap; gap: 30px; margin-bottom: 30px;'>\n<div style='flex: 1 1 300px; min-width: 280px;'>\n<h3 style='font-size: 22px; border-bottom: 2px solid currentColor; padding-bottom: 5px; margin-top: 0; color: inherit; opacity: 0.8;'>Infomaci\u00f3n Adicional<\/h3>\n<div style='display: flex; flex-wrap: wrap; gap: 15px; margin-top: 15px;'> <img style='width: 100%; height: auto; border: 1px solid rgba(150&comma;150&comma;150&comma;0.3); border-radius: 8px;' src='https:\/\/www.kleintools.com.mx\/sites\/all\/product_assets\/icons\/klein\/tip_phillips.jpg' alt='Punta Phillips'> <img style='width: 100%; height: auto; border: 1px solid rgba(150&comma;150&comma;150&comma;0.3); border-radius: 8px;' src='https:\/\/www.kleintools.com.mx\/sites\/all\/product_assets\/icons\/klein\/tip_slotted.jpg' alt='Punta Ranurada'> <\/div>\n<\/p><\/div>\n<\/p><\/div>\n<div style='position: relative; padding-bottom: 56.25%; height: 0; overflow: hidden; margin-bottom: 30px;'>   <\/div>\n<\/p><\/div>\n","protected":false},"excerpt":{"rendered":"<p>Desarmador de Precisi\u00f3n Magn\u00e9tico 4 en 1 (Punta PH0, PH00 y Planas 3.2 y 2.4 mm).<\/p>\n","protected":false},"featured_media":108491,"comment_status":"open","ping_status":"closed","template":"","meta":[],"product_brand":[],"product_cat":[1138],"product_tag":[1058,1139,432],"class_list":{"0":"post-108492","1":"product","2":"type-product","3":"status-publish","4":"has-post-thumbnail","6":"product_cat-herramientas-mecanicas","7":"product_tag-ferreteria","8":"product_tag-herramientas-mecanicas","9":"product_tag-klein-tools","11":"first","12":"instock","13":"sale","14":"shipping-taxable","15":"purchasable","16":"product-type-simple"},"_links":{"self":[{"href":"https:\/\/soydeaqui.ddns.net\/pachuca\/index.php\/wp-json\/wp\/v2\/product\/108492","targetHints":{"allow":["GET"]}}],"collection":[{"href":"https:\/\/soydeaqui.ddns.net\/pachuca\/index.php\/wp-json\/wp\/v2\/product"}],"about":[{"href":"https:\/\/soydeaqui.ddns.net\/pachuca\/index.php\/wp-json\/wp\/v2\/types\/product"}],"replies":[{"embeddable":true,"href":"https:\/\/soydeaqui.ddns.net\/pachuca\/index.php\/wp-json\/wp\/v2\/comments?post=108492"}],"wp:featuredmedia":[{"embeddable":true,"href":"https:\/\/soydeaqui.ddns.net\/pachuca\/index.php\/wp-json\/wp\/v2\/media\/108491"}],"wp:attachment":[{"href":"https:\/\/soydeaqui.ddns.net\/pachuca\/index.php\/wp-json\/wp\/v2\/media?parent=108492"}],"wp:term":[{"taxonomy":"product_brand","embeddable":true,"href":"https:\/\/soydeaqui.ddns.net\/pachuca\/index.php\/wp-json\/wp\/v2\/product_brand?post=108492"},{"taxonomy":"product_cat","embeddable":true,"href":"https:\/\/soydeaqui.ddns.net\/pachuca\/index.php\/wp-json\/wp\/v2\/product_cat?post=108492"},{"taxonomy":"product_tag","embeddable":true,"href":"https:\/\/soydeaqui.ddns.net\/pachuca\/index.php\/wp-json\/wp\/v2\/product_tag?post=108492"}],"curies":[{"name":"wp","href":"https:\/\/api.w.org\/{rel}","templated":true}]}}