{"id":108486,"date":"2026-03-20T18:04:42","date_gmt":"2026-03-20T18:04:42","guid":{"rendered":"https:\/\/soydeaqui.ddns.net\/pachuca\/index.php\/producto\/bala-ip-8-megapixel-lente-mot-2-7-a-13-5-mm-60-mts-ir-ultra-baja-iluminacion-ip67-h-265-ia-filtro-de-humanos-y-vehiculos-merodeo-conteo-de-personas-poe-audio-y-alarmas-i-o-on\/"},"modified":"2026-03-20T18:04:44","modified_gmt":"2026-03-20T18:04:44","slug":"bala-ip-8-megapixel-lente-mot-2-7-a-13-5-mm-60-mts-ir-ultra-baja-iluminacion-ip67-h-265-ia-filtro-de-humanos-y-vehiculos-merodeo-conteo-de-personas-poe-audio-y-alarmas-i-o-on","status":"publish","type":"product","link":"https:\/\/soydeaqui.ddns.net\/pachuca\/index.php\/producto\/bala-ip-8-megapixel-lente-mot-2-7-a-13-5-mm-60-mts-ir-ultra-baja-iluminacion-ip67-h-265-ia-filtro-de-humanos-y-vehiculos-merodeo-conteo-de-personas-poe-audio-y-alarmas-i-o-on\/","title":{"rendered":"Bala IP 8 Megapixel \/ Lente Mot. 2.7 a 13.5 mm \/ 60 mts IR \/  Ultra Baja Iluminaci\u00f3n \/ IP67 \/ H.265 \/ IA (Filtro de Humanos y Vehiculos) \/ Merodeo \/ Conteo de Personas \/ PoE \/ Audio y Alarmas I\/O \/ ONVIF \/ NDAA \/ Serie 35 \/ Honeywell Security"},"content":{"rendered":"<div style='width: 100%; max-width: 1200px; margin: 0 auto; font-family: sans-serif; line-height: 1.6; color: inherit; background-color: transparent;'> <!-- Im\u00e1genes existentes --> <\/p>\n<div style='width: 100%; margin-bottom: 20px;'> <img style='width: 100%; height: auto; border: 1px solid rgba(150&comma;150&comma;150&comma;0.3); border-radius: 8px;' src='https:\/\/ftp3.syscom.mx\/usuarios\/pnunez\/Honeywell\/HC30WE5R2\/Imagenes\/banner-honeywell.jpg' alt='Banner Honeywell'> <\/div>\n<div style='width: 100%; margin-bottom: 20px;'> <img style='width: 100%; height: auto; border: 1px solid rgba(150&comma;150&comma;150&comma;0.3); border-radius: 8px;' src='https:\/\/ftp3.syscom.mx\/usuarios\/pnunez\/Honeywell\/Banners\/syscom-stock-disponible%20%281%29.jpg' alt='Stock Disponible'> <\/div>\n<p> <!-- Secci\u00f3n de caracter\u00edsticas en 3 columnas --> <\/p>\n<div style='display: flex; flex-wrap: wrap; gap: 30px; margin-bottom: 30px;'> <!-- Caracter\u00edsticas de la C\u00e1mara --> <\/p>\n<div style='flex: 1 1 300px; min-width: 280px;'>\n<h3 style='font-size: 22px; border-bottom: 2px solid currentColor; padding-bottom: 5px; margin-top: 0; color: inherit; opacity: 0.8;'>Caracter\u00edsticas de la C\u00e1mara:<\/h3>\n<ul style='padding-left: 20px; font-size: 15px; color: inherit;'>\n<li style='margin-bottom: 5px;'><strong>Resoluci\u00f3n m\u00e1xima:<\/strong> 8 Megap\u00edxel (3840 x 2160) a 30FPS.<\/li>\n<li style='margin-bottom: 5px;'><strong>Compresi\u00f3n:<\/strong> H.265&comma; H.264&comma; MJPEG.<\/li>\n<li style='margin-bottom: 5px;'><strong>Lente Varifocal Motorizado:<\/strong> 2.7-13.5 mm.<\/li>\n<li style='margin-bottom: 5px;'><strong>Distancia de IR:<\/strong> 60m IR inteligente.<\/li>\n<li style='margin-bottom: 5px;'><strong>Sensor de imagen:<\/strong> 1\/2.8 Scan Progresivo CMOS.<\/li>\n<li style='margin-bottom: 5px;'><strong>Iluminaci\u00f3n m\u00ednima:<\/strong> Color: 0.005 Lux&comma; B\/N: 0Lux con IR encendido @F1.6.<\/li>\n<li style='margin-bottom: 5px;'>D\u00eda \/ Noche real con filtro ICR.<\/li>\n<li style='margin-bottom: 5px;'><strong>\u00c1ngulo de Visi\u00f3n:<\/strong> H:98\u00b0-31\u00b0&comma; V:51\u00b0-17\u00b0.<\/li>\n<li style='margin-bottom: 5px;'><strong>Compensaci\u00f3n de luz:<\/strong> WDR 120dB&comma; BLC&comma; HLC&comma; 3 DNR&comma; AWB.<\/li>\n<\/ul><\/div>\n<p> <!-- Caracter\u00edsticas Generales --> <\/p>\n<div style='flex: 1 1 300px; min-width: 280px;'>\n<h3 style='font-size: 22px; border-bottom: 2px solid currentColor; padding-bottom: 5px; margin-top: 0; color: inherit; opacity: 0.8;'>Caracter\u00edsticas Generales:<\/h3>\n<ul style='padding-left: 20px; font-size: 15px; color: inherit;'>\n<li style='margin-bottom: 5px;'><strong>Video anal\u00edticos embebidos:<\/strong> Detecci\u00f3n Sabotaje (Tampering)&comma; Movimiento&comma; Merodeo&comma; Intrusi\u00f3n&comma; Conteo de Personas.<\/li>\n<li style='margin-bottom: 5px;'><strong>\u00c1reas de privacidad (4)&comma; Antiniebla.<\/strong><\/li>\n<li style='margin-bottom: 5px;'><strong>Certificaci\u00f3n NDAA.<\/strong><\/li>\n<li style='margin-bottom: 5px;'><strong>ONVIF:<\/strong> Profile S&comma; Profile G &comma; T.<\/li>\n<\/ul>\n<p> <!-- Funciones de Red y Almacenamiento --> <\/p>\n<h3 style='font-size: 22px; border-bottom: 2px solid currentColor; padding-bottom: 5px; margin-top: 20px; color: inherit; opacity: 0.8;'>Funciones de Red y Almacenamiento:<\/h3>\n<ul style='padding-left: 20px; font-size: 15px; color: inherit;'>\n<li style='margin-bottom: 5px;'>Soporta microSD de hasta 256 GB (no incluida).<\/li>\n<li style='margin-bottom: 5px;'>Puerto Ethernet RJ45 10\/100 Mbps.<\/li>\n<li style='margin-bottom: 5px;'><strong>M\u00e1ximo 10 usuarios.<\/strong><\/li>\n<\/ul><\/div>\n<p> <!-- Caracter\u00edsticas F\u00edsicas y El\u00e9ctricas --> <\/p>\n<div style='flex: 1 1 300px; min-width: 280px;'>\n<h3 style='font-size: 22px; border-bottom: 2px solid currentColor; padding-bottom: 5px; margin-top: 0; color: inherit; opacity: 0.8;'>Caracter\u00edsticas F\u00edsicas y El\u00e9ctricas:<\/h3>\n<ul style='padding-left: 20px; font-size: 15px; color: inherit;'>\n<li style='margin-bottom: 5px;'><strong>Temperatura de operaci\u00f3n:<\/strong> -40 a 60 \u00b0C.<\/li>\n<li style='margin-bottom: 5px;'><strong>Alimentaci\u00f3n:<\/strong> 12Vcc&comma; PoE (802.3af) Clase 0 \/ 7.3 W.<\/li>\n<li style='margin-bottom: 5px;'><strong>Protecci\u00f3n:<\/strong> IP66 \/ IP67.<\/li>\n<li style='margin-bottom: 5px;'><strong>Dimensiones:<\/strong> 87.0 x 87.0 x 232.0 mm.<\/li>\n<li style='margin-bottom: 5px;'><strong>Peso:<\/strong> 920 g.<\/li>\n<li style='margin-bottom: 5px;'><strong>Garant\u00eda 5 a\u00f1os.<\/strong><\/li>\n<\/ul><\/div>\n<\/p><\/div>\n<p> <!-- Im\u00e1genes adicionales --> <\/p>\n<div style='width: 100%; margin-bottom: 20px;'> <img style='width: 100%; height: auto; border: 1px solid rgba(150&comma;150&comma;150&comma;0.3); border-radius: 8px;' src='https:\/\/ftp3.syscom.mx\/usuarios\/pnunez\/Honeywell\/HC35WB8R2\/medidashc35wb8r2.PNG' alt='Medidas de la c\u00e1mara'> <\/div>\n<div style='width: 100%; margin-bottom: 20px;'> <img style='width: 100%; height: auto; border: 1px solid rgba(150&comma;150&comma;150&comma;0.3); border-radius: 8px;' src='https:\/\/ftp3.syscom.mx\/usuarios\/pnunez\/Honeywell\/NDAA\/NDAA-HONEYWELL.jpg' alt='Certificaci\u00f3n NDAA'> <\/div>\n<p> <!-- Video de YouTube --> <\/p>\n<div style='position: relative; padding-bottom: 56.25%; height: 0; overflow: hidden; margin-bottom: 30px;'>   <\/div>\n<\/p><\/div>\n","protected":false},"excerpt":{"rendered":"<p>Bala IP 8 Megapixel \/ Lente Mot. 2.7 a 13.5 mm \/ 60 mts IR \/  Ultra Baja Iluminaci\u00f3n \/ IP67 \/ H.265 \/ IA (Filtro de Humanos y Vehiculos) \/ Merodeo \/ Conteo de Personas \/ PoE \/ Audio y Alarmas I\/O \/ ONVIF \/ NDAA \/ Serie 35 \/ Honeywell Security<\/p>\n","protected":false},"featured_media":108485,"comment_status":"open","ping_status":"closed","template":"","meta":[],"product_brand":[],"product_cat":[438],"product_tag":[439,122,209],"class_list":{"0":"post-108486","1":"product","2":"type-product","3":"status-publish","4":"has-post-thumbnail","6":"product_cat-bala","7":"product_tag-bala","8":"product_tag-camaras-ip-y-nvrs","9":"product_tag-honeywell","11":"first","12":"outofstock","13":"sale","14":"shipping-taxable","15":"purchasable","16":"product-type-simple"},"_links":{"self":[{"href":"https:\/\/soydeaqui.ddns.net\/pachuca\/index.php\/wp-json\/wp\/v2\/product\/108486","targetHints":{"allow":["GET"]}}],"collection":[{"href":"https:\/\/soydeaqui.ddns.net\/pachuca\/index.php\/wp-json\/wp\/v2\/product"}],"about":[{"href":"https:\/\/soydeaqui.ddns.net\/pachuca\/index.php\/wp-json\/wp\/v2\/types\/product"}],"replies":[{"embeddable":true,"href":"https:\/\/soydeaqui.ddns.net\/pachuca\/index.php\/wp-json\/wp\/v2\/comments?post=108486"}],"wp:featuredmedia":[{"embeddable":true,"href":"https:\/\/soydeaqui.ddns.net\/pachuca\/index.php\/wp-json\/wp\/v2\/media\/108485"}],"wp:attachment":[{"href":"https:\/\/soydeaqui.ddns.net\/pachuca\/index.php\/wp-json\/wp\/v2\/media?parent=108486"}],"wp:term":[{"taxonomy":"product_brand","embeddable":true,"href":"https:\/\/soydeaqui.ddns.net\/pachuca\/index.php\/wp-json\/wp\/v2\/product_brand?post=108486"},{"taxonomy":"product_cat","embeddable":true,"href":"https:\/\/soydeaqui.ddns.net\/pachuca\/index.php\/wp-json\/wp\/v2\/product_cat?post=108486"},{"taxonomy":"product_tag","embeddable":true,"href":"https:\/\/soydeaqui.ddns.net\/pachuca\/index.php\/wp-json\/wp\/v2\/product_tag?post=108486"}],"curies":[{"name":"wp","href":"https:\/\/api.w.org\/{rel}","templated":true}]}}