{"id":108484,"date":"2026-03-20T18:04:37","date_gmt":"2026-03-20T18:04:37","guid":{"rendered":"https:\/\/soydeaqui.ddns.net\/pachuca\/index.php\/producto\/modulo-de-distribucion-4-entradas-de-12-o-24-vcc-hasta-10-a-o-24-o-28-vca-hasta-12-a-4-salidas\/"},"modified":"2026-03-20T18:04:38","modified_gmt":"2026-03-20T18:04:38","slug":"modulo-de-distribucion-4-entradas-de-12-o-24-vcc-hasta-10-a-o-24-o-28-vca-hasta-12-a-4-salidas","status":"publish","type":"product","link":"https:\/\/soydeaqui.ddns.net\/pachuca\/index.php\/producto\/modulo-de-distribucion-4-entradas-de-12-o-24-vcc-hasta-10-a-o-24-o-28-vca-hasta-12-a-4-salidas\/","title":{"rendered":"M\u00f3dulo de distribuci\u00f3n  \/ 4 entradas de 12 o 24 Vcc hasta 10 A o 24 o 28 Vca hasta 12 A \/ 4 Salidas"},"content":{"rendered":"<div style='width: 100%; max-width: 1200px; margin: 0 auto; font-family: sans-serif; line-height: 1.6; color: inherit; background-color: transparent;'>\n<div style='display: flex; flex-wrap: wrap; gap: 30px; margin-bottom: 30px;'>\n<div style='flex: 1 1 300px; min-width: 280px;'>\n<h3 style='font-size: 22px; border-bottom: 2px solid currentColor; padding-bottom: 5px; margin-top: 0; color: inherit; opacity: 0.8;'>Descripci\u00f3n General<\/h3>\n<ul style='padding-left: 20px; font-size: 15px; color: inherit;'>\n<li style='margin-bottom: 5px;'>M\u00f3dulo de distribuci\u00f3n de energ\u00eda para convertir una entrada AC\/DC en cuatro salidas protegidas<\/li>\n<li style='margin-bottom: 5px;'>Dise\u00f1ado para aplicaciones de control de acceso y sistemas de alarma<\/li>\n<li style='margin-bottom: 5px;'>Cumple con est\u00e1ndares UL294&comma; UL603&comma; UL1481&comma; CSA C22.2 No.205-M1983<\/li>\n<li style='margin-bottom: 5px;'>Incluye hardware de montaje<\/li>\n<\/ul><\/div>\n<div style='flex: 1 1 300px; min-width: 280px;'>\n<h3 style='font-size: 22px; border-bottom: 2px solid currentColor; padding-bottom: 5px; margin-top: 0; color: inherit; opacity: 0.8;'>Caracter\u00edsticas Principales<\/h3>\n<ul style='padding-left: 20px; font-size: 15px; color: inherit;'>\n<li style='margin-bottom: 5px;'>Entrada: 28VAC o 28VDC m\u00e1ximo<\/li>\n<li style='margin-bottom: 5px;'>Corriente m\u00e1xima: 10A (DC) o 12A (AC)<\/li>\n<li style='margin-bottom: 5px;'>Salidas: 4 circuitos protegidos con fusibles<\/li>\n<li style='margin-bottom: 5px;'>Fusibles: 3.5A \/ 250V<\/li>\n<li style='margin-bottom: 5px;'>Indicador LED de salida DC<\/li>\n<\/ul><\/div>\n<\/p><\/div>\n<div style='display: flex; flex-wrap: wrap; gap: 20px; margin-bottom: 30px;'>\n<div style='flex: 1 1 250px; border: 1px solid rgba(150&comma; 150&comma; 150&comma; 0.4); border-radius: 8px; overflow: hidden; display: flex; flex-direction: column;'>\n<div style='padding: 15px; border-bottom: 1px solid rgba(150&comma; 150&comma; 150&comma; 0.2); font-weight: bold; font-size: 18px; color: inherit;'>Especificaciones El\u00e9ctricas<\/div>\n<div style='padding: 15px; color: inherit;'>\n<ul style='padding-left: 20px; margin: 0; font-size: 14px; list-style-type: disc;'>\n<li style='margin-bottom: 5px;'><strong>Entrada:<\/strong> 12VDC\/24VDC o 24VAC\/28VAC<\/li>\n<li style='margin-bottom: 5px;'><strong>Corriente entrada:<\/strong> Hasta 10A (DC) o 12A (AC)<\/li>\n<li style='margin-bottom: 5px;'><strong>Salidas:<\/strong> 4 circuitos independientes<\/li>\n<li style='margin-bottom: 5px;'><strong>Corriente salida:<\/strong> 2.5A por salida m\u00e1ximo<\/li>\n<li style='margin-bottom: 5px;'><strong>Fusibles:<\/strong> 3.5A \/ 250V<\/li>\n<\/ul><\/div>\n<\/p><\/div>\n<div style='flex: 1 1 250px; border: 1px solid rgba(150&comma; 150&comma; 150&comma; 0.4); border-radius: 8px; overflow: hidden; display: flex; flex-direction: column;'>\n<div style='padding: 15px; border-bottom: 1px solid rgba(150&comma; 150&comma; 150&comma; 0.2); font-weight: bold; font-size: 18px; color: inherit;'>Caracter\u00edsticas F\u00edsicas<\/div>\n<div style='padding: 15px; color: inherit;'>\n<ul style='padding-left: 20px; margin: 0; font-size: 14px; list-style-type: disc;'>\n<li style='margin-bottom: 5px;'><strong>Dimensiones:<\/strong> 133.4mm x 82.6mm x 25.4mm<\/li>\n<li style='margin-bottom: 5px;'><strong>Peso:<\/strong> 0.15 lbs (0.07 kg)<\/li>\n<li style='margin-bottom: 5px;'><strong>Peso empacado:<\/strong> 0.25 lbs (0.11 kg)<\/li>\n<li style='margin-bottom: 5px;'><strong>Temperatura operaci\u00f3n:<\/strong> 0\u00b0C a 49\u00b0C<\/li>\n<li style='margin-bottom: 5px;'><strong>Temperatura almacenamiento:<\/strong> -20\u00b0C a 70\u00b0C<\/li>\n<li style='margin-bottom: 5px;'><strong>Humedad:<\/strong> 85% \u00b15%<\/li>\n<\/ul><\/div>\n<\/p><\/div>\n<div style='flex: 1 1 250px; border: 1px solid rgba(150&comma; 150&comma; 150&comma; 0.4); border-radius: 8px; overflow: hidden; display: flex; flex-direction: column;'>\n<div style='padding: 15px; border-bottom: 1px solid rgba(150&comma; 150&comma; 150&comma; 0.2); font-weight: bold; font-size: 18px; color: inherit;'>Normas y Garant\u00eda<\/div>\n<div style='padding: 15px; color: inherit;'>\n<ul style='padding-left: 20px; margin: 0; font-size: 14px; list-style-type: disc;'>\n<li style='margin-bottom: 5px;'>UL Listed<\/li>\n<li style='margin-bottom: 5px;'>UL294 Control de Acceso<\/li>\n<li style='margin-bottom: 5px;'>UL603 Alarmas de Robo<\/li>\n<li style='margin-bottom: 5px;'>UL1481 Alarmas de Incendio<\/li>\n<li style='margin-bottom: 5px;'>CSA C22.2 No.205-M1983<\/li>\n<li style='margin-bottom: 5px;'>ULC-5318-96<\/li>\n<li style='margin-bottom: 5px;'>Garant\u00eda de por vida<\/li>\n<\/ul><\/div>\n<\/p><\/div>\n<\/p><\/div>\n<hr style='border: 0; border-top: 1px solid rgba(150&comma; 150&comma; 150&comma; 0.3); margin: 30px 0;'>\n<div style='display: flex; flex-wrap: wrap; gap: 30px; margin-bottom: 30px;'>\n<div style='flex: 1 1 300px; min-width: 280px;'>\n<h3 style='font-size: 22px; border-bottom: 2px solid currentColor; padding-bottom: 5px; margin-top: 0; color: inherit; opacity: 0.8;'>Aplicaciones<\/h3>\n<ul style='padding-left: 20px; font-size: 15px; color: inherit;'>\n<li style='margin-bottom: 5px;'>Sistemas de control de acceso<\/li>\n<li style='margin-bottom: 5px;'>Sistemas de alarma contra robo<\/li>\n<li style='margin-bottom: 5px;'>Sistemas de alarma de incendio<\/li>\n<li style='margin-bottom: 5px;'>Instalaciones de seguridad electr\u00f3nica<\/li>\n<\/ul><\/div>\n<\/p><\/div>\n<\/p><\/div>\n","protected":false},"excerpt":{"rendered":"<p>M\u00f3dulo de distribuci\u00f3n  \/ 4 entradas de 12 o 24 Vcc hasta 10 A o 24 o 28 Vca hasta 12 A \/ 4 Salidas<\/p>\n","protected":false},"featured_media":108483,"comment_status":"open","ping_status":"closed","template":"","meta":[],"product_brand":[],"product_cat":[1103],"product_tag":[495,142,457],"class_list":{"0":"post-108484","1":"product","2":"type-product","3":"status-publish","4":"has-post-thumbnail","6":"product_cat-fuentes-de-alimentacion-energia-videovigilancia","7":"product_tag-altronix","8":"product_tag-energia","9":"product_tag-fuentes-de-alimentacion","11":"first","12":"instock","13":"sale","14":"shipping-taxable","15":"purchasable","16":"product-type-simple"},"_links":{"self":[{"href":"https:\/\/soydeaqui.ddns.net\/pachuca\/index.php\/wp-json\/wp\/v2\/product\/108484","targetHints":{"allow":["GET"]}}],"collection":[{"href":"https:\/\/soydeaqui.ddns.net\/pachuca\/index.php\/wp-json\/wp\/v2\/product"}],"about":[{"href":"https:\/\/soydeaqui.ddns.net\/pachuca\/index.php\/wp-json\/wp\/v2\/types\/product"}],"replies":[{"embeddable":true,"href":"https:\/\/soydeaqui.ddns.net\/pachuca\/index.php\/wp-json\/wp\/v2\/comments?post=108484"}],"wp:featuredmedia":[{"embeddable":true,"href":"https:\/\/soydeaqui.ddns.net\/pachuca\/index.php\/wp-json\/wp\/v2\/media\/108483"}],"wp:attachment":[{"href":"https:\/\/soydeaqui.ddns.net\/pachuca\/index.php\/wp-json\/wp\/v2\/media?parent=108484"}],"wp:term":[{"taxonomy":"product_brand","embeddable":true,"href":"https:\/\/soydeaqui.ddns.net\/pachuca\/index.php\/wp-json\/wp\/v2\/product_brand?post=108484"},{"taxonomy":"product_cat","embeddable":true,"href":"https:\/\/soydeaqui.ddns.net\/pachuca\/index.php\/wp-json\/wp\/v2\/product_cat?post=108484"},{"taxonomy":"product_tag","embeddable":true,"href":"https:\/\/soydeaqui.ddns.net\/pachuca\/index.php\/wp-json\/wp\/v2\/product_tag?post=108484"}],"curies":[{"name":"wp","href":"https:\/\/api.w.org\/{rel}","templated":true}]}}