{"id":108478,"date":"2026-03-20T18:04:21","date_gmt":"2026-03-20T18:04:21","guid":{"rendered":"https:\/\/soydeaqui.ddns.net\/pachuca\/index.php\/producto\/bala-ip-4-mp-lente-mot-2-7-13-5mm-h-265-ir-60-m-ip67-ik10-deteccion-movimiento-y-sabotaje-tampering-alarmas-y-audio-i-o-poe-onvif-ndaa-serie-60-honeywell-security\/"},"modified":"2026-03-20T18:04:23","modified_gmt":"2026-03-20T18:04:23","slug":"bala-ip-4-mp-lente-mot-2-7-13-5mm-h-265-ir-60-m-ip67-ik10-deteccion-movimiento-y-sabotaje-tampering-alarmas-y-audio-i-o-poe-onvif-ndaa-serie-60-honeywell-security","status":"publish","type":"product","link":"https:\/\/soydeaqui.ddns.net\/pachuca\/index.php\/producto\/bala-ip-4-mp-lente-mot-2-7-13-5mm-h-265-ir-60-m-ip67-ik10-deteccion-movimiento-y-sabotaje-tampering-alarmas-y-audio-i-o-poe-onvif-ndaa-serie-60-honeywell-security\/","title":{"rendered":"Bala IP 4 MP \/ Lente Mot.  2.7-13.5mm \/ H.265 \/ IR 60 m \/ IP67 \/ IK10 \/ Detecci\u00f3n Movimiento y Sabotaje (Tampering)\/ Alarmas y Audio I\/O \/ PoE \/ ONVIF \/ NDAA \/ Serie 60 \/ Honeywell Security"},"content":{"rendered":"<div style='width: 100%; max-width: 1200px; margin: 0 auto; font-family: sans-serif; line-height: 1.6; color: inherit; background-color: transparent;'> <!-- Im\u00e1genes iniciales --> <\/p>\n<div style='width: 100%; margin-bottom: 30px;'> <img style='width: 100%; height: auto; border: 1px solid rgba(150&comma;150&comma;150&comma;0.3); border-radius: 8px;' src='https:\/\/ftp3.syscom.mx\/usuarios\/pnunez\/Honeywell\/HC30WE5R2\/Imagenes\/banner-honeywell.jpg' alt='Banner Honeywell'> <\/div>\n<div style='width: 100%; margin-bottom: 30px;'> <img style='width: 100%; height: auto; border: 1px solid rgba(150&comma;150&comma;150&comma;0.3); border-radius: 8px;' src='https:\/\/ftp3.syscom.mx\/usuarios\/pnunez\/Honeywell\/Banners\/syscom-stock-disponible%20%281%29.jpg' alt='Stock Disponible'> <\/div>\n<p> <!-- Secci\u00f3n de caracter\u00edsticas en grid --> <\/p>\n<div style='display: flex; flex-wrap: wrap; gap: 30px; margin-bottom: 30px;'> <!-- Caracter\u00edsticas de la C\u00e1mara --> <\/p>\n<div style='flex: 1 1 300px; min-width: 280px;'>\n<h3 style='font-size: 22px; border-bottom: 2px solid currentColor; padding-bottom: 5px; margin-top: 0; color: inherit; opacity: 0.8;'>Caracter\u00edsticas de la C\u00e1mara:<\/h3>\n<ul style='padding-left: 20px; font-size: 15px; color: inherit;'>\n<li style='margin-bottom: 5px;'>Resoluci\u00f3n m\u00e1xima: 4 Megap\u00edxel (2560 x 1440) a 30FPS.<\/li>\n<li style='margin-bottom: 5px;'>Sensor de imagen: 1\/2.8 Scan Progresivo CMOS<\/li>\n<li style='margin-bottom: 5px;'>Iluminaci\u00f3n m\u00ednima: Color: 0.04 Lux&comma; B\/N: 0Lux con IR encendido @F1.4<\/li>\n<li style='margin-bottom: 5px;'>D\u00eda \/ Noche Auto \/ Calendarizable<\/li>\n<li style='margin-bottom: 5px;'>Lente Varifocal Motorizado: 2.7-13.5 mm.<\/li>\n<li style='margin-bottom: 5px;'>Distancia de IR: 60m IR inteligente.<\/li>\n<li style='margin-bottom: 5px;'>Compresi\u00f3n: H.265&comma; H.264&comma; MJPEG<\/li>\n<\/ul><\/div>\n<p> <!-- Caracter\u00edsticas Generales --> <\/p>\n<div style='flex: 1 1 300px; min-width: 280px;'>\n<h3 style='font-size: 22px; border-bottom: 2px solid currentColor; padding-bottom: 5px; margin-top: 0; color: inherit; opacity: 0.8;'>Caracter\u00edsticas Generales:<\/h3>\n<ul style='padding-left: 20px; font-size: 15px; color: inherit;'>\n<li style='margin-bottom: 5px;'>Compensaci\u00f3n de luz: WDR 120dB&comma; BLC&comma; HLC&comma; 3 DNR.<\/li>\n<li style='margin-bottom: 5px;'>Video anal\u00edticos embebidos: Detecci\u00f3n Sabotaje (Tampering)&comma; Movimiento.<\/li>\n<li style='margin-bottom: 5px;'>\u00c1reas de privacidad 5<\/li>\n<li style='margin-bottom: 5px;'>Almacenamiento: Soporta microSD de hasta 256GB (no incluida).<\/li>\n<li style='margin-bottom: 5px;'>ONVIF: Profile S&comma; G<\/li>\n<li style='margin-bottom: 5px; font-weight: bold;'>Certificaci\u00f3n NDAA.<\/li>\n<li style='margin-bottom: 5px; font-weight: bold;'>Garant\u00eda 5 a\u00f1os.<\/li>\n<\/ul><\/div>\n<p> <!-- Caracter\u00edsticas F\u00edsicas y El\u00e9ctricas --> <\/p>\n<div style='flex: 1 1 300px; min-width: 280px;'>\n<h3 style='font-size: 22px; border-bottom: 2px solid currentColor; padding-bottom: 5px; margin-top: 0; color: inherit; opacity: 0.8;'>Caracter\u00edsticas F\u00edsicas y El\u00e9ctricas:<\/h3>\n<ul style='padding-left: 20px; font-size: 15px; color: inherit;'>\n<li style='margin-bottom: 5px;'>Temperatura de operaci\u00f3n: -30 a 60 \u00b0C<\/li>\n<li style='margin-bottom: 5px;'>Alimentaci\u00f3n: 12Vcc&comma; PoE (802.3af) Clase 0 \/ 12.95 W.<\/li>\n<li style='margin-bottom: 5px;'>Protecci\u00f3n: IP67\/IK10<\/li>\n<li style='margin-bottom: 5px;'>Dimensiones: 105.50 x 110.60 x 288.60 mm.<\/li>\n<li style='margin-bottom: 5px;'>Peso: 1.75 Kg.<\/li>\n<li style='margin-bottom: 5px;'>Puerto Ethernet RJ45 10\/100 Mbps<\/li>\n<li style='margin-bottom: 5px;'>Entrada\/Salida de audio de l\u00ednea<\/li>\n<li style='margin-bottom: 5px;'>2 Entradas\/1 Salida de alarma<\/li>\n<\/ul><\/div>\n<\/p><\/div>\n<p> <!-- Imagenes adicionales --> <\/p>\n<div style='width: 100%; margin-bottom: 30px;'> <img style='width: 70%; height: auto; margin: 0 15%; border: 1px solid rgba(150&comma;150&comma;150&comma;0.3); border-radius: 8px;' src='https:\/\/ftp3.syscom.mx\/usuarios\/pnunez\/Honeywell\/HC30WB5R1\/medidashc30wb5r1.PNG' alt='Dimensiones'> <\/div>\n<div style='width: 100%; margin-bottom: 30px;'> <img style='width: 100%; height: auto; border: 1px solid rgba(150&comma;150&comma;150&comma;0.3); border-radius: 8px;' src='https:\/\/ftp3.syscom.mx\/usuarios\/pnunez\/Honeywell\/NDAA\/NDAA-HONEYWELL.jpg' alt='Certificaci\u00f3n NDAA'> <\/div>\n<p> <!-- Video --> <\/p>\n<div style='position: relative; padding-bottom: 56.25%; height: 0; overflow: hidden; margin-bottom: 30px;'>   <\/div>\n<\/p><\/div>\n","protected":false},"excerpt":{"rendered":"<p>Bala IP 4 MP \/ Lente Mot.  2.7-13.5mm \/ H.265 \/ IR 60 m \/ IP67 \/ IK10 \/ Detecci\u00f3n Movimiento y Sabotaje (Tampering)\/ Alarmas y Audio I\/O \/ PoE \/ ONVIF \/ NDAA \/ Serie 60 \/ Honeywell Security<\/p>\n","protected":false},"featured_media":108477,"comment_status":"open","ping_status":"closed","template":"","meta":[],"product_brand":[],"product_cat":[438],"product_tag":[439,122,209],"class_list":{"0":"post-108478","1":"product","2":"type-product","3":"status-publish","4":"has-post-thumbnail","6":"product_cat-bala","7":"product_tag-bala","8":"product_tag-camaras-ip-y-nvrs","9":"product_tag-honeywell","11":"first","12":"outofstock","13":"sale","14":"shipping-taxable","15":"purchasable","16":"product-type-simple"},"_links":{"self":[{"href":"https:\/\/soydeaqui.ddns.net\/pachuca\/index.php\/wp-json\/wp\/v2\/product\/108478","targetHints":{"allow":["GET"]}}],"collection":[{"href":"https:\/\/soydeaqui.ddns.net\/pachuca\/index.php\/wp-json\/wp\/v2\/product"}],"about":[{"href":"https:\/\/soydeaqui.ddns.net\/pachuca\/index.php\/wp-json\/wp\/v2\/types\/product"}],"replies":[{"embeddable":true,"href":"https:\/\/soydeaqui.ddns.net\/pachuca\/index.php\/wp-json\/wp\/v2\/comments?post=108478"}],"wp:featuredmedia":[{"embeddable":true,"href":"https:\/\/soydeaqui.ddns.net\/pachuca\/index.php\/wp-json\/wp\/v2\/media\/108477"}],"wp:attachment":[{"href":"https:\/\/soydeaqui.ddns.net\/pachuca\/index.php\/wp-json\/wp\/v2\/media?parent=108478"}],"wp:term":[{"taxonomy":"product_brand","embeddable":true,"href":"https:\/\/soydeaqui.ddns.net\/pachuca\/index.php\/wp-json\/wp\/v2\/product_brand?post=108478"},{"taxonomy":"product_cat","embeddable":true,"href":"https:\/\/soydeaqui.ddns.net\/pachuca\/index.php\/wp-json\/wp\/v2\/product_cat?post=108478"},{"taxonomy":"product_tag","embeddable":true,"href":"https:\/\/soydeaqui.ddns.net\/pachuca\/index.php\/wp-json\/wp\/v2\/product_tag?post=108478"}],"curies":[{"name":"wp","href":"https:\/\/api.w.org\/{rel}","templated":true}]}}