{"id":108432,"date":"2026-03-20T18:01:53","date_gmt":"2026-03-20T18:01:53","guid":{"rendered":"https:\/\/soydeaqui.ddns.net\/pachuca\/index.php\/producto\/convertidor-de-audio-digital-a-analogo-o-analogo-a-digital\/"},"modified":"2026-03-20T18:02:06","modified_gmt":"2026-03-20T18:02:06","slug":"convertidor-de-audio-digital-a-analogo-o-analogo-a-digital","status":"publish","type":"product","link":"https:\/\/soydeaqui.ddns.net\/pachuca\/index.php\/producto\/convertidor-de-audio-digital-a-analogo-o-analogo-a-digital\/","title":{"rendered":"Convertidor de Audio Digital a An\u00e1logo o An\u00e1logo a Digital"},"content":{"rendered":"<div style='width: 100%; max-width: 1200px; margin: 0 auto; font-family: sans-serif; line-height: 1.6; color: inherit;'>\n<div style='display: flex; flex-wrap: wrap; gap: 30px; margin-bottom: 30px;'>\n<div style='flex: 1 1 300px; min-width: 280px;'> <img style='width: 100%; height: auto; border: 1px solid rgba(150&comma;150&comma;150&comma;0.3); border-radius: 8px;' src='http:\/\/ftp3.syscom.mx\/usuarios\/hallende\/EPCOM%20Titanium\/TT-3090\/TT3090%20sup.jpg' alt=''> <\/div>\n<div style='flex: 1 1 300px; min-width: 280px;'>\n<h2 style='font-size: 24px; border-bottom: 2px solid currentColor; padding-bottom: 5px; margin-top: 0; color: inherit; opacity: 0.8;'>Convertidor de Audio Digital a An\u00e1logo\/An\u00e1logo a Digital<\/h2>\n<p>El TT3090 es un conversor de audio dise\u00f1ado para la conmutaci\u00f3n de audio dom\u00e9stico o profesional&comma; cuenta con 2 modos de funcionamiento de Digital a Anal\u00f3gico y de Anal\u00f3gico a Digital esto solo con el cambio de un interruptor. Convierte la entrada de audio digital (SPDIF) coaxial u \u00f3ptico (TOSLINK) en salida est\u00e9reo anal\u00f3gica a trav\u00e9s de R\/L (RCA) o audio AUX de 3.5 mm&comma; tambi\u00e9n puede convertir audio An\u00e1logo R\/L (RCA) o audio AUX de 3.5 mm a audio digital (SPDIF) coaxial u \u00f3ptico (TOSLINK).<\/p>\n<p>Es muy sencillo de instalar ya que solo necesitar\u00e1s conectar los cables para hacer la conexi\u00f3n&comma; las entradas (\u00f3ptica o coaxial)&comma; salidas (RCA o 3.5mm) de audio y alimentacion&comma; est\u00e1n marcadas en el dispositivo para que no tengas ning\u00fan problema. Su dise\u00f1o es compacto y ligero para instalarlo en lugares con limitaciones de espacio.<\/p>\n<\/p><\/div>\n<\/p><\/div>\n<div style='display: flex; flex-wrap: wrap; gap: 20px; margin-bottom: 30px;'>\n<div style='flex: 1 1 250px; border: 1px solid rgba(150&comma; 150&comma; 150&comma; 0.4); border-radius: 8px; overflow: hidden; display: flex; flex-direction: column;'>\n<div style='padding: 15px; border-bottom: 1px solid rgba(150&comma; 150&comma; 150&comma; 0.2); font-weight: bold; font-size: 18px; color: inherit;'>Caracter\u00edsticas Principales<\/div>\n<div style='padding: 15px; color: inherit;'> <img style='width: 100%; height: auto; border: 1px solid rgba(150&comma;150&comma;150&comma;0.3); border-radius: 8px; margin-bottom: 15px;' src='http:\/\/ftp3.syscom.mx\/usuarios\/hallende\/EPCOM%20Titanium\/TT-3090\/TT3090-2.jpg' alt=''> <\/p>\n<ul style='padding-left: 20px; margin: 0; font-size: 14px; list-style-type: disc;'>\n<li style='margin-bottom: 5px;'><strong>Admite audio digital coaxial u \u00f3ptico a audio est\u00e9reo anal\u00f3gico.<\/strong><\/li>\n<li style='margin-bottom: 5px;'><strong>Admite audio est\u00e9reo anal\u00f3gico a audio digital coaxial u \u00f3ptico.<\/strong><\/li>\n<li style='margin-bottom: 5px;'>Admite salida de se\u00f1al de audio digital LPCM de 2 canales<\/li>\n<li style='margin-bottom: 5px;'><strong>Admite frecuencia de muestreo de 32&comma; 44&comma;1&comma; 48&comma; 96&comma; 128 y 192 kHz cuando es digital a anal\u00f3gico&comma; frecuencia de muestreo de 48 kHz cuando es anal\u00f3gico a digital.<\/strong><\/li>\n<li style='margin-bottom: 5px;'><strong>Plug and Play<\/strong><\/li>\n<\/ul><\/div>\n<\/p><\/div>\n<div style='flex: 1 1 250px; border: 1px solid rgba(150&comma; 150&comma; 150&comma; 0.4); border-radius: 8px; overflow: hidden; display: flex; flex-direction: column;'>\n<div style='padding: 15px; border-bottom: 1px solid rgba(150&comma; 150&comma; 150&comma; 0.2); font-weight: bold; font-size: 18px; color: inherit;'>Caracter\u00edsticas F\u00edsicas y El\u00e9ctricas<\/div>\n<div style='padding: 15px; color: inherit;'> <img style='width: 100%; height: auto; border: 1px solid rgba(150&comma;150&comma;150&comma;0.3); border-radius: 8px; margin-bottom: 15px;' src='http:\/\/ftp3.syscom.mx\/usuarios\/hallende\/EPCOM%20Titanium\/TT-3090\/TT3090-3.jpg' alt=''> <\/p>\n<ul style='padding-left: 20px; margin: 0; font-size: 14px; list-style-type: disc;'>\n<li style='margin-bottom: 5px;'><span style='color: blue;'>Alimentaci\u00f3n incluida de 5 Vcc&comma; 0.5A.<\/span><\/li>\n<li style='margin-bottom: 5px;'>Potencia de consumo 1W<\/li>\n<li style='margin-bottom: 5px;'>Dimensiones: 87.0(w) x 61.9(D) x 24.5(H)mm<\/li>\n<li style='margin-bottom: 5px;'>Peso 500g<\/li>\n<li style='margin-bottom: 5px;'>Temperatura de operaci\u00f3n 0~60\u00b0<\/li>\n<li style='margin-bottom: 5px;'>Temperatura de almacenamiento -20~70\u00e2\u201e\u0192<\/li>\n<li style='margin-bottom: 5px;'>Color Negro<\/li>\n<li style='margin-bottom: 5px;'><strong>1 A\u00f1o de Garant\u00eda por defectos de fabrica<\/strong><\/li>\n<\/ul><\/div>\n<\/p><\/div>\n<div style='flex: 1 1 250px; border: 1px solid rgba(150&comma; 150&comma; 150&comma; 0.4); border-radius: 8px; overflow: hidden; display: flex; flex-direction: column;'>\n<div style='padding: 15px; border-bottom: 1px solid rgba(150&comma; 150&comma; 150&comma; 0.2); font-weight: bold; font-size: 18px; color: inherit;'>Caracter\u00edsticas Destacadas<\/div>\n<div style='padding: 15px; color: inherit;'> <img style='width: 100%; height: auto; border: 1px solid rgba(150&comma;150&comma;150&comma;0.3); border-radius: 8px; margin-bottom: 15px;' src='http:\/\/ftp3.syscom.mx\/usuarios\/hallende\/EPCOM%20Titanium\/TT-3090\/TT3090-4.jpg' alt=''> <\/p>\n<ul style='padding-left: 20px; margin: 0; font-size: 14px; list-style-type: disc;'>\n<li style='margin-bottom: 5px;'>Protecci\u00f3n contra sobretensiones&comma; protecci\u00f3n contra rayos&comma; protecci\u00f3n ESD.<\/li>\n<li style='margin-bottom: 5px;'>Utilice un cable de audio de 3.5 mm para conectar el conector est\u00e9reo de 3.5 mm.<\/li>\n<li style='margin-bottom: 5px;'>Use un cable de audio RCA para conectar el conector de audio R\/L.<\/li>\n<li style='margin-bottom: 5px;'>Utilice un cable coaxial para conectar la interfaz de audio digital coaxial.<\/li>\n<li style='margin-bottom: 5px;'>Use un cable de fibra \u00f3ptica para conectar el S\/PDIF.<\/li>\n<li style='margin-bottom: 5px;'>Al utilizar la entrada de audio anal\u00f3gica&comma; se pueden utilizar simult\u00e1neamente las salidas de audio coaxial digital y \u00f3ptica<\/li>\n<\/ul><\/div>\n<\/p><\/div>\n<\/p><\/div>\n<div style='width: 100%; margin-bottom: 30px;'> <img style='width: 100%; height: auto; border: 1px solid rgba(150&comma;150&comma;150&comma;0.3); border-radius: 8px;' src='http:\/\/ftp3.syscom.mx\/usuarios\/hallende\/EPCOM%20Titanium\/TT-3090\/TT-3090%20Esp..jpg' alt=''> <\/div>\n<div style='position: relative; padding-bottom: 56.25%; height: 0; overflow: hidden; margin-bottom: 30px;'>   <\/div>\n<\/p><\/div>\n","protected":false},"excerpt":{"rendered":"<p>Convertidor de Audio Digital a An\u00e1logo o An\u00e1logo a Digital<\/p>\n","protected":false},"featured_media":108431,"comment_status":"open","ping_status":"closed","template":"","meta":[],"product_brand":[],"product_cat":[2073,2074,2077,2075,2072,2076],"product_tag":[417,2079,2080,2083,507,2081,2078,2082],"class_list":{"0":"post-108432","1":"product","2":"type-product","3":"status-publish","4":"has-post-thumbnail","6":"product_cat-convertidores","7":"product_cat-divisores","8":"product_cat-dvi","9":"product_cat-hdmi","10":"product_cat-kits-extensores","11":"product_cat-vga","12":"product_tag-accesorios-generales","13":"product_tag-convertidores","14":"product_tag-divisores","15":"product_tag-dvi","16":"product_tag-epcom-titanium","17":"product_tag-hdmi","18":"product_tag-kits-extensores","19":"product_tag-vga","21":"first","22":"outofstock","23":"sale","24":"shipping-taxable","25":"purchasable","26":"product-type-simple"},"_links":{"self":[{"href":"https:\/\/soydeaqui.ddns.net\/pachuca\/index.php\/wp-json\/wp\/v2\/product\/108432","targetHints":{"allow":["GET"]}}],"collection":[{"href":"https:\/\/soydeaqui.ddns.net\/pachuca\/index.php\/wp-json\/wp\/v2\/product"}],"about":[{"href":"https:\/\/soydeaqui.ddns.net\/pachuca\/index.php\/wp-json\/wp\/v2\/types\/product"}],"replies":[{"embeddable":true,"href":"https:\/\/soydeaqui.ddns.net\/pachuca\/index.php\/wp-json\/wp\/v2\/comments?post=108432"}],"wp:featuredmedia":[{"embeddable":true,"href":"https:\/\/soydeaqui.ddns.net\/pachuca\/index.php\/wp-json\/wp\/v2\/media\/108431"}],"wp:attachment":[{"href":"https:\/\/soydeaqui.ddns.net\/pachuca\/index.php\/wp-json\/wp\/v2\/media?parent=108432"}],"wp:term":[{"taxonomy":"product_brand","embeddable":true,"href":"https:\/\/soydeaqui.ddns.net\/pachuca\/index.php\/wp-json\/wp\/v2\/product_brand?post=108432"},{"taxonomy":"product_cat","embeddable":true,"href":"https:\/\/soydeaqui.ddns.net\/pachuca\/index.php\/wp-json\/wp\/v2\/product_cat?post=108432"},{"taxonomy":"product_tag","embeddable":true,"href":"https:\/\/soydeaqui.ddns.net\/pachuca\/index.php\/wp-json\/wp\/v2\/product_tag?post=108432"}],"curies":[{"name":"wp","href":"https:\/\/api.w.org\/{rel}","templated":true}]}}