{"id":108427,"date":"2026-03-20T18:01:34","date_gmt":"2026-03-20T18:01:34","guid":{"rendered":"https:\/\/soydeaqui.ddns.net\/pachuca\/index.php\/producto\/juego-de-5-pzas-de-broca-sds-plus-para-madera-y-metal\/"},"modified":"2026-03-20T18:01:44","modified_gmt":"2026-03-20T18:01:44","slug":"juego-de-5-pzas-de-broca-sds-plus-para-madera-y-metal","status":"publish","type":"product","link":"https:\/\/soydeaqui.ddns.net\/pachuca\/index.php\/producto\/juego-de-5-pzas-de-broca-sds-plus-para-madera-y-metal\/","title":{"rendered":"Juego de 5 Pzas. de Broca SDS-PLUS para Madera y Metal"},"content":{"rendered":"<div style='width: 100%; max-width: 1200px; margin: 0 auto; font-family: sans-serif; line-height: 1.6; color: inherit; background-color: transparent;'> <!-- Imagen de marca --> <\/p>\n<div style='margin-bottom: 30px;'> <img style='width: 100%; max-width: 643px; height: auto; border: 1px solid rgba(150&comma;150&comma;150&comma;0.3); border-radius: 8px;' src='https:\/\/ftp3.syscom.mx\/usuarios\/fotos\/B59243\/210312-logo.png' alt='Logo MAKITA'> <\/div>\n<p> <!-- Caracter\u00edsticas Principales --> <\/p>\n<div style='margin-bottom: 30px;'>\n<h3 style='font-size: 22px; border-bottom: 2px solid currentColor; padding-bottom: 5px; margin-top: 0; color: inherit; opacity: 0.8;'>Caracter\u00edsticas Principales<\/h3>\n<ul style='padding-left: 20px; font-size: 15px; color: inherit;'>\n<li style='margin-bottom: 15px;'>La entrada SDS-PLUS permite una perforaci\u00f3n en metal o madera sin cambiar a un taladro o usar un adaptador especial para conveniencia y productividad del operador.<\/li>\n<li style='margin-bottom: 15px;'>Las brocas para perforaci\u00f3n de metal est\u00e1n hechas de acero de alta velocidad (HSS-G) para mayor duraci\u00f3n y presenta una geometr\u00eda de divisi\u00f3n de punta de 135\u00b0 para reducir el desplazamiento de la broca.<\/li>\n<li style='margin-bottom: 15px;'>Brocas de punta brad para madera brindan agujeros rectos y limpios en madera.<\/li>\n<li style='margin-bottom: 15px;'>Entrada corta especialmente dise\u00f1ada ayuda a prevenir el da\u00f1o de uso accidental en el modo &#8216;Martilleo con Rotaci\u00f3n&#8217; en Roromartillos.<\/li>\n<\/ul><\/div>\n<p> <!-- Incluye --> <\/p>\n<div style='margin-bottom: 30px;'>\n<h3 style='font-size: 22px; border-bottom: 2px solid currentColor; padding-bottom: 5px; margin-top: 0; color: inherit; opacity: 0.8;'>Incluye<\/h3>\n<ul style='padding-left: 20px; font-size: 15px; color: inherit;'>\n<li style='margin-bottom: 15px;'>Brocas punta Brad para Madera\n<ul style='padding-left: 20px; margin-top: 10px;'>\n<li style='margin-bottom: 5px;'>3\/16&#8242; x 4-5\/8&#8242;<\/li>\n<li style='margin-bottom: 5px;'>1\/4&#8242; x 5-1\/8&#8242;<\/li>\n<\/ul>\n<\/li>\n<li style='margin-bottom: 15px;'>Brocas HSS-G para Metal\n<ul style='padding-left: 20px; margin-top: 10px;'>\n<li style='margin-bottom: 5px;'>1\/8&#8242; x 3-7\/8&#8242;<\/li>\n<li style='margin-bottom: 5px;'>3\/16 x 4-5\/8&#8242;<\/li>\n<li style='margin-bottom: 5px;'>1\/4&#8242; x 5-3\/16&#8242;<\/li>\n<\/ul>\n<\/li>\n<\/ul><\/div>\n<p> <!-- Im\u00e1genes del producto --> <\/p>\n<div style='margin-bottom: 30px;'>\n<h3 style='font-size: 22px; border-bottom: 2px solid currentColor; padding-bottom: 5px; margin-top: 0; color: inherit; opacity: 0.8;'>Im\u00e1genes del Producto<\/h3>\n<div style='display: flex; flex-wrap: wrap; gap: 20px; margin-top: 20px;'>\n<div style='flex: 1 1 200px; min-width: 200px;'> <img style='width: 100%; height: auto; border: 1px solid rgba(150&comma;150&comma;150&comma;0.3); border-radius: 8px;' src='https:\/\/ftp3.syscom.mx\/usuarios\/fotos\/B59243\/210312-imagen.png' alt='Broca SDS-PLUS para Madera y Metal'> <\/div>\n<div style='flex: 1 1 200px; min-width: 200px;'> <img style='width: 100%; height: auto; border: 1px solid rgba(150&comma;150&comma;150&comma;0.3); border-radius: 8px;' src='https:\/\/ftp3.syscom.mx\/usuarios\/fotos\/B59243\/210312-imagen_4.png' alt='Broca SDS-PLUS para Madera y Metal'> <\/div>\n<div style='flex: 1 1 200px; min-width: 200px;'> <img style='width: 100%; height: auto; border: 1px solid rgba(150&comma;150&comma;150&comma;0.3); border-radius: 8px;' src='https:\/\/ftp3.syscom.mx\/usuarios\/fotos\/B59243\/210312-imagen_3.png' alt='Broca SDS-PLUS para Madera y Metal'> <\/div>\n<\/p><\/div>\n<\/p><\/div>\n<p> <!-- Separador final --> <\/p>\n<hr style='border: 0; border-top: 1px solid rgba(150&comma; 150&comma; 150&comma; 0.3); margin: 30px 0;'> <\/div>\n","protected":false},"excerpt":{"rendered":"<p>Juego de 5 Pzas. de Broca SDS-PLUS para Madera y Metal<\/p>\n","protected":false},"featured_media":108426,"comment_status":"open","ping_status":"closed","template":"","meta":[],"product_brand":[],"product_cat":[24],"product_tag":[26,25,252],"class_list":{"0":"post-108427","1":"product","2":"type-product","3":"status-publish","4":"has-post-thumbnail","6":"product_cat-accesorios-de-instalacion","7":"product_tag-accesorios-de-instalacion","8":"product_tag-herramientas","9":"product_tag-makita","11":"first","12":"outofstock","13":"sale","14":"shipping-taxable","15":"purchasable","16":"product-type-simple"},"_links":{"self":[{"href":"https:\/\/soydeaqui.ddns.net\/pachuca\/index.php\/wp-json\/wp\/v2\/product\/108427","targetHints":{"allow":["GET"]}}],"collection":[{"href":"https:\/\/soydeaqui.ddns.net\/pachuca\/index.php\/wp-json\/wp\/v2\/product"}],"about":[{"href":"https:\/\/soydeaqui.ddns.net\/pachuca\/index.php\/wp-json\/wp\/v2\/types\/product"}],"replies":[{"embeddable":true,"href":"https:\/\/soydeaqui.ddns.net\/pachuca\/index.php\/wp-json\/wp\/v2\/comments?post=108427"}],"wp:featuredmedia":[{"embeddable":true,"href":"https:\/\/soydeaqui.ddns.net\/pachuca\/index.php\/wp-json\/wp\/v2\/media\/108426"}],"wp:attachment":[{"href":"https:\/\/soydeaqui.ddns.net\/pachuca\/index.php\/wp-json\/wp\/v2\/media?parent=108427"}],"wp:term":[{"taxonomy":"product_brand","embeddable":true,"href":"https:\/\/soydeaqui.ddns.net\/pachuca\/index.php\/wp-json\/wp\/v2\/product_brand?post=108427"},{"taxonomy":"product_cat","embeddable":true,"href":"https:\/\/soydeaqui.ddns.net\/pachuca\/index.php\/wp-json\/wp\/v2\/product_cat?post=108427"},{"taxonomy":"product_tag","embeddable":true,"href":"https:\/\/soydeaqui.ddns.net\/pachuca\/index.php\/wp-json\/wp\/v2\/product_tag?post=108427"}],"curies":[{"name":"wp","href":"https:\/\/api.w.org\/{rel}","templated":true}]}}