{"id":108424,"date":"2026-03-20T18:01:22","date_gmt":"2026-03-20T18:01:22","guid":{"rendered":"https:\/\/soydeaqui.ddns.net\/pachuca\/index.php\/producto\/tandemvu-domo-ptz-ip-4-megapixel-con-camara-fija-4-megapixel-15x-zoom-100-mts-ir-ip66-acusense-poe-entrada-salida-de-audio-y-alarma-ultra-baja-iluminacion-microsd\/"},"modified":"2026-03-20T18:01:23","modified_gmt":"2026-03-20T18:01:23","slug":"tandemvu-domo-ptz-ip-4-megapixel-con-camara-fija-4-megapixel-15x-zoom-100-mts-ir-ip66-acusense-poe-entrada-salida-de-audio-y-alarma-ultra-baja-iluminacion-microsd","status":"publish","type":"product","link":"https:\/\/soydeaqui.ddns.net\/pachuca\/index.php\/producto\/tandemvu-domo-ptz-ip-4-megapixel-con-camara-fija-4-megapixel-15x-zoom-100-mts-ir-ip66-acusense-poe-entrada-salida-de-audio-y-alarma-ultra-baja-iluminacion-microsd\/","title":{"rendered":"[TandemVu] Domo PTZ IP 4 Megapixel con C\u00e1mara Fija 4 Megapixel \/ 15X Zoom \/ 100 mts IR \/ IP66 \/ ACUSENSE \/ PoE+ \/ Entrada-Salida de Audio y Alarma \/ Ultra Baja Iluminaci\u00f3n \/ MicroSD"},"content":{"rendered":"<div style=\"width: 100%; max-width: 1200px; margin: 0 auto; font-family: sans-serif; line-height: 1.6; color: inherit; background-color: transparent;\"><!-- Logo Hikvision --><\/p>\n<div style=\"width: 100%; text-align: center; margin: 20px 0;\"><img decoding=\"async\" style=\"width: 100%; max-width: 500px; height: auto; border: 1px solid rgba(150&comma; 150&comma; 150&comma; 0.3); border-radius: 8px;\" src=\"https:\/\/ftp3.syscom.mx\/usuarios\/jsosa\/HIKVISION\/imagenes\/logo\/hikvision%20see%20far.png\" alt=\"Logo Hikvision\" class=\"fr-fic fr-dii\"><\/div>\n<p><!-- Especificaciones --><\/p>\n<h1 style=\"font-size: 28px; text-align: center; color: inherit; margin: 30px 0 20px; border-bottom: 2px solid currentColor; padding-bottom: 10px;\">Especificaciones<\/h1>\n<p><!-- Grid principal --><\/p>\n<div style=\"display: flex; flex-wrap: wrap; gap: 30px; margin-top: 30px;\"><!-- Columna 1 --><\/p>\n<div style=\"flex: 1 1 48%; min-width: 300px;\"><!-- Caracter\u00edsticas Principales --><\/p>\n<div style=\"border: 1px solid rgba(150&comma; 150&comma; 150&comma; 0.4); border-radius: 8px; overflow: hidden; margin-bottom: 20px;\">\n<div style=\"padding: 15px; background: #df001e; color: white; font-weight: bold; font-size: 18px; border-bottom: 1px solid rgba(150&comma;150&comma;150&comma;0.2);\">Caracter&iacute;sticas Principales<\/div>\n<div style=\"padding: 15px;\">\n<ul style=\"padding-left: 20px; margin: 0; font-size: 14px; list-style-type: disc; color: inherit;\">\n<li style=\"margin-bottom: 5px;\"><strong>C&aacute;mara PTZ:<\/strong>\n<ul style=\"padding-left: 20px; margin: 5px 0;\">\n<li style=\"margin-bottom: 5px;\">Resoluci&oacute;n m&aacute;xima: 4 Megapixel (2560 x 1440)<\/li>\n<li style=\"margin-bottom: 5px;\">Iluminaci&oacute;n m&iacute;nima: color 0.005 Lux @ (F1.6&comma; AGC ON)<\/li>\n<li style=\"margin-bottom: 5px;\">Iluminaci&oacute;n m&iacute;nima: B\/N 0.001 Lux @ (F1.6&comma; AGC ON)<\/li>\n<li style=\"margin-bottom: 5px;\">D&iacute;a \/ Noche Real (filtro ICR)<\/li>\n<li style=\"margin-bottom: 5px;\">Distancia focal: 4.8 a 72 mm (15X zoom &oacute;ptico \/ 16X zoom digital)<\/li>\n<li style=\"margin-bottom: 5px;\">Funciones normales: HLC \/ ROI \/ WDR 120dB \/ BLC<\/li>\n<li style=\"margin-bottom: 5px;\">Distancia de infrarrojo: 100 mts Smart IR<\/li>\n<\/ul>\n<\/li>\n<li style=\"margin-bottom: 5px;\"><strong>C&aacute;mara Fija:<\/strong>\n<ul style=\"padding-left: 20px; margin: 5px 0;\">\n<li style=\"margin-bottom: 5px;\">Resoluci&oacute;n m&aacute;xima: 4 Megapixel (2560 x 1440)<\/li>\n<li style=\"margin-bottom: 5px;\">Iluminaci&oacute;n m&iacute;nima: color 0.005 Lux @ (F1.6&comma; AGC ON)<\/li>\n<li style=\"margin-bottom: 5px;\">Iluminaci&oacute;n m&iacute;nima: 0 Lux con LUZ BLANCA<\/li>\n<li style=\"margin-bottom: 5px;\">D&iacute;a \/ Noche Real (filtro ICR)<\/li>\n<li style=\"margin-bottom: 5px;\">Distancia focal: 2.8 mm<\/li>\n<\/ul>\n<\/li>\n<li style=\"margin-bottom: 5px;\">Funciones normales: HLC \/ ROI \/ WDR 120dB \/ BLC<\/li>\n<li style=\"margin-bottom: 5px;\">Distancia Luz blanca: 30 mts<\/li>\n<li style=\"margin-bottom: 5px;\">Detecci&oacute;n de Rostro \/ Detecci&oacute;n de Intrusi&oacute;n \/ Cruce de l&iacute;nea \/ Entrada-Salida de Regi&oacute;n<\/li>\n<li style=\"margin-bottom: 5px;\">Compresi&oacute;n: H.265+ \/ H.265 \/ H.264+ \/ H.264<\/li>\n<li style=\"margin-bottom: 5px;\">Compatible con la plataforma de Hik-Connect<\/li>\n<\/ul>\n<\/div>\n<\/div>\n<p><!-- Entradas y Salidas --><\/p>\n<div style=\"border: 1px solid rgba(150&comma; 150&comma; 150&comma; 0.4); border-radius: 8px; overflow: hidden; margin-bottom: 20px;\">\n<div style=\"padding: 15px; background: #df001e; color: white; font-weight: bold; font-size: 18px; border-bottom: 1px solid rgba(150&comma;150&comma;150&comma;0.2);\">Entradas y Salidas de Audio \/ Alarmas \/ Red \/ Almacenamiento<\/div>\n<div style=\"padding: 15px;\">\n<ul style=\"padding-left: 20px; margin: 0; font-size: 14px; list-style-type: disc; color: inherit;\">\n<li style=\"margin-bottom: 5px;\">Entradas de alarma: 1<\/li>\n<li style=\"margin-bottom: 5px;\">Salidas de alarma: 1<\/li>\n<li style=\"margin-bottom: 5px;\">Entradas de audio: 1<\/li>\n<li style=\"margin-bottom: 5px;\">Salidas de audio: 1<\/li>\n<li style=\"margin-bottom: 5px;\">Puerto de red: 1 (10 \/ 100 Mbps \/ PoE+)<\/li>\n<li style=\"margin-bottom: 5px;\">Almacenamiento micro SD de hasta 256 GB \/ ANR (Automatic Network Recovery)<\/li>\n<li style=\"margin-bottom: 5px;\">Soporta ONVIF (Profile S&comma; Profile G&comma; Profile T) \/ ISAPI \/ SDK<\/li>\n<\/ul>\n<\/div>\n<\/div>\n<\/div>\n<p><!-- Columna 2 --><\/p>\n<div style=\"flex: 1 1 48%; min-width: 300px;\"><!-- Caracter\u00edsticas F\u00edsicas y El\u00e9ctricas --><\/p>\n<div style=\"border: 1px solid rgba(150&comma; 150&comma; 150&comma; 0.4); border-radius: 8px; overflow: hidden; margin-bottom: 20px;\">\n<div style=\"padding: 15px; background: #df001e; color: white; font-weight: bold; font-size: 18px; border-bottom: 1px solid rgba(150&comma;150&comma;150&comma;0.2);\">Caracter&iacute;sticas F&iacute;sicas y El&eacute;ctricas<\/div>\n<div style=\"padding: 15px;\">\n<ul style=\"padding-left: 20px; margin: 0; font-size: 14px; list-style-type: disc; color: inherit;\">\n<li style=\"margin-bottom: 5px;\">Alimentaci&oacute;n: 12 Vcc \/ PoE+ \/ 24 W<\/li>\n<li style=\"margin-bottom: 5px;\">Temperatura de operaci&oacute;n: -30&deg;C a 65&deg;C \/ Humedad al 90% m&aacute;ximo<\/li>\n<li style=\"margin-bottom: 5px;\">Uso en exterior IP66<\/li>\n<li style=\"margin-bottom: 5px;\">Protecci&oacute;n contra sobretensiones y protecci&oacute;n contra voltajes transistorios<\/li>\n<li style=\"margin-bottom: 5px;\">Dimensiones: 166 mm &times; 375 mm<\/li>\n<li style=\"margin-bottom: 5px;\">Peso: 2.4 Kgs<\/li>\n<li style=\"margin-bottom: 5px;\">Se recomienda usar el modelo <strong><a style=\"color: inherit; text-decoration: underline;\" href=\"https:\/\/www.syscom.mx\/producto\/LAS60-57CN-RJ45-HIKVISION-72655.html\" target=\"_blank\" rel=\"noopener\">LAS-3057-CNRJ45<\/a><\/strong> en caso de que requieran alimentar el domo por medio de PoE<\/li>\n<li style=\"margin-bottom: 5px;\"><strong>No incluye fuente de alimentaci&oacute;n<\/strong><\/li>\n<li style=\"margin-bottom: 5px;\"><strong>Incluye montaje para pared<\/strong> (DS-1618ZJ)<\/li>\n<\/ul>\n<\/div>\n<\/div>\n<p><!-- Caracter\u00edsticas Generales --><\/p>\n<div style=\"border: 1px solid rgba(150&comma; 150&comma; 150&comma; 0.4); border-radius: 8px; overflow: hidden; margin-bottom: 20px;\">\n<div style=\"padding: 15px; background: #df001e; color: white; font-weight: bold; font-size: 18px; border-bottom: 1px solid rgba(150&comma;150&comma;150&comma;0.2);\">Caracter&iacute;sticas Generales<\/div>\n<div style=\"padding: 15px;\">\n<ul style=\"padding-left: 20px; margin: 0; font-size: 14px; list-style-type: disc; color: inherit;\">\n<li style=\"margin-bottom: 5px;\">Paneo: 360&deg;<\/li>\n<li style=\"margin-bottom: 5px;\">Tilt: -15&deg; a 90&ordm;<\/li>\n<li style=\"margin-bottom: 5px;\">Presets: 300<\/li>\n<li style=\"margin-bottom: 5px;\">Patrol: 8 (hasta 32 presets por patrol)<\/li>\n<li style=\"margin-bottom: 5px;\">Pattern: 4 (hasta 10 minutos por pattern)<\/li>\n<li style=\"margin-bottom: 5px;\">Tareas calendarizadas<\/li>\n<li style=\"margin-bottom: 5px;\">Soporta hasta 20 usuarios simult&aacute;neos<\/li>\n<\/ul>\n<\/div>\n<\/div>\n<p><!-- Accesorios Opcionales --><\/p>\n<div style=\"border: 1px solid rgba(150&comma; 150&comma; 150&comma; 0.4); border-radius: 8px; overflow: hidden; margin-bottom: 20px;\">\n<div style=\"padding: 15px; background: #df001e; color: white; font-weight: bold; font-size: 18px; border-bottom: 1px solid rgba(150&comma;150&comma;150&comma;0.2);\">Accesorios Opcionales<\/div>\n<div style=\"padding: 15px;\">\n<ul style=\"padding-left: 20px; margin: 0; font-size: 14px; list-style-type: disc; color: inherit;\">\n<li style=\"margin-bottom: 5px;\">Montaje de techo sin tubo de extensi&oacute;n&comma; modelo: <a style=\"color: inherit; text-decoration: underline;\" href=\"https:\/\/www.syscom.mx\/producto\/DS-1663ZJ-HIKVISION-75318.html\" target=\"_blank\" rel=\"noopener\">DS-1663ZJ<\/a><\/li>\n<li style=\"margin-bottom: 5px;\">Montaje de pared de brazo corto&comma; modelo: <a style=\"color: inherit; text-decoration: underline;\" href=\"https:\/\/www.syscom.mx\/producto\/DS-1618ZJ-HIKVISION-69383.html\" target=\"_blank\" rel=\"noopener\">DS-1618ZJ<\/a><\/li>\n<li style=\"margin-bottom: 5px;\">Montaje de techo tipo tubo&comma; modelo: <a style=\"color: inherit; text-decoration: underline;\" href=\"https:\/\/www.syscom.mx\/producto\/DS-1661ZJ-HIKVISION-69425.html\" target=\"_blank\" rel=\"noopener\">DS-1661ZJ<\/a><\/li>\n<\/ul>\n<\/div>\n<\/div>\n<\/div>\n<\/div>\n<p><!-- Consideraciones --><\/p>\n<div style=\"border: 1px solid rgba(150&comma; 150&comma; 150&comma; 0.4); border-radius: 8px; overflow: hidden; margin: 30px 0;\">\n<div style=\"padding: 15px; background: #df001e; color: white; font-weight: bold; font-size: 18px; border-bottom: 1px solid rgba(150&comma;150&comma;150&comma;0.2);\">Consideraciones<\/div>\n<div style=\"padding: 15px;\">\n<ul style=\"padding-left: 20px; margin: 0; font-size: 14px; list-style-type: disc; color: inherit;\">\n<li style=\"margin-bottom: 5px;\">No soporta Smart Linkage de forma stand alone (directamente de la c&aacute;mara)&comma; para poder tener esta es necesario utilizar grabadores de la serie NI-I&comma; NI-K&comma; NX-I<\/li>\n<\/ul>\n<\/div>\n<\/div>\n<p><!-- Video --><\/p>\n<div style=\"position: relative; padding-bottom: 56.25%; height: 0; overflow: hidden; margin: 30px 0;\"><span class=\"fr-video fr-deletable fr-fvc fr-dvi fr-draggable\" contenteditable=\"false\"><video style=\"position: absolute; top: 0px; left: 0px; width: 100%; height: 100%; border: 1px solid rgba(150&comma; 150&comma; 150&comma; 0.3); border-radius: 8px;\" src=\"http:\/\/ftp3.syscom.mx\/usuarios\/roberto.espino\/videos\/TandemVu%20PTZ%20Camera%20Introduction_20220106_video.mp4\" loop=\"\" muted=\"\" controls=\"\" class=\"fr-fvc fr-dvb fr-draggable\"><br \/><\/video><\/span><\/div>\n<p><!-- Imagen final --><\/p>\n<div style=\"width: 100%; text-align: center; margin: 30px 0;\"><img decoding=\"async\" style=\"width: 100%; max-width: 800px; height: auto; border: 1px solid rgba(150&comma; 150&comma; 150&comma; 0.3); border-radius: 8px;\" src=\"https:\/\/ftp3.syscom.mx\/usuarios\/jsosa\/HIKVISION\/imagenes\/banners\/solution%20complete.png\" alt=\"Soluci\u00f3n completa\" class=\"fr-fic fr-dii\"><\/div>\n<\/div>\n","protected":false},"excerpt":{"rendered":"<p>[TandemVu] Domo PTZ IP 4 Megapixel con C\u00e1mara Fija 4 Megapixel \/ 15X Zoom \/ 100 mts IR \/ IP66 \/ ACUSENSE \/ PoE+ \/ Entrada-Salida de Audio y Alarma \/ Ultra Baja Iluminaci\u00f3n \/ MicroSD<\/p>\n","protected":false},"featured_media":108423,"comment_status":"open","ping_status":"closed","template":"","meta":[],"product_brand":[],"product_cat":[1224],"product_tag":[122,54,1225],"class_list":{"0":"post-108424","1":"product","2":"type-product","3":"status-publish","4":"has-post-thumbnail","6":"product_cat-ptz","7":"product_tag-camaras-ip-y-nvrs","8":"product_tag-hikvision","9":"product_tag-ptz","11":"first","12":"instock","13":"sale","14":"shipping-taxable","15":"purchasable","16":"product-type-simple"},"_links":{"self":[{"href":"https:\/\/soydeaqui.ddns.net\/pachuca\/index.php\/wp-json\/wp\/v2\/product\/108424","targetHints":{"allow":["GET"]}}],"collection":[{"href":"https:\/\/soydeaqui.ddns.net\/pachuca\/index.php\/wp-json\/wp\/v2\/product"}],"about":[{"href":"https:\/\/soydeaqui.ddns.net\/pachuca\/index.php\/wp-json\/wp\/v2\/types\/product"}],"replies":[{"embeddable":true,"href":"https:\/\/soydeaqui.ddns.net\/pachuca\/index.php\/wp-json\/wp\/v2\/comments?post=108424"}],"wp:featuredmedia":[{"embeddable":true,"href":"https:\/\/soydeaqui.ddns.net\/pachuca\/index.php\/wp-json\/wp\/v2\/media\/108423"}],"wp:attachment":[{"href":"https:\/\/soydeaqui.ddns.net\/pachuca\/index.php\/wp-json\/wp\/v2\/media?parent=108424"}],"wp:term":[{"taxonomy":"product_brand","embeddable":true,"href":"https:\/\/soydeaqui.ddns.net\/pachuca\/index.php\/wp-json\/wp\/v2\/product_brand?post=108424"},{"taxonomy":"product_cat","embeddable":true,"href":"https:\/\/soydeaqui.ddns.net\/pachuca\/index.php\/wp-json\/wp\/v2\/product_cat?post=108424"},{"taxonomy":"product_tag","embeddable":true,"href":"https:\/\/soydeaqui.ddns.net\/pachuca\/index.php\/wp-json\/wp\/v2\/product_tag?post=108424"}],"curies":[{"name":"wp","href":"https:\/\/api.w.org\/{rel}","templated":true}]}}