{"id":10842,"date":"2026-03-18T07:41:57","date_gmt":"2026-03-18T07:41:57","guid":{"rendered":"https:\/\/soydeaqui.ddns.net\/pachuca\/index.php\/producto\/pistola-manual-para-instalacin-de-cinchos-corbatas-con-fuerza-controlada-configurable-de-8-a-50-lb-y-corte-automtico\/"},"modified":"2026-03-18T07:42:03","modified_gmt":"2026-03-18T07:42:03","slug":"pistola-manual-para-instalacin-de-cinchos-corbatas-con-fuerza-controlada-configurable-de-8-a-50-lb-y-corte-automtico","status":"publish","type":"product","link":"https:\/\/soydeaqui.ddns.net\/pachuca\/index.php\/producto\/pistola-manual-para-instalacin-de-cinchos-corbatas-con-fuerza-controlada-configurable-de-8-a-50-lb-y-corte-automtico\/","title":{"rendered":"Pistola Manual para Instalaci?n de Cinchos (Corbatas), con Fuerza Controlada Configurable de 8 a 50 lb, y Corte Autom?tico"},"content":{"rendered":"<div style='width: 100%; max-width: 1200px; margin: 0 auto; font-family: sans-serif; line-height: 1.6; color: inherit; background-color: transparent;'>\n<div style='display: flex; flex-wrap: wrap; gap: 30px; margin-bottom: 30px;'>\n<div style='flex: 1 1 300px; min-width: 280px;'>\n<p style='font-size: 15px; margin: 0 0 20px; color: inherit;'>La serie de herramientas de operaci\u00f3n manual de Panduit&comma; son vers\u00e1tiles para aplicaciones de producci\u00f3n&comma; mantenimiento o construcci\u00f3n.<\/p>\n<h3 style='font-size: 22px; border-bottom: 2px solid currentColor; padding-bottom: 5px; margin-top: 0; color: inherit; opacity: 0.8;'>Especificaciones<\/h3>\n<ul style='padding-left: 20px; font-size: 15px; color: inherit;'>\n<li style='margin-bottom: 5px;'>Utilizado en aplicaciones de producci\u00f3n&comma; mantenimiento y construcci\u00f3n.<\/li>\n<li style='margin-bottom: 5px;'>Herramienta con control de tensi\u00f3n que proporciona un corte por descarga y acelera la instalaci\u00f3n.<\/li>\n<li style='margin-bottom: 5px;'>F\u00e1cil ajuste de tensi\u00f3n y f\u00e1cil de operar.<\/li>\n<li style='margin-bottom: 5px;'>No requiere mantenimiento especial.<\/li>\n<li style='margin-bottom: 5px;'><strong>Material:<\/strong> Aluminio<\/li>\n<li style='margin-bottom: 5px;'><strong>Peso:<\/strong> 277.825 g.<\/li>\n<li style='margin-bottom: 5px;'><strong>Uso con Cinchos de las series:<\/strong> SM&comma; M&comma; I&comma; S<\/li>\n<\/ul><\/div>\n<\/p><\/div>\n<div style='display: flex; flex-wrap: wrap; gap: 30px; margin-bottom: 30px;'>\n<div style='flex: 1 1 300px; min-width: 280px;'>\n<div style='position: relative; padding-bottom: 56.25%; height: 0; overflow: hidden; margin-bottom: 30px;'>   <\/div>\n<\/p><\/div>\n<\/p><\/div>\n<\/p><\/div>\n","protected":false},"excerpt":{"rendered":"<p>Pistola Manual para Instalaci?n de Cinchos (Corbatas), con Fuerza Controlada Configurable de 8 a 50 lb, y Corte Autom?tico<\/p>\n","protected":false},"featured_media":10841,"comment_status":"open","ping_status":"closed","template":"","meta":[],"product_brand":[],"product_cat":[608],"product_tag":[586,25,445],"class_list":{"0":"post-10842","1":"product","2":"type-product","3":"status-publish","4":"has-post-thumbnail","6":"product_cat-herramientas-cableado-de-cobre","7":"product_tag-cableado-de-cobre","8":"product_tag-herramientas","9":"product_tag-panduit","11":"first","12":"outofstock","13":"sale","14":"shipping-taxable","15":"purchasable","16":"product-type-simple"},"_links":{"self":[{"href":"https:\/\/soydeaqui.ddns.net\/pachuca\/index.php\/wp-json\/wp\/v2\/product\/10842","targetHints":{"allow":["GET"]}}],"collection":[{"href":"https:\/\/soydeaqui.ddns.net\/pachuca\/index.php\/wp-json\/wp\/v2\/product"}],"about":[{"href":"https:\/\/soydeaqui.ddns.net\/pachuca\/index.php\/wp-json\/wp\/v2\/types\/product"}],"replies":[{"embeddable":true,"href":"https:\/\/soydeaqui.ddns.net\/pachuca\/index.php\/wp-json\/wp\/v2\/comments?post=10842"}],"wp:featuredmedia":[{"embeddable":true,"href":"https:\/\/soydeaqui.ddns.net\/pachuca\/index.php\/wp-json\/wp\/v2\/media\/10841"}],"wp:attachment":[{"href":"https:\/\/soydeaqui.ddns.net\/pachuca\/index.php\/wp-json\/wp\/v2\/media?parent=10842"}],"wp:term":[{"taxonomy":"product_brand","embeddable":true,"href":"https:\/\/soydeaqui.ddns.net\/pachuca\/index.php\/wp-json\/wp\/v2\/product_brand?post=10842"},{"taxonomy":"product_cat","embeddable":true,"href":"https:\/\/soydeaqui.ddns.net\/pachuca\/index.php\/wp-json\/wp\/v2\/product_cat?post=10842"},{"taxonomy":"product_tag","embeddable":true,"href":"https:\/\/soydeaqui.ddns.net\/pachuca\/index.php\/wp-json\/wp\/v2\/product_tag?post=10842"}],"curies":[{"name":"wp","href":"https:\/\/api.w.org\/{rel}","templated":true}]}}