{"id":108409,"date":"2026-03-20T18:00:39","date_gmt":"2026-03-20T18:00:39","guid":{"rendered":"https:\/\/soydeaqui.ddns.net\/pachuca\/index.php\/producto\/licencia-de-almacenamiento-en-nube-ezviz-para-un-dispositivo-7-dias-de-retencion-durante-un-ano-grabacion-solo-por-movimiento-compatible-exclusivamente-con-dispositivos-ezviz\/"},"modified":"2026-03-20T18:00:40","modified_gmt":"2026-03-20T18:00:40","slug":"licencia-de-almacenamiento-en-nube-ezviz-para-un-dispositivo-7-dias-de-retencion-durante-un-ano-grabacion-solo-por-movimiento-compatible-exclusivamente-con-dispositivos-ezviz","status":"publish","type":"product","link":"https:\/\/soydeaqui.ddns.net\/pachuca\/index.php\/producto\/licencia-de-almacenamiento-en-nube-ezviz-para-un-dispositivo-7-dias-de-retencion-durante-un-ano-grabacion-solo-por-movimiento-compatible-exclusivamente-con-dispositivos-ezviz\/","title":{"rendered":"Licencia de Almacenamiento en Nube EZVIZ \/ Para un Dispositivo \/ 7 D\u00edas de Retenci\u00f3n Durante un A\u00f1o \/ Grabaci\u00f3n Solo por Movimiento \/ Compatible Exclusivamente con Dispositivos EZVIZ"},"content":{"rendered":"<div style='width: 100%; max-width: 1200px; margin: 0 auto; font-family: sans-serif; line-height: 1.6; color: inherit; background-color: transparent;'> <!-- Banner principal --> <\/p>\n<div style='text-align: center; margin: 20px 0;'> <a href='#link' target='_blank' rel='noopener'> <img style='width: 100%; max-width: 1200px; height: auto; border: 1px solid rgba(150&comma;150&comma;150&comma;0.3); border-radius: 8px;' src='https:\/\/ftp3.syscom.mx\/usuarios\/rcovarrubias\/EZVIZ\/IMAGENES\/banner_EZVIZ.png' alt='Banner EZVIZ'> <\/a> <\/div>\n<p> <!-- Caracter\u00edsticas principales --> <\/p>\n<div style='display: flex; flex-wrap: wrap; gap: 30px; margin: 30px 0;'>\n<div style='flex: 1 1 400px; min-width: 280px;'>\n<div style='border-left: 5px solid #42BB1A; padding: 15px; border-radius: 8px; background: rgba(216&comma;216&comma;216&comma;0.1);'>\n<h3 style='font-size: 18px; margin-top: 0; margin-bottom: 15px; color: inherit; font-family: sans-serif;'>Caracter\u00edsticas:<\/h3>\n<ul style='padding-left: 20px; font-size: 14px; color: inherit;'>\n<li style='margin-bottom: 8px;'>7 D\u00edas de almacenamiento durante 1 a\u00f1o<\/li>\n<li style='margin-bottom: 8px;'>Grabaci\u00f3n ilimitada para 1 dispositivo solo por movimiento<\/li>\n<li style='margin-bottom: 8px;'>Elija el plan que mejor se le acomode<\/li>\n<li style='margin-bottom: 8px;'>Grabaci\u00f3n de audio y video<\/li>\n<li style='margin-bottom: 8px;'>Descargue y comparta videos de forma segura<\/li>\n<li style='margin-bottom: 8px;'>Alta seguridad de sus datos&comma; es nuestra prioridad<\/li>\n<li style='margin-bottom: 8px;'>Vea al instante sus grabaciones<\/li>\n<li style='margin-bottom: 8px;'>Alertas instant\u00e1neas<\/li>\n<li style='margin-bottom: 8px;'>Autenticaci\u00f3n en varios pasos<\/li>\n<li style='margin-bottom: 8px;'>Protegemos su privacidad con doble cifrado<\/li>\n<\/ul><\/div>\n<\/p><\/div>\n<div style='flex: 1 1 400px; min-width: 280px;'>\n<div style='border-left: 5px solid #42BB1A; padding: 15px; border-radius: 8px; background: rgba(216&comma;216&comma;216&comma;0.1);'>\n<h3 style='font-size: 18px; margin-top: 0; margin-bottom: 15px; color: inherit; font-family: sans-serif;'>Planes vers\u00e1tiles de suscripci\u00f3n para almacenamiento en nube:<\/h3>\n<ul style='padding-left: 20px; font-size: 14px; color: inherit;'>\n<li style='margin-bottom: 8px;'>7 d\u00edas de grabaci\u00f3n durante 1 a\u00f1o <a href='https:\/\/www.syscom.mx\/producto\/EZ-CLOUD\/7A-EZVIZ-207807.html' style='color: #2880b9; text-decoration: none;'>EZ-CLOUD\/7A<\/a><\/li>\n<li style='margin-bottom: 8px;'>30 d\u00edas de grabaci\u00f3n durante 1 a\u00f1o <a href='https:\/\/www.syscom.mx\/producto\/EZ-CLOUD\/30A-EZVIZ-207809.html' style='color: #2880b9; text-decoration: none;'>EZ-CLOUD\/30A<\/a><\/li>\n<\/ul>\n<h4 style='font-size: 16px; margin-top: 20px; margin-bottom: 10px; color: #c0392b; font-family: sans-serif;'>Notas:<\/h4>\n<ul style='padding-left: 20px; font-size: 14px; color: #c0392b;'>\n<li style='margin-bottom: 8px;'><strong>El c\u00f3digo de activaci\u00f3n se le entrega en su factura y se da de alta en la aplicaci\u00f3n EZVIZ<\/strong><\/li>\n<li style='margin-bottom: 8px;'><strong>Se requiere una licencia por dispositivo<\/strong><\/li>\n<li style='margin-bottom: 8px;'><strong>Solo es compatible con dispositivos de la marca EZVIZ (C\u00e1maras y videoporteros)<\/strong><\/li>\n<li style='margin-bottom: 8px;'><strong>No se aplican devoluciones en licencias<\/strong><\/li>\n<\/ul><\/div>\n<\/p><\/div>\n<\/p><\/div>\n<p> <!-- Prueba gratuita --> <\/p>\n<div style='display: flex; flex-wrap: wrap; gap: 30px; margin: 30px 0;'>\n<div style='flex: 1 1 400px; min-width: 280px;'>\n<div style='border-left: 5px solid #f252a5; padding: 15px; border-radius: 8px; background: rgba(216&comma;216&comma;216&comma;0.1);'>\n<h3 style='font-size: 18px; margin-top: 0; margin-bottom: 15px; color: inherit; font-family: sans-serif;'>Caracter\u00edsticas:<\/h3>\n<ul style='padding-left: 20px; font-size: 14px; color: inherit;'>\n<li style='margin-bottom: 8px;'>Todos los dispositivos EZVIZ ofrecen una prueba gratuita para grabaci\u00f3n en nube<\/li>\n<li style='margin-bottom: 8px;'>Disfrute estos d\u00edas de grabaci\u00f3n antes de comprometerse<\/li>\n<\/ul><\/div>\n<\/p><\/div>\n<div style='flex: 1 1 400px; min-width: 280px;'>\n<div style='border-left: 5px solid #f252a5; padding: 15px; border-radius: 8px; background: rgba(216&comma;216&comma;216&comma;0.1);'>\n<h3 style='font-size: 18px; margin-top: 0; margin-bottom: 15px; color: inherit; font-family: sans-serif;'>Soluci\u00f3n integral dom\u00e9stica:<\/h3>\n<ul style='padding-left: 20px; font-size: 14px; color: inherit;'>\n<li style='margin-bottom: 8px;'>Muy rentable para los usuarios de varios dispositivos<\/li>\n<li style='margin-bottom: 8px;'>Planes flexibles para que seleccione el que mejor se le acomode<\/li>\n<li style='margin-bottom: 8px;'>Actualice su plan de prueba una vez que haya vencido<\/li>\n<li style='margin-bottom: 8px;'>Elija un plan de 7 o 30 d\u00edas de historial de videos<\/li>\n<\/ul><\/div>\n<\/p><\/div>\n<\/p><\/div>\n<p> <!-- Seguridad y privacidad --> <\/p>\n<div style='text-align: center; margin: 40px 0;'>\n<h3 style='font-size: 20px; margin-bottom: 20px; color: inherit; font-family: sans-serif;'><strong>La seguridad de sus datos es nuestra prioridad<\/strong><\/h3>\n<p> <a href='#link' target='_blank' rel='noopener'> <img style='width: 100%; max-width: 800px; height: auto; border: 1px solid rgba(150&comma;150&comma;150&comma;0.3); border-radius: 8px;' src='https:\/\/ftp3.syscom.mx\/usuarios\/rcovarrubias\/EZVIZ\/NUBE\/video%20cifrado.png' alt='Seguridad de datos'> <\/a> <\/p>\n<h2 style='font-size: 24px; margin: 20px 0 10px; color: #2880b9; font-family: sans-serif;'><strong>Almacene y comparta cada momento<\/strong><\/h2>\n<p style='font-size: 16px; color: #2880b9; margin: 0 auto; max-width: 800px;'> Acceda a v\u00eddeos en directo con su c\u00e1mara inteligente en todo momento y lugar con EZVIZ <\/p>\n<\/p><\/div>\n<p> <!-- Tarjetas de beneficios --> <\/p>\n<div style='display: flex; flex-wrap: wrap; gap: 20px; margin: 30px 0;'>\n<div style='flex: 1 1 300px; min-width: 280px; border: 1px solid rgba(150&comma;150&comma;150&comma;0.3); border-radius: 8px; overflow: hidden; display: flex; flex-direction: column;'>\n<div style='padding: 15px; border-bottom: 1px solid rgba(150&comma;150&comma;150&comma;0.2); font-weight: bold; font-size: 18px; color: #2880b9; background: rgba(216&comma;216&comma;216&comma;0.05);'>Perfecci\u00f3n<\/div>\n<div style='padding: 15px; color: inherit;'>\n<p style='font-size: 14px; margin-bottom: 15px;'>Cobertura de servicio global gracias a servidores conectados en la nube para visualizar los v\u00eddeos de forma m\u00e1s r\u00e1pida y fluida y reproducir en su dispositivo.<\/p>\n<p style='font-size: 14px;'>Visi\u00f3n en directo de su c\u00e1mara inteligente en todo momento y en todo lugar<\/p>\n<\/p><\/div>\n<\/p><\/div>\n<div style='flex: 1 1 300px; min-width: 280px; border: 1px solid rgba(150&comma;150&comma;150&comma;0.3); border-radius: 8px; overflow: hidden; display: flex; flex-direction: column;'>\n<div style='padding: 15px; border-bottom: 1px solid rgba(150&comma;150&comma;150&comma;0.2); font-weight: bold; font-size: 18px; color: #2880b9; background: rgba(216&comma;216&comma;216&comma;0.05);'>Estabilidad<\/div>\n<div style='padding: 15px; color: inherit;'>\n<p style='font-size: 14px;'>Gran eficacia que garantiza una alta simultaneidad y una baja latencia para disfrutar de experiencias en tiempo real sin retrasos<\/p>\n<\/p><\/div>\n<\/p><\/div>\n<div style='flex: 1 1 300px; min-width: 280px; border: 1px solid rgba(150&comma;150&comma;150&comma;0.3); border-radius: 8px; overflow: hidden; display: flex; flex-direction: column;'>\n<div style='padding: 15px; border-bottom: 1px solid rgba(150&comma;150&comma;150&comma;0.2); font-weight: bold; font-size: 18px; color: #2880b9; background: rgba(216&comma;216&comma;216&comma;0.05);'>Seguridad<\/div>\n<div style='padding: 15px; color: inherit;'>\n<p style='font-size: 14px;'>Sistema de datos seguro y conforme con los protocolos internacionales de seguridad en la nube para garantizar la m\u00e1xima privacidad de los usuarios.<\/p>\n<\/p><\/div>\n<\/p><\/div>\n<\/p><\/div>\n<p> <!-- Configuraci\u00f3n sencilla --> <\/p>\n<div style='text-align: center; margin: 40px 0;'>\n<h2 style='font-size: 24px; margin-bottom: 20px; color: #2880b9; font-family: sans-serif;'><strong>Configuraci\u00f3n sencilla para ingresar a la nube<\/strong><\/h2>\n<div style='max-width: 800px; margin: 0 auto;'> <a href='#link' target='_blank' rel='noopener'> <img style='width: 100%; max-width: 800px; height: auto; border: 1px solid rgba(150&comma;150&comma;150&comma;0.3); border-radius: 8px;' src='https:\/\/ftp3.syscom.mx\/usuarios\/rcovarrubias\/EZVIZ\/NUBE\/pasos%20para%20nube.png' alt='Pasos para configuraci\u00f3n en la nube'> <\/a> <\/div>\n<\/p><\/div>\n<p> <!-- Planes de suscripci\u00f3n --> <\/p>\n<div style='text-align: center; margin: 40px 0;'> <a href='#link' target='_blank' rel='noopener'> <img style='width: 100%; max-width: 1200px; height: auto; border: 1px solid rgba(150&comma;150&comma;150&comma;0.3); border-radius: 8px;' src='https:\/\/ftp3.syscom.mx\/usuarios\/rcovarrubias\/EZVIZ\/NUBE\/planes%20nube.png' alt='Planes de suscripci\u00f3n EZVIZ'> <\/a> <\/div>\n<\/p><\/div>\n","protected":false},"excerpt":{"rendered":"<p>Licencia de Almacenamiento en Nube EZVIZ \/ Para un Dispositivo \/ 7 D\u00edas de Retenci\u00f3n Durante un A\u00f1o \/ Grabaci\u00f3n Solo por Movimiento \/ Compatible Exclusivamente con Dispositivos EZVIZ<\/p>\n","protected":false},"featured_media":108408,"comment_status":"open","ping_status":"closed","template":"","meta":[],"product_brand":[],"product_cat":[2262],"product_tag":[111,54,2263],"class_list":{"0":"post-108409","1":"product","2":"type-product","3":"status-publish","4":"has-post-thumbnail","6":"product_cat-hikvision-software-vms-y-analiticas","7":"product_tag-ezviz","8":"product_tag-hikvision","9":"product_tag-software-vms-y-analiticas","11":"first","12":"instock","13":"sale","14":"shipping-taxable","15":"purchasable","16":"product-type-simple"},"_links":{"self":[{"href":"https:\/\/soydeaqui.ddns.net\/pachuca\/index.php\/wp-json\/wp\/v2\/product\/108409","targetHints":{"allow":["GET"]}}],"collection":[{"href":"https:\/\/soydeaqui.ddns.net\/pachuca\/index.php\/wp-json\/wp\/v2\/product"}],"about":[{"href":"https:\/\/soydeaqui.ddns.net\/pachuca\/index.php\/wp-json\/wp\/v2\/types\/product"}],"replies":[{"embeddable":true,"href":"https:\/\/soydeaqui.ddns.net\/pachuca\/index.php\/wp-json\/wp\/v2\/comments?post=108409"}],"wp:featuredmedia":[{"embeddable":true,"href":"https:\/\/soydeaqui.ddns.net\/pachuca\/index.php\/wp-json\/wp\/v2\/media\/108408"}],"wp:attachment":[{"href":"https:\/\/soydeaqui.ddns.net\/pachuca\/index.php\/wp-json\/wp\/v2\/media?parent=108409"}],"wp:term":[{"taxonomy":"product_brand","embeddable":true,"href":"https:\/\/soydeaqui.ddns.net\/pachuca\/index.php\/wp-json\/wp\/v2\/product_brand?post=108409"},{"taxonomy":"product_cat","embeddable":true,"href":"https:\/\/soydeaqui.ddns.net\/pachuca\/index.php\/wp-json\/wp\/v2\/product_cat?post=108409"},{"taxonomy":"product_tag","embeddable":true,"href":"https:\/\/soydeaqui.ddns.net\/pachuca\/index.php\/wp-json\/wp\/v2\/product_tag?post=108409"}],"curies":[{"name":"wp","href":"https:\/\/api.w.org\/{rel}","templated":true}]}}