{"id":108402,"date":"2026-03-20T18:00:16","date_gmt":"2026-03-20T18:00:16","guid":{"rendered":"https:\/\/soydeaqui.ddns.net\/pachuca\/index.php\/producto\/pantalla-profesional-led-de-65-uhd-4k-3840x2160p-entradas-de-video-hdmi-displayport-bocinas-integradas-de-10-w-compatible-vesa-modo-de-simulacion-dicom-2\/"},"modified":"2026-03-20T18:00:29","modified_gmt":"2026-03-20T18:00:29","slug":"pantalla-profesional-led-de-65-uhd-4k-3840x2160p-entradas-de-video-hdmi-displayport-bocinas-integradas-de-10-w-compatible-vesa-modo-de-simulacion-dicom-2","status":"publish","type":"product","link":"https:\/\/soydeaqui.ddns.net\/pachuca\/index.php\/producto\/pantalla-profesional-led-de-65-uhd-4k-3840x2160p-entradas-de-video-hdmi-displayport-bocinas-integradas-de-10-w-compatible-vesa-modo-de-simulacion-dicom-2\/","title":{"rendered":"Pantalla Profesional LED de 65&#8243;, UHD 4K (3840x2160p), Entradas de Video HDMI\/DisplayPort, Bocinas Integradas de 10 W. Compatible VESA. Modo de Simulaci\u00f3n DICOM"},"content":{"rendered":"<div style='width: 100%; max-width: 1200px; margin: 0 auto; font-family: sans-serif; line-height: 1.6; color: inherit; background-color: transparent;'>\n<div style='display: flex; flex-wrap: wrap; gap: 30px; margin-bottom: 30px;'>\n<div style='flex: 1 1 300px; min-width: 280px;'>\n<h3 style='font-size: 22px; border-bottom: 2px solid currentColor; padding-bottom: 5px; margin-top: 0; color: inherit; opacity: 0.8;'>Caracter\u00edsticas principales<\/h3>\n<ul style='padding-left: 20px; font-size: 15px; color: inherit;'>\n<li style='margin-bottom: 5px;'>Tama\u00f1o diagonal 65&#8242;<\/li>\n<li style='margin-bottom: 5px;'>Resoluci\u00f3n 4K (3840 x 2160 pix.)<\/li>\n<li style='margin-bottom: 5px;'>Relaci\u00f3n de aspecto 16:9<\/li>\n<li style='margin-bottom: 5px;'>Brillo 500 nit.<\/li>\n<li style='margin-bottom: 5px;'>Bisel 9.2 (arriba&comma; lados) x 11.2 (abajo) mm<\/li>\n<li style='margin-bottom: 5px;'>Relaci\u00f3n de contraste 4000:1<\/li>\n<li style='margin-bottom: 5px;'>Bocinas integradas de 10 W.<\/li>\n<li style='margin-bottom: 5px;'>Aplicable para video solamente<\/li>\n<li style='margin-bottom: 5px;'>Compatible con Magicinfo<\/li>\n<li style='margin-bottom: 5px;'>Operaci\u00f3n 24\/7<\/li>\n<\/ul><\/div>\n<div style='flex: 1 1 300px; min-width: 280px;'>\n<h3 style='font-size: 22px; border-bottom: 2px solid currentColor; padding-bottom: 5px; margin-top: 0; color: inherit; opacity: 0.8;'>Conectividad<\/h3>\n<ul style='padding-left: 20px; font-size: 15px; color: inherit;'>\n<li style='margin-bottom: 5px;'>Entradas de Video Display port 1.2&comma; HDMI 2.0 (3)<\/li>\n<li style='margin-bottom: 5px;'>Entrada de Audio mini Jack Estereo<\/li>\n<li style='margin-bottom: 5px;'>Puerto x2 USB 2.0<\/li>\n<li style='margin-bottom: 5px;'>Salidas de Audio mini Jack Estereo<\/li>\n<li style='margin-bottom: 5px;'>Puerto LAN RJ45 10\/100 Mbps<\/li>\n<\/ul>\n<h3 style='font-size: 22px; border-bottom: 2px solid currentColor; padding-bottom: 5px; margin-top: 20px; margin-bottom: 15px; color: inherit; opacity: 0.8;'>Funciones especiales<\/h3>\n<ul style='padding-left: 20px; font-size: 15px; color: inherit;'>\n<li style='margin-bottom: 5px;'>Aplicaci\u00f3n de Videollamada (C\u00e1mara web no incluida)<\/li>\n<li style='margin-bottom: 5px;'>SmartView habilita compartir pantalla de manera inal\u00e1mbrica: 1&comma; 2&comma; 3 y 4 simult\u00e1neas (Win&comma; Android&comma; iOS m\u00f3vil)<\/li>\n<li style='margin-bottom: 5px;'>Modo de Simulaci\u00f3n DICOM con 100% en escalas de grises (para im\u00e1genes m\u00e9dicas como rayos X).<\/li>\n<li style='margin-bottom: 5px;'>Antireflejo de luz<\/li>\n<\/ul><\/div>\n<div style='flex: 1 1 300px; min-width: 280px;'>\n<h3 style='font-size: 22px; border-bottom: 2px solid currentColor; padding-bottom: 5px; margin-top: 0; color: inherit; opacity: 0.8;'>Control externo<\/h3>\n<ul style='padding-left: 20px; font-size: 15px; color: inherit;'>\n<li style='margin-bottom: 5px;'>Puerto RS-232C<\/li>\n<li style='margin-bottom: 5px;'>Puerto RJ45<\/li>\n<li style='margin-bottom: 5px;'>Sensor externo IR<\/li>\n<\/ul>\n<h3 style='font-size: 22px; border-bottom: 2px solid currentColor; padding-bottom: 5px; margin-top: 20px; margin-bottom: 15px; color: inherit; opacity: 0.8;'>Caracter\u00edsticas f\u00edsicas y el\u00e9ctricas<\/h3>\n<ul style='padding-left: 20px; font-size: 15px; color: inherit;'>\n<li style='margin-bottom: 5px;'>Temperatura de operaci\u00f3n: 0 a 40 \u00b0C<\/li>\n<li style='margin-bottom: 5px;'>Alimentaci\u00f3n: 100-240 Vca&comma; 182 W.<\/li>\n<li style='margin-bottom: 5px;'>Compatible con VESA 400 x 400 mm. No incluye Torniller\u00eda.<\/li>\n<li style='margin-bottom: 5px;'>Dimensiones: 1453.9 x 831 x 46.3 mm.<\/li>\n<li style='margin-bottom: 5px;'>Peso: 24.9 Kg.<\/li>\n<li style='margin-bottom: 5px;'>No incluye montajes de pared ni de escritorio<\/li>\n<\/ul><\/div>\n<\/p><\/div>\n<div style='width: 100%; margin: 30px 0; text-align: center;'>\n<p style='font-weight: bold; margin: 20px 0 10px;'>Video llamada (C\u00e1mara web no incluida).<\/p>\n<p> <img style='width: 100%; height: auto; border: 1px solid rgba(150&comma;150&comma;150&comma;0.3); border-radius: 8px;' src='https:\/\/ftp3.syscom.mx\/usuarios\/fotos\/QM43B\/207717-captura_de_pantalla_2022-04-11_a_la(s)_9.43.27.png' alt=''><\/div>\n<div style='display: flex; flex-wrap: wrap; gap: 15px; justify-content: center; margin: 30px 0;'>\n<div style='flex: 1 1 400px; max-width: 480px;'> <img style='width: 100%; height: auto; border: 1px solid rgba(150&comma;150&comma;150&comma;0.3); border-radius: 8px;' src='https:\/\/ftp3.syscom.mx\/usuarios\/fotos\/QM43B\/207717-captura_de_pantalla_2022-04-11_a_la(s)_9.44.25.png' alt=''><\/div>\n<div style='flex: 1 1 400px; max-width: 470px;'> <img style='width: 100%; height: auto; border: 1px solid rgba(150&comma;150&comma;150&comma;0.3); border-radius: 8px;' src='https:\/\/ftp3.syscom.mx\/usuarios\/fotos\/QM43B\/207717-captura_de_pantalla_2022-04-11_a_la(s)_9.46.18.png' alt=''><\/div>\n<\/p><\/div>\n<div style='width: 100%; margin: 30px 0; text-align: center;'>\n<p style='font-weight: bold; margin: 10px 0; text-align: center;'>Compartir pantalla de manera inal\u00e1mbrica<\/p>\n<p style='font-weight: bold; margin: 10px 0; text-align: center;'>Modo DICOM (Im\u00e1genes M\u00e9dicas)<\/p>\n<p> <img style='width: 100%; height: auto; border: 1px solid rgba(150&comma;150&comma;150&comma;0.3); border-radius: 8px;' src='https:\/\/ftp3.syscom.mx\/usuarios\/fotos\/QM43B\/207717-captura_de_pantalla_2022-04-11_a_la(s)_9.54.20.png' alt=''><\/div>\n<div style='width: 100%; margin: 30px 0; text-align: center;'>\n<p style='font-weight: bold; margin: 10px 0; text-align: center;'>Convencional<\/p>\n<p style='font-weight: bold; margin: 10px 0; text-align: center;'>Antireflejo (Non Glare)<\/p>\n<\/p><\/div>\n<\/p><\/div>\n","protected":false},"excerpt":{"rendered":"<p>Pantalla Profesional LED de 65&#8243;, UHD 4K (3840x2160p), Entradas de Video HDMI\/DisplayPort, Bocinas Integradas de 10 W. Compatible VESA. Modo de Simulaci\u00f3n DICOM<\/p>\n","protected":false},"featured_media":108401,"comment_status":"open","ping_status":"closed","template":"","meta":[],"product_brand":[],"product_cat":[2191],"product_tag":[2089,2192,2193],"class_list":{"0":"post-108402","1":"product","2":"type-product","3":"status-publish","4":"has-post-thumbnail","6":"product_cat-pantallas-monitores-monitores-pantallas-y-mobiliario","7":"product_tag-monitores-pantallas-y-mobiliario","8":"product_tag-pantallas-monitores-2","9":"product_tag-samsung-electronics","11":"first","12":"outofstock","13":"sale","14":"shipping-taxable","15":"purchasable","16":"product-type-simple"},"_links":{"self":[{"href":"https:\/\/soydeaqui.ddns.net\/pachuca\/index.php\/wp-json\/wp\/v2\/product\/108402","targetHints":{"allow":["GET"]}}],"collection":[{"href":"https:\/\/soydeaqui.ddns.net\/pachuca\/index.php\/wp-json\/wp\/v2\/product"}],"about":[{"href":"https:\/\/soydeaqui.ddns.net\/pachuca\/index.php\/wp-json\/wp\/v2\/types\/product"}],"replies":[{"embeddable":true,"href":"https:\/\/soydeaqui.ddns.net\/pachuca\/index.php\/wp-json\/wp\/v2\/comments?post=108402"}],"wp:featuredmedia":[{"embeddable":true,"href":"https:\/\/soydeaqui.ddns.net\/pachuca\/index.php\/wp-json\/wp\/v2\/media\/108401"}],"wp:attachment":[{"href":"https:\/\/soydeaqui.ddns.net\/pachuca\/index.php\/wp-json\/wp\/v2\/media?parent=108402"}],"wp:term":[{"taxonomy":"product_brand","embeddable":true,"href":"https:\/\/soydeaqui.ddns.net\/pachuca\/index.php\/wp-json\/wp\/v2\/product_brand?post=108402"},{"taxonomy":"product_cat","embeddable":true,"href":"https:\/\/soydeaqui.ddns.net\/pachuca\/index.php\/wp-json\/wp\/v2\/product_cat?post=108402"},{"taxonomy":"product_tag","embeddable":true,"href":"https:\/\/soydeaqui.ddns.net\/pachuca\/index.php\/wp-json\/wp\/v2\/product_tag?post=108402"}],"curies":[{"name":"wp","href":"https:\/\/api.w.org\/{rel}","templated":true}]}}