{"id":108384,"date":"2026-03-20T17:59:14","date_gmt":"2026-03-20T17:59:14","guid":{"rendered":"https:\/\/soydeaqui.ddns.net\/pachuca\/index.php\/producto\/switch-poe-250-metros-poe-larga-distancia-4-puertos-802-3at-30-w-10-100-mbps-1-puerto-uplink-10-100-mbps\/"},"modified":"2026-03-20T17:59:18","modified_gmt":"2026-03-20T17:59:18","slug":"switch-poe-250-metros-poe-larga-distancia-4-puertos-802-3at-30-w-10-100-mbps-1-puerto-uplink-10-100-mbps","status":"publish","type":"product","link":"https:\/\/soydeaqui.ddns.net\/pachuca\/index.php\/producto\/switch-poe-250-metros-poe-larga-distancia-4-puertos-802-3at-30-w-10-100-mbps-1-puerto-uplink-10-100-mbps\/","title":{"rendered":"Switch PoE \/ 250 Metros PoE LARGA DISTANCIA \/ 4 Puertos 802.3at (30 W) 10\/100 Mbps + 1 Puerto Uplink (10 \/ 100 Mbps)"},"content":{"rendered":"<div style='width: 100%; max-width: 1200px; margin: 0 auto; font-family: sans-serif; line-height: 1.6; color: inherit; background-color: transparent;'> <!-- Logo --> <\/p>\n<div style='margin-bottom: 30px;'> <img style='width: 100%; max-width: 450px; height: auto; border: 1px solid rgba(150&comma;150&comma;150&comma;0.3); border-radius: 8px;' src='http:\/\/ftp3.syscom.mx\/usuarios\/jdelafuente\/HIKVISION\/hikvision%20logo%20complete.png' alt='Logo Hikvision'> <\/div>\n<p> <!-- Video --> <\/p>\n<div style='position: relative; padding-bottom: 56.25%; height: 0; overflow: hidden; margin-bottom: 30px;'>   <\/div>\n<p> <!-- Modo 1 --> <\/p>\n<div style='margin-bottom: 30px;'>\n<h2 style='font-style: italic; font-size: 24px; margin-top: 0; color: inherit; opacity: 0.9;'><u>MODO 1<\/u><\/h2>\n<div style='margin-top: 15px;'> <img style='width: 100%; height: auto; border: 1px solid rgba(150&comma;150&comma;150&comma;0.3); border-radius: 8px;' src='http:\/\/ftp3.syscom.mx\/usuarios\/emendoza\/elesbanmch\/HIKVISON\/IMAGENES\/SWITCH%20MODO%20EXTENDIDO.png' alt='Modo Extendido'> <\/div>\n<\/p><\/div>\n<p> <!-- Modo 2 --> <\/p>\n<div style='margin-bottom: 30px;'>\n<h2 style='font-style: italic; font-size: 24px; margin-top: 0; color: inherit; opacity: 0.9;'><u>MODO 2<\/u><\/h2>\n<div style='margin-top: 15px;'> <img style='width: 100%; height: auto; border: 1px solid rgba(150&comma;150&comma;150&comma;0.3); border-radius: 8px;' src='http:\/\/ftp3.syscom.mx\/usuarios\/emendoza\/elesbanmch\/HIKVISON\/IMAGENES\/SWITCH%20MODO%20EXTENDIDO%202.jpg' alt='Modo Extendido 2'> <\/div>\n<\/p><\/div>\n<p> <!-- Caracter\u00edsticas --> <\/p>\n<div style='margin-bottom: 30px;'>\n<h3 style='font-size: 22px; border-bottom: 2px solid currentColor; padding-bottom: 5px; margin-top: 0; color: inherit; opacity: 0.8;'>Caracter\u00edsticas<\/h3>\n<ul style='padding-left: 20px; font-size: 15px; color: inherit; list-style-type: disc;'>\n<li style='margin-bottom: 5px;'><strong>Tecnolog\u00eda de 8 n\u00facleos de alimentaci\u00f3n est\u00e1ndar 802.3af\/at PoE reduciendo p\u00e9rdidas en la alimentaci\u00f3n.<\/strong><\/li>\n<li style='margin-bottom: 5px;'><strong>Modo extendido disponible para alcanzar una transmisi\u00f3n por puerto hasta 250 metros.<\/strong><\/li>\n<li style='margin-bottom: 5px;'><strong>Al momento de habilitar el modo EXTEND el ancho de banda ser\u00e1 de 10Mbps y la alimentaci\u00f3n no deber\u00e1 de exceder 8W m\u00e1ximo por puerto.<\/strong><\/li>\n<li style='margin-bottom: 5px;'><strong>Optimizaci\u00f3n de buffer para garantizar la transmisi\u00f3n de v\u00eddeo.<\/strong><\/li>\n<li style='margin-bottom: 5px;'>Est\u00e1ndares IEEE802.3&comma; IEEE802.3u e IEEE802.3x<\/li>\n<li style='margin-bottom: 5px;'>30 W m\u00e1ximo por puerto (58 W en total).<\/li>\n<li style='margin-bottom: 5px;'><strong>Alimentaci\u00f3n: 51Vcc \/ 1.5A (incluye transformador).<\/strong><\/li>\n<li style='margin-bottom: 5px;'><strong>Garant\u00eda: 2 a\u00f1os.<\/strong><\/li>\n<\/ul><\/div>\n<p> <!-- Banner --> <\/p>\n<div style='margin-bottom: 30px;'> <img style='width: 100%; max-width: 940px; height: auto; border: 1px solid rgba(150&comma;150&comma;150&comma;0.3); border-radius: 8px;' src='http:\/\/ftp3.syscom.mx\/usuarios\/jdelafuente\/HIKVISION\/hikvision-solution%20banner.jpg' alt='Banner Hikvision'> <\/div>\n<\/p><\/div>\n","protected":false},"excerpt":{"rendered":"<p>Switch PoE \/ 250 Metros PoE LARGA DISTANCIA \/ 4 Puertos 802.3at (30 W) 10\/100 Mbps + 1 Puerto Uplink (10 \/ 100 Mbps)<\/p>\n","protected":false},"featured_media":32,"comment_status":"open","ping_status":"closed","template":"","meta":[],"product_brand":[],"product_cat":[1986],"product_tag":[54,664,1987],"class_list":{"0":"post-108384","1":"product","2":"type-product","3":"status-publish","4":"has-post-thumbnail","6":"product_cat-switches-poe","7":"product_tag-hikvision","8":"product_tag-networking","9":"product_tag-switches-poe","11":"first","12":"outofstock","13":"sale","14":"shipping-taxable","15":"purchasable","16":"product-type-simple"},"_links":{"self":[{"href":"https:\/\/soydeaqui.ddns.net\/pachuca\/index.php\/wp-json\/wp\/v2\/product\/108384","targetHints":{"allow":["GET"]}}],"collection":[{"href":"https:\/\/soydeaqui.ddns.net\/pachuca\/index.php\/wp-json\/wp\/v2\/product"}],"about":[{"href":"https:\/\/soydeaqui.ddns.net\/pachuca\/index.php\/wp-json\/wp\/v2\/types\/product"}],"replies":[{"embeddable":true,"href":"https:\/\/soydeaqui.ddns.net\/pachuca\/index.php\/wp-json\/wp\/v2\/comments?post=108384"}],"wp:featuredmedia":[{"embeddable":true,"href":"https:\/\/soydeaqui.ddns.net\/pachuca\/index.php\/wp-json\/wp\/v2\/media\/32"}],"wp:attachment":[{"href":"https:\/\/soydeaqui.ddns.net\/pachuca\/index.php\/wp-json\/wp\/v2\/media?parent=108384"}],"wp:term":[{"taxonomy":"product_brand","embeddable":true,"href":"https:\/\/soydeaqui.ddns.net\/pachuca\/index.php\/wp-json\/wp\/v2\/product_brand?post=108384"},{"taxonomy":"product_cat","embeddable":true,"href":"https:\/\/soydeaqui.ddns.net\/pachuca\/index.php\/wp-json\/wp\/v2\/product_cat?post=108384"},{"taxonomy":"product_tag","embeddable":true,"href":"https:\/\/soydeaqui.ddns.net\/pachuca\/index.php\/wp-json\/wp\/v2\/product_tag?post=108384"}],"curies":[{"name":"wp","href":"https:\/\/api.w.org\/{rel}","templated":true}]}}