{"id":108364,"date":"2026-03-20T17:58:07","date_gmt":"2026-03-20T17:58:07","guid":{"rendered":"https:\/\/soydeaqui.ddns.net\/pachuca\/index.php\/producto\/monitor-ip-android-pantalla-touch-screen-lcd-7-wifi-poe-comuncacion-sip-conexion-remota-por-app-administracion-nube-gratis\/"},"modified":"2026-03-20T17:58:30","modified_gmt":"2026-03-20T17:58:30","slug":"monitor-ip-android-pantalla-touch-screen-lcd-7-wifi-poe-comuncacion-sip-conexion-remota-por-app-administracion-nube-gratis","status":"publish","type":"product","link":"https:\/\/soydeaqui.ddns.net\/pachuca\/index.php\/producto\/monitor-ip-android-pantalla-touch-screen-lcd-7-wifi-poe-comuncacion-sip-conexion-remota-por-app-administracion-nube-gratis\/","title":{"rendered":"Monitor IP Android \/ Pantalla Touch Screen LCD 7&#8243; \/ WiFi \/ PoE \/ Comuncaci\u00f3n SIP \/ Conexi\u00f3n Remota por App \/ Administracion Nube Gratis"},"content":{"rendered":"<div style='width: 100%; max-width: 1200px; margin: 0 auto; font-family: sans-serif; line-height: 1.6; color: inherit; background-color: transparent;'>\n<div style='display: flex; flex-wrap: wrap; gap: 30px; margin-bottom: 30px;'>\n<div style='flex: 1 1 300px; min-width: 280px;'>\n<h3 style='font-size: 22px; border-bottom: 2px solid currentColor; padding-bottom: 5px; margin-top: 0; color: inherit; opacity: 0.8;'>Descripci\u00f3n general<\/h3>\n<p style='font-size: 15px; color: inherit;'>Monitor interior compacto pero potente<\/p>\n<p style='font-size: 15px; color: inherit;'>Akuvox C315 es un monitor de interior Android de 7\u201d. Con un cuerpo compacto&comma; cabe en un espacio limitado y ofrece una gran cantidad de funciones. Suele utilizarse en apartamentos.<\/p>\n<ul style='padding-left: 20px; font-size: 15px; color: inherit;'>\n<li style='margin-bottom: 5px;'>Aspecto elegante y ultra transparente<\/li>\n<li style='margin-bottom: 5px;'>Perfil delgado y espacio reducido<\/li>\n<li style='margin-bottom: 5px;'>Pantalla t\u00e1ctil capacitiva de 7 pulgadas con modo de ahorro de energ\u00eda<\/li>\n<li style='margin-bottom: 5px;'>Comunicaci\u00f3n de audio bidireccional con otros dispositivos en la red<\/li>\n<li style='margin-bottom: 5px;'>Conforme al est\u00e1ndar SIP para una f\u00e1cil integraci\u00f3n en cada PBX con capacidad SIP<\/li>\n<li style='margin-bottom: 5px;'>Alimentada por PoE o una fuente externa<\/li>\n<li style='margin-bottom: 5px;'>Admite las cajas murales el\u00e9ctricas de est\u00e1ndar estadounidense o europeo<\/li>\n<\/ul><\/div>\n<\/p><\/div>\n<div style='display: flex; flex-wrap: wrap; gap: 30px; margin-bottom: 30px;'>\n<div style='flex: 1 1 300px; min-width: 280px;'>\n<h3 style='font-size: 22px; border-bottom: 2px solid currentColor; padding-bottom: 5px; margin-top: 0; color: inherit; opacity: 0.8;'>Caracter\u00edsticas t\u00e9cnicas<\/h3>\n<div style='display: flex; flex-wrap: wrap; gap: 20px;'>\n<div style='flex: 1 1 250px; border: 1px solid rgba(150&comma; 150&comma; 150&comma; 0.4); border-radius: 8px; overflow: hidden; display: flex; flex-direction: column;'>\n<div style='padding: 15px; border-bottom: 1px solid rgba(150&comma; 150&comma; 150&comma; 0.2); font-weight: bold; font-size: 18px; color: inherit;'>Especificaciones generales<\/div>\n<div style='padding: 15px; color: inherit;'>\n<ul style='padding-left: 20px; margin: 0; font-size: 14px; list-style-type: disc;'>\n<li style='margin-bottom: 5px;'><strong>Panel frontal:<\/strong> Pl\u00e1stico<\/li>\n<li style='margin-bottom: 5px;'><strong>RAM\/ROM:<\/strong> 1 GB\/8 GB<\/li>\n<li style='margin-bottom: 5px;'><strong>M\u00f3dulo de pantalla:<\/strong> TFT LCD de 7 pulgadas<\/li>\n<li style='margin-bottom: 5px;'><strong>Pantalla:<\/strong> Pantalla t\u00e1ctil capacitiva de 7 pulgadas<\/li>\n<li style='margin-bottom: 5px;'><strong>Wi-Fi:<\/strong> IEEE802.11b\/g\/n&comma; @2.4GHz<\/li>\n<li style='margin-bottom: 5px;'><strong>Puerto RS485:<\/strong> Soporte<\/li>\n<li style='margin-bottom: 5px;'><strong>Salida de rel\u00e9:<\/strong> 1<\/li>\n<li style='margin-bottom: 5px;'><strong>Entrada de timbre:<\/strong> 1<\/li>\n<li style='margin-bottom: 5px;'><strong>E\/S:<\/strong> 8<\/li>\n<li style='margin-bottom: 5px;'><strong>Micr\u00f3fono:<\/strong> -58dB<\/li>\n<li style='margin-bottom: 5px;'><strong>Altavoz:<\/strong> 4\u03a9\/2W<\/li>\n<li style='margin-bottom: 5px;'><strong>Puertos Ethernet:<\/strong> 2xRJ45 adaptativo de 10\/100Mbps<\/li>\n<li style='margin-bottom: 5px;'><strong>802.3af PoE:<\/strong> S\u00ed<\/li>\n<li style='margin-bottom: 5px;'><strong>Conector de corriente 12V:<\/strong> S\u00ed (si no se usa PoE)<\/li>\n<li style='margin-bottom: 5px;'><strong>Instalaci\u00f3n:<\/strong> Montaje en pared o en escritorio<\/li>\n<li style='margin-bottom: 5px;'><strong>Dimensi\u00f3n:<\/strong> 200&comma;2&#215;132&comma;2&#215;27&comma;2mm<\/li>\n<li style='margin-bottom: 5px;'><strong>Humedad operativa:<\/strong> 10~90%<\/li>\n<li style='margin-bottom: 5px;'><strong>Temperatura operativa:<\/strong> -10\u00b0C~+45\u00b0C<\/li>\n<li style='margin-bottom: 5px;'><strong>Temperatura de almacenamiento:<\/strong> -20\u00b0C~+70\u00b0C<\/li>\n<\/ul><\/div>\n<\/p><\/div>\n<div style='flex: 1 1 250px; border: 1px solid rgba(150&comma; 150&comma; 150&comma; 0.4); border-radius: 8px; overflow: hidden; display: flex; flex-direction: column;'>\n<div style='padding: 15px; border-bottom: 1px solid rgba(150&comma; 150&comma; 150&comma; 0.2); font-weight: bold; font-size: 18px; color: inherit;'>Pantalla y audio<\/div>\n<div style='padding: 15px; color: inherit;'>\n<h4 style='margin-top: 0; margin-bottom: 10px; font-size: 16px; color: inherit;'><strong>Pantalla t\u00e1ctil<\/strong><\/h4>\n<ul style='padding-left: 20px; margin: 0; font-size: 14px; list-style-type: disc;'>\n<li style='margin-bottom: 5px;'><strong>Modo de visualizaci\u00f3n:<\/strong> Normalmente blanco&comma; transmisivo<\/li>\n<li style='margin-bottom: 5px;'><strong>Tama\u00f1o LCD:<\/strong> 7 pulgadas (diagonal)<\/li>\n<li style='margin-bottom: 5px;'><strong>Resoluci\u00f3n:<\/strong> 1024&#215;600<\/li>\n<li style='margin-bottom: 5px;'><strong>Relaci\u00f3n de contraste:<\/strong> 800:1<\/li>\n<li style='margin-bottom: 5px;'><strong>Luminosidad:<\/strong> 270 cd\/m2<\/li>\n<li style='margin-bottom: 5px;'><strong>\u00c1ngulo de visi\u00f3n:<\/strong> 75\u00b0 a la izquierda&comma; 75\u00b0 a la derecha&comma; 70\u00b0 superior&comma; 75\u00b0 inferior<\/li>\n<li style='margin-bottom: 5px;'><strong>Pantalla t\u00e1ctil:<\/strong> Capacitiva proyectada<\/li>\n<\/ul>\n<h4 style='margin-top: 15px; margin-bottom: 10px; font-size: 16px; color: inherit;'><strong>Audio<\/strong><\/h4>\n<ul style='padding-left: 20px; margin: 0; font-size: 14px; list-style-type: disc;'>\n<li style='margin-bottom: 5px;'><strong>Protocolos SIP:<\/strong> SIP v1 (RFC2543)&comma; SIP v2 (RFC3261)<\/li>\n<li style='margin-bottom: 5px;'><strong>C\u00f3dec de audio de banda estrecha:<\/strong> G.711a&comma; G.711\u03bc&comma; G.729<\/li>\n<li style='margin-bottom: 5px;'><strong>C\u00f3dec de audio de banda ancha:<\/strong> G.722<\/li>\n<li style='margin-bottom: 5px;'><strong>DTMF:<\/strong> DTMF en banda&comma; DTMF fuera de banda (RFC2833)&comma; SIP Info<\/li>\n<li style='margin-bottom: 5px;'><strong>Cancelaci\u00f3n de eco:<\/strong> S\u00ed<\/li>\n<li style='margin-bottom: 5px;'><strong>Detecci\u00f3n de actividad de voz:<\/strong> S\u00ed<\/li>\n<li style='margin-bottom: 5px;'><strong>Confort ac\u00fastico:<\/strong> S\u00ed<\/li>\n<li style='margin-bottom: 5px;'><strong>Control Autom\u00e1tico de Ganancia:<\/strong> S\u00ed<\/li>\n<\/ul>\n<h4 style='margin-top: 15px; margin-bottom: 10px; font-size: 16px; color: inherit;'><strong>V\u00eddeo<\/strong><\/h4>\n<ul style='padding-left: 20px; margin: 0; font-size: 14px; list-style-type: disc;'>\n<li style='margin-bottom: 5px;'><strong>Formatos de transmisi\u00f3n:<\/strong> H.263 y H.264<\/li>\n<\/ul><\/div>\n<\/p><\/div>\n<div style='flex: 1 1 250px; border: 1px solid rgba(150&comma; 150&comma; 150&comma; 0.4); border-radius: 8px; overflow: hidden; display: flex; flex-direction: column;'>\n<div style='padding: 15px; border-bottom: 1px solid rgba(150&comma; 150&comma; 150&comma; 0.2); font-weight: bold; font-size: 18px; color: inherit;'>Redes y aplicaciones<\/div>\n<div style='padding: 15px; color: inherit;'>\n<h4 style='margin-top: 0; margin-bottom: 10px; font-size: 16px; color: inherit;'><strong>Redes<\/strong><\/h4>\n<ul style='padding-left: 20px; margin: 0; font-size: 14px; list-style-type: disc;'>\n<li style='margin-bottom: 5px;'><strong>Protocolos:<\/strong> IPv4&comma; IPv6&comma; HTTP&comma; HTTPS&comma; FTP&comma; TFTP&comma; SNMP&comma; DNS&comma; SNTP&comma; RTSP&comma; SRTP&comma; RTP&comma; TCP&comma; UDP&comma; TLS&comma; ICMP&comma; DHCP&comma; ARP<\/li>\n<\/ul>\n<h4 style='margin-top: 15px; margin-bottom: 10px; font-size: 16px; color: inherit;'><strong>Implementaci\u00f3n y mantenimiento<\/strong><\/h4>\n<ul style='padding-left: 20px; margin: 0; font-size: 14px; list-style-type: disc;'>\n<li style='margin-bottom: 5px;'>Aprovisionamiento autom\u00e1tico<\/li>\n<li style='margin-bottom: 5px;'>Portal de gesti\u00f3n en l\u00ednea<\/li>\n<li style='margin-bottom: 5px;'>Paquete de volcado de memoria basado en la web<\/li>\n<li style='margin-bottom: 5px;'>Copia de respaldo y restauraci\u00f3n de configuraciones<\/li>\n<li style='margin-bottom: 5px;'>Actualizaci\u00f3n de firmware<\/li>\n<li style='margin-bottom: 5px;'>Registros del sistema (incluyen registros de acceso a la puerta)<\/li>\n<\/ul>\n<h4 style='margin-top: 15px; margin-bottom: 10px; font-size: 16px; color: inherit;'><strong>Escenario de aplicaci\u00f3n<\/strong><\/h4>\n<ul style='padding-left: 20px; margin: 0; font-size: 14px; list-style-type: disc;'>\n<li style='margin-bottom: 5px;'>Villas<\/li>\n<li style='margin-bottom: 5px;'>Complejos de apartamentos<\/li>\n<li style='margin-bottom: 5px;'>Sistemas de automatizaci\u00f3n del hogar<\/li>\n<li style='margin-bottom: 5px;'>Interiores modernos<\/li>\n<\/ul><\/div>\n<\/p><\/div>\n<\/p><\/div>\n<\/p><\/div>\n<\/p><\/div>\n<div style='display: flex; flex-wrap: wrap; gap: 30px; margin-bottom: 30px;'>\n<div style='flex: 1 1 300px; min-width: 280px;'>\n<h3 style='font-size: 22px; border-bottom: 2px solid currentColor; padding-bottom: 5px; margin-top: 0; color: inherit; opacity: 0.8;'>Im\u00e1genes del producto<\/h3>\n<div style='display: grid; grid-template-columns: repeat(auto-fill&comma; minmax(280px&comma; 1fr)); gap: 15px; margin-top: 15px;'>\n<div style='border: 1px solid rgba(150&comma; 150&comma; 150&comma; 0.3); border-radius: 8px; overflow: hidden;'> <img style='width: 100%; height: auto; border: none; border-radius: 8px;' src='https:\/\/www.akuvox.com\/uploads\/202012\/2020121812084262.jpg' alt=''> <\/div>\n<div style='border: 1px solid rgba(150&comma; 150&comma; 150&comma; 0.3); border-radius: 8px; overflow: hidden;'> <img style='width: 100%; height: auto; border: none; border-radius: 8px;' src='https:\/\/www.akuvox.com\/uploads\/202012\/2020121812085597.jpg' alt=''> <\/div>\n<div style='border: 1px solid rgba(150&comma; 150&comma; 150&comma; 0.3); border-radius: 8px; overflow: hidden;'> <img style='width: 100%; height: auto; border: none; border-radius: 8px;' src='https:\/\/www.akuvox.com\/uploads\/202012\/2020121812090869.jpg' alt=''> <\/div>\n<div style='border: 1px solid rgba(150&comma; 150&comma; 150&comma; 0.3); border-radius: 8px; overflow: hidden;'> <img style='width: 100%; height: auto; border: none; border-radius: 8px;' src='https:\/\/www.akuvox.com\/uploads\/202012\/2020121812092110.jpg' alt=''> <\/div>\n<\/p><\/div>\n<\/p><\/div>\n<\/p><\/div>\n<div style='display: flex; flex-wrap: wrap; gap: 30px; margin-bottom: 30px;'>\n<div style='flex: 1 1 300px; min-width: 280px;'>\n<div style='border: 1px solid rgba(150&comma; 150&comma; 150&comma; 0.3); border-radius: 8px; padding: 15px; background-color: rgba(230&comma; 230&comma; 230&comma; 0.1);'>\n<p style='margin: 0; font-size: 15px; color: inherit;'><strong>Nota:<\/strong> Requiere licencia de uso de APP&comma; se adquiere directamente en el portal de la Nube<\/p>\n<\/p><\/div>\n<\/p><\/div>\n<\/p><\/div>\n<hr style='border: 0; border-top: 1px solid rgba(150&comma; 150&comma; 150&comma; 0.3); margin: 30px 0;'> <\/div>\n","protected":false},"excerpt":{"rendered":"<p>Monitor IP Android \/ Pantalla Touch Screen LCD 7&#8243; \/ WiFi \/ PoE \/ Comuncaci\u00f3n SIP \/ Conexi\u00f3n Remota por App \/ Administracion Nube Gratis<\/p>\n","protected":false},"featured_media":108363,"comment_status":"open","ping_status":"closed","template":"","meta":[],"product_brand":[],"product_cat":[894],"product_tag":[786,820,557],"class_list":{"0":"post-108364","1":"product","2":"type-product","3":"status-publish","4":"has-post-thumbnail","6":"product_cat-multiapartamentos-videoporteros-e-interfonos","7":"product_tag-akuvox","8":"product_tag-multiapartamentos","9":"product_tag-videoporteros-e-interfonos","11":"first","12":"outofstock","13":"sale","14":"shipping-taxable","15":"purchasable","16":"product-type-simple"},"_links":{"self":[{"href":"https:\/\/soydeaqui.ddns.net\/pachuca\/index.php\/wp-json\/wp\/v2\/product\/108364","targetHints":{"allow":["GET"]}}],"collection":[{"href":"https:\/\/soydeaqui.ddns.net\/pachuca\/index.php\/wp-json\/wp\/v2\/product"}],"about":[{"href":"https:\/\/soydeaqui.ddns.net\/pachuca\/index.php\/wp-json\/wp\/v2\/types\/product"}],"replies":[{"embeddable":true,"href":"https:\/\/soydeaqui.ddns.net\/pachuca\/index.php\/wp-json\/wp\/v2\/comments?post=108364"}],"wp:featuredmedia":[{"embeddable":true,"href":"https:\/\/soydeaqui.ddns.net\/pachuca\/index.php\/wp-json\/wp\/v2\/media\/108363"}],"wp:attachment":[{"href":"https:\/\/soydeaqui.ddns.net\/pachuca\/index.php\/wp-json\/wp\/v2\/media?parent=108364"}],"wp:term":[{"taxonomy":"product_brand","embeddable":true,"href":"https:\/\/soydeaqui.ddns.net\/pachuca\/index.php\/wp-json\/wp\/v2\/product_brand?post=108364"},{"taxonomy":"product_cat","embeddable":true,"href":"https:\/\/soydeaqui.ddns.net\/pachuca\/index.php\/wp-json\/wp\/v2\/product_cat?post=108364"},{"taxonomy":"product_tag","embeddable":true,"href":"https:\/\/soydeaqui.ddns.net\/pachuca\/index.php\/wp-json\/wp\/v2\/product_tag?post=108364"}],"curies":[{"name":"wp","href":"https:\/\/api.w.org\/{rel}","templated":true}]}}