{"id":108349,"date":"2026-03-20T17:57:23","date_gmt":"2026-03-20T17:57:23","guid":{"rendered":"https:\/\/soydeaqui.ddns.net\/pachuca\/index.php\/producto\/drone-dji-m30t-edicion-universal-proteccion-ip45-50mins-de-vuelo-hasta-15kms-de-transmision\/"},"modified":"2026-03-20T17:57:39","modified_gmt":"2026-03-20T17:57:39","slug":"drone-dji-m30t-edicion-universal-proteccion-ip45-50mins-de-vuelo-hasta-15kms-de-transmision","status":"publish","type":"product","link":"https:\/\/soydeaqui.ddns.net\/pachuca\/index.php\/producto\/drone-dji-m30t-edicion-universal-proteccion-ip45-50mins-de-vuelo-hasta-15kms-de-transmision\/","title":{"rendered":"Drone DJI M30T Edici\u00f3n Universal\/Protecci\u00f3n IP45\/ 50Mins de Vuelo \/Hasta 15kms de transmisi\u00f3n"},"content":{"rendered":"<div style='width: 100%; max-width: 1200px; margin: 0 auto; font-family: sans-serif; line-height: 1.6; color: inherit; background-color: transparent;'>\n<div style='display: flex; flex-wrap: wrap; gap: 30px; margin-bottom: 30px;'>\n<div style='flex: 1 1 300px; min-width: 280px;'>\n<h3 style='font-size: 22px; border-bottom: 2px solid currentColor; padding-bottom: 5px; margin-top: 0; color: inherit; opacity: 0.8;'>Caracter\u00edsticas Principales:<\/h3>\n<ul style='padding-left: 20px; font-size: 15px; color: inherit;'>\n<li style='margin-bottom: 5px;'>C\u00e1mara RGB 45 MP<\/li>\n<li style='margin-bottom: 5px;'>15 kms de transmision<\/li>\n<li style='margin-bottom: 5px;'>Protecci\u00f3n IP55<\/li>\n<li style='margin-bottom: 5px;'>Sensor CMOS de 1 Pulgada<\/li>\n<li style='margin-bottom: 5px;'><strong>Bater\u00edas no incluidas requiere 2&comma; modelo TB30.<\/strong><\/li>\n<li style='margin-bottom: 5px;'><strong>No incluye bater\u00eda WB37 Externa para el control RC.<\/strong><\/li>\n<li style='margin-bottom: 5px;'><strong>GARANTIA DE 1 A\u00d1O CONTRA DEFECTOS DE FABRICACI\u00d3N<\/strong><\/li>\n<\/ul><\/div>\n<div style='flex: 1 1 300px; min-width: 280px;'>\n<h3 style='font-size: 22px; border-bottom: 2px solid currentColor; padding-bottom: 5px; margin-top: 0; color: inherit; opacity: 0.8;'>Caracter\u00edsticas Adicionales:<\/h3>\n<ul style='padding-left: 20px; font-size: 15px; color: inherit;'>\n<li style='margin-bottom: 5px;'>60 FPS<\/li>\n<li style='margin-bottom: 5px;'>Camara de visi\u00f3n nocturna para vuelo.<\/li>\n<li style='margin-bottom: 5px;'>Camara t\u00e9rmica de 600 x 554 px<\/li>\n<li style='margin-bottom: 5px;'>C\u00e1mara visual con zoom \u00f3ptico de 16x<\/li>\n<li style='margin-bottom: 5px;'>Apertura Focal f\/2.8-f\/16<\/li>\n<\/ul><\/div>\n<div style='flex: 1 1 300px; min-width: 280px;'>\n<h3 style='font-size: 22px; border-bottom: 2px solid currentColor; padding-bottom: 5px; margin-top: 0; color: inherit; opacity: 0.8;'>Contenido del Paquete:<\/h3>\n<ul style='padding-left: 20px; font-size: 15px; color: inherit;'>\n<li style='margin-bottom: 5px;'>Dron M30T.<\/li>\n<li style='margin-bottom: 5px;'>Control Remoto. (Incluye bater\u00eda interna).<\/li>\n<li style='margin-bottom: 5px;'>Dos helices de respuesto.<\/li>\n<li style='margin-bottom: 5px;'>Cargador de bater\u00edas.<\/li>\n<li style='margin-bottom: 5px;'>Estuche de uso rigido.<\/li>\n<\/ul><\/div>\n<\/p><\/div>\n<hr style='border: 0; border-top: 1px solid rgba(150&comma; 150&comma; 150&comma; 0.3); margin: 30px 0;'>\n<div style='display: flex; flex-wrap: wrap; gap: 30px; margin-bottom: 30px;'>\n<div style='flex: 1 1 500px; min-width: 300px;'>\n<div style='position: relative; padding-bottom: 56.25%; height: 0; overflow: hidden; margin-bottom: 30px;'>   <\/div>\n<\/p><\/div>\n<div style='flex: 1 1 500px; min-width: 300px;'>\n<div style='position: relative; padding-bottom: 56.25%; height: 0; overflow: hidden; margin-bottom: 30px;'>   <\/div>\n<\/p><\/div>\n<\/p><\/div>\n<div style='display: flex; flex-wrap: wrap; gap: 30px; margin-bottom: 30px;'>\n<div style='flex: 1 1 500px; min-width: 300px;'> <img style='width: 100%; height: auto; border: 1px solid rgba(150&comma;150&comma;150&comma;0.3); border-radius: 8px;' src='https:\/\/ftp3.syscom.mx\/usuarios\/ivan.reyes\/DJI\/m30\/M30TGIF.gif' alt=''> <\/div>\n<div style='flex: 1 1 500px; min-width: 300px;'>\n<h3 style='font-size: 20px; margin-top: 0; color: inherit;'>Seguro y Fiable<\/h3>\n<p style='color: inherit; font-size: 15px;'>Se incluyen sensores visuales duales y ToF en los seis lados de la aeronave para mantenerla segura a ella y a tu misi\u00f3n. El receptor ADS-B integrado proporciona puntualmente avisos si se acerca cualquier aeronave tripulada.<\/p>\n<\/p><\/div>\n<\/p><\/div>\n<div style='display: flex; flex-wrap: wrap; gap: 30px; margin-bottom: 30px;'>\n<div style='flex: 1 1 500px; min-width: 300px;'>\n<h3 style='font-size: 20px; margin-top: 0; color: inherit;'>Redundancias y sistemas de respaldo<\/h3>\n<p style='color: inherit; font-size: 15px;'>Los sistemas de redundancia avanzados integrados ayudan a que tus misiones cr\u00edticas contin\u00faen incluso en escenarios inesperados.<\/p>\n<\/p><\/div>\n<div style='flex: 1 1 500px; min-width: 300px;'> <img style='width: 100%; height: auto; border: 1px solid rgba(150&comma;150&comma;150&comma;0.3); border-radius: 8px;' src='https:\/\/ftp3.syscom.mx\/usuarios\/ivan.reyes\/DJI\/m30\/M30T.jpg' alt=''> <\/div>\n<\/p><\/div>\n<div style='display: flex; flex-wrap: wrap; gap: 30px; margin-bottom: 30px;'>\n<div style='flex: 1 1 500px; min-width: 300px;'> <img style='width: 100%; height: auto; border: 1px solid rgba(150&comma;150&comma;150&comma;0.3); border-radius: 8px;' src='https:\/\/ftp3.syscom.mx\/usuarios\/ivan.reyes\/DJI\/m30\/M30TGIF2.gif' alt=''> <\/div>\n<div style='flex: 1 1 500px; min-width: 300px;'>\n<h3 style='font-size: 20px; margin-top: 0; color: inherit;'>Transmisi\u00f3n aumentada<\/h3>\n<p style='color: inherit; font-size: 15px;'>Cuatro antenas integradas sustentan OcuSync 3 Enterprise&comma; que posibilita la transmisi\u00f3n de v\u00eddeo 1080p en triple canal y el cambio fluido entre transmisiones de entrada&comma; incluso en entornos complejos.<\/p>\n<p style='color: inherit; font-size: 15px;'>Respalda tu conexi\u00f3n con el m\u00f3dulo celular DJI&comma; un adaptador 4G opcional que permite una transmisi\u00f3n de v\u00eddeo estable en entornos complejos o de trabajo remoto.<\/p>\n<\/p><\/div>\n<\/p><\/div>\n<div style='display: flex; flex-wrap: wrap; gap: 30px; margin-bottom: 30px;'>\n<div style='flex: 1 1 500px; min-width: 300px;'>\n<h3 style='font-size: 20px; margin-top: 0; color: inherit;'>Ligero y port\u00e1til<\/h3>\n<p style='color: inherit; font-size: 15px;'>Compacto y plegable&comma; el Serie M30 es f\u00e1cil de guardar&comma; transportar y utilizar.<\/p>\n<\/p><\/div>\n<div style='flex: 1 1 500px; min-width: 300px;'> <img style='width: 100%; height: auto; border: 1px solid rgba(150&comma;150&comma;150&comma;0.3); border-radius: 8px;' src='https:\/\/ftp3.syscom.mx\/usuarios\/ivan.reyes\/DJI\/m30\/M30TGIF3.gif' alt=''> <\/div>\n<\/p><\/div>\n<div style='display: flex; justify-content: center; margin-bottom: 30px;'> <img style='width: 100%; max-width: 800px; height: auto; border: 1px solid rgba(150&comma;150&comma;150&comma;0.3); border-radius: 8px;' src='https:\/\/ftp3.syscom.mx\/usuarios\/ivan.reyes\/DJI\/m30\/M30TGIF4.gif' alt=''> <\/div>\n<div style='display: flex; flex-wrap: wrap; gap: 30px; margin-bottom: 30px;'>\n<div style='flex: 1 1 500px; min-width: 300px;'> <img style='width: 100%; height: auto; border: 1px solid rgba(150&comma;150&comma;150&comma;0.3); border-radius: 8px;' src='https:\/\/ftp3.syscom.mx\/usuarios\/ivan.reyes\/DJI\/m30\/control.png' alt=''> <\/div>\n<div style='flex: 1 1 500px; min-width: 300px;'>\n<h3 style='font-size: 20px; margin-top: 0; color: inherit;'>Dise\u00f1ado para pilotos de drones comerciales<\/h3>\n<p style='color: inherit; font-size: 15px;'>El control remoto DJI RC Plus de pantalla amplia de 7 pulgadas y con modo de control dual est\u00e1 personalizado para usuarios de Empresas.<\/p>\n<\/p><\/div>\n<\/p><\/div>\n<div style='display: flex; flex-wrap: wrap; gap: 30px; margin-bottom: 30px;'>\n<div style='flex: 1 1 500px; min-width: 300px;'>\n<h3 style='font-size: 20px; margin-top: 0; color: inherit;'>Adaptabilidad ambiental para empresas<\/h3>\n<ul style='padding-left: 20px; font-size: 15px; color: inherit;'>\n<li style='margin-bottom: 5px;'><strong>Protecci\u00f3n IP54<\/strong> &#8211; Resistente al agua y al polvo<\/li>\n<li style='margin-bottom: 5px;'><strong>De \u201320 a 50 \u00b0C<\/strong> &#8211; Apto para climas fr\u00edos y c\u00e1lidos<\/li>\n<\/ul><\/div>\n<div style='flex: 1 1 500px; min-width: 300px;'> <img style='width: 100%; height: auto; border: 1px solid rgba(150&comma;150&comma;150&comma;0.3); border-radius: 8px;' src='https:\/\/ftp3.syscom.mx\/usuarios\/ivan.reyes\/DJI\/m30\/Control1.jpg' alt=''> <\/div>\n<\/p><\/div>\n<div style='display: flex; justify-content: center; margin-bottom: 30px;'> <img style='width: 100%; max-width: 800px; height: auto; border: 1px solid rgba(150&comma;150&comma;150&comma;0.3); border-radius: 8px;' src='https:\/\/ftp3.syscom.mx\/usuarios\/ivan.reyes\/DJI\/m30\/GIFCONTROL.gif' alt=''> <\/div>\n<div style='display: flex; flex-wrap: wrap; gap: 30px; margin-bottom: 30px;'>\n<div style='flex: 1 1 500px; min-width: 300px;'> <img style='width: 100%; height: auto; border: 1px solid rgba(150&comma;150&comma;150&comma;0.3); border-radius: 8px;' src='https:\/\/ftp3.syscom.mx\/usuarios\/ivan.reyes\/DJI\/m30\/Control%20%282%29.png' alt=''> <\/div>\n<div style='flex: 1 1 500px; min-width: 300px;'>\n<h3 style='font-size: 20px; margin-top: 0; color: inherit;'>Presentamos la nueva DJI Pilot 2<\/h3>\n<p style='color: inherit; font-size: 15px;'>Una renovada interfaz de vuelo Enterprise&comma; dise\u00f1ada para mejorar la eficiencia de pilotaje y la seguridad de vuelo.<\/p>\n<\/p><\/div>\n<\/p><\/div>\n<div style='display: flex; flex-wrap: wrap; gap: 30px; margin-bottom: 30px;'>\n<div style='flex: 1 1 500px; min-width: 300px;'>\n<h3 style='font-size: 20px; margin-top: 0; color: inherit;'>Interfaz de usuario reimaginada<\/h3>\n<p style='color: inherit; font-size: 15px;'>Se puede acceder f\u00e1cilmente a los controles del dron y de la carga con solo un toque. La clara presentaci\u00f3n de los detalles de vuelo y la informaci\u00f3n de navegaci\u00f3n mejora la experiencia de usuario y la eficiencia de vuelo.<\/p>\n<\/p><\/div>\n<div style='flex: 1 1 500px; min-width: 300px;'> <img style='width: 100%; height: auto; border: 1px solid rgba(150&comma;150&comma;150&comma;0.3); border-radius: 8px;' src='https:\/\/ftp3.syscom.mx\/usuarios\/ivan.reyes\/DJI\/m30\/Controlgif2.gif' alt=''> <\/div>\n<\/p><\/div>\n<div style='display: flex; flex-wrap: wrap; gap: 30px; margin-bottom: 30px;'>\n<div style='flex: 1 1 500px; min-width: 300px;'> <img style='width: 100%; height: auto; border: 1px solid rgba(150&comma;150&comma;150&comma;0.3); border-radius: 8px;' src='https:\/\/ftp3.syscom.mx\/usuarios\/ivan.reyes\/DJI\/m30\/controlGIF3.gif' alt=''> <\/div>\n<div style='flex: 1 1 500px; min-width: 300px;'>\n<h3 style='font-size: 20px; margin-top: 0; color: inherit;'>Dise\u00f1o ergon\u00f3mico: seguridad y eficiencia<\/h3>\n<p style='color: inherit; font-size: 15px;'>Pilot 2 funciona a la perfecci\u00f3n con el DJI RC Plus. Botones personalizables y en el lateral de la pantalla est\u00e1n al alcance y permiten operaciones r\u00e1pidas&comma; como ajustar las vistas de c\u00e1mara y colocar marcas (PinPoints).<\/p>\n<\/p><\/div>\n<\/p><\/div>\n<div style='display: flex; justify-content: center; margin-bottom: 30px;'> <img style='width: 100%; max-width: 800px; height: auto; border: 1px solid rgba(150&comma;150&comma;150&comma;0.3); border-radius: 8px;' src='https:\/\/ftp3.syscom.mx\/usuarios\/ivan.reyes\/DJI\/m30\/GIFCONTROL4.gif' alt=''> <\/div>\n<\/p><\/div>\n","protected":false},"excerpt":{"rendered":"<p>Drone DJI M30T Edici\u00f3n Universal\/Protecci\u00f3n IP45\/ 50Mins de Vuelo \/Hasta 15kms de transmisi\u00f3n<\/p>\n","protected":false},"featured_media":108348,"comment_status":"open","ping_status":"closed","template":"","meta":[],"product_brand":[],"product_cat":[2223,2225],"product_tag":[2228,2226,2227],"class_list":{"0":"post-108349","1":"product","2":"type-product","3":"status-publish","4":"has-post-thumbnail","6":"product_cat-drones","7":"product_cat-drones-robots-e-industrial","8":"product_tag-dji","9":"product_tag-drones","10":"product_tag-robots-e-industrial","12":"first","13":"instock","14":"sale","15":"shipping-taxable","16":"purchasable","17":"product-type-simple"},"_links":{"self":[{"href":"https:\/\/soydeaqui.ddns.net\/pachuca\/index.php\/wp-json\/wp\/v2\/product\/108349","targetHints":{"allow":["GET"]}}],"collection":[{"href":"https:\/\/soydeaqui.ddns.net\/pachuca\/index.php\/wp-json\/wp\/v2\/product"}],"about":[{"href":"https:\/\/soydeaqui.ddns.net\/pachuca\/index.php\/wp-json\/wp\/v2\/types\/product"}],"replies":[{"embeddable":true,"href":"https:\/\/soydeaqui.ddns.net\/pachuca\/index.php\/wp-json\/wp\/v2\/comments?post=108349"}],"wp:featuredmedia":[{"embeddable":true,"href":"https:\/\/soydeaqui.ddns.net\/pachuca\/index.php\/wp-json\/wp\/v2\/media\/108348"}],"wp:attachment":[{"href":"https:\/\/soydeaqui.ddns.net\/pachuca\/index.php\/wp-json\/wp\/v2\/media?parent=108349"}],"wp:term":[{"taxonomy":"product_brand","embeddable":true,"href":"https:\/\/soydeaqui.ddns.net\/pachuca\/index.php\/wp-json\/wp\/v2\/product_brand?post=108349"},{"taxonomy":"product_cat","embeddable":true,"href":"https:\/\/soydeaqui.ddns.net\/pachuca\/index.php\/wp-json\/wp\/v2\/product_cat?post=108349"},{"taxonomy":"product_tag","embeddable":true,"href":"https:\/\/soydeaqui.ddns.net\/pachuca\/index.php\/wp-json\/wp\/v2\/product_tag?post=108349"}],"curies":[{"name":"wp","href":"https:\/\/api.w.org\/{rel}","templated":true}]}}