{"id":108343,"date":"2026-03-20T17:57:03","date_gmt":"2026-03-20T17:57:03","guid":{"rendered":"https:\/\/soydeaqui.ddns.net\/pachuca\/index.php\/producto\/bateria-para-drone-dji-matrice-30-edicion-universal\/"},"modified":"2026-03-20T17:57:18","modified_gmt":"2026-03-20T17:57:18","slug":"bateria-para-drone-dji-matrice-30-edicion-universal","status":"publish","type":"product","link":"https:\/\/soydeaqui.ddns.net\/pachuca\/index.php\/producto\/bateria-para-drone-dji-matrice-30-edicion-universal\/","title":{"rendered":"Bateria Para Drone DJI Matrice 30 Edici\u00f3n Universal"},"content":{"rendered":"<div style='width: 100%; max-width: 1200px; margin: 0 auto; font-family: sans-serif; line-height: 1.6; color: inherit; background-color: transparent;'>\n<div style='display: flex; flex-wrap: wrap; gap: 30px; margin-bottom: 30px;'>\n<div style='flex: 1 1 300px; min-width: 280px;'>\n<h3 style='font-size: 22px; border-bottom: 2px solid currentColor; padding-bottom: 5px; margin-top: 0; color: inherit; opacity: 0.8;'>Caracter\u00edsticas Principales<\/h3>\n<ul style='padding-left: 20px; font-size: 15px; color: inherit;'>\n<li style='margin-bottom: 5px;'>Bater\u00eda auto calentable optimiza rendimiento en fr\u00edo<\/li>\n<li style='margin-bottom: 5px;'>Compatibilidad perfecta con drones modelo M30T<\/li>\n<li style='margin-bottom: 5px;'>Aumento de autonom\u00eda y eficiencia energetica<\/li>\n<li style='margin-bottom: 5px;'>Tecnolog\u00eda avanzada para climas extremos<\/li>\n<li style='margin-bottom: 5px;'>F\u00e1cil instalaci\u00f3n y actualizaci\u00f3n sin herramientas<\/li>\n<\/ul><\/div>\n<\/p><\/div>\n<\/p><\/div>\n","protected":false},"excerpt":{"rendered":"<p>Bateria Para Drone DJI Matrice 30 Edici\u00f3n Universal<\/p>\n","protected":false},"featured_media":108342,"comment_status":"open","ping_status":"closed","template":"","meta":[],"product_brand":[],"product_cat":[2225,2223],"product_tag":[2228,2226,2227],"class_list":{"0":"post-108343","1":"product","2":"type-product","3":"status-publish","4":"has-post-thumbnail","6":"product_cat-drones-robots-e-industrial","7":"product_cat-drones","8":"product_tag-dji","9":"product_tag-drones","10":"product_tag-robots-e-industrial","12":"first","13":"instock","14":"sale","15":"shipping-taxable","16":"purchasable","17":"product-type-simple"},"_links":{"self":[{"href":"https:\/\/soydeaqui.ddns.net\/pachuca\/index.php\/wp-json\/wp\/v2\/product\/108343","targetHints":{"allow":["GET"]}}],"collection":[{"href":"https:\/\/soydeaqui.ddns.net\/pachuca\/index.php\/wp-json\/wp\/v2\/product"}],"about":[{"href":"https:\/\/soydeaqui.ddns.net\/pachuca\/index.php\/wp-json\/wp\/v2\/types\/product"}],"replies":[{"embeddable":true,"href":"https:\/\/soydeaqui.ddns.net\/pachuca\/index.php\/wp-json\/wp\/v2\/comments?post=108343"}],"wp:featuredmedia":[{"embeddable":true,"href":"https:\/\/soydeaqui.ddns.net\/pachuca\/index.php\/wp-json\/wp\/v2\/media\/108342"}],"wp:attachment":[{"href":"https:\/\/soydeaqui.ddns.net\/pachuca\/index.php\/wp-json\/wp\/v2\/media?parent=108343"}],"wp:term":[{"taxonomy":"product_brand","embeddable":true,"href":"https:\/\/soydeaqui.ddns.net\/pachuca\/index.php\/wp-json\/wp\/v2\/product_brand?post=108343"},{"taxonomy":"product_cat","embeddable":true,"href":"https:\/\/soydeaqui.ddns.net\/pachuca\/index.php\/wp-json\/wp\/v2\/product_cat?post=108343"},{"taxonomy":"product_tag","embeddable":true,"href":"https:\/\/soydeaqui.ddns.net\/pachuca\/index.php\/wp-json\/wp\/v2\/product_tag?post=108343"}],"curies":[{"name":"wp","href":"https:\/\/api.w.org\/{rel}","templated":true}]}}