{"id":108331,"date":"2026-03-20T17:56:24","date_gmt":"2026-03-20T17:56:24","guid":{"rendered":"https:\/\/soydeaqui.ddns.net\/pachuca\/index.php\/producto\/camara-box-ip-4-megapixel-serie-pro-darkfighter-poe-12-vcc-o-24-vca-wdr-120-db-onvif-rs-485-blc-entrada-y-salida-de-audio-y-alarmas-no-incluye-lente-micro-sd\/"},"modified":"2026-03-20T17:56:48","modified_gmt":"2026-03-20T17:56:48","slug":"camara-box-ip-4-megapixel-serie-pro-darkfighter-poe-12-vcc-o-24-vca-wdr-120-db-onvif-rs-485-blc-entrada-y-salida-de-audio-y-alarmas-no-incluye-lente-micro-sd","status":"publish","type":"product","link":"https:\/\/soydeaqui.ddns.net\/pachuca\/index.php\/producto\/camara-box-ip-4-megapixel-serie-pro-darkfighter-poe-12-vcc-o-24-vca-wdr-120-db-onvif-rs-485-blc-entrada-y-salida-de-audio-y-alarmas-no-incluye-lente-micro-sd\/","title":{"rendered":"Camara Box IP 4 Megapixel \/ Serie PRO \/ DARKFIGHTER \/ PoE \/ 12 Vcc o 24 VCA \/ WDR 120 dB \/ ONVIF \/ RS-485 \/ BLC \/  Entrada y Salida de Audio y Alarmas (No Incluye Lente) \/ Micro SD"},"content":{"rendered":"<div style='width: 100%; max-width: 1200px; margin: 0 auto; font-family: sans-serif; line-height: 1.6; color: inherit; background-color: transparent;'> <!-- Imagen de logo --> <\/p>\n<div style='text-align: center; margin: 30px 0;'> <img style='width: 45%; height: auto; border: 1px solid rgba(150&comma;150&comma;150&comma;0.3); border-radius: 8px;' src='https:\/\/ftp3.syscom.mx\/usuarios\/jsosa\/HIKVISION\/imagenes\/logo\/hikvision%20see%20far.png' alt='Logo Hikvision'> <\/div>\n<p> <!-- Secci\u00f3n de caracter\u00edsticas --> <\/p>\n<div style='display: flex; flex-wrap: wrap; gap: 30px; margin-bottom: 30px;'>\n<div style='flex: 1 1 300px; min-width: 280px;'>\n<h3 style='font-size: 22px; border-bottom: 2px solid currentColor; padding-bottom: 5px; margin-top: 0; color: inherit; opacity: 0.8;'>Caracter\u00edsticas principales<\/h3>\n<ul style='padding-left: 20px; font-size: 15px; color: inherit;'>\n<li style='margin-bottom: 5px;'><span style='color: inherit;'>Sensor de imagen: 1\/2.7&#8242; CMOS Scan Progresivo<\/span><\/li>\n<li style='margin-bottom: 5px;'><span style='color: inherit;'>Iluminaci\u00f3n m\u00ednima: 0.005 Lux @ (F1.2 AGC ON)<\/span><\/li>\n<li style='margin-bottom: 5px;'><span style='color: inherit;'>Lente seleccionable seg\u00fan la distancia focal a utilizar&comma; <strong style='color: inherit;'>no incluye lente (se cotiza por separado)<\/strong><\/span><\/li>\n<li style='margin-bottom: 5px;'><span style='color: inherit;'>WDR 120 dB \/ 3D DNR \/ BLC \/ Onvif<\/span><\/li>\n<li style='margin-bottom: 5px;'><span style='color: inherit;'>Soporta memoria micro SD de hasta 256 GB (no incluida)<\/span><\/li>\n<li style='margin-bottom: 5px;'><span style='color: inherit;'>Resoluci\u00f3n m\u00e1xima: 4 Megapixel (2560 \u00d7 1440)<\/span><\/li>\n<li style='margin-bottom: 5px;'><span style='color: inherit;'>Compresi\u00f3n: H.265+ \/ H.265 \/ H.264<\/span><\/li>\n<li style='margin-bottom: 5px;'><span style='color: inherit;'>Main Stream: 20 fps (2560 \u00d7 1440) \/ 30 fps (1920 \u00d7 1080&comma; 1280 \u00d7 720)<\/span><\/li>\n<li style='margin-bottom: 5px;'><span style='color: inherit;'>Sub Stream: 30 fps (1280 \u00d7 720 &comma; 640 \u00d7 480&comma; 640 \u00d7 360)<\/span><\/li>\n<li style='margin-bottom: 5px;'><span style='color: inherit;'>Soporta hasta 6 usuarios simult\u00e1neos<\/span><\/li>\n<\/ul><\/div>\n<div style='flex: 1 1 300px; min-width: 280px;'>\n<h3 style='font-size: 22px; border-bottom: 2px solid currentColor; padding-bottom: 5px; margin-top: 0; color: inherit; opacity: 0.8;'>Caracter\u00edsticas F\u00edsicas y El\u00e9ctricas<\/h3>\n<ul style='padding-left: 20px; font-size: 15px; color: inherit;'>\n<li style='margin-bottom: 5px;'><span style='color: inherit;'>Temperatura de operaci\u00f3n: -10\u00baC a 40\u00baC<\/span><\/li>\n<li style='margin-bottom: 5px;'><span style='color: inherit;'>Alimentaci\u00f3n: 12 Vcc \/ 24 VCA \/ 7W \/ PoE (802.3 af)<\/span><\/li>\n<li style='margin-bottom: 5px;'><span style='color: inherit;'>Dimensiones: 69.8 x 58 x 137 mm<\/span><\/li>\n<li style='margin-bottom: 5px;'><span style='color: inherit;'>Peso: 585 grs<\/span><\/li>\n<\/ul>\n<h3 style='font-size: 22px; border-bottom: 2px solid currentColor; padding-bottom: 5px; margin-top: 25px; margin-bottom: 15px; color: inherit; opacity: 0.8;'>Entradas y Salidas de Audio \/ Alarma \/ Red<\/h3>\n<ul style='padding-left: 20px; font-size: 15px; color: inherit;'>\n<li style='margin-bottom: 5px;'><span style='color: inherit;'>Entrada de alarma: 1<\/span><\/li>\n<li style='margin-bottom: 5px;'><span style='color: inherit;'>Salida de alarma: 1 (12 Vcc&comma; 30 mA)<\/span><\/li>\n<li style='margin-bottom: 5px;'><span style='color: inherit;'>Entrada de audio: 1<\/span><\/li>\n<li style='margin-bottom: 5px;'><span style='color: inherit;'>Salida de audio: 1<\/span><\/li>\n<\/ul>\n<h3 style='font-size: 22px; border-bottom: 2px solid currentColor; padding-bottom: 5px; margin-top: 25px; margin-bottom: 15px; color: inherit; opacity: 0.8;'>Accesorios Opcionales<\/h3>\n<ul style='padding-left: 20px; font-size: 15px; color: inherit;'>\n<li style='margin-bottom: 5px;'><span style='color: inherit;'>Montaje Colgante Para Interior&comma; modelo: <a href='https:\/\/www.syscom.mx\/producto\/DS-1299ZJ-HIKVISION-161214.html' target='_blank' rel='noopener' style='color: inherit; text-decoration: underline;'>DS-1299ZJ<\/a><\/span><\/li>\n<li style='margin-bottom: 5px;'><span style='color: inherit;'>Montaje de Pared&comma; modelo: <a href='https:\/\/www.syscom.mx\/producto\/DS-1292ZJ-HIKVISION-137525.html' target='_blank' rel='noopener' style='color: inherit; text-decoration: underline;'>DS-1292ZJ<\/a><\/span><\/li>\n<\/ul><\/div>\n<\/p><\/div>\n<p> <!-- Separador --> <\/p>\n<hr style='border: 0; border-top: 1px solid rgba(150&comma; 150&comma; 150&comma; 0.3); margin: 30px 0;'> <!-- Imagen final --> <\/p>\n<div style='text-align: center; margin: 30px 0;'> <img style='width: 100%; height: auto; border: 1px solid rgba(150&comma;150&comma;150&comma;0.3); border-radius: 8px;' src='https:\/\/ftp3.syscom.mx\/usuarios\/jsosa\/HIKVISION\/imagenes\/banners\/solution%20complete.png' alt='Soluci\u00f3n completa'> <\/div>\n<\/p><\/div>\n","protected":false},"excerpt":{"rendered":"<p>Camara Box IP 4 Megapixel \/ Serie PRO \/ DARKFIGHTER \/ PoE \/ 12 Vcc o 24 VCA \/ WDR 120 dB \/ ONVIF \/ RS-485 \/ BLC \/  Entrada y Salida de Audio y Alarmas (No Incluye Lente) \/ Micro SD<\/p>\n","protected":false},"featured_media":108330,"comment_status":"open","ping_status":"closed","template":"","meta":[],"product_brand":[],"product_cat":[2341],"product_tag":[122,54,2342],"class_list":{"0":"post-108331","1":"product","2":"type-product","3":"status-publish","4":"has-post-thumbnail","6":"product_cat-profesionales-caja","7":"product_tag-camaras-ip-y-nvrs","8":"product_tag-hikvision","9":"product_tag-profesionales-caja","11":"first","12":"outofstock","13":"sale","14":"shipping-taxable","15":"purchasable","16":"product-type-simple"},"_links":{"self":[{"href":"https:\/\/soydeaqui.ddns.net\/pachuca\/index.php\/wp-json\/wp\/v2\/product\/108331","targetHints":{"allow":["GET"]}}],"collection":[{"href":"https:\/\/soydeaqui.ddns.net\/pachuca\/index.php\/wp-json\/wp\/v2\/product"}],"about":[{"href":"https:\/\/soydeaqui.ddns.net\/pachuca\/index.php\/wp-json\/wp\/v2\/types\/product"}],"replies":[{"embeddable":true,"href":"https:\/\/soydeaqui.ddns.net\/pachuca\/index.php\/wp-json\/wp\/v2\/comments?post=108331"}],"wp:featuredmedia":[{"embeddable":true,"href":"https:\/\/soydeaqui.ddns.net\/pachuca\/index.php\/wp-json\/wp\/v2\/media\/108330"}],"wp:attachment":[{"href":"https:\/\/soydeaqui.ddns.net\/pachuca\/index.php\/wp-json\/wp\/v2\/media?parent=108331"}],"wp:term":[{"taxonomy":"product_brand","embeddable":true,"href":"https:\/\/soydeaqui.ddns.net\/pachuca\/index.php\/wp-json\/wp\/v2\/product_brand?post=108331"},{"taxonomy":"product_cat","embeddable":true,"href":"https:\/\/soydeaqui.ddns.net\/pachuca\/index.php\/wp-json\/wp\/v2\/product_cat?post=108331"},{"taxonomy":"product_tag","embeddable":true,"href":"https:\/\/soydeaqui.ddns.net\/pachuca\/index.php\/wp-json\/wp\/v2\/product_tag?post=108331"}],"curies":[{"name":"wp","href":"https:\/\/api.w.org\/{rel}","templated":true}]}}