{"id":108278,"date":"2026-03-20T17:53:30","date_gmt":"2026-03-20T17:53:30","guid":{"rendered":"https:\/\/soydeaqui.ddns.net\/pachuca\/index.php\/producto\/ptz-ip-4-megapixel-35x-zoom-300-mts-ir-autoseguimiento-3-0-darkfighter-x-wdr-140-db-eis-deep-learning-exterior-ip67-ik10-rapid-focus-hi-poe-wiper-micro-sd\/"},"modified":"2026-03-20T17:53:32","modified_gmt":"2026-03-20T17:53:32","slug":"ptz-ip-4-megapixel-35x-zoom-300-mts-ir-autoseguimiento-3-0-darkfighter-x-wdr-140-db-eis-deep-learning-exterior-ip67-ik10-rapid-focus-hi-poe-wiper-micro-sd","status":"publish","type":"product","link":"https:\/\/soydeaqui.ddns.net\/pachuca\/index.php\/producto\/ptz-ip-4-megapixel-35x-zoom-300-mts-ir-autoseguimiento-3-0-darkfighter-x-wdr-140-db-eis-deep-learning-exterior-ip67-ik10-rapid-focus-hi-poe-wiper-micro-sd\/","title":{"rendered":"PTZ IP 4 Megapixel \/ 35X Zoom \/ 300 mts IR \/ AutoSeguimiento 3.0 \/ Darkfighter X \/ WDR 140 dB \/ EIS \/ Deep Learning \/ Exterior IP67 \/ IK10 \/ Rapid Focus \/ Hi-PoE \/ Wiper \/ Micro SD"},"content":{"rendered":"<div style='width: 100%; max-width: 1200px; margin: 0 auto; font-family: sans-serif; line-height: 1.6; color: inherit; background-color: transparent;'>\n<p style='text-align: center;'><img style='width: 45%; height: auto; border: 1px solid rgba(150&comma;150&comma;150&comma;0.3); border-radius: 8px;' src='https:\/\/ftp3.syscom.mx\/usuarios\/jsosa\/HIKVISION\/imagenes\/logo\/hikvision%20see%20far.png' alt='Logo Hikvision'><\/p>\n<p> <!-- Videos --> <\/p>\n<div style='display: flex; flex-wrap: wrap; gap: 30px; margin: 30px 0;'>\n<div style='position: relative; padding-bottom: 56.25%; height: 0; overflow: hidden; flex: 1 1 300px; min-width: 280px;'>   <\/div>\n<div style='position: relative; padding-bottom: 56.25%; height: 0; overflow: hidden; flex: 1 1 300px; min-width: 280px;'>   <\/div>\n<div style='position: relative; padding-bottom: 56.25%; height: 0; overflow: hidden; flex: 1 1 300px; min-width: 280px;'>   <\/div>\n<div style='position: relative; padding-bottom: 56.25%; height: 0; overflow: hidden; flex: 1 1 300px; min-width: 280px;'>   <\/div>\n<div style='position: relative; padding-bottom: 56.25%; height: 0; overflow: hidden; flex: 1 1 300px; min-width: 280px;'>   <\/div>\n<div style='position: relative; padding-bottom: 56.25%; height: 0; overflow: hidden; flex: 1 1 300px; min-width: 280px;'>   <\/div>\n<\/p><\/div>\n<p> <!-- Secciones principales --> <\/p>\n<div style='display: flex; flex-wrap: wrap; gap: 30px; margin-bottom: 30px;'> <!-- Caracter\u00edsticas principales --> <\/p>\n<div style='flex: 1 1 300px; min-width: 280px;'>\n<h3 style='font-size: 22px; border-bottom: 2px solid currentColor; padding-bottom: 5px; margin-top: 0; color: inherit; opacity: 0.8;'>Caracter\u00edsticas principales<\/h3>\n<ul style='padding-left: 20px; font-size: 15px; color: inherit;'>\n<li style='margin-bottom: 5px;'>Sensor de imagen: 2\/3&#8242; CMOS Scan Progresivo<\/li>\n<li style='margin-bottom: 5px;'>Iluminaci\u00f3n m\u00ednima: Color: 0.005 Lux @F1.5 AGC&comma; ON) B\/N: 0.0005 Lux @(F1.5&comma; AGC ON)<\/li>\n<li style='margin-bottom: 5px;'>Distancia focal: 5.9 a 206.5 mm (35X zoom \u00f3ptico \/ 16X zoom digital)<\/li>\n<li style='margin-bottom: 5px;'>Distancia de IR: 300 m IR inteligente<\/li>\n<li style='margin-bottom: 5px;'>Funciones: dWDR \/ 3D-DNR \/ EIS \/ HLC \/ BLC \/ Auto-Seguimiento 2.0 \/ Defog \/ Rapid Focus<\/li>\n<\/ul>\n<div style='margin-top: 20px; font-size: 14px; color: inherit;'> <strong>Autoseguimiento 2.0:<\/strong> Nos permite seguir a una persona o un veh\u00edculo y no desperdiciar recursos al momento de que un animal pase por el lugar o se mueva una ramas de un \u00e1rbol&comma; seremos mas eficientes al activar el autoseguimiento y realmente seguir al objeto correcto (personas o veh\u00edculos). <\/div>\n<\/p><\/div>\n<p> <!-- Caracter\u00edsticas F\u00edsicas y El\u00e9ctricas --> <\/p>\n<div style='flex: 1 1 300px; min-width: 280px;'>\n<h3 style='font-size: 22px; border-bottom: 2px solid currentColor; padding-bottom: 5px; margin-top: 0; color: inherit; opacity: 0.8;'>Caracter\u00edsticas F\u00edsicas y El\u00e9ctricas<\/h3>\n<ul style='padding-left: 20px; font-size: 15px; color: inherit;'>\n<li style='margin-bottom: 5px;'>Aplicaci\u00f3n: Interior \/ Exterior<\/li>\n<li style='margin-bottom: 5px;'>Protecci\u00f3n: IP67<\/li>\n<li style='margin-bottom: 5px;'>Antivand\u00e1lico IK10<\/li>\n<li style='margin-bottom: 5px;'>Temperatura de operaci\u00f3n: -40\u00b0C a 70\u00b0C<\/li>\n<li style='margin-bottom: 5px;'>Alimentaci\u00f3n \/ Consumo: 24 Vca \/ 60 W \/ Hi-PoE<\/li>\n<li style='margin-bottom: 5px;'>Dimensiones: 267 X 430 mm<\/li>\n<li style='margin-bottom: 5px;'>Peso: 10 kgs<\/li>\n<li style='margin-bottom: 5px;'>El PTZ no incluye brazo de pared<\/li>\n<li style='margin-bottom: 5px;'>No incluye fuente de alimentaci\u00f3n<\/li>\n<li style='margin-bottom: 5px;'>Red: 1 puerto RJ45 (10 \/ 100 Mbps)<\/li>\n<li style='margin-bottom: 5px;'>7 entradas y 2 salidas de alarma<\/li>\n<li style='margin-bottom: 5px;'>1 entrada y 1 salida de audio<\/li>\n<li style='margin-bottom: 5px;'>1 salida en BNC&comma; resoluci\u00f3n m\u00e1xima de 4 CIF<\/li>\n<\/ul>\n<h4 style='font-size: 18px; margin-top: 20px; margin-bottom: 10px; color: inherit; opacity: 0.8;'>Accesorios<\/h4>\n<ul style='padding-left: 20px; font-size: 15px; color: inherit;'>\n<li style='margin-bottom: 5px;'><a href='https:\/\/www.syscom.mx\/producto\/DS-1603ZJ-P-HIKVISION-184691.html' target='_blank' rel='noopener' style='color: inherit; text-decoration: underline;'>DS-1603ZJ-P<\/a>: Montaje Vertical de Pared<\/li>\n<li style='margin-bottom: 5px;'><a href='https:\/\/www.syscom.mx\/producto\/DS-1673ZJ-P-HIKVISION-203699.html' target='_blank' rel='noopener' style='color: inherit; text-decoration: underline;'>DS-1673ZJ-P<\/a>: Montaje de Poste para Domo PTZ de Acero Inoxidable para C\u00e1maras Hikvision<\/li>\n<li style='margin-bottom: 5px;'><a href='https:\/\/www.syscom.mx\/producto\/DS-1603ZJ-POLE-P-HIKVISION-175436.html' target='_blank' rel='noopener' style='color: inherit; text-decoration: underline;'>DS-1603ZJ-POLE-P<\/a>: Montaje Vertical con Montaje de Poste \/ Color Plata<\/li>\n<\/ul><\/div>\n<p> <!-- Funciones de red y almacenamiento --> <\/p>\n<div style='flex: 1 1 300px; min-width: 280px;'>\n<h3 style='font-size: 22px; border-bottom: 2px solid currentColor; padding-bottom: 5px; margin-top: 0; color: inherit; opacity: 0.8;'>Funciones de red y almacenamiento<\/h3>\n<ul style='padding-left: 20px; font-size: 15px; color: inherit;'>\n<li style='margin-bottom: 5px;'>Protocolos: IPv4\/IPv6&comma; HTTP&comma; HTTPS&comma; 802.1x&comma; Qos&comma; FTP&comma; SMTP&comma; UPnP&comma; SNMP&comma; DNS&comma; DDNS&comma; NTP&comma; RTSP&comma; RTCP&comma; RTP&comma; TCP\/IP&comma; DHCP&comma; PPPoE&comma; UDP&comma; IGMP&comma; ICMP&comma; Bonjour<\/li>\n<li style='margin-bottom: 5px;'>Soporta ONVIF (Profile S&comma; Profile G&comma; Profile T) \/ ISAPI \/ SDK<\/li>\n<li style='margin-bottom: 5px;'>Soporta navegadores: IE 8 a 11&comma; Chrome 31.0+&comma; Firefox 30+&comma; Edge 16.16299+&comma; Safari 11+<\/li>\n<li style='margin-bottom: 5px;'>Soporta triple streaming<\/li>\n<li style='margin-bottom: 5px;'>Soporta 20 usuarios simult\u00e1neos<\/li>\n<li style='margin-bottom: 5px;'>Soporta Micro SD de hasta 256GB (no incluida) \/ NAS (NPS&comma; SMB \/CIPS) \/ ANR<\/li>\n<\/ul><\/div>\n<\/p><\/div>\n<p> <!-- PAN \/ TILT --> <\/p>\n<div style='margin-bottom: 30px;'>\n<h3 style='font-size: 22px; border-bottom: 2px solid currentColor; padding-bottom: 5px; margin-top: 0; color: inherit; opacity: 0.8;'>PAN \/ TILT<\/h3>\n<ul style='padding-left: 20px; font-size: 15px; color: inherit;'>\n<li style='margin-bottom: 5px;'>Rango: Pan: 360\u00b0endless; Tilt: -20\u00b0~90\u00b0 (Auto Flip)<\/li>\n<li style='margin-bottom: 5px;'>Velocidad: Pan Manual Speed: 0.1\u00b0~210\u00b0\/s&comma; Pan Preset Speed: 280\u00b0\/s. Tilt Manual Speed: 0.1\u00b0~150\u00b0\/s&comma; Tilt Preset Speed: 250\u00b0\/s<\/li>\n<li style='margin-bottom: 5px;'>Presets: 300<\/li>\n<li style='margin-bottom: 5px;'>Patrol: 8 (hasta 32 presets por patrol)<\/li>\n<li style='margin-bottom: 5px;'>Pattern: 4 (hasta 10 minutos por pattern)<\/li>\n<li style='margin-bottom: 5px;'>PARK ACT: Preset \/ Patrol \/ Pattern \/ Auto scan \/ Tilt scan \/ Random scan \/ Frame scan \/ Panorama scan<\/li>\n<\/ul><\/div>\n<p> <!-- Recursos --> <\/p>\n<div style='margin-bottom: 30px;'>\n<h3 style='font-size: 22px; border-bottom: 2px solid currentColor; padding-bottom: 5px; margin-top: 0; margin-bottom: 20px; text-align: center; color: inherit; opacity: 0.8;'>Recursos<\/h3>\n<div style='display: flex; flex-wrap: wrap; gap: 20px; justify-content: center;'> <a href='https:\/\/www.hikvision.com\/es-la\/support\/download\/software\/ivms4200-series\/?q=serie%20ivms4200&#038;position=1' target='_blank' rel='noopener' style='flex: 1 1 200px; max-width: 300px; text-align: center;'> <img style='width: 100%; height: auto; border: 1px solid rgba(150&comma;150&comma;150&comma;0.3); border-radius: 8px;' src='https:\/\/ftp3.syscom.mx\/usuarios\/gmagos\/HIK\/IP\/IPC\/Imagenes%20pagina\/Descargas%20IVMS4200.jpg' alt='IVMS4200'> <\/a> <a href='https:\/\/appstore.hikvision.com\/' target='_blank' rel='noopener' style='flex: 1 1 200px; max-width: 300px; text-align: center;'> <img style='width: 100%; height: auto; border: 1px solid rgba(150&comma;150&comma;150&comma;0.3); border-radius: 8px;' src='https:\/\/ftp3.syscom.mx\/usuarios\/gmagos\/HIK\/IP\/IPC\/Imagenes%20pagina\/Descargas%20de%20app.jpg' alt='App Store Hikvision'> <\/a> <a href='https:\/\/ftp3.syscom.mx\/usuarios\/fcarrillo\/Hikvision\/Specs\/Especificaciones%20Tecnicas%20DS-2DF8C435MHS-DELW_V5.7.7_20220122.pdf' target='_blank' rel='noopener' style='flex: 1 1 200px; max-width: 300px; text-align: center;'> <img style='width: 100%; height: auto; border: 1px solid rgba(150&comma;150&comma;150&comma;0.3); border-radius: 8px;' src='https:\/\/ftp3.syscom.mx\/usuarios\/gmagos\/HIK\/IP\/IPC\/Imagenes%20pagina\/Descarga%20de%20PDF.jpg' alt='Especificaciones t\u00e9cnicas PDF'> <\/a> <\/div>\n<\/p><\/div>\n<p> <!-- Banner final --> <\/p>\n<div style='margin-bottom: 30px;'> <img style='width: 100%; height: auto; border: 1px solid rgba(150&comma;150&comma;150&comma;0.3); border-radius: 8px;' src='https:\/\/ftp3.syscom.mx\/usuarios\/jsosa\/HIKVISION\/imagenes\/banners\/solution%20complete.png' alt='Soluci\u00f3n completa Hikvision'> <\/div>\n<\/p><\/div>\n","protected":false},"excerpt":{"rendered":"<p>PTZ IP 4 Megapixel \/ 35X Zoom \/ 300 mts IR \/ AutoSeguimiento 3.0 \/ Darkfighter X \/ WDR 140 dB \/ EIS \/ Deep Learning \/ Exterior IP67 \/ IK10 \/ Rapid Focus \/ Hi-PoE \/ Wiper \/ Micro SD<\/p>\n","protected":false},"featured_media":108277,"comment_status":"open","ping_status":"closed","template":"","meta":[],"product_brand":[],"product_cat":[1224],"product_tag":[122,54,1225],"class_list":{"0":"post-108278","1":"product","2":"type-product","3":"status-publish","4":"has-post-thumbnail","6":"product_cat-ptz","7":"product_tag-camaras-ip-y-nvrs","8":"product_tag-hikvision","9":"product_tag-ptz","11":"first","12":"outofstock","13":"sale","14":"shipping-taxable","15":"purchasable","16":"product-type-simple"},"_links":{"self":[{"href":"https:\/\/soydeaqui.ddns.net\/pachuca\/index.php\/wp-json\/wp\/v2\/product\/108278","targetHints":{"allow":["GET"]}}],"collection":[{"href":"https:\/\/soydeaqui.ddns.net\/pachuca\/index.php\/wp-json\/wp\/v2\/product"}],"about":[{"href":"https:\/\/soydeaqui.ddns.net\/pachuca\/index.php\/wp-json\/wp\/v2\/types\/product"}],"replies":[{"embeddable":true,"href":"https:\/\/soydeaqui.ddns.net\/pachuca\/index.php\/wp-json\/wp\/v2\/comments?post=108278"}],"wp:featuredmedia":[{"embeddable":true,"href":"https:\/\/soydeaqui.ddns.net\/pachuca\/index.php\/wp-json\/wp\/v2\/media\/108277"}],"wp:attachment":[{"href":"https:\/\/soydeaqui.ddns.net\/pachuca\/index.php\/wp-json\/wp\/v2\/media?parent=108278"}],"wp:term":[{"taxonomy":"product_brand","embeddable":true,"href":"https:\/\/soydeaqui.ddns.net\/pachuca\/index.php\/wp-json\/wp\/v2\/product_brand?post=108278"},{"taxonomy":"product_cat","embeddable":true,"href":"https:\/\/soydeaqui.ddns.net\/pachuca\/index.php\/wp-json\/wp\/v2\/product_cat?post=108278"},{"taxonomy":"product_tag","embeddable":true,"href":"https:\/\/soydeaqui.ddns.net\/pachuca\/index.php\/wp-json\/wp\/v2\/product_tag?post=108278"}],"curies":[{"name":"wp","href":"https:\/\/api.w.org\/{rel}","templated":true}]}}