{"id":108256,"date":"2026-03-20T17:52:17","date_gmt":"2026-03-20T17:52:17","guid":{"rendered":"https:\/\/soydeaqui.ddns.net\/pachuca\/index.php\/producto\/escalera-de-3-65-m-capacidad-maxima-de-170-kg-inclinada-de-fibra-de-vidrio-con-almohadilla-de-pared-giratoria\/"},"modified":"2026-03-20T17:52:22","modified_gmt":"2026-03-20T17:52:22","slug":"escalera-de-3-65-m-capacidad-maxima-de-170-kg-inclinada-de-fibra-de-vidrio-con-almohadilla-de-pared-giratoria","status":"publish","type":"product","link":"https:\/\/soydeaqui.ddns.net\/pachuca\/index.php\/producto\/escalera-de-3-65-m-capacidad-maxima-de-170-kg-inclinada-de-fibra-de-vidrio-con-almohadilla-de-pared-giratoria\/","title":{"rendered":"Escalera de 3.65 m Capacidad m\u00e1xima de 170 Kg, inclinada, de fibra de vidrio con almohadilla de pared giratoria."},"content":{"rendered":"<div style='width: 100%; max-width: 1200px; margin: 0 auto; font-family: sans-serif; line-height: 1.6; color: inherit; background-color: transparent;'> <!-- Secci\u00f3n de contenido principal --> <\/p>\n<div style='display: flex; flex-wrap: wrap; gap: 30px; margin-bottom: 30px;'>\n<div style='flex: 1 1 300px; min-width: 280px;'>\n<h3 style='font-size: 22px; border-bottom: 2px solid currentColor; padding-bottom: 5px; margin-top: 0; color: inherit; opacity: 0.8;'>Sentinel\u2122<\/h3>\n<p style='font-size: 15px; color: inherit; margin-bottom: 15px;'>A veces&comma; necesita acercarse m\u00e1s a la tarea en cuesti\u00f3n de lo que ofrece un marco en A est\u00e1ndar&comma; y ah\u00ed es donde entra en juego el Sentinel. El Little Giant\u00ae Sentinel combina dos escaleras en una&comma; marco en A y escalera inclinada&comma; lo que lo convierte en un herramienta vers\u00e1til para ayudarlo a hacer las cosas con confianza. Disponible en modelos de 3.04 m y 3.65 m&comma; la Sentinel es una escalera Tipo IAA&comma; clasificada para soportar hasta 170 Kg. Esta escalera cumple o supera todas las normas OSHA y ANSI.<\/p>\n<h3 style='font-size: 22px; border-bottom: 2px solid currentColor; padding-bottom: 5px; margin-top: 25px; margin-bottom: 15px; color: inherit; opacity: 0.8;'>Almohadilla de pared giratoria<\/h3>\n<p style='font-size: 15px; color: inherit; margin-bottom: 15px;'>El Sentinel cuenta con una almohadilla de pared giratoria que le permite trabajar con seguridad en esquinas interiores&comma; esquinas exteriores&comma; paredes y montantes. Con su superficie que no da\u00f1a&comma; puede inclinar su escalera para acercarse a su trabajo sin temor a da\u00f1ar la superficie en la que est\u00e1 trabajando.<\/p>\n<h3 style='font-size: 22px; border-bottom: 2px solid currentColor; padding-bottom: 5px; margin-top: 25px; margin-bottom: 15px; color: inherit; opacity: 0.8;'>Ground Cue\u00ae<\/h3>\n<p style='font-size: 15px; color: inherit; margin-bottom: 15px;'>Muchas lesiones ocurren al descender la escalera&comma; espec\u00edficamente al perder el \u00faltimo pelda\u00f1o de la escalera. Cuando pisas el pelda\u00f1o inferior de la escalera&comma; Ground Cue\u00ae hace un clic audible&comma; avis\u00e1ndote que has llegado al suelo de manera segura.<\/p>\n<h3 style='font-size: 22px; border-bottom: 2px solid currentColor; padding-bottom: 5px; margin-top: 25px; margin-bottom: 15px; color: inherit; opacity: 0.8;'>Fibra de vidrio verde de alta visibilidad no conductora<\/h3>\n<p style='font-size: 15px; color: inherit; margin-bottom: 15px;'>Nuestra fibra de vidrio verde de alta visibilidad es liviana y no conductora. Se ha comprobado que el color verde vibrante aumenta la visibilidad&comma; evitando lesiones de personas u objetos que golpean la escalera mientras est\u00e1 en uso. La Sentinel es una excelente escalera vers\u00e1til para tareas en el hogar y fuera de ella.<\/p>\n<h3 style='font-size: 22px; border-bottom: 2px solid currentColor; padding-bottom: 5px; margin-top: 25px; margin-bottom: 15px; color: inherit; opacity: 0.8;'>Pelda\u00f1os extra anchos<\/h3>\n<p style='font-size: 15px; color: inherit; margin-bottom: 15px;'>Con 7.92 cm de ancho&comma; los pelda\u00f1os del Sentinel ya son c\u00f3modos&comma; pero los dos pelda\u00f1os de pie superiores son donde el Sentinel realmente brilla. Los pelda\u00f1os superiores est\u00e1n fijados a 15.87 cm para una m\u00e1xima comodidad de los pies mientras se est\u00e1 de pie en la parte superior de la escalera.<\/p>\n<\/p><\/div>\n<\/p><\/div>\n<p> <!-- Secci\u00f3n de especificaciones --> <\/p>\n<div style='display: flex; flex-wrap: wrap; gap: 20px; margin-bottom: 30px;'>\n<div style='flex: 1 1 250px; border: 1px solid rgba(150&comma; 150&comma; 150&comma; 0.4); border-radius: 8px; overflow: hidden; display: flex; flex-direction: column;'>\n<div style='padding: 15px; border-bottom: 1px solid rgba(150&comma; 150&comma; 150&comma; 0.2); font-weight: bold; font-size: 18px; color: inherit;'>ESPECIFICACIONES<\/div>\n<div style='padding: 15px; color: inherit;'>\n<ul style='padding-left: 20px; margin: 0; font-size: 14px; list-style-type: disc;'>\n<li style='margin-bottom: 5px;'><strong>Categor\u00eda del producto:<\/strong> SENTINEL<\/li>\n<li style='margin-bottom: 5px;'><strong>Bloqueo de extensi\u00f3n:<\/strong> Ninguno<\/li>\n<li style='margin-bottom: 5px;'><strong>Pa\u00eds de ensamble:<\/strong> CHINA<\/li>\n<li style='margin-bottom: 5px;'><strong>Clasificaci\u00f3n:<\/strong> Tipo IAA &#8211; Servicio Especial<\/li>\n<li style='margin-bottom: 5px;'><strong>Pie:<\/strong> Est\u00e1ndar no-marcado (atornillado)<\/li>\n<li style='margin-bottom: 5px;'><strong>Bloqueo de bisagra:<\/strong> Ninguno<\/li>\n<li style='margin-bottom: 5px;'><strong>Material:<\/strong> Fibra de Vidrio<\/li>\n<li style='margin-bottom: 5px;'><strong>Capacidad de carga:<\/strong> 375 lbs (170 kg)<\/li>\n<li style='margin-bottom: 5px;'><strong>Tipo de escalera:<\/strong> Multiprop\u00f3sitos<\/li>\n<li style='margin-bottom: 5px;'><strong>Garant\u00eda:<\/strong> 1 A\u00f1o<\/li>\n<li style='margin-bottom: 5px;'><strong>Tama\u00f1o:<\/strong> 12&#8242; (3.66 m)<\/li>\n<li style='margin-bottom: 5px;'><strong>Anchura interior libre:<\/strong> 1 ft. 1 in (34 cm)<\/li>\n<li style='margin-bottom: 5px;'><strong>Altura de almacenamiento:<\/strong> 12 ft. 5 in. (3.78 m)<\/li>\n<li style='margin-bottom: 5px;'><strong>Ancho de almacenamiento en la base:<\/strong> 2 ft. 4 in. (71 cm)<\/li>\n<li style='margin-bottom: 5px;'><strong>Profundidad de almacenamiento:<\/strong> 7 in. (18 cm)<\/li>\n<li style='margin-bottom: 5px;'><strong>Ancho de la parte superior:<\/strong> 1 ft. 3 in. (38 cm)<\/li>\n<li style='margin-bottom: 5px;'><strong>Peso de producto:<\/strong> 48 lbs. (21.77 kg)<\/li>\n<\/ul><\/div>\n<\/p><\/div>\n<div style='flex: 1 1 250px; border: 1px solid rgba(150&comma; 150&comma; 150&comma; 0.4); border-radius: 8px; overflow: hidden; display: flex; flex-direction: column;'>\n<div style='padding: 15px; border-bottom: 1px solid rgba(150&comma; 150&comma; 150&comma; 0.2); font-weight: bold; font-size: 18px; color: inherit;'>ESCALERA<\/div>\n<div style='padding: 15px; color: inherit;'>\n<ul style='padding-left: 20px; margin: 0; font-size: 14px; list-style-type: disc;'>\n<li style='margin-bottom: 5px;'><strong>Tama\u00f1o de la escalera:<\/strong> 12&#8242; (3.66 m)<\/li>\n<li style='margin-bottom: 5px;'><strong>Nivel m\u00e1ximo:<\/strong> 9 ft. 7 in. (2.92 m)<\/li>\n<li style='margin-bottom: 5px;'><strong>Nivel m\u00ednimo:<\/strong> 3 ft. 9 in. (2.92 m)<\/li>\n<li style='margin-bottom: 5px;'><strong>Huella m\u00e1xima:<\/strong> 6 ft. 3 in. (1.91 m)<\/li>\n<li style='margin-bottom: 5px;'><strong>Huella m\u00ednima:<\/strong> 6 ft. 3 in. (1.91 m)<\/li>\n<li style='margin-bottom: 5px;'><strong>Alcance m\u00e1ximo:<\/strong> 16 ft. 1 in. (4.90 m)<\/li>\n<\/ul><\/div>\n<\/p><\/div>\n<\/p><\/div>\n<p> <!-- Separador --> <\/p>\n<hr style='border: 0; border-top: 1px solid rgba(150&comma; 150&comma; 150&comma; 0.3); margin: 30px 0;'> <\/div>\n","protected":false},"excerpt":{"rendered":"<p>Escalera de 3.65 m Capacidad m\u00e1xima de 170 Kg, inclinada, de fibra de vidrio con almohadilla de pared giratoria.<\/p>\n","protected":false},"featured_media":108255,"comment_status":"open","ping_status":"closed","template":"","meta":[],"product_brand":[],"product_cat":[24],"product_tag":[26,25,492],"class_list":{"0":"post-108256","1":"product","2":"type-product","3":"status-publish","4":"has-post-thumbnail","6":"product_cat-accesorios-de-instalacion","7":"product_tag-accesorios-de-instalacion","8":"product_tag-herramientas","9":"product_tag-little-giant-ladder-systems","11":"first","12":"outofstock","13":"sale","14":"shipping-taxable","15":"purchasable","16":"product-type-simple"},"_links":{"self":[{"href":"https:\/\/soydeaqui.ddns.net\/pachuca\/index.php\/wp-json\/wp\/v2\/product\/108256","targetHints":{"allow":["GET"]}}],"collection":[{"href":"https:\/\/soydeaqui.ddns.net\/pachuca\/index.php\/wp-json\/wp\/v2\/product"}],"about":[{"href":"https:\/\/soydeaqui.ddns.net\/pachuca\/index.php\/wp-json\/wp\/v2\/types\/product"}],"replies":[{"embeddable":true,"href":"https:\/\/soydeaqui.ddns.net\/pachuca\/index.php\/wp-json\/wp\/v2\/comments?post=108256"}],"wp:featuredmedia":[{"embeddable":true,"href":"https:\/\/soydeaqui.ddns.net\/pachuca\/index.php\/wp-json\/wp\/v2\/media\/108255"}],"wp:attachment":[{"href":"https:\/\/soydeaqui.ddns.net\/pachuca\/index.php\/wp-json\/wp\/v2\/media?parent=108256"}],"wp:term":[{"taxonomy":"product_brand","embeddable":true,"href":"https:\/\/soydeaqui.ddns.net\/pachuca\/index.php\/wp-json\/wp\/v2\/product_brand?post=108256"},{"taxonomy":"product_cat","embeddable":true,"href":"https:\/\/soydeaqui.ddns.net\/pachuca\/index.php\/wp-json\/wp\/v2\/product_cat?post=108256"},{"taxonomy":"product_tag","embeddable":true,"href":"https:\/\/soydeaqui.ddns.net\/pachuca\/index.php\/wp-json\/wp\/v2\/product_tag?post=108256"}],"curies":[{"name":"wp","href":"https:\/\/api.w.org\/{rel}","templated":true}]}}