{"id":108246,"date":"2026-03-20T17:51:39","date_gmt":"2026-03-20T17:51:39","guid":{"rendered":"https:\/\/soydeaqui.ddns.net\/pachuca\/index.php\/producto\/herramienta-de-impacto-punchdown-para-terminacin-de-conectores-estilo-110-con-luz-led\/"},"modified":"2026-03-20T17:52:00","modified_gmt":"2026-03-20T17:52:00","slug":"herramienta-de-impacto-punchdown-para-terminacin-de-conectores-estilo-110-con-luz-led","status":"publish","type":"product","link":"https:\/\/soydeaqui.ddns.net\/pachuca\/index.php\/producto\/herramienta-de-impacto-punchdown-para-terminacin-de-conectores-estilo-110-con-luz-led\/","title":{"rendered":"Herramienta de Impacto Punchdown para Terminaci?n de Conectores Estilo 110 con Luz LED"},"content":{"rendered":"<div style='width: 100%; max-width: 1200px; margin: 0 auto; font-family: sans-serif; line-height: 1.6; color: inherit; background-color: transparent;'> <!-- Imagen del producto --> <\/p>\n<div style='display: flex; justify-content: center; margin-bottom: 30px;'> <img style='width: 100%; max-width: 270px; height: auto; border: 1px solid rgba(150&comma;150&comma;150&comma;0.3); border-radius: 8px;' src='https:\/\/ftp3.syscom.mx\/usuarios\/orobles\/GREENLEE\/TEMPO-COMMUNICATIONS-lg.jpg' alt=''> <\/div>\n<p> <!-- Caracter\u00edsticas --> <\/p>\n<div style='margin-bottom: 30px;'>\n<h3 style='font-size: 22px; border-bottom: 2px solid currentColor; padding-bottom: 5px; margin-top: 0; color: inherit; opacity: 0.8;'>Caracter\u00edsticas<\/h3>\n<ul style='padding-left: 20px; font-size: 15px; color: inherit; list-style-type: disc;'>\n<li style='margin-bottom: 5px;'>Termine el cable en un solo impacto&comma; compatible tambi\u00e9n con cable Cat.6 23 AWG<\/li>\n<li style='margin-bottom: 5px;'>Luz desmontable con LED de larga duraci\u00f3n especialmente dise\u00f1ada para enfocar la luz en el \u00e1rea de trabajo del panel<\/li>\n<li style='margin-bottom: 5px;'>La intensidad luminosa del LED es de 2200 mcd<\/li>\n<li style='margin-bottom: 5px;'>Empu\u00f1aduras y mango acolchado con goma antideslizante para mayor comodidad.<\/li>\n<li style='margin-bottom: 5px;'>Spudger de usos m\u00faltiples que se puede utilizar como destornillador o herramienta de inserci\u00f3n de contactos IDC<\/li>\n<li style='margin-bottom: 5px;'>Gancho para pasar cables a trav\u00e9s de agujeros<\/li>\n<li style='margin-bottom: 5px;'>Elija para separar los cables de par trenzado unidos o para pelar el aislamiento y cortar el cable<\/li>\n<li style='margin-bottom: 5px;'>Compresi\u00f3n de resorte ajustable para todos los tipos de cable. LO = 27.5 lbs (122 N)&comma; HI = 37.5 lbs (167 N)<\/li>\n<li style='margin-bottom: 5px;'>Utiliza cuchillas de estilo <span style='background-color: #ffffff; color: inherit;'>twist-and-lock<\/span><\/li>\n<li style='margin-bottom: 5px;'>\u00c1rea de almacenamiento de la cuchilla en el extremo del mango con una c\u00f3moda tapa de cierre<\/li>\n<\/ul><\/div>\n<\/p><\/div>\n","protected":false},"excerpt":{"rendered":"<p>Herramienta de Impacto Punchdown para Terminaci?n de Conectores Estilo 110 con Luz LED<\/p>\n","protected":false},"featured_media":108245,"comment_status":"open","ping_status":"closed","template":"","meta":[],"product_brand":[],"product_cat":[608],"product_tag":[586,25,658],"class_list":{"0":"post-108246","1":"product","2":"type-product","3":"status-publish","4":"has-post-thumbnail","6":"product_cat-herramientas-cableado-de-cobre","7":"product_tag-cableado-de-cobre","8":"product_tag-herramientas","9":"product_tag-tempo","11":"first","12":"instock","13":"sale","14":"shipping-taxable","15":"purchasable","16":"product-type-simple"},"_links":{"self":[{"href":"https:\/\/soydeaqui.ddns.net\/pachuca\/index.php\/wp-json\/wp\/v2\/product\/108246","targetHints":{"allow":["GET"]}}],"collection":[{"href":"https:\/\/soydeaqui.ddns.net\/pachuca\/index.php\/wp-json\/wp\/v2\/product"}],"about":[{"href":"https:\/\/soydeaqui.ddns.net\/pachuca\/index.php\/wp-json\/wp\/v2\/types\/product"}],"replies":[{"embeddable":true,"href":"https:\/\/soydeaqui.ddns.net\/pachuca\/index.php\/wp-json\/wp\/v2\/comments?post=108246"}],"wp:featuredmedia":[{"embeddable":true,"href":"https:\/\/soydeaqui.ddns.net\/pachuca\/index.php\/wp-json\/wp\/v2\/media\/108245"}],"wp:attachment":[{"href":"https:\/\/soydeaqui.ddns.net\/pachuca\/index.php\/wp-json\/wp\/v2\/media?parent=108246"}],"wp:term":[{"taxonomy":"product_brand","embeddable":true,"href":"https:\/\/soydeaqui.ddns.net\/pachuca\/index.php\/wp-json\/wp\/v2\/product_brand?post=108246"},{"taxonomy":"product_cat","embeddable":true,"href":"https:\/\/soydeaqui.ddns.net\/pachuca\/index.php\/wp-json\/wp\/v2\/product_cat?post=108246"},{"taxonomy":"product_tag","embeddable":true,"href":"https:\/\/soydeaqui.ddns.net\/pachuca\/index.php\/wp-json\/wp\/v2\/product_tag?post=108246"}],"curies":[{"name":"wp","href":"https:\/\/api.w.org\/{rel}","templated":true}]}}