{"id":108233,"date":"2026-03-20T17:50:59","date_gmt":"2026-03-20T17:50:59","guid":{"rendered":"https:\/\/soydeaqui.ddns.net\/pachuca\/index.php\/producto\/domo-ip-ptz-antivandalico-2mp-100m-ir-zoom-optico-25x-h-265-wisestream-wdr-120db-ip66-ik10-nema-4x\/"},"modified":"2026-03-20T17:51:01","modified_gmt":"2026-03-20T17:51:01","slug":"domo-ip-ptz-antivandalico-2mp-100m-ir-zoom-optico-25x-h-265-wisestream-wdr-120db-ip66-ik10-nema-4x","status":"publish","type":"product","link":"https:\/\/soydeaqui.ddns.net\/pachuca\/index.php\/producto\/domo-ip-ptz-antivandalico-2mp-100m-ir-zoom-optico-25x-h-265-wisestream-wdr-120db-ip66-ik10-nema-4x\/","title":{"rendered":"Domo IP PTZ Antivand\u00e1lico 2MP \/ 100m IR \/ Zoom \u00d3ptico 25X \/ H.265 &#038; WiseStream  \/ WDR 120DB \/ IP66 \/ IK10 \/ NEMA 4X"},"content":{"rendered":"<div style='width: 100%; max-width: 1200px; margin: 0 auto; font-family: sans-serif; line-height: 1.6; color: inherit; background-color: transparent;'> <!-- Imagen principal --> <\/p>\n<div style='text-align: center; margin-bottom: 30px;'> <a href='https:\/\/www.syscom.mx\/principal\/consultarproductosazul?global_search=htasq&#038;ordenar=Relevancia&#038;pag=1' target='_blank' rel='noopener' style='display: inline-block;'> <img style='width: 100%; max-width: 560px; height: auto; border: 1px solid rgba(150&comma;150&comma;150&comma;0.3); border-radius: 8px;' src='https:\/\/ftp3.syscom.mx\/usuarios\/gmagos\/Hanwha\/fotos\/Wisenet%20Q.png' alt=''> <\/a> <\/div>\n<p> <!-- Video y contenido WiseStream --> <\/p>\n<div style='display: flex; flex-wrap: wrap; gap: 30px; margin-bottom: 30px;'>\n<div style='flex: 1 1 300px; min-width: 280px;'>\n<div style='position: relative; padding-bottom: 56.25%; height: 0; overflow: hidden;'>   <\/div>\n<\/p><\/div>\n<div style='flex: 1 1 300px; min-width: 280px;'>\n<h3 style='font-size: 22px; border-bottom: 2px solid currentColor; padding-bottom: 5px; margin-top: 0; color: inherit; opacity: 0.8;'>H.265 + <span style='color: #f37934;'>WiseStream<\/span><\/h3>\n<p style='font-size: 15px; color: inherit;'> Mediante WiseStream&comma; la tecnolog\u00eda de compresi\u00f3n de v\u00eddeo de Hanwha Techwin&comma; la serie Wisenet X reduce el almacenamiento de datos <strong><span style='color: #f37934;'>hasta un 75%<\/span><\/strong> en comparaci\u00f3n con la actual tecnolog\u00eda H.264&comma; cuando se combina con la compresi\u00f3n H.265. Los costes del sistema se reducen enormemente sin comprometer la calidad de las im\u00e1genes. <\/p>\n<\/p><\/div>\n<\/p><\/div>\n<p> <!-- Lente Varifocal --> <\/p>\n<div style='display: flex; flex-wrap: wrap; gap: 30px; margin-bottom: 30px;'>\n<div style='flex: 1 1 300px; min-width: 280px;'>\n<h3 style='font-size: 22px; border-bottom: 2px solid currentColor; padding-bottom: 5px; margin-top: 0; color: inherit; opacity: 0.8;'>Lente Varifocal para mejor visualizaci\u00f3n a mayor distancia.<\/h3>\n<p style='font-size: 15px; color: inherit;'> La serie Q de Wisenet&comma; le ofrece <span style='color: #f37934;'><strong>lentes varifocales<\/strong><\/span> de <span style='color: #f37934;'><strong>2.8 &#8211; 12 mm<\/strong><\/span> para tener un mayor alcance de visualizaci\u00f3n cuando se requiere distinguir objetos a distancia. El alcance del lente se puede apreciar en el video. <\/p>\n<\/p><\/div>\n<div style='flex: 1 1 300px; min-width: 280px;'>\n<div style='position: relative; padding-bottom: 56.25%; height: 0; overflow: hidden;'>   <\/div>\n<\/p><\/div>\n<\/p><\/div>\n<p> <!-- Detecciones --> <\/p>\n<div style='display: flex; flex-wrap: wrap; gap: 30px; margin-bottom: 30px;'>\n<div style='flex: 1 1 280px; min-width: 280px; text-align: center;'>\n<h3 style='font-size: 18px; color: #f37934; font-weight: bold; margin: 0 0 15px 0; color: inherit;'>Detecci\u00f3n de Movimiento<\/h3>\n<p> <img style='width: 100%; height: auto; border: 1px solid rgba(150&comma;150&comma;150&comma;0.3); border-radius: 8px;' src='https:\/\/ftp3.syscom.mx\/usuarios\/fotos\/QNO6010R\/88479-detecci\u00f3n_de_movimiento.jpg' alt=''> <\/div>\n<div style='flex: 1 1 280px; min-width: 280px; text-align: center;'>\n<h3 style='font-size: 18px; color: #f37934; font-weight: bold; margin: 0 0 15px 0; color: inherit;'>Detecci\u00f3n de Sabotaje<\/h3>\n<p> <img style='width: 100%; height: auto; border: 1px solid rgba(150&comma;150&comma;150&comma;0.3); border-radius: 8px;' src='https:\/\/ftp3.syscom.mx\/usuarios\/fotos\/LNV6010R\/157854-sabotaje.jpg' alt=''> <\/div>\n<div style='flex: 1 1 280px; min-width: 280px; text-align: center;'>\n<h3 style='font-size: 18px; color: #f37934; font-weight: bold; margin: 0 0 15px 0; color: inherit;'>Detecci\u00f3n de Desenfoque<\/h3>\n<p> <img style='width: 100%; height: auto; border: 1px solid rgba(150&comma;150&comma;150&comma;0.3); border-radius: 8px;' src='https:\/\/ftp3.syscom.mx\/usuarios\/fotos\/LNO6070R\/157853-imagen-desenfocada_1286-72.jpg' alt=''> <\/div>\n<\/p><\/div>\n<p> <!-- Especificaciones --> <\/p>\n<div style='display: flex; flex-wrap: wrap; gap: 20px; margin-bottom: 30px;'> <!-- Caracter\u00edsticas principales --> <\/p>\n<div style='flex: 1 1 250px; border: 1px solid rgba(150&comma; 150&comma; 150&comma; 0.4); border-radius: 8px; overflow: hidden; display: flex; flex-direction: column;'>\n<div style='padding: 15px; border-bottom: 1px solid rgba(150&comma; 150&comma; 150&comma; 0.2); font-weight: bold; font-size: 18px; color: inherit;'>Caracter\u00edsticas principales<\/div>\n<div style='padding: 15px; color: inherit;'>\n<ul style='padding-left: 20px; margin: 0; font-size: 14px; list-style-type: disc;'>\n<li style='margin-bottom: 5px;'>Sensor de imagen: 1\/2.8 CMOS Scan Progresivo.<\/li>\n<li style='margin-bottom: 5px;'>Iluminaci\u00f3n m\u00ednima: Color: 0.2 Lux&comma; B\/N: 0.01 Lux<\/li>\n<li style='margin-bottom: 5px;'>D\u00eda \/ Noche real con filtro ICR.<\/li>\n<li style='margin-bottom: 5px;'>IR 100m.<\/li>\n<li style='margin-bottom: 5px;'>Lente Motizado: 4.44 a 111 mm. (25X)<\/li>\n<li style='margin-bottom: 5px;'>Day &#038; Night (ICR)<\/li>\n<li style='margin-bottom: 5px;'>Funciones: WDR real (120dB).<\/li>\n<\/ul>\n<div style='margin-top: 20px; font-weight: bold; font-size: 14px; color: inherit; border-top: 1px solid rgba(150&comma;150&comma;150&comma;0.2); padding-top: 15px;'> Accesorios Opcionales <\/div>\n<ul style='padding-left: 20px; margin-top: 10px; font-size: 14px; list-style-type: disc;'>\n<li style='margin-bottom: 5px;'><a href='https:\/\/www.syscom.mx\/producto\/SBP-156CMW-Hanwha-Techwin-Wisenet-192705.html' target='_blank' rel='noopener' style='color: inherit; text-decoration: underline;'>SBP-156CMW<\/a> &#8211; Montaje de techo<\/li>\n<li style='margin-bottom: 5px;'><a href='https:\/\/www.syscom.mx\/producto\/SBP-156WMW-Hanwha-Techwin-Wisenet-192703.html' target='_blank' rel='noopener' style='color: inherit; text-decoration: underline;'>SBP-156WMW<\/a> &#8211; Montaje de pared<\/li>\n<li style='margin-bottom: 5px;'><a href='https:\/\/www.syscom.mx\/producto\/SBP-156HMW-Hanwha-Techwin-Wisenet-192704.html' target='_blank' rel='noopener' style='color: inherit; text-decoration: underline;'>SBP-156HMW<\/a> &#8211; Adaptador para montajes adicionales<\/li>\n<li style='margin-bottom: 5px;'><a href='https:\/\/www.syscom.mx\/producto\/SBP-300WMW1-Hanwha-Techwin-Wisenet-164078.html' target='_blank' rel='noopener' style='color: inherit; text-decoration: underline;'>SBP-300WMW1<\/a> &#8211; Montaje de pared (requiere SBP-156HMW)<\/li>\n<li style='margin-bottom: 5px;'><a href='https:\/\/www.syscom.mx\/producto\/SBP-300CMW-Hanwha-Techwin-Wisenet-164080.html' target='_blank' rel='noopener' style='color: inherit; text-decoration: underline;'>SBP-300CMW<\/a> &#8211; Montaje de techo (requiere SBP-156HMW)<\/li>\n<\/ul><\/div>\n<\/p><\/div>\n<p> <!-- Compresi\u00f3n y red --> <\/p>\n<div style='flex: 1 1 250px; border: 1px solid rgba(150&comma; 150&comma; 150&comma; 0.4); border-radius: 8px; overflow: hidden; display: flex; flex-direction: column;'>\n<div style='padding: 15px; border-bottom: 1px solid rgba(150&comma; 150&comma; 150&comma; 0.2); font-weight: bold; font-size: 18px; color: inherit;'>Compresi\u00f3n de v\u00eddeo y resoluci\u00f3n<\/div>\n<div style='padding: 15px; color: inherit;'>\n<ul style='padding-left: 20px; margin: 0; font-size: 14px; list-style-type: disc;'>\n<li style='margin-bottom: 5px;'>Resoluci\u00f3n m\u00e1xima: 2 Megap\u00edxel (1920 x 1080) a 30FPS.<\/li>\n<li style='margin-bottom: 5px;'>Compresi\u00f3n: H.265&comma; H.264&comma; MJPEG.<\/li>\n<\/ul>\n<div style='margin-top: 20px; font-weight: bold; font-size: 14px; color: inherit; border-top: 1px solid rgba(150&comma;150&comma;150&comma;0.2); padding-top: 15px;'> Funciones de red y almacenamiento <\/div>\n<ul style='padding-left: 20px; margin-top: 10px; font-size: 14px; list-style-type: disc;'>\n<li style='margin-bottom: 5px;'>Almacenamiento: Soporta microSD de hasta 256GB (no incluida).<\/li>\n<li style='margin-bottom: 5px;'>ONVIF: Profile S\/G&comma; SUNAPI (HTTP API).<\/li>\n<\/ul><\/div>\n<\/p><\/div>\n<p> <!-- Caracter\u00edsticas f\u00edsicas --> <\/p>\n<div style='flex: 1 1 250px; border: 1px solid rgba(150&comma; 150&comma; 150&comma; 0.4); border-radius: 8px; overflow: hidden; display: flex; flex-direction: column;'>\n<div style='padding: 15px; border-bottom: 1px solid rgba(150&comma; 150&comma; 150&comma; 0.2); font-weight: bold; font-size: 18px; color: inherit;'>Caracter\u00edsticas f\u00edsicas y el\u00e9ctricas<\/div>\n<div style='padding: 15px; color: inherit;'>\n<ul style='padding-left: 20px; margin: 0; font-size: 14px; list-style-type: disc;'>\n<li style='margin-bottom: 5px;'>Temperatura de operaci\u00f3n: -30 a 55 \u00b0C&comma; humedad menor a 90%.<\/li>\n<li style='margin-bottom: 5px;'>Alimentaci\u00f3n: PoE (802.3at) \/ 25.5 W. (no incluido)<\/li>\n<li style='margin-bottom: 5px;'>Tipo de uso: IP66 \/ IK10<\/li>\n<li style='margin-bottom: 5px;'>Dimensiones: \u00d8158 x 293.3 mm<\/li>\n<li style='margin-bottom: 5px;'>Peso: 3.1 Kg.<\/li>\n<\/ul>\n<div style='margin-top: 20px; font-weight: bold; font-size: 14px; color: inherit; border-top: 1px solid rgba(150&comma;150&comma;150&comma;0.2); padding-top: 15px;'> Inyector POE opcional <\/div>\n<ul style='padding-left: 20px; margin-top: 10px; font-size: 14px; list-style-type: disc;'>\n<li style='margin-bottom: 5px;'><a href='https:\/\/www.syscom.mx\/producto\/POE-163-PLANET-73558.html' target='_blank' rel='noopener' style='color: inherit; text-decoration: underline;'>POE-163<\/a><\/li>\n<li style='margin-bottom: 5px;'><a href='https:\/\/www.syscom.mx\/producto\/POE-173-PLANET-73556.html' target='_blank' rel='noopener' style='color: inherit; text-decoration: underline;'>POE-173<\/a><\/li>\n<\/ul><\/div>\n<\/p><\/div>\n<\/p><\/div>\n<p> <!-- Nota final --> <\/p>\n<div style='margin-bottom: 30px; font-size: 14px; color: inherit;'>\n<p style='margin-bottom: 15px;'>Nota: Los montajes se cotizan por separado&comma; revisar los accesorios necesarios seg\u00fan la instalaci\u00f3n.<\/p>\n<p style='margin-bottom: 0;'>Para m\u00e1s informaci\u00f3n&comma; <a href='https:\/\/hanwhavisionamerica.com\/download\/30483\/' target='_blank' rel='noopener' style='color: inherit; text-decoration: underline;'>ingrese aqu\u00ed<\/a>.<\/p>\n<\/p><\/div>\n<p> <!-- Separador final --> <\/p>\n<hr style='border: 0; border-top: 1px solid rgba(150&comma; 150&comma; 150&comma; 0.3); margin: 30px 0;'> <\/div>\n","protected":false},"excerpt":{"rendered":"<p>Domo IP PTZ Antivand\u00e1lico 2MP \/ 100m IR \/ Zoom \u00d3ptico 25X \/ H.265 &#038; WiseStream  \/ WDR 120DB \/ IP66 \/ IK10 \/ NEMA 4X<\/p>\n","protected":false},"featured_media":108232,"comment_status":"open","ping_status":"closed","template":"","meta":[],"product_brand":[],"product_cat":[1224],"product_tag":[122,1055,1225],"class_list":{"0":"post-108233","1":"product","2":"type-product","3":"status-publish","4":"has-post-thumbnail","6":"product_cat-ptz","7":"product_tag-camaras-ip-y-nvrs","8":"product_tag-hanwha-vision","9":"product_tag-ptz","11":"first","12":"instock","13":"sale","14":"shipping-taxable","15":"purchasable","16":"product-type-simple"},"_links":{"self":[{"href":"https:\/\/soydeaqui.ddns.net\/pachuca\/index.php\/wp-json\/wp\/v2\/product\/108233","targetHints":{"allow":["GET"]}}],"collection":[{"href":"https:\/\/soydeaqui.ddns.net\/pachuca\/index.php\/wp-json\/wp\/v2\/product"}],"about":[{"href":"https:\/\/soydeaqui.ddns.net\/pachuca\/index.php\/wp-json\/wp\/v2\/types\/product"}],"replies":[{"embeddable":true,"href":"https:\/\/soydeaqui.ddns.net\/pachuca\/index.php\/wp-json\/wp\/v2\/comments?post=108233"}],"wp:featuredmedia":[{"embeddable":true,"href":"https:\/\/soydeaqui.ddns.net\/pachuca\/index.php\/wp-json\/wp\/v2\/media\/108232"}],"wp:attachment":[{"href":"https:\/\/soydeaqui.ddns.net\/pachuca\/index.php\/wp-json\/wp\/v2\/media?parent=108233"}],"wp:term":[{"taxonomy":"product_brand","embeddable":true,"href":"https:\/\/soydeaqui.ddns.net\/pachuca\/index.php\/wp-json\/wp\/v2\/product_brand?post=108233"},{"taxonomy":"product_cat","embeddable":true,"href":"https:\/\/soydeaqui.ddns.net\/pachuca\/index.php\/wp-json\/wp\/v2\/product_cat?post=108233"},{"taxonomy":"product_tag","embeddable":true,"href":"https:\/\/soydeaqui.ddns.net\/pachuca\/index.php\/wp-json\/wp\/v2\/product_tag?post=108233"}],"curies":[{"name":"wp","href":"https:\/\/api.w.org\/{rel}","templated":true}]}}