{"id":108224,"date":"2026-03-20T17:50:29","date_gmt":"2026-03-20T17:50:29","guid":{"rendered":"https:\/\/soydeaqui.ddns.net\/pachuca\/index.php\/producto\/lijadora-d-banda-1-2in-v-v-600-1700-m-min-m-bl-li-ion-s-bat-y-carg-c-luzfreno-18v\/"},"modified":"2026-03-20T17:50:39","modified_gmt":"2026-03-20T17:50:39","slug":"lijadora-d-banda-1-2in-v-v-600-1700-m-min-m-bl-li-ion-s-bat-y-carg-c-luzfreno-18v","status":"publish","type":"product","link":"https:\/\/soydeaqui.ddns.net\/pachuca\/index.php\/producto\/lijadora-d-banda-1-2in-v-v-600-1700-m-min-m-bl-li-ion-s-bat-y-carg-c-luzfreno-18v\/","title":{"rendered":"LIJADORA D\/BANDA 1\/2IN V.V. 600-1700 M\/MIN M\/BL LI-ION S\/BAT Y CARG. C\/LUZFRENO 18V"},"content":{"rendered":"<div style='width: 100%; max-width: 1200px; margin: 0 auto; font-family: sans-serif; line-height: 1.6; color: inherit; background-color: transparent;'>\n<h3 style='font-size: 22px; border-bottom: 2px solid currentColor; padding-bottom: 5px; margin-top: 0; margin-bottom: 15px; color: inherit; opacity: 0.8; text-transform: uppercase;'>BENEFICIOS DEL USUARIO:<\/h3>\n<ul style='padding-left: 20px; font-size: 15px; color: inherit; margin-bottom: 30px;'>\n<li style='margin-bottom: 5px; color: inherit;'>El motor BL sin escobillas de alta potencia proporciona el mismo rendimiento que nuestro modelo 9032.<\/li>\n<li style='margin-bottom: 5px; color: inherit;'>LED m\u00f3vil&comma; capaz de ajustarse manualmente sobre un punto para que coincida con el \u00e1ngulo del soporte de la lija o con la pieza de trabajo.<\/li>\n<li style='margin-bottom: 5px; color: inherit;'>La banda ajustable gira hasta 160\u00b0 para un almacenamiento compacto (modelo anterior 9032: hasta 90\u00b0).<\/li>\n<li style='margin-bottom: 5px; color: inherit;'>El freno el\u00e9ctrico minimiza el tiempo de inactividad entre lijado al detener r\u00e1pidamente la banda.<\/li>\n<li style='margin-bottom: 5px; color: inherit;'>El control de la velocidad por dial proporciona gran versatilidad para trabajar con madera y metal.<\/li>\n<li style='margin-bottom: 5px; color: inherit;'>Anti-startup durante el almacenamiento; dise\u00f1ado para evitar los arranques inesperados de la lijadora de banda siempre que el soporte de la lija est\u00e9 doblado m\u00e1s de 90\u00b0.<\/li>\n<li style='margin-bottom: 5px; color: inherit;'>Gran longitud de la banda&comma; 533 mm para un trabajo m\u00e1s r\u00e1pido.<\/li>\n<li style='margin-bottom: 5px; color: inherit;'>Compatible con las bandas abrasivas del modelo 9032.<\/li>\n<li style='margin-bottom: 5px; color: inherit;'>Bot\u00f3n de bloqueo para trabajos continuos.<\/li>\n<li style='margin-bottom: 5px; color: inherit;'>Conectable a un aspirador para un entorno de trabajo m\u00e1s limpio.<\/li>\n<li style='margin-bottom: 5px; color: inherit;'>Dise\u00f1o compacto para lijar en espacios reducidos.<\/li>\n<\/ul>\n<div style='display: flex; flex-wrap: wrap; gap: 20px; margin-bottom: 30px;'>\n<div style='flex: 1 1 200px; min-width: 150px;'> <img style='width: 100%; height: auto; border: 1px solid rgba(150&comma;150&comma;150&comma;0.3); border-radius: 8px;' src='https:\/\/es.pdbmakita.com\/images\/1_Makita\/103_logos\/10302_JPG_web\/18V.jpg' alt='18 Voltios'> <\/div>\n<div style='flex: 1 1 200px; min-width: 150px;'> <img style='width: 100%; height: auto; border: 1px solid rgba(150&comma;150&comma;150&comma;0.3); border-radius: 8px;' src='https:\/\/es.pdbmakita.com\/images\/1_Makita\/103_logos\/10302_JPG_web\/LXT.jpg' alt='LXT Litio-Ion'> <\/div>\n<div style='flex: 1 1 200px; min-width: 150px;'> <img style='width: 100%; height: auto; border: 1px solid rgba(150&comma;150&comma;150&comma;0.3); border-radius: 8px;' src='https:\/\/es.pdbmakita.com\/images\/1_Makita\/103_logos\/10302_JPG_web\/BL_motor_mark.jpg' alt='Motor sin escobillas'> <\/div>\n<\/p><\/div>\n<div style='margin-bottom: 30px; font-weight: bold; color: inherit;'> <span style='color: #000000;'>EQUIPO SIN BATERIA NI CARGADOR<\/span> <\/div>\n<hr style='border: 0; border-top: 1px solid rgba(150&comma; 150&comma; 150&comma; 0.3); margin: 30px 0;'> <\/div>\n","protected":false},"excerpt":{"rendered":"<p>LIJADORA D\/BANDA 1\/2IN V.V. 600-1700 M\/MIN M\/BL LI-ION S\/BAT Y CARG. C\/LUZFRENO 18V<\/p>\n","protected":false},"featured_media":108223,"comment_status":"open","ping_status":"closed","template":"","meta":[],"product_brand":[],"product_cat":[130],"product_tag":[25,131,252],"class_list":{"0":"post-108224","1":"product","2":"type-product","3":"status-publish","4":"has-post-thumbnail","6":"product_cat-herramientas-electricas","7":"product_tag-herramientas","8":"product_tag-herramientas-electricas","9":"product_tag-makita","11":"first","12":"outofstock","13":"sale","14":"shipping-taxable","15":"purchasable","16":"product-type-simple"},"_links":{"self":[{"href":"https:\/\/soydeaqui.ddns.net\/pachuca\/index.php\/wp-json\/wp\/v2\/product\/108224","targetHints":{"allow":["GET"]}}],"collection":[{"href":"https:\/\/soydeaqui.ddns.net\/pachuca\/index.php\/wp-json\/wp\/v2\/product"}],"about":[{"href":"https:\/\/soydeaqui.ddns.net\/pachuca\/index.php\/wp-json\/wp\/v2\/types\/product"}],"replies":[{"embeddable":true,"href":"https:\/\/soydeaqui.ddns.net\/pachuca\/index.php\/wp-json\/wp\/v2\/comments?post=108224"}],"wp:featuredmedia":[{"embeddable":true,"href":"https:\/\/soydeaqui.ddns.net\/pachuca\/index.php\/wp-json\/wp\/v2\/media\/108223"}],"wp:attachment":[{"href":"https:\/\/soydeaqui.ddns.net\/pachuca\/index.php\/wp-json\/wp\/v2\/media?parent=108224"}],"wp:term":[{"taxonomy":"product_brand","embeddable":true,"href":"https:\/\/soydeaqui.ddns.net\/pachuca\/index.php\/wp-json\/wp\/v2\/product_brand?post=108224"},{"taxonomy":"product_cat","embeddable":true,"href":"https:\/\/soydeaqui.ddns.net\/pachuca\/index.php\/wp-json\/wp\/v2\/product_cat?post=108224"},{"taxonomy":"product_tag","embeddable":true,"href":"https:\/\/soydeaqui.ddns.net\/pachuca\/index.php\/wp-json\/wp\/v2\/product_tag?post=108224"}],"curies":[{"name":"wp","href":"https:\/\/api.w.org\/{rel}","templated":true}]}}