{"id":108211,"date":"2026-03-20T17:49:42","date_gmt":"2026-03-20T17:49:42","guid":{"rendered":"https:\/\/soydeaqui.ddns.net\/pachuca\/index.php\/producto\/rotamartillo-18v-sds-0-1-200-rpm-3-modos-de-trabajo-incluye-2-baterias-de-3-0-ah-cargador-y-maletin\/"},"modified":"2026-03-20T17:49:54","modified_gmt":"2026-03-20T17:49:54","slug":"rotamartillo-18v-sds-0-1-200-rpm-3-modos-de-trabajo-incluye-2-baterias-de-3-0-ah-cargador-y-maletin","status":"publish","type":"product","link":"https:\/\/soydeaqui.ddns.net\/pachuca\/index.php\/producto\/rotamartillo-18v-sds-0-1-200-rpm-3-modos-de-trabajo-incluye-2-baterias-de-3-0-ah-cargador-y-maletin\/","title":{"rendered":"Rotamartill\u00f3 18V, SDS 0-1.200 Rpm, 3 Modos de Trabajo, Incluye 2 Bater\u00edas de 3.0 Ah, Cargador y Malet\u00edn."},"content":{"rendered":"<div style='width: 100%; max-width: 1200px; margin: 0 auto; font-family: sans-serif; line-height: 1.6; color: inherit; background-color: transparent;'> <!-- Secci\u00f3n principal --> <\/p>\n<div style='margin-bottom: 30px;'>\n<h3 style='font-size: 22px; border-bottom: 2px solid currentColor; padding-bottom: 5px; margin-top: 0; color: inherit; opacity: 0.8;'>Martillo rotatorio combinado inal\u00e1mbrico<\/h3>\n<ul style='padding-left: 20px; font-size: 15px; color: inherit;'>\n<li style='margin-bottom: 5px;'>3 Modos de operaci\u00f3n: &#8216;Percusi\u00f3n con rotaci\u00f3n&#8217;&comma; &#8216;solo percusi\u00f3n&#8217;&comma; &#8216;solo rotaci\u00f3n&#8217;<\/li>\n<li style='margin-bottom: 5px;'>Empu\u00f1adura ergon\u00f3micamente dise\u00f1ada con neopreno para mayor control y comfort<\/li>\n<li style='margin-bottom: 5px;'>Broquero de cierre r\u00e1pido permite un f\u00e1cil cambio de puntas<\/li>\n<\/ul><\/div>\n<p> <!-- Secci\u00f3n de especificaciones --> <\/p>\n<div style='display: flex; flex-wrap: wrap; gap: 20px; margin-bottom: 30px;'>\n<div style='flex: 1 1 250px; border: 1px solid rgba(150&comma; 150&comma; 150&comma; 0.4); border-radius: 8px; overflow: hidden; display: flex; flex-direction: column;'>\n<div style='padding: 15px; border-bottom: 1px solid rgba(150&comma; 150&comma; 150&comma; 0.2); font-weight: bold; font-size: 18px; color: inherit;'>Especificaciones<\/div>\n<div style='padding: 15px; color: inherit;'>\n<ul style='padding-left: 20px; margin: 0; font-size: 14px; list-style-type: disc;'>\n<li style='margin-bottom: 5px;'><strong>Energ\u00eda de impacto:<\/strong> 1.9 J<\/li>\n<li style='margin-bottom: 5px;'><strong>Peso neto:<\/strong> 3.2kg (7.1lbs)<\/li>\n<li style='margin-bottom: 5px;'><strong>Dimensiones:<\/strong> 417x84x219mm (16-3\/8\u201dx3-5\/16\u201dx8-5\/8\u201d)<\/li>\n<li style='margin-bottom: 5px;'><strong>Velocidad sin carga:<\/strong> 0-1&comma;100 rpm<\/li>\n<li style='margin-bottom: 5px;'><strong>Impactos por minuto:<\/strong> 0-4&comma;000<\/li>\n<\/ul><\/div>\n<\/p><\/div>\n<p> <!-- Secci\u00f3n de capacidad --> <\/p>\n<div style='flex: 1 1 250px; border: 1px solid rgba(150&comma; 150&comma; 150&comma; 0.4); border-radius: 8px; overflow: hidden; display: flex; flex-direction: column;'>\n<div style='padding: 15px; border-bottom: 1px solid rgba(150&comma; 150&comma; 150&comma; 0.2); font-weight: bold; font-size: 18px; color: inherit;'>Capacidad<\/div>\n<div style='padding: 15px; color: inherit;'>\n<ul style='padding-left: 20px; margin: 0; font-size: 14px; list-style-type: disc;'>\n<li style='margin-bottom: 5px;'><strong>Concreto:<\/strong> 20mm (13\/16\u201d)<\/li>\n<li style='margin-bottom: 5px;'><strong>Acero:<\/strong> 13mm (1\/2\u201d)<\/li>\n<li style='margin-bottom: 5px;'><strong>Madera:<\/strong> 26mm (1\u201d)<\/li>\n<\/ul><\/div>\n<\/p><\/div>\n<p> <!-- Secci\u00f3n de contenido incluido --> <\/p>\n<div style='flex: 1 1 250px; border: 1px solid rgba(150&comma; 150&comma; 150&comma; 0.4); border-radius: 8px; overflow: hidden; display: flex; flex-direction: column;'>\n<div style='padding: 15px; border-bottom: 1px solid rgba(150&comma; 150&comma; 150&comma; 0.2); font-weight: bold; font-size: 18px; color: inherit;'>Contenido del paquete<\/div>\n<div style='padding: 15px; color: inherit;'>\n<ul style='padding-left: 20px; margin: 0; font-size: 14px; list-style-type: disc;'>\n<li style='margin-bottom: 5px;'>Empu\u00f1adura lateral<\/li>\n<li style='margin-bottom: 5px;'>Tope de profundidad<\/li>\n<li style='margin-bottom: 5px;'>Rotomartillo DHR241RFE<\/li>\n<li style='margin-bottom: 5px;'>Cargador DC18RD<\/li>\n<li style='margin-bottom: 5px;'>Bater\u00eda BL1830B 3.0Ah (x2)<\/li>\n<\/ul><\/div>\n<\/p><\/div>\n<\/p><\/div>\n<p> <!-- Separador --> <\/p>\n<hr style='border: 0; border-top: 1px solid rgba(150&comma; 150&comma; 150&comma; 0.3); margin: 30px 0;'> <\/div>\n","protected":false},"excerpt":{"rendered":"<p>Rotamartill\u00f3 18V, SDS 0-1.200 Rpm, 3 Modos de Trabajo, Incluye 2 Bater\u00edas de 3.0 Ah, Cargador y Malet\u00edn.<\/p>\n","protected":false},"featured_media":108210,"comment_status":"open","ping_status":"closed","template":"","meta":[],"product_brand":[],"product_cat":[1227],"product_tag":[1058,1228,252],"class_list":{"0":"post-108211","1":"product","2":"type-product","3":"status-publish","4":"has-post-thumbnail","6":"product_cat-herramienta-electrica-a-bateria","7":"product_tag-ferreteria","8":"product_tag-herramienta-electrica-a-bateria","9":"product_tag-makita","11":"first","12":"outofstock","13":"sale","14":"shipping-taxable","15":"purchasable","16":"product-type-simple"},"_links":{"self":[{"href":"https:\/\/soydeaqui.ddns.net\/pachuca\/index.php\/wp-json\/wp\/v2\/product\/108211","targetHints":{"allow":["GET"]}}],"collection":[{"href":"https:\/\/soydeaqui.ddns.net\/pachuca\/index.php\/wp-json\/wp\/v2\/product"}],"about":[{"href":"https:\/\/soydeaqui.ddns.net\/pachuca\/index.php\/wp-json\/wp\/v2\/types\/product"}],"replies":[{"embeddable":true,"href":"https:\/\/soydeaqui.ddns.net\/pachuca\/index.php\/wp-json\/wp\/v2\/comments?post=108211"}],"wp:featuredmedia":[{"embeddable":true,"href":"https:\/\/soydeaqui.ddns.net\/pachuca\/index.php\/wp-json\/wp\/v2\/media\/108210"}],"wp:attachment":[{"href":"https:\/\/soydeaqui.ddns.net\/pachuca\/index.php\/wp-json\/wp\/v2\/media?parent=108211"}],"wp:term":[{"taxonomy":"product_brand","embeddable":true,"href":"https:\/\/soydeaqui.ddns.net\/pachuca\/index.php\/wp-json\/wp\/v2\/product_brand?post=108211"},{"taxonomy":"product_cat","embeddable":true,"href":"https:\/\/soydeaqui.ddns.net\/pachuca\/index.php\/wp-json\/wp\/v2\/product_cat?post=108211"},{"taxonomy":"product_tag","embeddable":true,"href":"https:\/\/soydeaqui.ddns.net\/pachuca\/index.php\/wp-json\/wp\/v2\/product_tag?post=108211"}],"curies":[{"name":"wp","href":"https:\/\/api.w.org\/{rel}","templated":true}]}}