{"id":108207,"date":"2026-03-20T17:49:31","date_gmt":"2026-03-20T17:49:31","guid":{"rendered":"https:\/\/soydeaqui.ddns.net\/pachuca\/index.php\/producto\/rotomartillo-inalambrico-sds-plus-18v-lxt-no-incluye-bateria-ni-cargador\/"},"modified":"2026-03-20T17:49:33","modified_gmt":"2026-03-20T17:49:33","slug":"rotomartillo-inalambrico-sds-plus-18v-lxt-no-incluye-bateria-ni-cargador","status":"publish","type":"product","link":"https:\/\/soydeaqui.ddns.net\/pachuca\/index.php\/producto\/rotomartillo-inalambrico-sds-plus-18v-lxt-no-incluye-bateria-ni-cargador\/","title":{"rendered":"Rotomartillo Inal\u00e1mbrico SDS PLUS 18V LXT. No incluye Bater\u00eda ni Cargador."},"content":{"rendered":"<div style='width: 100%; max-width: 1200px; margin: 0 auto; font-family: sans-serif; line-height: 1.6; color: inherit; background-color: transparent;'>\n<div style='display: flex; flex-wrap: wrap; gap: 30px; margin-bottom: 30px;'>\n<div style='flex: 1 1 300px; min-width: 280px;'>\n<h3 style='font-size: 22px; border-bottom: 2px solid currentColor; padding-bottom: 5px; margin-top: 0; color: inherit; opacity: 0.8;'>Caracter\u00edsticas destacadas<\/h3>\n<ul style='padding-left: 20px; font-size: 15px; color: inherit;'>\n<li style='margin-bottom: 5px;'>El limitador de torsi\u00f3n detiene la rotaci\u00f3n de la broca si la broca se atasca para una mayor seguridad del operador y una protecci\u00f3n mejorada de la herramienta<\/li>\n<li style='margin-bottom: 5px;'>La construcci\u00f3n de la junta de goma suprime la transmisi\u00f3n de vibraci\u00f3n a la bater\u00eda&comma; minimizando los fallos de la bater\u00eda debido a la rotura del terminal o el mal contacto el\u00e9ctrico<\/li>\n<li style='margin-bottom: 5px;'>40 posiciones de \u00e1ngulo de la broca permiten que los cinceles se coloquen en un \u00e1ngulo \u00f3ptimo de funcionamiento<\/li>\n<li style='margin-bottom: 5px;'>El parachoques de la carcasa de goma protege el interruptor selector de modo y la carcasa del engranaje de da\u00f1os<\/li>\n<li style='margin-bottom: 5px;'>El portabrocas deslizante de un solo toque permite un cambio r\u00e1pido y f\u00e1cil de brocas<\/li>\n<\/ul><\/div>\n<\/p><\/div>\n<div style='display: flex; flex-wrap: wrap; gap: 20px; margin-bottom: 30px;'>\n<div style='flex: 1 1 250px; border: 1px solid rgba(150&comma; 150&comma; 150&comma; 0.4); border-radius: 8px; overflow: hidden; display: flex; flex-direction: column;'>\n<div style='padding: 15px; border-bottom: 1px solid rgba(150&comma; 150&comma; 150&comma; 0.2); font-weight: bold; font-size: 18px; color: inherit;'>Especificaciones<\/div>\n<div style='padding: 15px; color: inherit;'>\n<ul style='padding-left: 20px; margin: 0; font-size: 14px; list-style-type: disc;'>\n<li style='margin-bottom: 5px;'><strong>Fuente de energ\u00eda:<\/strong> Bater\u00edas<\/li>\n<li style='margin-bottom: 5px;'><strong>Color:<\/strong> Azul<\/li>\n<li style='margin-bottom: 5px;'><strong>Voltaje:<\/strong> 18 V<\/li>\n<li style='margin-bottom: 5px;'><strong>Revoluciones por minuto sin carga:<\/strong> 0-1200 RPM<\/li>\n<li style='margin-bottom: 5px;'><strong>Golpes por minuto:<\/strong> 0-4000 GPM<\/li>\n<li style='margin-bottom: 5px;'><strong>Dimensiones:<\/strong> 44.5 x 9.5 x 20.6 cm<\/li>\n<li style='margin-bottom: 5px;'><strong>Peso:<\/strong> 3.31 kg<\/li>\n<li style='margin-bottom: 5px;'><strong>Capacidad:<\/strong><\/li>\n<ul style='padding-left: 30px; margin: 5px 0; font-size: 14px; list-style-type: disc;'>\n<li style='margin-bottom: 5px;'>Concreto: 20mm (13\/16&#8242;)<\/li>\n<li style='margin-bottom: 5px;'>Acero: 13mm (1\/2&#8242;)<\/li>\n<li style='margin-bottom: 5px;'>Madera: 26mm (1&#8242;)<\/li>\n<\/ul>\n<li style='margin-bottom: 5px;'><strong>Impactos por minuto:<\/strong> 0-4&comma;000<\/li>\n<li style='margin-bottom: 5px;'><strong>Velocidad sin carga:<\/strong> 0-1&comma;100 rpm<\/li>\n<\/ul><\/div>\n<\/p><\/div>\n<\/p><\/div>\n<div style='display: flex; flex-wrap: wrap; gap: 30px; margin-bottom: 30px;'>\n<div style='flex: 1 1 300px; min-width: 280px;'>\n<h3 style='font-size: 22px; border-bottom: 2px solid currentColor; padding-bottom: 5px; margin-top: 0; color: inherit; opacity: 0.8;'>Requiere<\/h3>\n<ul style='padding-left: 20px; font-size: 15px; color: inherit;'>\n<li style='margin-bottom: 5px;'><strong>Bater\u00eda:<\/strong> <a href='https:\/\/www.syscom.mx\/products\/208127' style='color: inherit; text-decoration: underline;'>BL1830B<\/a> o <a href='https:\/\/www.syscom.mx\/products\/186538' style='color: inherit; text-decoration: underline;'>BL-1850-B<\/a><\/li>\n<li style='margin-bottom: 5px;'><strong>Cargador:<\/strong> <a href='https:\/\/www.syscom.mx\/products\/186539' style='color: inherit; text-decoration: underline;'>DC18RC<\/a><\/li>\n<\/ul><\/div>\n<\/p><\/div>\n<div style='display: flex; flex-wrap: wrap; gap: 30px; margin-bottom: 30px;'>\n<div style='flex: 1 1 300px; min-width: 280px;'>\n<h3 style='font-size: 22px; border-bottom: 2px solid currentColor; padding-bottom: 5px; margin-top: 0; color: inherit; opacity: 0.8;'>Logo<\/h3>\n<p> <img style='width: 100%; height: auto; border: 1px solid rgba(150&comma;150&comma;150&comma;0.3); border-radius: 8px;' src='https:\/\/ftp3.syscom.mx\/usuarios\/nortega\/makita\/imagenes\/makita.png' alt='Logo de Makita'> <\/div>\n<\/p><\/div>\n<hr style='border: 0; border-top: 1px solid rgba(150&comma; 150&comma; 150&comma; 0.3); margin: 30px 0;'> <\/div>\n","protected":false},"excerpt":{"rendered":"<p>Rotomartillo Inal\u00e1mbrico SDS PLUS 18V LXT. No incluye Bater\u00eda ni Cargador.<\/p>\n","protected":false},"featured_media":108206,"comment_status":"open","ping_status":"closed","template":"","meta":[],"product_brand":[],"product_cat":[130],"product_tag":[25,131,252],"class_list":{"0":"post-108207","1":"product","2":"type-product","3":"status-publish","4":"has-post-thumbnail","6":"product_cat-herramientas-electricas","7":"product_tag-herramientas","8":"product_tag-herramientas-electricas","9":"product_tag-makita","11":"first","12":"instock","13":"sale","14":"shipping-taxable","15":"purchasable","16":"product-type-simple"},"_links":{"self":[{"href":"https:\/\/soydeaqui.ddns.net\/pachuca\/index.php\/wp-json\/wp\/v2\/product\/108207","targetHints":{"allow":["GET"]}}],"collection":[{"href":"https:\/\/soydeaqui.ddns.net\/pachuca\/index.php\/wp-json\/wp\/v2\/product"}],"about":[{"href":"https:\/\/soydeaqui.ddns.net\/pachuca\/index.php\/wp-json\/wp\/v2\/types\/product"}],"replies":[{"embeddable":true,"href":"https:\/\/soydeaqui.ddns.net\/pachuca\/index.php\/wp-json\/wp\/v2\/comments?post=108207"}],"wp:featuredmedia":[{"embeddable":true,"href":"https:\/\/soydeaqui.ddns.net\/pachuca\/index.php\/wp-json\/wp\/v2\/media\/108206"}],"wp:attachment":[{"href":"https:\/\/soydeaqui.ddns.net\/pachuca\/index.php\/wp-json\/wp\/v2\/media?parent=108207"}],"wp:term":[{"taxonomy":"product_brand","embeddable":true,"href":"https:\/\/soydeaqui.ddns.net\/pachuca\/index.php\/wp-json\/wp\/v2\/product_brand?post=108207"},{"taxonomy":"product_cat","embeddable":true,"href":"https:\/\/soydeaqui.ddns.net\/pachuca\/index.php\/wp-json\/wp\/v2\/product_cat?post=108207"},{"taxonomy":"product_tag","embeddable":true,"href":"https:\/\/soydeaqui.ddns.net\/pachuca\/index.php\/wp-json\/wp\/v2\/product_tag?post=108207"}],"curies":[{"name":"wp","href":"https:\/\/api.w.org\/{rel}","templated":true}]}}