{"id":108163,"date":"2026-03-20T17:47:08","date_gmt":"2026-03-20T17:47:08","guid":{"rendered":"https:\/\/soydeaqui.ddns.net\/pachuca\/index.php\/producto\/cargador-de-auto-24w-puerto-usb-a-y-usb-c-carga-rpida-compatible-con-vehculos-de-12-y-24-vcd-pd3-0-qc3-0-indicador-led-diseo-compacto-chip-inteligente-caja-de-aluminio\/"},"modified":"2026-03-20T17:47:10","modified_gmt":"2026-03-20T17:47:10","slug":"cargador-de-auto-24w-puerto-usb-a-y-usb-c-carga-rpida-compatible-con-vehculos-de-12-y-24-vcd-pd3-0-qc3-0-indicador-led-diseo-compacto-chip-inteligente-caja-de-aluminio","status":"publish","type":"product","link":"https:\/\/soydeaqui.ddns.net\/pachuca\/index.php\/producto\/cargador-de-auto-24w-puerto-usb-a-y-usb-c-carga-rpida-compatible-con-vehculos-de-12-y-24-vcd-pd3-0-qc3-0-indicador-led-diseo-compacto-chip-inteligente-caja-de-aluminio\/","title":{"rendered":"Cargador de Auto 24W | Puerto USB-A y USB-C | Carga R?pida | Compatible con Veh?culos de 12 y 24 VCD | PD3.0 + QC3.0 | Indicador Led | Dise?o Compacto | Chip Inteligente | Caja de Aluminio"},"content":{"rendered":"<div style='width: 100%; max-width: 1200px; margin: 0 auto; font-family: sans-serif; line-height: 1.6; color: inherit; background-color: transparent;'> <!-- Im\u00e1genes del producto --> <\/p>\n<div style='display: flex; flex-wrap: wrap; gap: 15px; margin-bottom: 30px;'>\n<div style='flex: 1 1 300px; min-width: 280px;'> <img style='width: 100%; height: auto; border: 1px solid rgba(150&comma;150&comma;150&comma;0.3); border-radius: 8px;' src='http:\/\/ftp3.syscom.mx\/usuarios\/hallende\/UGREEN2\/Cargadores\/30780\/30780-10.jpg' alt=''> <\/div>\n<div style='flex: 1 1 300px; min-width: 280px;'> <img style='width: 100%; height: auto; border: 1px solid rgba(150&comma;150&comma;150&comma;0.3); border-radius: 8px;' src='http:\/\/ftp3.syscom.mx\/usuarios\/hallende\/UGREEN2\/Cargadores\/30780\/30780-11.jpg' alt=''> <\/div>\n<div style='flex: 1 1 300px; min-width: 280px;'> <img style='width: 100%; height: auto; border: 1px solid rgba(150&comma;150&comma;150&comma;0.3); border-radius: 8px;' src='http:\/\/ftp3.syscom.mx\/usuarios\/hallende\/UGREEN2\/Cargadores\/30780\/30780-12.jpg' alt=''> <\/div>\n<div style='flex: 1 1 300px; min-width: 280px;'> <img style='width: 100%; height: auto; border: 1px solid rgba(150&comma;150&comma;150&comma;0.3); border-radius: 8px;' src='http:\/\/ftp3.syscom.mx\/usuarios\/hallende\/UGREEN2\/Cargadores\/30780\/30780-13.jpg' alt=''> <\/div>\n<div style='flex: 1 1 300px; min-width: 280px;'> <img style='width: 100%; height: auto; border: 1px solid rgba(150&comma;150&comma;150&comma;0.3); border-radius: 8px;' src='http:\/\/ftp3.syscom.mx\/usuarios\/hallende\/UGREEN2\/Cargadores\/30780\/30780-14.jpg' alt=''> <\/div>\n<div style='flex: 1 1 300px; min-width: 280px;'> <img style='width: 100%; height: auto; border: 1px solid rgba(150&comma;150&comma;150&comma;0.3); border-radius: 8px;' src='http:\/\/ftp3.syscom.mx\/usuarios\/hallende\/UGREEN2\/Cargadores\/30780\/30780-15.jpg' alt=''> <\/div>\n<div style='flex: 1 1 300px; min-width: 280px;'> <img style='width: 100%; height: auto; border: 1px solid rgba(150&comma;150&comma;150&comma;0.3); border-radius: 8px;' src='http:\/\/ftp3.syscom.mx\/usuarios\/hallende\/UGREEN2\/Cargadores\/30780\/30780-16.jpg' alt=''> <\/div>\n<\/p><\/div>\n<p> <!-- Secci\u00f3n de caracter\u00edsticas principales --> <\/p>\n<div style='display: flex; flex-wrap: wrap; gap: 30px; margin-bottom: 30px;'>\n<div style='flex: 1 1 300px; min-width: 280px;'>\n<h3 style='font-size: 22px; border-bottom: 2px solid currentColor; padding-bottom: 5px; margin-top: 0; color: inherit; opacity: 0.8;'>Caracter\u00edsticas Principales<\/h3>\n<ul style='padding-left: 20px; font-size: 15px; color: inherit;'>\n<li style='margin-bottom: 5px;'>Carga 2 dispositivos simult\u00e1neamente<\/li>\n<li style='margin-bottom: 5px;'>Dise\u00f1o anti vibraci\u00f3n&comma; m\u00e1s estable y duradero<\/li>\n<li style='margin-bottom: 5px;'>M\u00e1s de 3000 enchufes probados<\/li>\n<li style='margin-bottom: 5px;'>Power Delivery 3.0 (20W) + Quick Charge 3.0 (18W)<\/li>\n<li style='margin-bottom: 5px;'>Potencia total de 24W cuando se usan ambos puertos<\/li>\n<li style='margin-bottom: 5px;'>Chip inteligente para protecci\u00f3n contra cortocircuitos&comma; sobre voltaje&comma; sobrecalentamiento y sobre corriente<\/li>\n<\/ul><\/div>\n<div style='flex: 1 1 300px; min-width: 280px;'>\n<h3 style='font-size: 22px; border-bottom: 2px solid currentColor; padding-bottom: 5px; margin-top: 0; color: inherit; opacity: 0.8;'>Especificaciones T\u00e9cnicas<\/h3>\n<ul style='padding-left: 20px; font-size: 15px; color: inherit;'>\n<li style='margin-bottom: 5px;'><strong>Entrada:<\/strong> DC 12-24V<\/li>\n<li style='margin-bottom: 5px;'><strong>Salida USB-C:<\/strong> 5V\/3A&comma; 9V\/2.22A&comma; 12V\/1.67A<\/li>\n<li style='margin-bottom: 5px;'><strong>Salida USB-A:<\/strong> 5V\/3A&comma; 9V\/2A&comma; 12V\/1.5A<\/li>\n<li style='margin-bottom: 5px;'><strong>Protocolos:<\/strong> Power Delivery 3.0\/2.0 y Quick Charge 3.0\/2.0<\/li>\n<li style='margin-bottom: 5px;'><strong>Salida total:<\/strong> 5V\/4.8A<\/li>\n<li style='margin-bottom: 5px;'><strong>Material:<\/strong> Caja de aleaci\u00f3n de aluminio<\/li>\n<li style='margin-bottom: 5px;'><strong>Peso:<\/strong> 20 gramos<\/li>\n<\/ul><\/div>\n<\/p><\/div>\n<p> <!-- Secci\u00f3n de compatibilidad --> <\/p>\n<div style='display: flex; flex-wrap: wrap; gap: 30px; margin-bottom: 30px;'>\n<div style='flex: 1 1 300px; min-width: 280px;'>\n<h3 style='font-size: 22px; border-bottom: 2px solid currentColor; padding-bottom: 5px; margin-top: 0; color: inherit; opacity: 0.8;'>Compatibilidad<\/h3>\n<ul style='padding-left: 20px; font-size: 15px; color: inherit;'>\n<li style='margin-bottom: 5px;'>iPhone 14\/14 Plus\/14 Pro\/14 Pro Max<\/li>\n<li style='margin-bottom: 5px;'>iPhone 13\/13 Pro\/13 Pro Max\/SE 2022<\/li>\n<li style='margin-bottom: 5px;'>iPhone 12\/12 Pro\/SE 2020\/11\/11 Pro\/X\/XR<\/li>\n<li style='margin-bottom: 5px;'>iPad Pro&comma; iPad Air 2022<\/li>\n<li style='margin-bottom: 5px;'>Samsung Galaxy S22\/S22+\/S21\/S21 Ultra\/S20\/S20 FE\/S20 Ultra\/Note 20<\/li>\n<li style='margin-bottom: 5px;'>Google Pixel 7\/7 Pro\/6\/6a\/6 Pro<\/li>\n<li style='margin-bottom: 5px;'>GPS&comma; c\u00e1maras de coche y otros dispositivos<\/li>\n<li style='margin-bottom: 5px;'>Compatibilidad con veh\u00edculos de 12V y 24V<\/li>\n<\/ul><\/div>\n<div style='flex: 1 1 300px; min-width: 280px;'>\n<h3 style='font-size: 22px; border-bottom: 2px solid currentColor; padding-bottom: 5px; margin-top: 0; color: inherit; opacity: 0.8;'>Detalles del Dise\u00f1o<\/h3>\n<ul style='padding-left: 20px; font-size: 15px; color: inherit;'>\n<li style='margin-bottom: 5px;'>Dise\u00f1o compacto y moderno<\/li>\n<li style='margin-bottom: 5px;'>Ligero (20 gramos)<\/li>\n<li style='margin-bottom: 5px;'>Caja de aleaci\u00f3n de aluminio<\/li>\n<li style='margin-bottom: 5px;'>Indicador LED<\/li>\n<li style='margin-bottom: 5px;'>Reducci\u00f3n de interferencia electromagn\u00e9tica<\/li>\n<li style='margin-bottom: 5px;'>Interfaz USB-A y USB-C<\/li>\n<\/ul><\/div>\n<\/p><\/div>\n<p> <!-- Secci\u00f3n de beneficios --> <\/p>\n<div style='display: flex; flex-wrap: wrap; gap: 30px; margin-bottom: 30px;'>\n<div style='flex: 1 1 300px; min-width: 280px;'>\n<h3 style='font-size: 22px; border-bottom: 2px solid currentColor; padding-bottom: 5px; margin-top: 0; color: inherit; opacity: 0.8;'>Beneficios del Producto<\/h3>\n<ul style='padding-left: 20px; font-size: 15px; color: inherit;'>\n<li style='margin-bottom: 5px;'>Carga r\u00e1pida: iPhone 14 del 0 al 60% en 30 minutos<\/li>\n<li style='margin-bottom: 5px;'>Dise\u00f1o compacto y port\u00e1til<\/li>\n<li style='margin-bottom: 5px;'>Material duradero y resistente<\/li>\n<li style='margin-bottom: 5px;'>Protecci\u00f3n integral para dispositivos<\/li>\n<li style='margin-bottom: 5px;'>Funciona con veh\u00edculos de 12V y 24V<\/li>\n<li style='margin-bottom: 5px;'>No interfiere con dispositivos del coche<\/li>\n<\/ul><\/div>\n<\/p><\/div>\n<p> <!-- Separador final --> <\/p>\n<hr style='border: 0; border-top: 1px solid rgba(150&comma; 150&comma; 150&comma; 0.3); margin: 30px 0;'> <\/div>\n","protected":false},"excerpt":{"rendered":"<p>Cargador de Auto 24W | Puerto USB-A y USB-C | Carga R?pida | Compatible con Veh?culos de 12 y 24 VCD | PD3.0 + QC3.0 | Indicador Led | Dise?o Compacto | Chip Inteligente | Caja de Aluminio<\/p>\n","protected":false},"featured_media":108162,"comment_status":"open","ping_status":"closed","template":"","meta":[],"product_brand":[],"product_cat":[2171],"product_tag":[2173,2172,650],"class_list":{"0":"post-108163","1":"product","2":"type-product","3":"status-publish","4":"has-post-thumbnail","6":"product_cat-cables-usb-y-cargadores","7":"product_tag-cables-usb-y-cargadores","8":"product_tag-conectividad-y-cables","9":"product_tag-ugreen","11":"first","12":"instock","13":"sale","14":"shipping-taxable","15":"purchasable","16":"product-type-simple"},"_links":{"self":[{"href":"https:\/\/soydeaqui.ddns.net\/pachuca\/index.php\/wp-json\/wp\/v2\/product\/108163","targetHints":{"allow":["GET"]}}],"collection":[{"href":"https:\/\/soydeaqui.ddns.net\/pachuca\/index.php\/wp-json\/wp\/v2\/product"}],"about":[{"href":"https:\/\/soydeaqui.ddns.net\/pachuca\/index.php\/wp-json\/wp\/v2\/types\/product"}],"replies":[{"embeddable":true,"href":"https:\/\/soydeaqui.ddns.net\/pachuca\/index.php\/wp-json\/wp\/v2\/comments?post=108163"}],"wp:featuredmedia":[{"embeddable":true,"href":"https:\/\/soydeaqui.ddns.net\/pachuca\/index.php\/wp-json\/wp\/v2\/media\/108162"}],"wp:attachment":[{"href":"https:\/\/soydeaqui.ddns.net\/pachuca\/index.php\/wp-json\/wp\/v2\/media?parent=108163"}],"wp:term":[{"taxonomy":"product_brand","embeddable":true,"href":"https:\/\/soydeaqui.ddns.net\/pachuca\/index.php\/wp-json\/wp\/v2\/product_brand?post=108163"},{"taxonomy":"product_cat","embeddable":true,"href":"https:\/\/soydeaqui.ddns.net\/pachuca\/index.php\/wp-json\/wp\/v2\/product_cat?post=108163"},{"taxonomy":"product_tag","embeddable":true,"href":"https:\/\/soydeaqui.ddns.net\/pachuca\/index.php\/wp-json\/wp\/v2\/product_tag?post=108163"}],"curies":[{"name":"wp","href":"https:\/\/api.w.org\/{rel}","templated":true}]}}