{"id":108154,"date":"2026-03-20T17:46:37","date_gmt":"2026-03-20T17:46:37","guid":{"rendered":"https:\/\/soydeaqui.ddns.net\/pachuca\/index.php\/producto\/conmutador-usb-para-compartir-4-puertos-usb-3-0-a-2-pc-s-cambio-mediante-boton-incluye-dos-cables-usb-de-1-5-m-abs-permite-que-2-usuarios-compartan-4-dispositivos-perifericos-usb3-0-com\/"},"modified":"2026-03-20T17:47:02","modified_gmt":"2026-03-20T17:47:02","slug":"conmutador-usb-para-compartir-4-puertos-usb-3-0-a-2-pc-s-cambio-mediante-boton-incluye-dos-cables-usb-de-1-5-m-abs-permite-que-2-usuarios-compartan-4-dispositivos-perifericos-usb3-0-com","status":"publish","type":"product","link":"https:\/\/soydeaqui.ddns.net\/pachuca\/index.php\/producto\/conmutador-usb-para-compartir-4-puertos-usb-3-0-a-2-pc-s-cambio-mediante-boton-incluye-dos-cables-usb-de-1-5-m-abs-permite-que-2-usuarios-compartan-4-dispositivos-perifericos-usb3-0-com\/","title":{"rendered":"Conmutador USB para Compartir 4 Puertos USB 3.0 a 2 PC \u0301s | Cambio Mediante Bot\u00f3n | Incluye Dos Cables USB de 1.5 m | ABS | Permite que 2 Usuarios Compartan 4 Dispositivos Perif\u00e9ricos USB3.0, como una impresora, un esc\u00e1ner, etc."},"content":{"rendered":"<div style='width: 100%; max-width: 1200px; margin: 0 auto; font-family: sans-serif; line-height: 1.6; color: inherit; background-color: transparent;'> <!-- Im\u00e1genes --> <\/p>\n<div style='display: flex; flex-wrap: wrap; gap: 15px; margin-bottom: 30px;'>\n<div style='flex: 1 1 300px; min-width: 280px;'> <img style='width: 100%; height: auto; border: 1px solid rgba(150&comma;150&comma;150&comma;0.3); border-radius: 8px;' src='http:\/\/ftp3.syscom.mx\/usuarios\/hallende\/UGREEN2\/CABLES%20USB\/30768\/30768-20.jpg' alt=''> <\/div>\n<div style='flex: 1 1 300px; min-width: 280px;'> <img style='width: 100%; height: auto; border: 1px solid rgba(150&comma;150&comma;150&comma;0.3); border-radius: 8px;' src='http:\/\/ftp3.syscom.mx\/usuarios\/hallende\/UGREEN2\/CABLES%20USB\/30768\/30768-21.jpg' alt=''> <\/div>\n<div style='flex: 1 1 300px; min-width: 280px;'> <img style='width: 100%; height: auto; border: 1px solid rgba(150&comma;150&comma;150&comma;0.3); border-radius: 8px;' src='http:\/\/ftp3.syscom.mx\/usuarios\/hallende\/UGREEN2\/CABLES%20USB\/30768\/30768-22.jpg' alt=''> <\/div>\n<div style='flex: 1 1 300px; min-width: 280px;'> <img style='width: 100%; height: auto; border: 1px solid rgba(150&comma;150&comma;150&comma;0.3); border-radius: 8px;' src='http:\/\/ftp3.syscom.mx\/usuarios\/hallende\/UGREEN2\/CABLES%20USB\/30768\/30768-23.jpg' alt=''> <\/div>\n<div style='flex: 1 1 300px; min-width: 280px;'> <img style='width: 100%; height: auto; border: 1px solid rgba(150&comma;150&comma;150&comma;0.3); border-radius: 8px;' src='http:\/\/ftp3.syscom.mx\/usuarios\/hallende\/UGREEN2\/CABLES%20USB\/30768\/30768-24.jpg' alt=''> <\/div>\n<\/p><\/div>\n<p> <!-- Especificaciones T\u00e9cnicas --> <\/p>\n<div style='display: flex; flex-wrap: wrap; gap: 30px; margin-bottom: 30px;'>\n<div style='flex: 1 1 300px; min-width: 280px;'>\n<h3 style='font-size: 22px; border-bottom: 2px solid currentColor; padding-bottom: 5px; margin-top: 0; color: inherit; opacity: 0.8;'>Especificaciones T\u00e9cnicas<\/h3>\n<ul style='padding-left: 20px; font-size: 15px; color: inherit;'>\n<li style='margin-bottom: 5px;'><strong>Modelo:<\/strong> 30768<\/li>\n<li style='margin-bottom: 5px;'><strong>Tipo:<\/strong> HUB USB3.0 para 2 PCs<\/li>\n<li style='margin-bottom: 5px;'><strong>Entradas USB:<\/strong> 4 Puertos<\/li>\n<li style='margin-bottom: 5px;'><strong>Salidas USB:<\/strong> 2 Puertos (Para 2 PCs)<\/li>\n<li style='margin-bottom: 5px;'><strong>Fuente de Alimentaci\u00f3n:<\/strong> 5VCD\/2A<\/li>\n<li style='margin-bottom: 5px;'><strong>Longitud del Cable:<\/strong> 1.5m<\/li>\n<\/ul><\/div>\n<\/p><\/div>\n<p> <!-- Caracter\u00edsticas Principales --> <\/p>\n<div style='display: flex; flex-wrap: wrap; gap: 20px; margin-bottom: 30px;'>\n<div style='flex: 1 1 250px; border: 1px solid rgba(150&comma; 150&comma; 150&comma; 0.4); border-radius: 8px; overflow: hidden; display: flex; flex-direction: column;'>\n<div style='padding: 15px; border-bottom: 1px solid rgba(150&comma; 150&comma; 150&comma; 0.2); font-weight: bold; font-size: 18px; color: inherit;'>Caracter\u00edsticas Principales<\/div>\n<div style='padding: 15px; color: inherit;'>\n<ul style='padding-left: 20px; margin: 0; font-size: 14px; list-style-type: disc;'>\n<li style='margin-bottom: 5px;'>Conecta 2 PC con 4 perif\u00e9ricos USB simult\u00e1neamente<\/li>\n<li style='margin-bottom: 5px;'>Transmisi\u00f3n de datos 10 veces m\u00e1s r\u00e1pida que USB 2.0<\/li>\n<li style='margin-bottom: 5px;'>Compatible con USB 3.0&comma; 2.0 y 1.1<\/li>\n<li style='margin-bottom: 5px;'>Puerto micro USB para alimentaci\u00f3n extra<\/li>\n<li style='margin-bottom: 5px;'>Ideal para dispositivos de alto consumo energ\u00e9tico<\/li>\n<\/ul><\/div>\n<\/p><\/div>\n<\/p><\/div>\n<p> <!-- Separador --> <\/p>\n<hr style='border: 0; border-top: 1px solid rgba(150&comma; 150&comma; 150&comma; 0.3); margin: 30px 0;'> <\/div>\n","protected":false},"excerpt":{"rendered":"<p>Conmutador USB para Compartir 4 Puertos USB 3.0 a 2 PC \u0301s | Cambio Mediante Bot\u00f3n | Incluye Dos Cables USB de 1.5 m | ABS | Permite que 2 Usuarios Compartan 4 Dispositivos Perif\u00e9ricos USB3.0, como una impresora, un esc\u00e1ner, etc.<\/p>\n","protected":false},"featured_media":108153,"comment_status":"open","ping_status":"closed","template":"","meta":[],"product_brand":[],"product_cat":[1235],"product_tag":[417,1236,650],"class_list":{"0":"post-108154","1":"product","2":"type-product","3":"status-publish","4":"has-post-thumbnail","6":"product_cat-accesorios-para-computadora-y-smartphones","7":"product_tag-accesorios-generales","8":"product_tag-accesorios-para-computadora-y-smartphones","9":"product_tag-ugreen","11":"first","12":"instock","13":"sale","14":"shipping-taxable","15":"purchasable","16":"product-type-simple"},"_links":{"self":[{"href":"https:\/\/soydeaqui.ddns.net\/pachuca\/index.php\/wp-json\/wp\/v2\/product\/108154","targetHints":{"allow":["GET"]}}],"collection":[{"href":"https:\/\/soydeaqui.ddns.net\/pachuca\/index.php\/wp-json\/wp\/v2\/product"}],"about":[{"href":"https:\/\/soydeaqui.ddns.net\/pachuca\/index.php\/wp-json\/wp\/v2\/types\/product"}],"replies":[{"embeddable":true,"href":"https:\/\/soydeaqui.ddns.net\/pachuca\/index.php\/wp-json\/wp\/v2\/comments?post=108154"}],"wp:featuredmedia":[{"embeddable":true,"href":"https:\/\/soydeaqui.ddns.net\/pachuca\/index.php\/wp-json\/wp\/v2\/media\/108153"}],"wp:attachment":[{"href":"https:\/\/soydeaqui.ddns.net\/pachuca\/index.php\/wp-json\/wp\/v2\/media?parent=108154"}],"wp:term":[{"taxonomy":"product_brand","embeddable":true,"href":"https:\/\/soydeaqui.ddns.net\/pachuca\/index.php\/wp-json\/wp\/v2\/product_brand?post=108154"},{"taxonomy":"product_cat","embeddable":true,"href":"https:\/\/soydeaqui.ddns.net\/pachuca\/index.php\/wp-json\/wp\/v2\/product_cat?post=108154"},{"taxonomy":"product_tag","embeddable":true,"href":"https:\/\/soydeaqui.ddns.net\/pachuca\/index.php\/wp-json\/wp\/v2\/product_tag?post=108154"}],"curies":[{"name":"wp","href":"https:\/\/api.w.org\/{rel}","templated":true}]}}