{"id":108095,"date":"2026-03-20T17:43:22","date_gmt":"2026-03-20T17:43:22","guid":{"rendered":"https:\/\/soydeaqui.ddns.net\/pachuca\/index.php\/producto\/kit-de-camara-montaje-camara-bala-turbohd-2-megapixel-1080p-gran-angular-106-lente-2-8-mm-25-mts-ir-exir-exterior-ip66-4-tecnologias-dwdr\/"},"modified":"2026-03-20T17:43:23","modified_gmt":"2026-03-20T17:43:23","slug":"kit-de-camara-montaje-camara-bala-turbohd-2-megapixel-1080p-gran-angular-106-lente-2-8-mm-25-mts-ir-exir-exterior-ip66-4-tecnologias-dwdr","status":"publish","type":"product","link":"https:\/\/soydeaqui.ddns.net\/pachuca\/index.php\/producto\/kit-de-camara-montaje-camara-bala-turbohd-2-megapixel-1080p-gran-angular-106-lente-2-8-mm-25-mts-ir-exir-exterior-ip66-4-tecnologias-dwdr\/","title":{"rendered":"KIT DE C\u00c1MARA + MONTAJE \/ C\u00e1mara Bala TURBOHD 2 Megapixel (1080p) \/ Gran Angular 106\u00b0 \/ Lente 2.8 mm \/ 25 mts IR EXIR \/ Exterior IP66 \/ 4 Tecnolog\u00edas \/ dWDR"},"content":{"rendered":"<div style='width: 100%; max-width: 1200px; margin: 0 auto; font-family: sans-serif; line-height: 1.6; color: inherit; background-color: transparent;'>\n<div style='display: flex; flex-wrap: wrap; gap: 30px; margin-bottom: 30px;'>\n<div style='flex: 1 1 300px; min-width: 280px;'>\n<h3 style='font-size: 22px; border-bottom: 2px solid currentColor; padding-bottom: 5px; margin-top: 0; color: inherit; opacity: 0.8;'>Caracter\u00edsticas principales<\/h3>\n<ul style='padding-left: 20px; font-size: 15px; color: inherit;'>\n<li style='margin-bottom: 5px;'>Resoluci\u00f3n m\u00e1xima: <strong>2 Megapixel (1920 x 1080)<\/strong><\/li>\n<li style='margin-bottom: 5px;'>Lente fijo: <strong>2.8 mm (\u00e1ngulo de visi\u00f3n 106.4\u00b0)<\/strong><\/li>\n<li style='margin-bottom: 5px;'>25 mts smart IR (visi\u00f3n nocturna)<\/li>\n<li style='margin-bottom: 5px;'>Soporta las 4 tecnolog\u00edas del mercado: <strong>TVI \/ AHD \/ CVI \/ CVBS<\/strong><\/li>\n<li style='margin-bottom: 5px;'>Tecnolog\u00edas: <strong>dWDR \/ BLC \/ HLC \/ 2D DNR<\/strong><\/li>\n<li style='margin-bottom: 5px;'>Soporta coaxitron (video + menu OSD + audio). Si soporta micr\u00f3fono integrado.<\/li>\n<\/ul><\/div>\n<div style='flex: 1 1 300px; min-width: 280px;'>\n<h3 style='font-size: 22px; border-bottom: 2px solid currentColor; padding-bottom: 5px; margin-top: 0; color: inherit; opacity: 0.8;'>Caracter\u00edsticas F\u00edsicas y El\u00e9ctricas<\/h3>\n<ul style='padding-left: 20px; font-size: 15px; color: inherit;'>\n<li style='margin-bottom: 5px;'>Alimentaci\u00f3n \/ Consumo: <strong>12 Vcc \/ 2.7 Watts<\/strong><\/li>\n<li style='margin-bottom: 5px;'>Protecci\u00f3n: <strong>IP66 (interior \/ exterior)<\/strong><\/li>\n<li style='margin-bottom: 5px;'>Fabricada en <strong>policarbonato<\/strong><\/li>\n<li style='margin-bottom: 5px;'>Dimensiones: <strong>58 x 61 x 158.6 mm<\/strong><\/li>\n<li style='margin-bottom: 5px;'>Peso: <strong>160 gramos<\/strong><\/li>\n<\/ul><\/div>\n<div style='flex: 1 1 300px; min-width: 280px;'>\n<h3 style='font-size: 22px; border-bottom: 2px solid currentColor; padding-bottom: 5px; margin-top: 0; color: inherit; opacity: 0.8;'>Caracter\u00edsticas Destacadas<\/h3>\n<p style='font-size: 15px; color: inherit;'>La c\u00e1mara cuenta con un micr\u00f3fono interconstruido&comma; el cual no requiere cables adicionales para poder transmitir el audio (video y audio por la misma se\u00f1al de video).<\/p>\n<p style='font-size: 15px; color: inherit;'><a style='color: inherit; text-decoration: underline;' href='https:\/\/www.syscom.mx\/principal\/promociones\/grabadores_con_audio_por_coaxitron_compatibles_con_las_camaras_de_2mp-5741.html?ordenar=Relevancia&#038;pag=1' target='_blank' rel='noopener'>Ver modelos de grabadores compatibles<\/a><\/p>\n<div style='margin-top: 20px;'> <img style='width: 100%; height: auto; border: 1px solid rgba(150&comma;150&comma;150&comma;0.3); border-radius: 8px;' src='https:\/\/ftp3.syscom.mx\/usuarios\/fotos\/BancoFotografiasSyscom\/SYSCOMVIDEO\/DS1280ZJXSP\/DS1280ZJXSP-p.PNG' alt=''> <\/p>\n<p style='text-align: center; font-size: 14px; color: inherit; margin-top: 10px;'>*Incluye caja de conexi\u00f3n para interior <a style='color: inherit; text-decoration: underline;' href='https:\/\/www.syscom.mx\/producto\/DS-1280-ZJ-XS-P-SYSCOM-VIDEO-198211.html' target='_blank' rel='noopener'>DS-1280-ZJ-XS\/P<\/a><\/p>\n<\/p><\/div>\n<\/p><\/div>\n<\/p><\/div>\n<hr style='border: 0; border-top: 1px solid rgba(150&comma; 150&comma; 150&comma; 0.3); margin: 30px 0;'>\n<div style='display: flex; flex-wrap: wrap; gap: 20px; margin-bottom: 30px;'>\n<div style='flex: 1 1 250px; border: 1px solid rgba(150&comma; 150&comma; 150&comma; 0.4); border-radius: 8px; overflow: hidden;'>\n<div style='padding: 15px; border-bottom: 1px solid rgba(150&comma; 150&comma; 150&comma; 0.2); font-weight: bold; font-size: 18px; color: inherit;'>Consideraciones<\/div>\n<div style='padding: 15px; color: inherit;'>\n<ul style='padding-left: 20px; margin: 0; font-size: 14px; list-style-type: disc; color: inherit;'>\n<li style='margin-bottom: 5px;'>Para el uso del audio por coaxitron es necesario un grabador que soporte esta funci\u00f3n.<\/li>\n<li style='margin-bottom: 5px;'>Para la configuraci\u00f3n del audio por coaxitron se debe utilizar grabadores compatibles con la tecnolog\u00eda coaxitron.<\/li>\n<\/ul><\/div>\n<\/p><\/div>\n<\/p><\/div>\n<hr style='border: 0; border-top: 1px solid rgba(150&comma; 150&comma; 150&comma; 0.3); margin: 30px 0;'>\n<div style='display: flex; flex-wrap: wrap; justify-content: center; gap: 20px; margin-bottom: 30px;'> <img style='width: 100%; max-width: 600px; height: auto; border: 1px solid rgba(150&comma;150&comma;150&comma;0.3); border-radius: 8px;' src='https:\/\/ftp3.syscom.mx\/usuarios\/nicolas.jimenez\/epcom-2.png' alt=''> <img style='width: 100%; max-width: 600px; height: auto; border: 1px solid rgba(150&comma;150&comma;150&comma;0.3); border-radius: 8px;' src='https:\/\/ftp3.syscom.mx\/usuarios\/jsosa\/HIKVISION\/imagenes\/coaxitron\/coaxitron.jpg' alt=''> <img style='width: 100%; max-width: 600px; height: auto; border: 1px solid rgba(150&comma;150&comma;150&comma;0.3); border-radius: 8px;' src='https:\/\/ftp3.syscom.mx\/usuarios\/fotos\/B8TURBOC\/189682-5-year-epcom-es_(2).png' alt=''> <\/div>\n<\/p><\/div>\n","protected":false},"excerpt":{"rendered":"<p>KIT DE C\u00c1MARA + MONTAJE \/ C\u00e1mara Bala TURBOHD 2 Megapixel (1080p) \/ Gran Angular 106\u00b0 \/ Lente 2.8 mm \/ 25 mts IR EXIR \/ Exterior IP66 \/ 4 Tecnolog\u00edas \/ dWDR<\/p>\n","protected":false},"featured_media":108094,"comment_status":"open","ping_status":"closed","template":"","meta":[],"product_brand":[],"product_cat":[2268],"product_tag":[439,2255,2257],"class_list":{"0":"post-108095","1":"product","2":"type-product","3":"status-publish","4":"has-post-thumbnail","6":"product_cat-bala-camaras-y-dvrs-hd-turbohd-ahd-hd-tvi","7":"product_tag-bala","8":"product_tag-camaras-y-dvrs-hd-turbohd-ahd-hd-tvi","9":"product_tag-epcom-professional","11":"first","12":"instock","13":"sale","14":"shipping-taxable","15":"purchasable","16":"product-type-simple"},"_links":{"self":[{"href":"https:\/\/soydeaqui.ddns.net\/pachuca\/index.php\/wp-json\/wp\/v2\/product\/108095","targetHints":{"allow":["GET"]}}],"collection":[{"href":"https:\/\/soydeaqui.ddns.net\/pachuca\/index.php\/wp-json\/wp\/v2\/product"}],"about":[{"href":"https:\/\/soydeaqui.ddns.net\/pachuca\/index.php\/wp-json\/wp\/v2\/types\/product"}],"replies":[{"embeddable":true,"href":"https:\/\/soydeaqui.ddns.net\/pachuca\/index.php\/wp-json\/wp\/v2\/comments?post=108095"}],"wp:featuredmedia":[{"embeddable":true,"href":"https:\/\/soydeaqui.ddns.net\/pachuca\/index.php\/wp-json\/wp\/v2\/media\/108094"}],"wp:attachment":[{"href":"https:\/\/soydeaqui.ddns.net\/pachuca\/index.php\/wp-json\/wp\/v2\/media?parent=108095"}],"wp:term":[{"taxonomy":"product_brand","embeddable":true,"href":"https:\/\/soydeaqui.ddns.net\/pachuca\/index.php\/wp-json\/wp\/v2\/product_brand?post=108095"},{"taxonomy":"product_cat","embeddable":true,"href":"https:\/\/soydeaqui.ddns.net\/pachuca\/index.php\/wp-json\/wp\/v2\/product_cat?post=108095"},{"taxonomy":"product_tag","embeddable":true,"href":"https:\/\/soydeaqui.ddns.net\/pachuca\/index.php\/wp-json\/wp\/v2\/product_tag?post=108095"}],"curies":[{"name":"wp","href":"https:\/\/api.w.org\/{rel}","templated":true}]}}