{"id":108084,"date":"2026-03-20T17:42:48","date_gmt":"2026-03-20T17:42:48","guid":{"rendered":"https:\/\/soydeaqui.ddns.net\/pachuca\/index.php\/producto\/montaje-de-pared-para-2-paneles-led-uso-en-interior-compatible-con-ds-d4425fi-cafb-y-ds-d4418fi-cafb\/"},"modified":"2026-03-20T17:42:58","modified_gmt":"2026-03-20T17:42:58","slug":"montaje-de-pared-para-2-paneles-led-uso-en-interior-compatible-con-ds-d4425fi-cafb-y-ds-d4418fi-cafb","status":"publish","type":"product","link":"https:\/\/soydeaqui.ddns.net\/pachuca\/index.php\/producto\/montaje-de-pared-para-2-paneles-led-uso-en-interior-compatible-con-ds-d4425fi-cafb-y-ds-d4418fi-cafb\/","title":{"rendered":"Montaje de Pared para 2 Paneles LED \/ Uso en Interior \/ Compatible con DS-D4425FI-CAF(B) y DS-D4418FI-CAF(B)"},"content":{"rendered":"<div style='width: 100%; max-width: 1200px; margin: 0 auto; font-family: sans-serif; line-height: 1.6; color: inherit; background-color: transparent;'> <!-- Secci\u00f3n de caracter\u00edsticas principales --> <\/p>\n<div style='display: flex; flex-wrap: wrap; gap: 30px; margin-bottom: 30px;'>\n<div style='flex: 1 1 300px; min-width: 280px;'>\n<h3 style='font-size: 22px; border-bottom: 2px solid currentColor; padding-bottom: 5px; margin-top: 0; color: inherit; opacity: 0.8;'>Caracter\u00edsticas Principales<\/h3>\n<ul style='padding-left: 20px; font-size: 15px; color: inherit;'>\n<li style='margin-bottom: 5px;'>Montaje de pared para 2 paneles LED<\/li>\n<li style='margin-bottom: 5px;'>Compatible con panel DS-D4425FI-CAF<\/li>\n<li style='margin-bottom: 5px;'>Dise\u00f1ado para uso en interior<\/li>\n<li style='margin-bottom: 5px;'>F\u00e1cil instalaci\u00f3n y ajuste seguro<\/li>\n<li style='margin-bottom: 5px;'>Soporte compacto y discreto<\/li>\n<\/ul><\/div>\n<\/p><\/div>\n<p> <!-- Secci\u00f3n de especificaciones t\u00e9cnicas --> <\/p>\n<div style='display: flex; flex-wrap: wrap; gap: 20px; margin-bottom: 30px;'>\n<div style='flex: 1 1 250px; border: 1px solid rgba(150&comma; 150&comma; 150&comma; 0.4); border-radius: 8px; overflow: hidden; display: flex; flex-direction: column;'>\n<div style='padding: 15px; border-bottom: 1px solid rgba(150&comma; 150&comma; 150&comma; 0.2); font-weight: bold; font-size: 18px; color: inherit;'>Especificaciones T\u00e9cnicas<\/div>\n<div style='padding: 15px; color: inherit;'>\n<ul style='padding-left: 20px; margin: 0; font-size: 14px; list-style-type: disc;'>\n<li style='margin-bottom: 5px;'><strong>Modelo:<\/strong> DS-DL124854W<\/li>\n<li style='margin-bottom: 5px;'><strong>Color:<\/strong> Negro<\/li>\n<li style='margin-bottom: 5px;'><strong>Material:<\/strong> AL6063<\/li>\n<li style='margin-bottom: 5px;'><strong>Tratamiento de superficie:<\/strong> Pintura electrost\u00e1tica<\/li>\n<li style='margin-bottom: 5px;'><strong>Dimensiones:<\/strong> 1000 mm \u00d7 580 mm \u00d7 80 mm (39.40&#8242; \u00d7 22.85&#8242; \u00d7 3.15&#8242;)<\/li>\n<li style='margin-bottom: 5px;'><strong>Peso bruto:<\/strong> 7.5 \u00b1 0.5 Kg (16.55 \u00b1 1.1 lb)<\/li>\n<li style='margin-bottom: 5px;'><strong>Peso neto:<\/strong> 4.0 \u00b1 0.5 Kg (8.83 \u00b1 1.1 lb)<\/li>\n<\/ul><\/div>\n<\/p><\/div>\n<div style='flex: 1 1 250px; border: 1px solid rgba(150&comma; 150&comma; 150&comma; 0.4); border-radius: 8px; overflow: hidden; display: flex; flex-direction: column;'>\n<div style='padding: 15px; border-bottom: 1px solid rgba(150&comma; 150&comma; 150&comma; 0.2); font-weight: bold; font-size: 18px; color: inherit;'>Caracter\u00edsticas de Dise\u00f1o<\/div>\n<div style='padding: 15px; color: inherit;'>\n<ul style='padding-left: 20px; margin: 0; font-size: 14px; list-style-type: disc;'>\n<li style='margin-bottom: 5px;'>Dise\u00f1o econ\u00f3mico<\/li>\n<li style='margin-bottom: 5px;'>Dise\u00f1o modular<\/li>\n<li style='margin-bottom: 5px;'>Instalaci\u00f3n r\u00e1pida y f\u00e1cil<\/li>\n<li style='margin-bottom: 5px;'>Dise\u00f1o m\u00e1s delgado y ligero<\/li>\n<li style='margin-bottom: 5px;'>Soporte para extensi\u00f3n<\/li>\n<\/ul><\/div>\n<\/p><\/div>\n<\/p><\/div>\n<p> <!-- Separador --> <\/p>\n<hr style='border: 0; border-top: 1px solid rgba(150&comma; 150&comma; 150&comma; 0.3); margin: 30px 0;'> <!-- Secci\u00f3n de im\u00e1genes --> <\/p>\n<div style='display: flex; flex-wrap: wrap; gap: 20px; margin-bottom: 30px; justify-content: center;'>\n<div style='flex: 1 1 300px; max-width: 400px;'> <img style='width: 100%; height: auto; border: 1px solid rgba(150&comma;150&comma;150&comma;0.3); border-radius: 8px;' src='https:\/\/ftp3.syscom.mx\/usuarios\/nortega\/hikvision\/HPD.png' alt='Montaje de Pared para 2 Paneles LED'> <\/div>\n<div style='flex: 1 1 300px; max-width: 800px;'> <img style='width: 100%; height: auto; border: 1px solid rgba(150&comma;150&comma;150&comma;0.3); border-radius: 8px;' src='https:\/\/ftp3.syscom.mx\/usuarios\/nortega\/hikvision\/videowall%20led\/montajes\/DS-DL124854W\/1x2%20MEDIDAS.png' alt='Dimensiones del Montaje'> <\/div>\n<\/p><\/div>\n<p> <!-- Imagen de productos relacionados --> <\/p>\n<div style='margin-top: 30px;'> <img style='width: 100%; height: auto; border: 1px solid rgba(150&comma;150&comma;150&comma;0.3); border-radius: 8px;' src='https:\/\/ftp3.syscom.mx\/usuarios\/nortega\/hikvision\/HIKVISION-PRODUCTOS-VIDEOWALL.png' alt='Productos relacionados Videowall LED'> <\/div>\n<\/p><\/div>\n","protected":false},"excerpt":{"rendered":"<p>Montaje de Pared para 2 Paneles LED \/ Uso en Interior \/ Compatible con DS-D4425FI-CAF(B) y DS-D4418FI-CAF(B)<\/p>\n","protected":false},"featured_media":108083,"comment_status":"open","ping_status":"closed","template":"","meta":[],"product_brand":[],"product_cat":[2305],"product_tag":[54,2306,2242],"class_list":{"0":"post-108084","1":"product","2":"type-product","3":"status-publish","4":"has-post-thumbnail","6":"product_cat-montajes-led","7":"product_tag-hikvision","8":"product_tag-montajes-led","9":"product_tag-videowalls","11":"first","12":"instock","13":"sale","14":"shipping-taxable","15":"purchasable","16":"product-type-simple"},"_links":{"self":[{"href":"https:\/\/soydeaqui.ddns.net\/pachuca\/index.php\/wp-json\/wp\/v2\/product\/108084","targetHints":{"allow":["GET"]}}],"collection":[{"href":"https:\/\/soydeaqui.ddns.net\/pachuca\/index.php\/wp-json\/wp\/v2\/product"}],"about":[{"href":"https:\/\/soydeaqui.ddns.net\/pachuca\/index.php\/wp-json\/wp\/v2\/types\/product"}],"replies":[{"embeddable":true,"href":"https:\/\/soydeaqui.ddns.net\/pachuca\/index.php\/wp-json\/wp\/v2\/comments?post=108084"}],"wp:featuredmedia":[{"embeddable":true,"href":"https:\/\/soydeaqui.ddns.net\/pachuca\/index.php\/wp-json\/wp\/v2\/media\/108083"}],"wp:attachment":[{"href":"https:\/\/soydeaqui.ddns.net\/pachuca\/index.php\/wp-json\/wp\/v2\/media?parent=108084"}],"wp:term":[{"taxonomy":"product_brand","embeddable":true,"href":"https:\/\/soydeaqui.ddns.net\/pachuca\/index.php\/wp-json\/wp\/v2\/product_brand?post=108084"},{"taxonomy":"product_cat","embeddable":true,"href":"https:\/\/soydeaqui.ddns.net\/pachuca\/index.php\/wp-json\/wp\/v2\/product_cat?post=108084"},{"taxonomy":"product_tag","embeddable":true,"href":"https:\/\/soydeaqui.ddns.net\/pachuca\/index.php\/wp-json\/wp\/v2\/product_tag?post=108084"}],"curies":[{"name":"wp","href":"https:\/\/api.w.org\/{rel}","templated":true}]}}