{"id":108071,"date":"2026-03-20T17:42:13","date_gmt":"2026-03-20T17:42:13","guid":{"rendered":"https:\/\/soydeaqui.ddns.net\/pachuca\/index.php\/producto\/switch-industrial-no-administrable-8-puertos-gigabit-poe-802-3af-at-2-puertos-sfp\/"},"modified":"2026-03-20T17:42:18","modified_gmt":"2026-03-20T17:42:18","slug":"switch-industrial-no-administrable-8-puertos-gigabit-poe-802-3af-at-2-puertos-sfp","status":"publish","type":"product","link":"https:\/\/soydeaqui.ddns.net\/pachuca\/index.php\/producto\/switch-industrial-no-administrable-8-puertos-gigabit-poe-802-3af-at-2-puertos-sfp\/","title":{"rendered":"Switch Industrial No-Administrable 8 puertos Gigabit PoE 802.3af\/at, 2 puertos SFP"},"content":{"rendered":"<div style='width: 100%; max-width: 1200px; margin: 0 auto; font-family: sans-serif; line-height: 1.6; color: inherit; background-color: transparent;'> <!-- Banner Image --> <\/p>\n<div style='width: 100%; margin-bottom: 30px;'> <img style='width: 100%; height: auto; border: 1px solid rgba(150&comma;150&comma;150&comma;0.3); border-radius: 8px;' src='https:\/\/ftp3.syscom.mx\/usuarios\/fotos\/TSW200\/206004-tsw200-banner.png' alt='Banner'> <\/div>\n<p> <!-- Descripci\u00f3n General --> <\/p>\n<div style='margin-bottom: 30px;'>\n<h3 style='font-size: 24px; text-align: center; color: inherit; margin: 0 0 20px 0;'><span style='font-size: 18pt; color: inherit;'>Switch Industrial No-Administrable PoE+<\/span><\/h3>\n<p style='text-align: justify; margin: 10px 70px 50px 70px; font-size: 14pt; color: inherit;'> TSW200 es un switch industrial no administrado de Teltonika Networks. <\/p>\n<p style='text-align: justify; margin: 10px 70px 50px 70px; font-size: 14pt; color: inherit;'> TSW200 est\u00e1 equipado con 2 puertos SFP para comunicaci\u00f3n de fibra \u00f3ptica de largo alcance y 8 puertos Gigabit Ethernet compatibles con los est\u00e1ndares IEEE802.3af e IEE802.3at Power-over-Ethernet. <\/p>\n<p style='text-align: justify; margin: 10px 70px 50px 70px; font-size: 14pt; color: inherit;'> Clasificado como equipo de fuente de energ\u00eda (PSE)&comma; permite la centralizaci\u00f3n de la fuente de alimentaci\u00f3n&comma; proporcionando hasta 30 watts por puerto y reduciendo el esfuerzo de instalaci\u00f3n de energ\u00eda. <\/p>\n<p style='text-align: justify; margin: 10px 70px 50px 70px; font-size: 14pt; color: inherit;'> Tiene puertos Ethernet de 10\/100\/1000 Mbps para una soluci\u00f3n econ\u00f3mica de alto ancho de banda para su red Ethernet industrial. <\/p>\n<p style='text-align: justify; margin: 10px 70px 50px 70px; font-size: 14pt; color: inherit;'> Este switch industrial resistente no administrado es ideal para aplicaciones profesionales de alto ancho de banda donde es necesario proporcionar tanto una conexi\u00f3n de datos confiable como una fuente de alimentaci\u00f3n. <\/p>\n<\/p><\/div>\n<p> <!-- Caracter\u00edsticas --> <\/p>\n<h2 style='font-size: 24px; color: inherit; margin: 0 0 20px 0; border-bottom: 2px solid rgba(150&comma;150&comma;150&comma;0.3); padding-bottom: 10px;'>Caracter\u00edsticas<\/h2>\n<div style='display: flex; flex-wrap: wrap; gap: 30px; margin-bottom: 40px;'> <!-- Generales --> <\/p>\n<div style='flex: 1 1 300px; min-width: 280px;'>\n<div style='border: 1px solid rgba(150&comma;150&comma;150&comma;0.3); border-radius: 8px; overflow: hidden;'>\n<div style='background: transparent; padding: 15px; border-bottom: 1px solid rgba(150&comma;150&comma;150&comma;0.2);'>\n<h4 style='color: inherit; opacity: 0.8; font-size: 18px; margin: 0; font-weight: bold;'>Generales<\/h4>\n<\/p><\/div>\n<div style='padding: 15px;'>\n<ul style='padding-left: 20px; margin: 0; font-size: 14px; list-style-type: disc; color: inherit;'>\n<li style='margin-bottom: 8px;'>Alimenta equipos con est\u00e1ndares 802.3 af\/at&comma; hasta 30 Watts por puerto.<\/li>\n<li style='margin-bottom: 8px;'>Construcci\u00f3n robusta en carcasa de aluminio con opci\u00f3n de montaje en riel DIN.<\/li>\n<li style='margin-bottom: 8px;'>Gran rango de operaci\u00f3n en ambientes extremos.<\/li>\n<li style='margin-bottom: 8px;'>Tama\u00f1o compacto.<\/li>\n<\/ul><\/div>\n<\/p><\/div>\n<\/p><\/div>\n<p> <!-- Conectividad --> <\/p>\n<div style='flex: 1 1 300px; min-width: 280px;'>\n<div style='border: 1px solid rgba(150&comma;150&comma;150&comma;0.3); border-radius: 8px; overflow: hidden;'>\n<div style='background: transparent; padding: 15px; border-bottom: 1px solid rgba(150&comma;150&comma;150&comma;0.2);'>\n<h4 style='color: inherit; opacity: 0.8; font-size: 18px; margin: 0; font-weight: bold;'>Conectividad<\/h4>\n<\/p><\/div>\n<div style='padding: 15px;'>\n<ul style='padding-left: 20px; margin: 0; font-size: 14px; list-style-type: disc; color: inherit;'>\n<li style='margin-bottom: 8px;'>8 puertos LAN&comma; 10\/100\/1000 Mbps<\/li>\n<li style='margin-bottom: 8px;'>8 puertos con PoE 802.3 af\/at<\/li>\n<li style='margin-bottom: 8px;'>2 puertos SFP 1G<\/li>\n<\/ul><\/div>\n<\/p><\/div>\n<\/p><\/div>\n<p> <!-- Rendimiento --> <\/p>\n<div style='flex: 1 1 300px; min-width: 280px;'>\n<div style='border: 1px solid rgba(150&comma;150&comma;150&comma;0.3); border-radius: 8px; overflow: hidden;'>\n<div style='background: transparent; padding: 15px; border-bottom: 1px solid rgba(150&comma;150&comma;150&comma;0.2);'>\n<h4 style='color: inherit; opacity: 0.8; font-size: 18px; margin: 0; font-weight: bold;'>Rendimiento<\/h4>\n<\/p><\/div>\n<div style='padding: 15px;'>\n<ul style='padding-left: 20px; margin: 0; font-size: 14px; list-style-type: disc; color: inherit;'>\n<li style='margin-bottom: 8px;'>Ancho de banda: 20 Gbps<\/li>\n<\/ul><\/div>\n<\/p><\/div>\n<\/p><\/div>\n<p> <!-- Especificaciones Electricas y Fisicas --> <\/p>\n<div style='flex: 1 1 300px; min-width: 280px;'>\n<div style='border: 1px solid rgba(150&comma;150&comma;150&comma;0.3); border-radius: 8px; overflow: hidden;'>\n<div style='background: transparent; padding: 15px; border-bottom: 1px solid rgba(150&comma;150&comma;150&comma;0.2);'>\n<h4 style='color: inherit; opacity: 0.8; font-size: 18px; margin: 0; font-weight: bold;'>El\u00e9ctricas y F\u00edsicas<\/h4>\n<\/p><\/div>\n<div style='padding: 15px;'>\n<ul style='padding-left: 20px; margin: 0; font-size: 14px; list-style-type: disc; color: inherit;'>\n<li style='margin-bottom: 8px;'>Alimentaci\u00f3n: 7 &#8211; 57 Vcc&comma; Requiere 44 &#8211; 57 Vcc para activar PoE. (<strong style='color: inherit;'>Fuente de alimentaci\u00f3n se vende por separado modelo:<\/strong> <a style='color: #005cb9; text-decoration: none; font-weight: 600;' href='https:\/\/www.syscom.mx\/producto\/PR320USA-TELTONIKA-212405.html' target='_blank' rel='noopener'>PR320USA<\/a>)<\/li>\n<li style='margin-bottom: 8px;'>Consumo: 5.5 W sin PoE&comma; 245.5 W con PoE<\/li>\n<li style='margin-bottom: 8px;'>Peso: 456 g<\/li>\n<li style='margin-bottom: 8px;'>Dimensiones: 132&#215;44.2&#215;95.1 mm (An x Al x Pr)<\/li>\n<li style='margin-bottom: 8px;'>Temperatura de Operaci\u00f3n: -40 a 75\u00ba C<\/li>\n<li style='margin-bottom: 8px;'>Protecci\u00f3n de ingreso: IP30<\/li>\n<\/ul><\/div>\n<\/p><\/div>\n<\/p><\/div>\n<\/p><\/div>\n<p> <!-- Sistema de Gesti\u00f3n Remota --> <\/p>\n<h2 style='font-size: 24px; color: inherit; margin: 0 0 10px 0; border-bottom: 2px solid rgba(150&comma;150&comma;150&comma;0.3); padding-bottom: 10px;'>Remote Management System RMS<\/h2>\n<p style='margin-bottom: 20px; color: inherit;'>(Para uso de RMS requiere de un Router Principal)<\/p>\n<div style='display: flex; flex-wrap: wrap; gap: 30px; margin-bottom: 40px;'>\n<div style='flex: 1 1 400px; min-width: 300px; position: relative; padding-bottom: 56.25%; height: 0; overflow: hidden;'>   <\/div>\n<div style='flex: 1 1 400px; min-width: 300px; position: relative; padding-bottom: 56.25%; height: 0; overflow: hidden;'>   <\/div>\n<\/p><\/div>\n<p> <!-- Separador final --> <\/p>\n<hr style='border: 0; border-top: 1px solid rgba(150&comma; 150&comma; 150&comma; 0.3); margin: 30px 0;'> <\/div>\n","protected":false},"excerpt":{"rendered":"<p>Switch Industrial No-Administrable 8 puertos Gigabit PoE 802.3af\/at, 2 puertos SFP<\/p>\n","protected":false},"featured_media":108070,"comment_status":"open","ping_status":"closed","template":"","meta":[],"product_brand":[],"product_cat":[1986],"product_tag":[664,1987,1430],"class_list":{"0":"post-108071","1":"product","2":"type-product","3":"status-publish","4":"has-post-thumbnail","6":"product_cat-switches-poe","7":"product_tag-networking","8":"product_tag-switches-poe","9":"product_tag-teltonika","11":"first","12":"instock","13":"sale","14":"shipping-taxable","15":"purchasable","16":"product-type-simple"},"_links":{"self":[{"href":"https:\/\/soydeaqui.ddns.net\/pachuca\/index.php\/wp-json\/wp\/v2\/product\/108071","targetHints":{"allow":["GET"]}}],"collection":[{"href":"https:\/\/soydeaqui.ddns.net\/pachuca\/index.php\/wp-json\/wp\/v2\/product"}],"about":[{"href":"https:\/\/soydeaqui.ddns.net\/pachuca\/index.php\/wp-json\/wp\/v2\/types\/product"}],"replies":[{"embeddable":true,"href":"https:\/\/soydeaqui.ddns.net\/pachuca\/index.php\/wp-json\/wp\/v2\/comments?post=108071"}],"wp:featuredmedia":[{"embeddable":true,"href":"https:\/\/soydeaqui.ddns.net\/pachuca\/index.php\/wp-json\/wp\/v2\/media\/108070"}],"wp:attachment":[{"href":"https:\/\/soydeaqui.ddns.net\/pachuca\/index.php\/wp-json\/wp\/v2\/media?parent=108071"}],"wp:term":[{"taxonomy":"product_brand","embeddable":true,"href":"https:\/\/soydeaqui.ddns.net\/pachuca\/index.php\/wp-json\/wp\/v2\/product_brand?post=108071"},{"taxonomy":"product_cat","embeddable":true,"href":"https:\/\/soydeaqui.ddns.net\/pachuca\/index.php\/wp-json\/wp\/v2\/product_cat?post=108071"},{"taxonomy":"product_tag","embeddable":true,"href":"https:\/\/soydeaqui.ddns.net\/pachuca\/index.php\/wp-json\/wp\/v2\/product_tag?post=108071"}],"curies":[{"name":"wp","href":"https:\/\/api.w.org\/{rel}","templated":true}]}}