{"id":108057,"date":"2026-03-20T17:41:25","date_gmt":"2026-03-20T17:41:25","guid":{"rendered":"https:\/\/soydeaqui.ddns.net\/pachuca\/index.php\/producto\/desarmador-para-escariar-e-instalar-tubo-conduit-pared-delgada\/"},"modified":"2026-03-20T17:41:42","modified_gmt":"2026-03-20T17:41:42","slug":"desarmador-para-escariar-e-instalar-tubo-conduit-pared-delgada","status":"publish","type":"product","link":"https:\/\/soydeaqui.ddns.net\/pachuca\/index.php\/producto\/desarmador-para-escariar-e-instalar-tubo-conduit-pared-delgada\/","title":{"rendered":"Desarmador para Escariar e Instalar Tubo Conduit (pared delgada)."},"content":{"rendered":"<div style='width: 100%; max-width: 1200px; margin: 0 auto; font-family: sans-serif; line-height: 1.6; color: inherit;'>\n<div style='display: flex; flex-wrap: wrap; gap: 30px; margin-bottom: 30px;'>\n<div style='flex: 1 1 300px; min-width: 280px;'>\n<h3 style='font-size: 22px; border-bottom: 2px solid currentColor; padding-bottom: 5px; margin-top: 0; color: inherit; opacity: 0.8;'>Caracter\u00edsticas<\/h3>\n<ul style='padding-left: 20px; font-size: 15px; color: inherit;'>\n<li style='margin-bottom: 5px;'>Escariador con dise\u00f1o de punta recubierta que evita que los tornillos se deslicen fuera de la punta&comma; especialmente cuando se ajustan adaptadores de tubos conduit dif\u00edciles de alcanzar; capuch\u00f3n m\u00e1s grueso dise\u00f1ado para uso en condiciones rigurosas<\/li>\n<li style='margin-bottom: 5px;'>Escaria y alisa extremos de tubos conduit de pared fina de 1\/2&#8221; (13 mm)&comma; 3\/4&#8221; (19 mm) y 1&#8221; (25 mm) para proteger los cables y permitir la correcta instalaci\u00f3n de adaptadores<\/li>\n<li style='margin-bottom: 5px;'>Sirve para escariar el interior y el exterior de los tubos conduit al mismo tiempo<\/li>\n<li style='margin-bottom: 5px;'>Mango acojinado m\u00e1s largo que brinda comodidad y mayor torsi\u00f3n durante el escariado<\/li>\n<li style='margin-bottom: 5px;'>Hechas en EE. UU.<\/li>\n<li style='margin-bottom: 5px;'>Barra reemplazable para escariar que se sostiene en su lugar con un tornillo de fijaci\u00f3n de hueco hexagonal de 1\/16&#8221;<\/li>\n<li style='margin-bottom: 5px;'>Dise\u00f1ado para que se lo utilice en tuber\u00eda met\u00e1lica para electricidad (EMT)<\/li>\n<li style='margin-bottom: 5px;'>Barra de desarmador m\u00e1s delgada para atornillar m\u00e1s f\u00e1cilmente cabezas de tornillo<\/li>\n<\/ul><\/div>\n<\/p><\/div>\n<div style='display: flex; flex-wrap: wrap; gap: 20px; margin-bottom: 30px;'>\n<div style='flex: 1 1 250px; border: 1px solid rgba(150&comma; 150&comma; 150&comma; 0.4); border-radius: 8px; overflow: hidden; display: flex; flex-direction: column;'>\n<div style='padding: 15px; border-bottom: 1px solid rgba(150&comma; 150&comma; 150&comma; 0.2); font-weight: bold; font-size: 18px; color: inherit;'>Especificaciones<\/div>\n<div style='padding: 15px; color: inherit;'>\n<ul style='padding-left: 20px; margin: 0; font-size: 14px; list-style-type: disc;'>\n<li style='margin-bottom: 5px;'><strong>Aplicaci\u00f3n:<\/strong> Tuber\u00eda met\u00e1lica para electricidad (EMT)<\/li>\n<li style='margin-bottom: 5px;'><strong>Medida de tubo conduit:<\/strong> 1\/2&#8221;&comma; 3\/4&#8221;&comma; 1&#8221; (1&comma;3 cm&comma; 1&comma;9 cm&comma; 2&comma;5 cm)<\/li>\n<li style='margin-bottom: 5px;'><strong>Tama\u00f1o de la punta:<\/strong> 5\/16&#8221; (7&comma;9 mm)<\/li>\n<li style='margin-bottom: 5px;'><strong>Longitud de la barra:<\/strong> 2&comma;5&#8221; (6&comma;4 cm)<\/li>\n<li style='margin-bottom: 5px;'><strong>Longitud total:<\/strong> 7&comma;5&#8221; (19&comma;1 cm)<\/li>\n<li style='margin-bottom: 5px;'><strong>Peso:<\/strong> 8 onza (227 g)<\/li>\n<li style='margin-bottom: 5px;'><strong>UPC:<\/strong> 092644851919<\/li>\n<\/ul><\/div>\n<\/p><\/div>\n<\/p><\/div>\n<hr style='border: 0; border-top: 1px solid rgba(150&comma; 150&comma; 150&comma; 0.3); margin: 30px 0;'>\n<div style='display: flex; flex-wrap: wrap; gap: 30px; margin-top: 30px;'>\n<div style='flex: 1 1 300px; min-width: 280px;'> <img style='width: 100%; height: auto; border: 1px solid rgba(150&comma;150&comma;150&comma;0.3); border-radius: 8px;' src='https:\/\/ftp3.syscom.mx\/usuarios\/fotos\/85191\/205850-captura_de_pantalla_2023-05-23_a_la(s)_10.00.41.png' alt=''> <\/div>\n<\/p><\/div>\n<\/p><\/div>\n","protected":false},"excerpt":{"rendered":"<p>Desarmador para Escariar e Instalar Tubo Conduit (pared delgada).<\/p>\n","protected":false},"featured_media":108056,"comment_status":"open","ping_status":"closed","template":"","meta":[],"product_brand":[],"product_cat":[1138],"product_tag":[1058,1139,432],"class_list":{"0":"post-108057","1":"product","2":"type-product","3":"status-publish","4":"has-post-thumbnail","6":"product_cat-herramientas-mecanicas","7":"product_tag-ferreteria","8":"product_tag-herramientas-mecanicas","9":"product_tag-klein-tools","11":"first","12":"instock","13":"sale","14":"shipping-taxable","15":"purchasable","16":"product-type-simple"},"_links":{"self":[{"href":"https:\/\/soydeaqui.ddns.net\/pachuca\/index.php\/wp-json\/wp\/v2\/product\/108057","targetHints":{"allow":["GET"]}}],"collection":[{"href":"https:\/\/soydeaqui.ddns.net\/pachuca\/index.php\/wp-json\/wp\/v2\/product"}],"about":[{"href":"https:\/\/soydeaqui.ddns.net\/pachuca\/index.php\/wp-json\/wp\/v2\/types\/product"}],"replies":[{"embeddable":true,"href":"https:\/\/soydeaqui.ddns.net\/pachuca\/index.php\/wp-json\/wp\/v2\/comments?post=108057"}],"wp:featuredmedia":[{"embeddable":true,"href":"https:\/\/soydeaqui.ddns.net\/pachuca\/index.php\/wp-json\/wp\/v2\/media\/108056"}],"wp:attachment":[{"href":"https:\/\/soydeaqui.ddns.net\/pachuca\/index.php\/wp-json\/wp\/v2\/media?parent=108057"}],"wp:term":[{"taxonomy":"product_brand","embeddable":true,"href":"https:\/\/soydeaqui.ddns.net\/pachuca\/index.php\/wp-json\/wp\/v2\/product_brand?post=108057"},{"taxonomy":"product_cat","embeddable":true,"href":"https:\/\/soydeaqui.ddns.net\/pachuca\/index.php\/wp-json\/wp\/v2\/product_cat?post=108057"},{"taxonomy":"product_tag","embeddable":true,"href":"https:\/\/soydeaqui.ddns.net\/pachuca\/index.php\/wp-json\/wp\/v2\/product_tag?post=108057"}],"curies":[{"name":"wp","href":"https:\/\/api.w.org\/{rel}","templated":true}]}}