{"id":108031,"date":"2026-03-20T17:39:42","date_gmt":"2026-03-20T17:39:42","guid":{"rendered":"https:\/\/soydeaqui.ddns.net\/pachuca\/index.php\/producto\/domo-ip-ptz-antivandalico-2mp-zoom-optico-32x-ir-100m-h-265-wisestream-wdr-120db-exterior-ip66\/"},"modified":"2026-03-20T17:39:49","modified_gmt":"2026-03-20T17:39:49","slug":"domo-ip-ptz-antivandalico-2mp-zoom-optico-32x-ir-100m-h-265-wisestream-wdr-120db-exterior-ip66","status":"publish","type":"product","link":"https:\/\/soydeaqui.ddns.net\/pachuca\/index.php\/producto\/domo-ip-ptz-antivandalico-2mp-zoom-optico-32x-ir-100m-h-265-wisestream-wdr-120db-exterior-ip66\/","title":{"rendered":"Domo IP PTZ Antivand\u00e1lico 2MP \/ Zoom \u00d3ptico 32X \/ IR 100m \/ H.265 &#038; WiseStream  \/ WDR 120DB \/ Exterior IP66"},"content":{"rendered":"<div style='width: 100%; max-width: 1200px; margin: 0 auto; font-family: sans-serif; line-height: 1.6; color: inherit; background-color: transparent;'> <!-- Imagen principal --> <\/p>\n<div style='text-align: center; margin-bottom: 30px;'> <a href='https:\/\/www.syscom.mx\/principal\/consultarproductosazul?global_search=htasq&#038;ordenar=Relevancia&#038;pag=1' target='_blank' rel='noopener'> <img style='width: 100%; max-width: 560px; height: auto; border: 1px solid rgba(150&comma;150&comma;150&comma;0.3); border-radius: 8px;' src='https:\/\/ftp3.syscom.mx\/usuarios\/gmagos\/Hanwha\/fotos\/Wisenet%20Q.png' alt=''> <\/a> <\/div>\n<p> <!-- Secci\u00f3n video y compresi\u00f3n --> <\/p>\n<div style='display: flex; flex-wrap: wrap; gap: 30px; margin-bottom: 30px;'>\n<div style='flex: 1 1 300px; min-width: 280px;'>\n<div style='position: relative; padding-bottom: 56.25%; height: 0; overflow: hidden;'>   <\/div>\n<\/p><\/div>\n<div style='flex: 1 1 300px; min-width: 280px;'>\n<h3 style='font-size: 22px; border-bottom: 2px solid currentColor; padding-bottom: 5px; margin-top: 0; color: inherit; opacity: 0.8;'>H.265 + <span style='color: #f37934;'>WiseStream<\/span><\/h3>\n<p style='font-size: 15px; color: inherit;'> Mediante WiseStream&comma; la tecnolog\u00eda de compresi\u00f3n de v\u00eddeo de Hanwha Techwin&comma; la serie Wisenet X reduce el almacenamiento de datos <strong><span style='color: #f37934;'>hasta un 75%<\/span><\/strong> en comparaci\u00f3n con la actual tecnolog\u00eda H.264&comma; cuando se combina con la compresi\u00f3n H.265. Los costes del sistema se reducen enormemente sin comprometer la calidad de las im\u00e1genes. <\/p>\n<\/p><\/div>\n<\/p><\/div>\n<p> <!-- Secci\u00f3n lente varifocal y video --> <\/p>\n<div style='display: flex; flex-wrap: wrap; gap: 30px; margin-bottom: 30px;'>\n<div style='flex: 1 1 300px; min-width: 280px;'>\n<h3 style='font-size: 22px; border-bottom: 2px solid currentColor; padding-bottom: 5px; margin-top: 0; color: inherit; opacity: 0.8;'>Lente Varifocal para mejor visualizaci\u00f3n a mayor distancia<\/h3>\n<p style='font-size: 15px; color: inherit;'> La serie Q de Wisenet&comma; le ofrece <span style='font-weight: bold; color: #f37934;'>lentes varifocales<\/span> de <span style='color: #f37934; font-weight: bold;'>2.8 &#8211; 12 mm<\/span> para tener un mayor alcance de visualizaci\u00f3n cuando se requiere distinguir objetos a distancia. <\/p>\n<p style='font-size: 15px; color: inherit;'> El alcance del lente se puede apreciar en el video. <\/p>\n<\/p><\/div>\n<div style='flex: 1 1 300px; min-width: 280px;'>\n<div style='position: relative; padding-bottom: 56.25%; height: 0; overflow: hidden;'>   <\/div>\n<\/p><\/div>\n<\/p><\/div>\n<p> <!-- Secci\u00f3n de detecciones --> <\/p>\n<div style='display: grid; grid-template-columns: repeat(auto-fill&comma; minmax(280px&comma; 1fr)); gap: 30px; margin-bottom: 30px;'>\n<div style='text-align: center;'>\n<h3 style='font-size: 18px; color: #f37934; margin-top: 0; margin-bottom: 15px;'>Detecci\u00f3n de Movimiento<\/h3>\n<p> <img style='width: 100%; height: auto; border: 1px solid rgba(150&comma;150&comma;150&comma;0.3); border-radius: 8px;' src='https:\/\/ftp3.syscom.mx\/usuarios\/fotos\/QNO6010R\/88479-detecci\u00f3n_de_movimiento.jpg' alt=''> <\/div>\n<div style='text-align: center;'>\n<h3 style='font-size: 18px; color: #f37934; margin-top: 0; margin-bottom: 15px;'>Detecci\u00f3n de Sabotaje<\/h3>\n<p> <img style='width: 100%; height: auto; border: 1px solid rgba(150&comma;150&comma;150&comma;0.3); border-radius: 8px;' src='https:\/\/ftp3.syscom.mx\/usuarios\/fotos\/LNV6010R\/157854-sabotaje.jpg' alt=''> <\/div>\n<div style='text-align: center;'>\n<h3 style='font-size: 18px; color: #f37934; margin-top: 0; margin-bottom: 15px;'>Detecci\u00f3n de Desenfoque<\/h3>\n<p> <img style='width: 100%; height: auto; border: 1px solid rgba(150&comma;150&comma;150&comma;0.3); border-radius: 8px;' src='https:\/\/ftp3.syscom.mx\/usuarios\/fotos\/LNO6070R\/157853-imagen-desenfocada_1286-72.jpg' alt=''> <\/div>\n<\/p><\/div>\n<p> <!-- Secci\u00f3n de especificaciones --> <\/p>\n<div style='display: flex; flex-wrap: wrap; gap: 20px; margin-bottom: 30px;'> <!-- Caracter\u00edsticas principales --> <\/p>\n<div style='flex: 1 1 300px; min-width: 280px;'>\n<div style='border: 1px solid rgba(150&comma; 150&comma; 150&comma; 0.4); border-radius: 8px; overflow: hidden;'>\n<div style='padding: 15px; border-bottom: 1px solid rgba(150&comma; 150&comma; 150&comma; 0.2); font-weight: bold; font-size: 18px; color: inherit; background-color: rgba(243&comma; 121&comma; 52&comma; 0.05);'>Caracter\u00edsticas principales<\/div>\n<div style='padding: 15px; color: inherit;'>\n<ul style='padding-left: 20px; margin: 0; font-size: 14px; list-style-type: disc;'>\n<li style='margin-bottom: 8px;'><strong>Sensor de imagen:<\/strong> 1\/2.8 CMOS Scan Progresivo<\/li>\n<li style='margin-bottom: 8px;'><strong>Iluminaci\u00f3n m\u00ednima:<\/strong> Color: 0.2 Lux&comma; B\/N: 0.01 Lux<\/li>\n<li style='margin-bottom: 8px;'><strong>D\u00eda \/ Noche:<\/strong> Real con filtro ICR<\/li>\n<li style='margin-bottom: 8px;'><strong>Lente Motizado:<\/strong> 4.4 a 142.6 mm (32X)<\/li>\n<li style='margin-bottom: 8px;'><strong>Funciones:<\/strong> WDR real (120dB)<\/li>\n<li style='margin-bottom: 8px;'><strong>Iluminaci\u00f3n infrarroja:<\/strong> 100m<\/li>\n<\/ul><\/div>\n<\/p><\/div>\n<div style='margin-top: 20px;'>\n<h4 style='font-size: 16px; margin-top: 0; margin-bottom: 10px; color: inherit; opacity: 0.9;'>Accesorios opcionales<\/h4>\n<ul style='padding-left: 20px; margin: 0; font-size: 14px; list-style-type: disc; color: inherit;'>\n<li style='margin-bottom: 5px;'><a href='https:\/\/www.syscom.mx\/producto\/SBP-156CMW-Hanwha-Techwin-Wisenet-192705.html' target='_blank' rel='noopener' style='color: inherit; text-decoration: underline;'>SBP-156CMW<\/a> &#8211; Montaje de techo<\/li>\n<li style='margin-bottom: 5px;'><a href='https:\/\/www.syscom.mx\/producto\/SBP-156WMW-Hanwha-Techwin-Wisenet-192703.html' target='_blank' rel='noopener' style='color: inherit; text-decoration: underline;'>SBP-156WMW<\/a> &#8211; Montaje de pared<\/li>\n<li style='margin-bottom: 5px;'><a href='https:\/\/www.syscom.mx\/producto\/SBP-156HMW-Hanwha-Techwin-Wisenet-192704.html' target='_blank' rel='noopener' style='color: inherit; text-decoration: underline;'>SBP-156HMW<\/a> &#8211; Adaptador para colocar montajes adicionales<\/li>\n<li style='margin-bottom: 5px;'><a href='https:\/\/www.syscom.mx\/producto\/SBP-300WMW1-Hanwha-Techwin-Wisenet-164078.html' target='_blank' rel='noopener' style='color: inherit; text-decoration: underline;'>SBP-300WMW1<\/a> &#8211; Montaje de pared (requiere adaptador SBP-156HMW)<\/li>\n<li style='margin-bottom: 5px;'><a href='https:\/\/www.syscom.mx\/producto\/SBP-300CMW-Hanwha-Techwin-Wisenet-164080.html' target='_blank' rel='noopener' style='color: inherit; text-decoration: underline;'>SBP-300CMW<\/a> &#8211; Montaje de techo (requiere adaptador SBP-156HMW)<\/li>\n<\/ul><\/div>\n<\/p><\/div>\n<p> <!-- Compresi\u00f3n y resoluci\u00f3n --> <\/p>\n<div style='flex: 1 1 300px; min-width: 280px;'>\n<div style='border: 1px solid rgba(150&comma; 150&comma; 150&comma; 0.4); border-radius: 8px; overflow: hidden;'>\n<div style='padding: 15px; border-bottom: 1px solid rgba(150&comma; 150&comma; 150&comma; 0.2); font-weight: bold; font-size: 18px; color: inherit; background-color: rgba(243&comma; 121&comma; 52&comma; 0.05);'>Compresi\u00f3n de v\u00eddeo y resoluci\u00f3n m\u00e1xima<\/div>\n<div style='padding: 15px; color: inherit;'>\n<ul style='padding-left: 20px; margin: 0; font-size: 14px; list-style-type: disc;'>\n<li style='margin-bottom: 8px;'><strong>Resoluci\u00f3n m\u00e1xima:<\/strong> 2 Megap\u00edxel (1920 x 1080) a 30FPS<\/li>\n<li style='margin-bottom: 8px;'><strong>Compresi\u00f3n:<\/strong> H.265&comma; H.264&comma; MJPEG<\/li>\n<\/ul><\/div>\n<\/p><\/div>\n<div style='margin-top: 20px;'>\n<h4 style='font-size: 16px; margin-top: 0; margin-bottom: 10px; color: inherit; opacity: 0.9;'>DORI (EN62676-4)<\/h4>\n<ul style='padding-left: 20px; margin: 0; font-size: 14px; list-style-type: disc; color: inherit;'>\n<li style='margin-bottom: 5px;'><strong>Detectar:<\/strong> 25PPM \/ 8PPF &#8211; WIDE: 64.2m &#8211; TELE: 1921.3m<\/li>\n<li style='margin-bottom: 5px;'><strong>Observar:<\/strong> 63PPM \/ 19PPF &#8211; WIDE: 24.3m &#8211; TELE: 768.5m<\/li>\n<li style='margin-bottom: 5px;'><strong>Reconocer:<\/strong> 125PPM \/ 38PPF &#8211; WIDE: 12.1m &#8211; TELE: 384.3m<\/li>\n<li style='margin-bottom: 5px;'><strong>Identificar:<\/strong> 250PPM \/ 76PPF &#8211; WIDE: 6.1m &#8211; TELE: 192.1m<\/li>\n<\/ul><\/div>\n<div style='margin-top: 20px;'>\n<h4 style='font-size: 16px; margin-top: 0; margin-bottom: 10px; color: inherit; opacity: 0.9;'>Funciones de red y almacenamiento<\/h4>\n<ul style='padding-left: 20px; margin: 0; font-size: 14px; list-style-type: disc; color: inherit;'>\n<li style='margin-bottom: 5px;'><strong>Almacenamiento:<\/strong> Soporta microSD de hasta 256GB (no incluida)<\/li>\n<li style='margin-bottom: 5px;'><strong>ONVIF:<\/strong> Profile S\/G&comma; SUNAPI (HTTP API)<\/li>\n<\/ul><\/div>\n<\/p><\/div>\n<p> <!-- Caracter\u00edsticas f\u00edsicas --> <\/p>\n<div style='flex: 1 1 300px; min-width: 280px;'>\n<div style='border: 1px solid rgba(150&comma; 150&comma; 150&comma; 0.4); border-radius: 8px; overflow: hidden;'>\n<div style='padding: 15px; border-bottom: 1px solid rgba(150&comma; 150&comma; 150&comma; 0.2); font-weight: bold; font-size: 18px; color: inherit; background-color: rgba(243&comma; 121&comma; 52&comma; 0.05);'>Caracter\u00edsticas f\u00edsicas y el\u00e9ctricas<\/div>\n<div style='padding: 15px; color: inherit;'>\n<ul style='padding-left: 20px; margin: 0; font-size: 14px; list-style-type: disc;'>\n<li style='margin-bottom: 8px;'><strong>Temperatura de operaci\u00f3n:<\/strong> -35 a 55 \u00b0C&comma; humedad menor a 90%<\/li>\n<li style='margin-bottom: 8px;'><strong>Alimentaci\u00f3n:<\/strong> PoE (802.3at) \/ 25.5 W<\/li>\n<li style='margin-bottom: 8px;'><strong>Tipo de uso:<\/strong> IP66 \/ IK10 \/ NEMA4X<\/li>\n<li style='margin-bottom: 8px;'><strong>Dimensiones:<\/strong> \u00d8158 x 293.3 mm<\/li>\n<li style='margin-bottom: 8px;'><strong>Peso:<\/strong> 3.1 Kg<\/li>\n<\/ul><\/div>\n<\/p><\/div>\n<div style='margin-top: 20px;'>\n<h4 style='font-size: 16px; margin-top: 0; margin-bottom: 10px; color: inherit; opacity: 0.9;'>Inyector POE opcional<\/h4>\n<ul style='padding-left: 20px; margin: 0; font-size: 14px; list-style-type: disc; color: inherit;'>\n<li style='margin-bottom: 5px;'><a href='https:\/\/www.syscom.mx\/producto\/POE-163-PLANET-73558.html' target='_blank' rel='noopener' style='color: inherit; text-decoration: underline;'>POE-163<\/a><\/li>\n<li style='margin-bottom: 5px;'><a href='https:\/\/www.syscom.mx\/producto\/POE-173-PLANET-73556.html' target='_blank' rel='noopener' style='color: inherit; text-decoration: underline;'>POE-173<\/a><\/li>\n<\/ul><\/div>\n<div style='margin-top: 20px; padding: 15px; border-left: 5px solid #f37934; background-color: rgba(243&comma; 121&comma; 52&comma; 0.05);'>\n<p style='margin: 0; font-size: 14px; color: inherit;'> <strong>Nota:<\/strong> Los montajes se cotizan por separado&comma; revisar los accesorios necesarios seg\u00fan la instalaci\u00f3n. <\/p>\n<\/p><\/div>\n<div style='margin-top: 15px;'>\n<p style='margin: 0; font-size: 14px; color: inherit;'> <strong>Para m\u00e1s informaci\u00f3n&comma; ingrese <\/strong> <a href='https:\/\/hanwhavisionamerica.com\/download\/30483\/' target='_blank' rel='noopener' style='color: inherit; text-decoration: underline;'>aqu\u00ed<\/a>. <\/p>\n<\/p><\/div>\n<\/p><\/div>\n<\/p><\/div>\n<p> <!-- Nota final --> <\/p>\n<div style='margin-top: 30px; padding: 15px; border-left: 5px solid #e74c3c; background-color: rgba(231&comma; 76&comma; 60&comma; 0.05);'>\n<p style='margin: 0; font-size: 14px; color: inherit;'> <strong>Nota:<\/strong> <a href='https:\/\/soporte.syscom.mx\/es\/articles\/3927012-hanwha-recomendaciones-y-partes-para-instalacion-adecuada-de-una-camara-ptz-en-exterior' target='_blank' rel='noopener' style='color: #e74c3c; text-decoration: underline;'>Recomendaciones y partes para instalaci\u00f3n adecuada de una c\u00e1mara PTZ en exterior<\/a> <\/p>\n<\/p><\/div>\n<p> <!-- Imagen final --> <\/p>\n<div style='text-align: center; margin-top: 30px;'> <a href='http:\/\/soporte.syscom.mx\/videovigilancia\/hanwha-lista-de-tips-tecnicos' target='_blank' rel='noopener'> <img style='width: 100%; max-width: 378px; height: auto; border: 1px solid rgba(150&comma;150&comma;150&comma;0.3); border-radius: 8px;' src='https:\/\/35.165.177.10\/usuarios\/gmagos\/Hanwha\/fotos\/basede1%20%281%29.png' alt=''> <\/a> <\/div>\n<\/p><\/div>\n","protected":false},"excerpt":{"rendered":"<p>Domo IP PTZ Antivand\u00e1lico 2MP \/ Zoom \u00d3ptico 32X \/ IR 100m \/ H.265 &#038; WiseStream  \/ WDR 120DB \/ Exterior IP66<\/p>\n","protected":false},"featured_media":108030,"comment_status":"open","ping_status":"closed","template":"","meta":[],"product_brand":[],"product_cat":[1224],"product_tag":[122,1055,1225],"class_list":{"0":"post-108031","1":"product","2":"type-product","3":"status-publish","4":"has-post-thumbnail","6":"product_cat-ptz","7":"product_tag-camaras-ip-y-nvrs","8":"product_tag-hanwha-vision","9":"product_tag-ptz","11":"first","12":"instock","13":"sale","14":"shipping-taxable","15":"purchasable","16":"product-type-simple"},"_links":{"self":[{"href":"https:\/\/soydeaqui.ddns.net\/pachuca\/index.php\/wp-json\/wp\/v2\/product\/108031","targetHints":{"allow":["GET"]}}],"collection":[{"href":"https:\/\/soydeaqui.ddns.net\/pachuca\/index.php\/wp-json\/wp\/v2\/product"}],"about":[{"href":"https:\/\/soydeaqui.ddns.net\/pachuca\/index.php\/wp-json\/wp\/v2\/types\/product"}],"replies":[{"embeddable":true,"href":"https:\/\/soydeaqui.ddns.net\/pachuca\/index.php\/wp-json\/wp\/v2\/comments?post=108031"}],"wp:featuredmedia":[{"embeddable":true,"href":"https:\/\/soydeaqui.ddns.net\/pachuca\/index.php\/wp-json\/wp\/v2\/media\/108030"}],"wp:attachment":[{"href":"https:\/\/soydeaqui.ddns.net\/pachuca\/index.php\/wp-json\/wp\/v2\/media?parent=108031"}],"wp:term":[{"taxonomy":"product_brand","embeddable":true,"href":"https:\/\/soydeaqui.ddns.net\/pachuca\/index.php\/wp-json\/wp\/v2\/product_brand?post=108031"},{"taxonomy":"product_cat","embeddable":true,"href":"https:\/\/soydeaqui.ddns.net\/pachuca\/index.php\/wp-json\/wp\/v2\/product_cat?post=108031"},{"taxonomy":"product_tag","embeddable":true,"href":"https:\/\/soydeaqui.ddns.net\/pachuca\/index.php\/wp-json\/wp\/v2\/product_tag?post=108031"}],"curies":[{"name":"wp","href":"https:\/\/api.w.org\/{rel}","templated":true}]}}