{"id":108020,"date":"2026-03-20T17:39:06","date_gmt":"2026-03-20T17:39:06","guid":{"rendered":"https:\/\/soydeaqui.ddns.net\/pachuca\/index.php\/producto\/body-camera-portatil-grabacion-a-1080p-ip67-h-265-128-gb-gps-wifi-3g-y-4g-fotos-de-30-megapixel\/"},"modified":"2026-03-20T17:39:07","modified_gmt":"2026-03-20T17:39:07","slug":"body-camera-portatil-grabacion-a-1080p-ip67-h-265-128-gb-gps-wifi-3g-y-4g-fotos-de-30-megapixel","status":"publish","type":"product","link":"https:\/\/soydeaqui.ddns.net\/pachuca\/index.php\/producto\/body-camera-portatil-grabacion-a-1080p-ip67-h-265-128-gb-gps-wifi-3g-y-4g-fotos-de-30-megapixel\/","title":{"rendered":"Body Camera Port\u00e1til \/ Grabaci\u00f3n a 1080p \/ IP67 \/ H.265 \/ 128 GB \/ GPS \/ WIFI \/ 3G y 4G \/ Fotos de 30 Megapixel"},"content":{"rendered":"<div style='width: 100%; max-width: 1200px; margin: 0 auto; font-family: sans-serif; line-height: 1.6; color: inherit; background-color: transparent;'>\n<div style='display: flex; flex-wrap: wrap; gap: 30px; margin-bottom: 30px;'>\n<div style='flex: 1 1 300px; min-width: 280px;'>\n<h3 style='font-size: 22px; border-bottom: 2px solid currentColor; padding-bottom: 5px; margin-top: 0; color: inherit; opacity: 0.8;'>Caracter\u00edsticas principales<\/h3>\n<ul style='padding-left: 20px; font-size: 15px; color: inherit;'>\n<li style='margin-bottom: 5px;'>Compresi\u00f3n: H.265 \/ H.264<\/li>\n<li style='margin-bottom: 5px;'>Grabaci\u00f3n de v\u00eddeo hasta 1080p @ 30 IPS<\/li>\n<li style='margin-bottom: 5px;'>\u00c1ngulo de apertura de 129\u00ba<\/li>\n<li style='margin-bottom: 5px;'>Dise\u00f1o con bater\u00eda reemplazable<\/li>\n<li style='margin-bottom: 5px;'>Tecnolog\u00eda de reducci\u00f3n de ruido y eco<\/li>\n<li style='margin-bottom: 5px;'>M\u00f3dulo GPS integrado<\/li>\n<li style='margin-bottom: 5px;'>M\u00f3dulo WIFI integrado<\/li>\n<li style='margin-bottom: 5px;'>M\u00f3dulo 3G y 4G integrado (requiere SIM de datos para transmisi\u00f3n remota y licencias del software iVMS-5200)<\/li>\n<li style='margin-bottom: 5px;'>Almacenamiento interno de 128 GB (no extra\u00edble)<\/li>\n<li style='margin-bottom: 5px;'>Fotograf\u00edas con resoluci\u00f3n de 30 Megapixel<\/li>\n<li style='margin-bottom: 5px;'>Micr\u00f3fono integrado<\/li>\n<\/ul><\/div>\n<div style='flex: 1 1 300px; min-width: 280px;'>\n<h3 style='font-size: 22px; border-bottom: 2px solid currentColor; padding-bottom: 5px; margin-top: 0; color: inherit; opacity: 0.8;'>Caracter\u00edsticas f\u00edsicas y el\u00e9ctricas<\/h3>\n<ul style='padding-left: 20px; font-size: 15px; color: inherit;'>\n<li style='margin-bottom: 5px;'>Pantalla de 2.4 pulgadas TFT LCD<\/li>\n<li style='margin-bottom: 5px;'>Protecci\u00f3n IP67 para exterior<\/li>\n<li style='margin-bottom: 5px;'>Dimensiones: 95 x 60 x 29 mm<\/li>\n<li style='margin-bottom: 5px;'>Peso: 190 grs<\/li>\n<li style='margin-bottom: 5px;'>Interfaz mini USB 2.0 para extracci\u00f3n de eventos<\/li>\n<li style='margin-bottom: 5px;'>Alimentaci\u00f3n mediante interfaz mini USB<\/li>\n<li style='margin-bottom: 5px;'>Bater\u00eda de 3300 mAh para hasta 8 horas de grabaci\u00f3n<\/li>\n<li style='margin-bottom: 5px;'>Garant\u00eda: 2 a\u00f1os<\/li>\n<\/ul><\/div>\n<\/p><\/div>\n<div style='display: flex; flex-wrap: wrap; gap: 20px; margin-bottom: 30px;'>\n<div style='flex: 1 1 400px; border: 1px solid rgba(150&comma; 150&comma; 150&comma; 0.4); border-radius: 8px; overflow: hidden; display: flex; flex-direction: column;'>\n<div style='padding: 15px; border-bottom: 1px solid rgba(150&comma; 150&comma; 150&comma; 0.2); font-weight: bold; font-size: 18px; color: inherit;'>Requerimientos adicionales para transmisi\u00f3n remota de v\u00eddeo y ubicaci\u00f3n de DVR<\/div>\n<div style='padding: 15px; color: inherit;'>\n<ul style='padding-left: 20px; margin: 0; font-size: 14px; list-style-type: disc;'>\n<li style='margin-bottom: 10px;'>Se requiere un servidor (PC) dedicado para instalar las licencias del software Hik-Central y mantener los servicios activos para poder consultar el v\u00eddeo en vivo de manera remota<\/li>\n<li style='margin-bottom: 10px;'>Se requiere IP p\u00fablica fija (dedicada) y el ancho de banda depender\u00e1 de la cantidad de DVR port\u00e1tiles a transmitir o visualizar<\/li>\n<\/ul><\/div>\n<\/p><\/div>\n<\/p><\/div>\n<div style='display: flex; flex-wrap: wrap; gap: 20px; margin-bottom: 30px;'>\n<div style='flex: 1 1 400px; border: 1px solid rgba(150&comma; 150&comma; 150&comma; 0.4); border-radius: 8px; overflow: hidden; display: flex; flex-direction: column;'>\n<div style='padding: 15px; border-bottom: 1px solid rgba(150&comma; 150&comma; 150&comma; 0.2); font-weight: bold; font-size: 18px; color: inherit;'>Licencias necesarias para transmisi\u00f3n remota del DVR<\/div>\n<div style='padding: 15px; color: inherit;'>\n<ul style='padding-left: 20px; margin: 0; font-size: 14px; list-style-type: disc;'>\n<li style='margin-bottom: 10px;'><strong style='color: inherit;'>HC-P-MS-B<\/strong>: Hik-Central \/ Licencia Base para Dispositivos M\u00f3viles \/ Incluye 10 Unidades (HikCentral-P-MS-Base)<\/li>\n<li style='margin-bottom: 10px;'><strong style='color: inherit;'>HC-P-MS\/1<\/strong>: Hik-Central \/ Licencia para Agregar 1 Dispositivo M\u00f3vil Adicional (HikCentral-P-MS-1Unit)<\/li>\n<\/ul><\/div>\n<\/p><\/div>\n<\/p><\/div>\n<div style='display: flex; flex-wrap: wrap; gap: 20px; margin-bottom: 30px;'>\n<div style='flex: 1 1 300px; min-width: 280px;'>\n<h3 style='font-size: 22px; border-bottom: 2px solid currentColor; padding-bottom: 5px; margin-top: 0; color: inherit; opacity: 0.8;'>Informaci\u00f3n adicional<\/h3>\n<div style='color: inherit;'>\n<p style='font-size: 15px; margin-bottom: 10px;'>La body camera es un dispositivo altamente dise\u00f1ado principalmente para la seguridad y el cumplimiento de la ley. Esta c\u00e1mara personal permite grabar el v\u00eddeo y el audio de la escena&comma; despu\u00e9s de los eventos podemos revisar la escena debido a su tama\u00f1o peque\u00f1o&comma; peso ligero&comma; f\u00e1cil de transportar y f\u00e1cil de operar. Todas estas ventajas convierten a la body camera de HIKVISION en un buen ayudante para el cumplimiento de la ley.<\/p>\n<\/p><\/div>\n<\/p><\/div>\n<\/p><\/div>\n<div style='display: flex; flex-wrap: wrap; gap: 20px; margin-bottom: 30px;'>\n<div style='flex: 1 1 300px; min-width: 280px;'>\n<h3 style='font-size: 22px; border-bottom: 2px solid currentColor; padding-bottom: 5px; margin-top: 0; color: inherit; opacity: 0.8;'>Logo HIKVISION<\/h3>\n<div style='border: 1px solid rgba(150&comma;150&comma;150&comma;0.3); border-radius: 8px; overflow: hidden;'> <img style='width: 100%; height: auto; border: none; border-radius: 8px;' src='http:\/\/ftp3.syscom.mx\/usuarios\/jdelafuente\/HIKVISION\/hikvision%20logo%20complete.png' alt='Logo HIKVISION' \/> <\/div>\n<\/p><\/div>\n<\/p><\/div>\n<hr style='border: 0; border-top: 1px solid rgba(150&comma; 150&comma; 150&comma; 0.3); margin: 30px 0;'> <\/div>\n","protected":false},"excerpt":{"rendered":"<p>Body Camera Port\u00e1til \/ Grabaci\u00f3n a 1080p \/ IP67 \/ H.265 \/ 128 GB \/ GPS \/ WIFI \/ 3G y 4G \/ Fotos de 30 Megapixel<\/p>\n","protected":false},"featured_media":32,"comment_status":"open","ping_status":"closed","template":"","meta":[],"product_brand":[],"product_cat":[1466],"product_tag":[54,1344,1467],"class_list":{"0":"post-108020","1":"product","2":"type-product","3":"status-publish","4":"has-post-thumbnail","6":"product_cat-videograbadoras-portatiles","7":"product_tag-hikvision","8":"product_tag-videograbadoras-moviles-y-portatiles","9":"product_tag-videograbadoras-portatiles","11":"first","12":"outofstock","13":"sale","14":"shipping-taxable","15":"purchasable","16":"product-type-simple"},"_links":{"self":[{"href":"https:\/\/soydeaqui.ddns.net\/pachuca\/index.php\/wp-json\/wp\/v2\/product\/108020","targetHints":{"allow":["GET"]}}],"collection":[{"href":"https:\/\/soydeaqui.ddns.net\/pachuca\/index.php\/wp-json\/wp\/v2\/product"}],"about":[{"href":"https:\/\/soydeaqui.ddns.net\/pachuca\/index.php\/wp-json\/wp\/v2\/types\/product"}],"replies":[{"embeddable":true,"href":"https:\/\/soydeaqui.ddns.net\/pachuca\/index.php\/wp-json\/wp\/v2\/comments?post=108020"}],"wp:featuredmedia":[{"embeddable":true,"href":"https:\/\/soydeaqui.ddns.net\/pachuca\/index.php\/wp-json\/wp\/v2\/media\/32"}],"wp:attachment":[{"href":"https:\/\/soydeaqui.ddns.net\/pachuca\/index.php\/wp-json\/wp\/v2\/media?parent=108020"}],"wp:term":[{"taxonomy":"product_brand","embeddable":true,"href":"https:\/\/soydeaqui.ddns.net\/pachuca\/index.php\/wp-json\/wp\/v2\/product_brand?post=108020"},{"taxonomy":"product_cat","embeddable":true,"href":"https:\/\/soydeaqui.ddns.net\/pachuca\/index.php\/wp-json\/wp\/v2\/product_cat?post=108020"},{"taxonomy":"product_tag","embeddable":true,"href":"https:\/\/soydeaqui.ddns.net\/pachuca\/index.php\/wp-json\/wp\/v2\/product_tag?post=108020"}],"curies":[{"name":"wp","href":"https:\/\/api.w.org\/{rel}","templated":true}]}}