{"id":108013,"date":"2026-03-20T17:38:39","date_gmt":"2026-03-20T17:38:39","guid":{"rendered":"https:\/\/soydeaqui.ddns.net\/pachuca\/index.php\/producto\/modulo-esclavo-para-instalaciones-seguras-en-controles-de-acceso-hikvision-compatible-con-biometricos-faciales-min-moe-conexion-rs-485-soporta-boton-de-salida-y-chapa\/"},"modified":"2026-03-20T17:39:00","modified_gmt":"2026-03-20T17:39:00","slug":"modulo-esclavo-para-instalaciones-seguras-en-controles-de-acceso-hikvision-compatible-con-biometricos-faciales-min-moe-conexion-rs-485-soporta-boton-de-salida-y-chapa","status":"publish","type":"product","link":"https:\/\/soydeaqui.ddns.net\/pachuca\/index.php\/producto\/modulo-esclavo-para-instalaciones-seguras-en-controles-de-acceso-hikvision-compatible-con-biometricos-faciales-min-moe-conexion-rs-485-soporta-boton-de-salida-y-chapa\/","title":{"rendered":"M\u00f3dulo esclavo para instalaciones SEGURAS en Controles de Acceso Hikvision \/ Compatible con Biometricos Faciales Min Moe \/ Conexi\u00f3n RS-485  \/  Soporta bot\u00f3n de salida y chapa."},"content":{"rendered":"<div style='width: 100%; max-width: 1200px; margin: 0 auto; font-family: sans-serif; line-height: 1.6; color: inherit; background-color: transparent;'>\n<div style='display: flex; flex-wrap: wrap; gap: 20px; margin-bottom: 30px;'>\n<div style='flex: 1 1 300px; min-width: 280px;'>\n<h3 style='font-size: 22px; border-bottom: 2px solid currentColor; padding-bottom: 5px; margin-top: 0; color: inherit; opacity: 0.8;'>Caracter\u00edsticas Principales<\/h3>\n<ul style='padding-left: 20px; font-size: 15px; color: inherit;'>\n<li style='margin-bottom: 5px;'>Comunicaci\u00f3n por RS485 hacia el biom\u00e9trico<\/li>\n<li style='margin-bottom: 5px;'>Soporta una entrada Wiegand<\/li>\n<li style='margin-bottom: 5px;'>Recibe la se\u00f1al magn\u00e9tica de la puerta&comma; la se\u00f1al de bot\u00f3n de salida y la se\u00f1al de prueba de falsa alarma y los env\u00eda a la terminal de control de acceso<\/li>\n<li style='margin-bottom: 5px;'>Dip Switch de 4 canales para configurar n\u00fameros de ID<\/li>\n<\/ul><\/div>\n<div style='flex: 1 1 300px; min-width: 280px;'>\n<h3 style='font-size: 22px; border-bottom: 2px solid currentColor; padding-bottom: 5px; margin-top: 0; color: inherit; opacity: 0.8;'>Caracter\u00edsticas F\u00edsicas y El\u00e9ctricas<\/h3>\n<ul style='padding-left: 20px; font-size: 15px; color: inherit;'>\n<li style='margin-bottom: 5px;'>Voltaje de operaci\u00f3n: 12VD<\/li>\n<li style='margin-bottom: 5px;'>Temperatura de operaci\u00f3n: -30\u00b0C a +55\u00b0C (-22\u00b0F a 131\u00b0F)<\/li>\n<li style='margin-bottom: 5px;'>Dimensiones: 48&#215;115\u00d725mm (1.89\u00d74.53\u00d70.98inch)<\/li>\n<\/ul><\/div>\n<div style='flex: 1 1 300px; min-width: 280px;'>\n<h3 style='font-size: 22px; border-bottom: 2px solid currentColor; padding-bottom: 5px; margin-top: 0; color: inherit; opacity: 0.8;'>Compatibilidad<\/h3>\n<ul style='padding-left: 20px; font-size: 15px; color: inherit;'>\n<li style='margin-bottom: 5px;'>DS-K1T671M<\/li>\n<li style='margin-bottom: 5px;'>DS-K1T341 Series<\/li>\n<li style='margin-bottom: 5px;'>DS-K1T331W<\/li>\n<li style='margin-bottom: 5px;'>DS-K1TA70MIT<\/li>\n<li style='margin-bottom: 5px;'>DSK1T-680 Series<\/li>\n<li style='margin-bottom: 5px;'>DSK1T642 Series<\/li>\n<li style='margin-bottom: 5px;'>DSK1T672 Series<\/li>\n<li style='margin-bottom: 5px;'>DSK5671 Series<\/li>\n<li style='margin-bottom: 5px;'>DS-K1T673 Series<\/li>\n<li style='margin-bottom: 5px;'>DS-K1T501SF<\/li>\n<\/ul>\n<p style='color: #c0392b; font-weight: bold;'>Los modelos <strong>DS-K1T343MWX<\/strong> \/ <strong>DS-K1A340WX<\/strong> NO son compatibles con este m\u00f3dulo.<\/p>\n<\/p><\/div>\n<\/p><\/div>\n<div style='display: flex; flex-wrap: wrap; gap: 20px; margin-bottom: 30px;'>\n<div style='flex: 1 1 300px; min-width: 280px;'>\n<div style='position: relative; padding-bottom: 56.25%; height: 0; overflow: hidden; margin-bottom: 30px;'>   <\/div>\n<\/p><\/div>\n<div style='flex: 1 1 300px; min-width: 280px;'>\n<div style='position: relative; padding-bottom: 56.25%; height: 0; overflow: hidden; margin-bottom: 30px;'>   <\/div>\n<\/p><\/div>\n<div style='flex: 1 1 300px; min-width: 280px;'>\n<div style='position: relative; padding-bottom: 56.25%; height: 0; overflow: hidden; margin-bottom: 30px;'>   <\/div>\n<\/p><\/div>\n<\/p><\/div>\n<div style='margin-bottom: 30px;'> <img style='width: 100%; height: auto; border: 1px solid rgba(150&comma;150&comma;150&comma;0.3); border-radius: 8px;' src='http:\/\/ftp3.syscom.mx\/usuarios\/fespinoza\/modulo%20seguro.png' alt='M\u00f3dulo seguro'> <\/div>\n<div style='margin-bottom: 30px;'>\n<h3 style='font-size: 24px; text-align: center; margin-bottom: 20px; color: inherit;'>Diagrama de conexi\u00f3n Detallado<\/h3>\n<p> <img style='width: 100%; height: auto; border: 1px solid rgba(150&comma;150&comma;150&comma;0.3); border-radius: 8px;' src='https:\/\/downloads.intercomcdn.com\/i\/o\/398525698\/93bdf1406ec7e2ee496f9e72\/Instalaci%C3%B3n+Segura+DS-K2M060.png' alt='Diagrama de conexi\u00f3n'> <\/div>\n<div style='margin-bottom: 30px;'>\n<h3 style='font-size: 24px; text-align: center; margin-bottom: 20px; color: inherit;'>Recursos<\/h3>\n<div style='display: flex; flex-wrap: wrap; gap: 20px;'>\n<div style='flex: 1 1 300px; min-width: 280px;'> <a style='text-decoration: none;' href='https:\/\/www.hikvision.com\/es-la\/support\/download\/software\/ivms4200-series\/?q=serie%20ivms4200&#038;position=1' target='_blank' rel='noopener'> <img style='width: 100%; height: auto; border: 1px solid rgba(150&comma;150&comma;150&comma;0.3); border-radius: 8px;' src='https:\/\/ftp3.syscom.mx\/usuarios\/gmagos\/HIK\/IP\/IPC\/Imagenes%20pagina\/Descargas%20IVMS4200.jpg' alt='IVMS4200 Software'> <\/a> <\/div>\n<div style='flex: 1 1 300px; min-width: 280px;'> <a style='text-decoration: none;' href='https:\/\/appstore.hikvision.com\/' target='_blank' rel='noopener'> <img style='width: 100%; height: auto; border: 1px solid rgba(150&comma;150&comma;150&comma;0.3); border-radius: 8px;' src='https:\/\/ftp3.syscom.mx\/usuarios\/gmagos\/HIK\/IP\/IPC\/Imagenes%20pagina\/Descargas%20de%20app.jpg' alt='Hikvision App Store'> <\/a> <\/div>\n<div style='flex: 1 1 300px; min-width: 280px;'> <a style='text-decoration: none;' href='https:\/\/ftp3.syscom.mx\/usuarios\/ftp\/2019\/02\/15\/86b4c\/Hoja%20de%20Especificaciones%20DS-K2M060.pdf' target='_blank' rel='noopener'> <img style='width: 100%; height: auto; border: 1px solid rgba(150&comma;150&comma;150&comma;0.3); border-radius: 8px;' src='https:\/\/ftp3.syscom.mx\/usuarios\/gmagos\/HIK\/IP\/IPC\/Imagenes%20pagina\/Descarga%20de%20PDF.jpg' alt='Hoja de especificaciones'> <\/a> <\/div>\n<\/p><\/div>\n<\/p><\/div>\n<div style='margin-bottom: 30px;'>\n<p style='text-align: center; font-size: 16px; color: inherit;'> <a style='color: inherit; text-decoration: underline;' href='https:\/\/soporte.syscom.mx\/es\/articles\/5608107-hikvision-instalacion-segura-de-control-de-acceso-con-equipo-autonomo-y-ds-k2m060'> <strong>\u00bfCu\u00e1l es la vulnerabilidad si no se utiliza un m\u00f3dulo seguro como el DS-K2M060 en las instalaciones de Control de Acceso?<\/strong> <\/a> <\/p>\n<p style='text-align: center; font-size: 16px; color: inherit;'> <a style='color: inherit; text-decoration: underline;' href='https:\/\/soporte.syscom.mx\/es\/articles\/5608107-hikvision-instalacion-segura-de-control-de-acceso-con-equipo-autonomo-y-ds-k2m060'> <strong>Vea aqu\u00ed el tip t\u00e9cnico<\/strong> <\/a> <\/p>\n<\/p><\/div>\n<\/p><\/div>\n","protected":false},"excerpt":{"rendered":"<p>M\u00f3dulo esclavo para instalaciones SEGURAS en Controles de Acceso Hikvision \/ Compatible con Biometricos Faciales Min Moe \/ Conexi\u00f3n RS-485  \/  Soporta bot\u00f3n de salida y chapa.<\/p>\n","protected":false},"featured_media":108012,"comment_status":"open","ping_status":"closed","template":"","meta":[],"product_brand":[],"product_cat":[556],"product_tag":[93,54,557],"class_list":{"0":"post-108013","1":"product","2":"type-product","3":"status-publish","4":"has-post-thumbnail","6":"product_cat-accesorios-videoporteros-e-interfonos","7":"product_tag-accesorios","8":"product_tag-hikvision","9":"product_tag-videoporteros-e-interfonos","11":"first","12":"outofstock","13":"sale","14":"shipping-taxable","15":"purchasable","16":"product-type-simple"},"_links":{"self":[{"href":"https:\/\/soydeaqui.ddns.net\/pachuca\/index.php\/wp-json\/wp\/v2\/product\/108013","targetHints":{"allow":["GET"]}}],"collection":[{"href":"https:\/\/soydeaqui.ddns.net\/pachuca\/index.php\/wp-json\/wp\/v2\/product"}],"about":[{"href":"https:\/\/soydeaqui.ddns.net\/pachuca\/index.php\/wp-json\/wp\/v2\/types\/product"}],"replies":[{"embeddable":true,"href":"https:\/\/soydeaqui.ddns.net\/pachuca\/index.php\/wp-json\/wp\/v2\/comments?post=108013"}],"wp:featuredmedia":[{"embeddable":true,"href":"https:\/\/soydeaqui.ddns.net\/pachuca\/index.php\/wp-json\/wp\/v2\/media\/108012"}],"wp:attachment":[{"href":"https:\/\/soydeaqui.ddns.net\/pachuca\/index.php\/wp-json\/wp\/v2\/media?parent=108013"}],"wp:term":[{"taxonomy":"product_brand","embeddable":true,"href":"https:\/\/soydeaqui.ddns.net\/pachuca\/index.php\/wp-json\/wp\/v2\/product_brand?post=108013"},{"taxonomy":"product_cat","embeddable":true,"href":"https:\/\/soydeaqui.ddns.net\/pachuca\/index.php\/wp-json\/wp\/v2\/product_cat?post=108013"},{"taxonomy":"product_tag","embeddable":true,"href":"https:\/\/soydeaqui.ddns.net\/pachuca\/index.php\/wp-json\/wp\/v2\/product_tag?post=108013"}],"curies":[{"name":"wp","href":"https:\/\/api.w.org\/{rel}","templated":true}]}}