{"id":107989,"date":"2026-03-20T17:37:22","date_gmt":"2026-03-20T17:37:22","guid":{"rendered":"https:\/\/soydeaqui.ddns.net\/pachuca\/index.php\/producto\/nivel-laser-vel-rotacion-bateria-2-lineas-4-puntos\/"},"modified":"2026-03-20T17:37:30","modified_gmt":"2026-03-20T17:37:30","slug":"nivel-laser-vel-rotacion-bateria-2-lineas-4-puntos","status":"publish","type":"product","link":"https:\/\/soydeaqui.ddns.net\/pachuca\/index.php\/producto\/nivel-laser-vel-rotacion-bateria-2-lineas-4-puntos\/","title":{"rendered":"Nivel Laser Vel.Rotacion Bateria 2 Lineas 4 puntos"},"content":{"rendered":"<div style='width: 100%; max-width: 1200px; margin: 0 auto; font-family: sans-serif; line-height: 1.6; color: inherit; background-color: transparent;'>\n<div style='display: flex; flex-wrap: wrap; gap: 30px; margin-bottom: 30px;'>\n<div style='flex: 1 1 100%; text-align: center;'> <img style='width: 100%; height: auto; border: 1px solid rgba(150&comma;150&comma;150&comma;0.3); border-radius: 8px; max-width: 500px; margin: 0 auto;' src='data:image\/png;base64&comma;iVBORw0KGgoAAAANSUhEUgAAATsAAAB2CAIAAAA4D6OWAAAPpElEQVR4Ae1dsW5UPRP9mn2CVV4g4gWQ6GlSp6GmoqWjpEuXloo6TXoKegoeIFJeAFYRKEKQFQpCEdH9CkvWYPuOz\/H1vb4O8wv98m72jmfOzBnP2N79\/hvsf4aAIdAPAv8BZz4V409vWdUAAAAASUVORK5CYII=' alt=''> <\/div>\n<\/p><\/div>\n<div style='display: flex; flex-wrap: wrap; gap: 30px; margin-bottom: 30px;'>\n<div style='flex: 1 1 100%;'>\n<p style='margin: 0 0 15px; font-size: 15px; color: inherit;'> Provee todas las posibles l\u00edneas de referencia requeridas para nivelar&comma; alinear&comma; en plomer\u00eda y en aplicaciones de encuadres con m\u00e1xima versatilidad. <\/p>\n<ul style='padding-left: 20px; font-size: 15px; color: inherit;'>\n<li style='margin-bottom: 5px;'> <span style='font-weight: bold; color: inherit;'>Rango de visibilidad lineal:<\/span> Hasta 50&#8242; y el rango de visibilidad de punto hasta 100\u2019 dependiendo de la luz ambiental del medio laboral. <\/li>\n<li style='margin-bottom: 5px;'> <span style='font-weight: bold; color: inherit;'>Tiempo de auto-nivelaci\u00f3n:<\/span> Alcanza su estabilidad en 3 segundos con productividad incrementada. <\/li>\n<\/ul><\/div>\n<\/p><\/div>\n<\/p><\/div>\n","protected":false},"excerpt":{"rendered":"<p>Nivel Laser Vel.Rotacion Bateria 2 Lineas 4 puntos<\/p>\n","protected":false},"featured_media":107988,"comment_status":"open","ping_status":"closed","template":"","meta":[],"product_brand":[],"product_cat":[1057],"product_tag":[1058,1059,252],"class_list":{"0":"post-107989","1":"product","2":"type-product","3":"status-publish","4":"has-post-thumbnail","6":"product_cat-herramientas-electrica-cableada","7":"product_tag-ferreteria","8":"product_tag-herramientas-electrica-cableada","9":"product_tag-makita","11":"first","12":"outofstock","13":"sale","14":"shipping-taxable","15":"purchasable","16":"product-type-simple"},"_links":{"self":[{"href":"https:\/\/soydeaqui.ddns.net\/pachuca\/index.php\/wp-json\/wp\/v2\/product\/107989","targetHints":{"allow":["GET"]}}],"collection":[{"href":"https:\/\/soydeaqui.ddns.net\/pachuca\/index.php\/wp-json\/wp\/v2\/product"}],"about":[{"href":"https:\/\/soydeaqui.ddns.net\/pachuca\/index.php\/wp-json\/wp\/v2\/types\/product"}],"replies":[{"embeddable":true,"href":"https:\/\/soydeaqui.ddns.net\/pachuca\/index.php\/wp-json\/wp\/v2\/comments?post=107989"}],"wp:featuredmedia":[{"embeddable":true,"href":"https:\/\/soydeaqui.ddns.net\/pachuca\/index.php\/wp-json\/wp\/v2\/media\/107988"}],"wp:attachment":[{"href":"https:\/\/soydeaqui.ddns.net\/pachuca\/index.php\/wp-json\/wp\/v2\/media?parent=107989"}],"wp:term":[{"taxonomy":"product_brand","embeddable":true,"href":"https:\/\/soydeaqui.ddns.net\/pachuca\/index.php\/wp-json\/wp\/v2\/product_brand?post=107989"},{"taxonomy":"product_cat","embeddable":true,"href":"https:\/\/soydeaqui.ddns.net\/pachuca\/index.php\/wp-json\/wp\/v2\/product_cat?post=107989"},{"taxonomy":"product_tag","embeddable":true,"href":"https:\/\/soydeaqui.ddns.net\/pachuca\/index.php\/wp-json\/wp\/v2\/product_tag?post=107989"}],"curies":[{"name":"wp","href":"https:\/\/api.w.org\/{rel}","templated":true}]}}