{"id":107984,"date":"2026-03-20T17:37:06","date_gmt":"2026-03-20T17:37:06","guid":{"rendered":"https:\/\/soydeaqui.ddns.net\/pachuca\/index.php\/producto\/cable-auxiliar-plano-2-metros-conector-3-5mm-a-3-5mm-macho-macho-recto-a-angulo-angulo-de-90-en-una-de-sus-puntas-color-negro\/"},"modified":"2026-03-20T17:37:17","modified_gmt":"2026-03-20T17:37:17","slug":"cable-auxiliar-plano-2-metros-conector-3-5mm-a-3-5mm-macho-macho-recto-a-angulo-angulo-de-90-en-una-de-sus-puntas-color-negro","status":"publish","type":"product","link":"https:\/\/soydeaqui.ddns.net\/pachuca\/index.php\/producto\/cable-auxiliar-plano-2-metros-conector-3-5mm-a-3-5mm-macho-macho-recto-a-angulo-angulo-de-90-en-una-de-sus-puntas-color-negro\/","title":{"rendered":"Cable Auxiliar Plano 2 Metros \/ Conector 3.5mm a 3.5mm \/ Macho-Macho \/ Recto a Angulo \/ \u00c1ngulo de 90\u00b0 en una de sus Puntas \/ Color Negro"},"content":{"rendered":"<div style='width: 100%; max-width: 1200px; margin: 0 auto; font-family: sans-serif; line-height: 1.6; color: inherit; background-color: transparent;'> <!-- Imagen principal --> <\/p>\n<div style='width: 100%; margin-bottom: 30px;'> <img style='width: 100%; height: auto; border: 1px solid rgba(150&comma;150&comma;150&comma;0.3); border-radius: 8px;' src='http:\/\/ftp3.syscom.mx\/usuarios\/hallende\/UGREEN2\/Audio\/10599\/10599-20.jpg' alt=''> <\/div>\n<p> <!-- Secciones de caracter\u00edsticas --> <\/p>\n<div style='display: flex; flex-wrap: wrap; gap: 30px; margin-bottom: 30px;'>\n<div style='flex: 1 1 300px; min-width: 280px;'>\n<h3 style='font-size: 22px; border-bottom: 2px solid currentColor; padding-bottom: 5px; margin-top: 0; color: inherit; opacity: 0.8;'>Caracter\u00edsticas Principales<\/h3>\n<ul style='padding-left: 20px; font-size: 15px; color: inherit;'>\n<li style='margin-bottom: 5px;'>Dise\u00f1o en forma de L de 90\u00b0 para acceso en espacios estrechos<\/li>\n<li style='margin-bottom: 5px;'>Conector auxiliar delgado compatible con fundas protectoras<\/li>\n<li style='margin-bottom: 5px;'>M\u00faltiple blindaje y carcasa de aleaci\u00f3n de aluminio<\/li>\n<li style='margin-bottom: 5px;'>Conectores de cobre sin ox\u00edgeno y chapados en oro de 24K<\/li>\n<li style='margin-bottom: 5px;'>Dise\u00f1o de cable plano para evitar enredos<\/li>\n<li style='margin-bottom: 5px;'>Cubierta de PVC de alta calidad para mayor durabilidad<\/li>\n<li style='margin-bottom: 5px;'>Compatibilidad con dispositivos de 3.5mm (auriculares&comma; altavoces&comma; amplificadores&comma; etc.)<\/li>\n<li style='margin-bottom: 5px;'>Sonido est\u00e9reo de alta fidelidad con m\u00ednima p\u00e9rdida de se\u00f1al<\/li>\n<\/ul><\/div>\n<div style='flex: 1 1 300px; min-width: 280px;'>\n<h3 style='font-size: 22px; border-bottom: 2px solid currentColor; padding-bottom: 5px; margin-top: 0; color: inherit; opacity: 0.8;'>Caracter\u00edsticas Especiales<\/h3>\n<ul style='padding-left: 20px; font-size: 15px; color: inherit;'>\n<li style='margin-bottom: 5px;'><strong>\u00c1ngulo recto:<\/strong> Permite enchufarlo en espacios reducidos<\/li>\n<li style='margin-bottom: 5px;'><strong>Conector chapado en oro:<\/strong> Mejora la conductividad y previene la corrosi\u00f3n<\/li>\n<li style='margin-bottom: 5px;'><strong>Durabilidad:<\/strong> M\u00e1s de 10&comma;000 ciclos de enchufe\/desenclufe<\/li>\n<li style='margin-bottom: 5px;'><strong>Cable plano:<\/strong> Evita enredos y facilita el almacenamiento<\/li>\n<\/ul><\/div>\n<div style='flex: 1 1 300px; min-width: 280px;'>\n<h3 style='font-size: 22px; border-bottom: 2px solid currentColor; padding-bottom: 5px; margin-top: 0; color: inherit; opacity: 0.8;'>Aplicaciones<\/h3>\n<p style='font-size: 15px; color: inherit;'>Conecta dispositivos con conector de 3.5mm como:<\/p>\n<ul style='padding-left: 20px; font-size: 15px; color: inherit;'>\n<li style='margin-bottom: 5px;'>Sistemas de audio automotriz<\/li>\n<li style='margin-bottom: 5px;'>Equipos Hi-Fi de hogar<\/li>\n<li style='margin-bottom: 5px;'>Auriculares y altavoces<\/li>\n<li style='margin-bottom: 5px;'>Reproductores MP3\/MP4<\/li>\n<li style='margin-bottom: 5px;'>Smart TV&comma; computadoras&comma; tablets y tel\u00e9fonos inteligentes<\/li>\n<\/ul><\/div>\n<\/p><\/div>\n<p> <!-- Secci\u00f3n de im\u00e1genes --> <\/p>\n<div style='display: flex; flex-wrap: wrap; gap: 20px; margin-bottom: 30px;'>\n<div style='flex: 1 1 100%;'> <img style='width: 100%; height: auto; border: 1px solid rgba(150&comma;150&comma;150&comma;0.3); border-radius: 8px;' src='http:\/\/ftp3.syscom.mx\/usuarios\/hallende\/UGREEN2\/Audio\/10599\/10599-1.jpg' alt=''> <\/p>\n<p style='text-align: center; font-size: 14px; color: inherit; opacity: 0.7; margin-top: 8px;'>Dise\u00f1o en \u00e1ngulo de 90\u00b0 para espacios estrechos<\/p>\n<\/p><\/div>\n<div style='flex: 1 1 100%;'> <img style='width: 100%; height: auto; border: 1px solid rgba(150&comma;150&comma;150&comma;0.3); border-radius: 8px;' src='http:\/\/ftp3.syscom.mx\/usuarios\/hallende\/UGREEN2\/Audio\/10599\/10599-2.jpg' alt=''> <\/p>\n<p style='text-align: center; font-size: 14px; color: inherit; opacity: 0.7; margin-top: 8px;'>M\u00faltiple blindaje y conectores de oro de 24K<\/p>\n<\/p><\/div>\n<div style='flex: 1 1 100%;'> <img style='width: 100%; height: auto; border: 1px solid rgba(150&comma;150&comma;150&comma;0.3); border-radius: 8px;' src='http:\/\/ftp3.syscom.mx\/usuarios\/hallende\/UGREEN2\/Audio\/10599\/10599-3.jpg' alt=''> <\/p>\n<p style='text-align: center; font-size: 14px; color: inherit; opacity: 0.7; margin-top: 8px;'>Dise\u00f1o de cable plano para evitar enredos<\/p>\n<\/p><\/div>\n<div style='flex: 1 1 100%;'> <img style='width: 100%; height: auto; border: 1px solid rgba(150&comma;150&comma;150&comma;0.3); border-radius: 8px;' src='http:\/\/ftp3.syscom.mx\/usuarios\/hallende\/UGREEN2\/Audio\/10599\/10599-4.jpg' alt=''> <\/p>\n<p style='text-align: center; font-size: 14px; color: inherit; opacity: 0.7; margin-top: 8px;'>Conexi\u00f3n entre dispositivos m\u00f3viles y sistemas de audio<\/p>\n<\/p><\/div>\n<div style='flex: 1 1 100%;'> <img style='width: 100%; height: auto; border: 1px solid rgba(150&comma;150&comma;150&comma;0.3); border-radius: 8px;' src='http:\/\/ftp3.syscom.mx\/usuarios\/hallende\/UGREEN2\/Audio\/10599\/10599-5.jpg' alt=''> <\/p>\n<p style='text-align: center; font-size: 14px; color: inherit; opacity: 0.7; margin-top: 8px;'>Compatibilidad con m\u00faltiples dispositivos de audio<\/p>\n<\/p><\/div>\n<div style='flex: 1 1 100%;'> <img style='width: 100%; height: auto; border: 1px solid rgba(150&comma;150&comma;150&comma;0.3); border-radius: 8px;' src='http:\/\/ftp3.syscom.mx\/usuarios\/hallende\/UGREEN2\/Audio\/10599\/10599-6.jpg' alt=''> <\/p>\n<p style='text-align: center; font-size: 14px; color: inherit; opacity: 0.7; margin-top: 8px;'>Sonido est\u00e9reo claro con m\u00ednima interferencia<\/p>\n<\/p><\/div>\n<\/p><\/div>\n<p> <!-- Especificaciones t\u00e9cnicas --> <\/p>\n<div style='display: flex; flex-wrap: wrap; gap: 20px; margin-bottom: 30px;'>\n<div style='flex: 1 1 100%;'>\n<h3 style='font-size: 22px; border-bottom: 2px solid currentColor; padding-bottom: 5px; margin-top: 0; color: inherit; opacity: 0.8;'>Especificaciones T\u00e9cnicas<\/h3>\n<ul style='padding-left: 20px; font-size: 15px; color: inherit;'>\n<li style='margin-bottom: 5px;'><strong>Longitud del cable:<\/strong> 2 metros<\/li>\n<li style='margin-bottom: 5px;'><strong>Material del n\u00facleo:<\/strong> Alambre de cobre esmaltado<\/li>\n<li style='margin-bottom: 5px;'><strong>Material exterior:<\/strong> TPE ambiental y el\u00e1stico<\/li>\n<li style='margin-bottom: 5px;'><strong>Compatibilidad:<\/strong> Jack 3.5mm macho a macho (no soporta micr\u00f3fono)<\/li>\n<li style='margin-bottom: 5px;'><strong>Garant\u00eda:<\/strong> 1 a\u00f1o por defectos de fabricaci\u00f3n<\/li>\n<\/ul><\/div>\n<\/p><\/div>\n<p> <!-- Imagen final --> <\/p>\n<div style='width: 100%; margin-bottom: 30px;'> <img style='width: 100%; height: auto; border: 1px solid rgba(150&comma;150&comma;150&comma;0.3); border-radius: 8px;' src='http:\/\/ftp3.syscom.mx\/usuarios\/hallende\/UGREEN2\/Audio\/10599\/10599-22.jpg' alt=''> <\/div>\n<p> <!-- Secci\u00f3n de caracter\u00edsticas adicionales --> <\/p>\n<div style='display: flex; flex-wrap: wrap; gap: 20px; margin-bottom: 30px;'>\n<div style='flex: 1 1 100%;'>\n<h3 style='font-size: 22px; border-bottom: 2px solid currentColor; padding-bottom: 5px; margin-top: 0; color: inherit; opacity: 0.8;'>Caracter\u00edsticas Adicionales<\/h3>\n<ul style='padding-left: 20px; font-size: 15px; color: inherit;'>\n<li style='margin-bottom: 5px;'>Dise\u00f1o ergon\u00f3mico con conector en \u00e1ngulo de 90\u00b0<\/li>\n<li style='margin-bottom: 5px;'>Conectores chapados en oro de 24K para mayor conductividad<\/li>\n<li style='margin-bottom: 5px;'>Vida \u00fatil de m\u00e1s de 10&comma;000 ciclos de conexi\u00f3n<\/li>\n<li style='margin-bottom: 5px;'>Cable plano que evita enredos y facilita el almacenamiento<\/li>\n<li style='margin-bottom: 5px;'>Cubierta de PVC resistente a dobleces y torsiones<\/li>\n<li style='margin-bottom: 5px;'>Compatibilidad con la mayor\u00eda de dispositivos de audio<\/li>\n<li style='margin-bottom: 5px;'>Transmisi\u00f3n de audio est\u00e9reo de alta calidad<\/li>\n<\/ul><\/div>\n<\/p><\/div>\n<p> <!-- Im\u00e1genes adicionales --> <\/p>\n<div style='display: flex; flex-wrap: wrap; gap: 20px; margin-bottom: 30px;'>\n<div style='flex: 1 1 48%;'> <img style='width: 100%; height: auto; border: 1px solid rgba(150&comma;150&comma;150&comma;0.3); border-radius: 8px;' src='http:\/\/ftp3.syscom.mx\/usuarios\/hallende\/UGREEN2\/Audio\/10599\/10599-30.jpg' alt=''> <\/p>\n<p style='text-align: center; font-size: 14px; color: inherit; opacity: 0.7; margin-top: 8px;'>Conector en \u00e1ngulo recto para espacios reducidos<\/p>\n<\/p><\/div>\n<div style='flex: 1 1 48%;'> <img style='width: 100%; height: auto; border: 1px solid rgba(150&comma;150&comma;150&comma;0.3); border-radius: 8px;' src='http:\/\/ftp3.syscom.mx\/usuarios\/hallende\/UGREEN2\/Audio\/10599\/10599-31.jpg' alt=''> <\/p>\n<p style='text-align: center; font-size: 14px; color: inherit; opacity: 0.7; margin-top: 8px;'>Conectores chapados en oro de 24K<\/p>\n<\/p><\/div>\n<div style='flex: 1 1 48%;'> <img style='width: 100%; height: auto; border: 1px solid rgba(150&comma;150&comma;150&comma;0.3); border-radius: 8px;' src='http:\/\/ftp3.syscom.mx\/usuarios\/hallende\/UGREEN2\/Audio\/10599\/10599-32.jpg' alt=''> <\/p>\n<p style='text-align: center; font-size: 14px; color: inherit; opacity: 0.7; margin-top: 8px;'>Dise\u00f1o duradero con m\u00faltiple blindaje<\/p>\n<\/p><\/div>\n<div style='flex: 1 1 48%;'> <img style='width: 100%; height: auto; border: 1px solid rgba(150&comma;150&comma;150&comma;0.3); border-radius: 8px;' src='http:\/\/ftp3.syscom.mx\/usuarios\/hallende\/UGREEN2\/Audio\/10599\/10599-33.jpg' alt=''> <\/p>\n<p style='text-align: center; font-size: 14px; color: inherit; opacity: 0.7; margin-top: 8px;'>Dise\u00f1o de cable plano anti-enredos<\/p>\n<\/p><\/div>\n<\/p><\/div>\n<p> <!-- Separador final --> <\/p>\n<hr style='border: 0; border-top: 1px solid rgba(150&comma; 150&comma; 150&comma; 0.3); margin: 30px 0;'> <\/div>\n","protected":false},"excerpt":{"rendered":"<p>Cable Auxiliar Plano 2 Metros \/ Conector 3.5mm a 3.5mm \/ Macho-Macho \/ Recto a Angulo \/ \u00c1ngulo de 90\u00b0 en una de sus Puntas \/ Color Negro<\/p>\n","protected":false},"featured_media":107983,"comment_status":"open","ping_status":"closed","template":"","meta":[],"product_brand":[],"product_cat":[2204],"product_tag":[93,52,650],"class_list":{"0":"post-107984","1":"product","2":"type-product","3":"status-publish","4":"has-post-thumbnail","6":"product_cat-accesorios-audio-residencial-comercial","7":"product_tag-accesorios","8":"product_tag-audio-residencial-comercial","9":"product_tag-ugreen","11":"first","12":"outofstock","13":"sale","14":"shipping-taxable","15":"purchasable","16":"product-type-simple"},"_links":{"self":[{"href":"https:\/\/soydeaqui.ddns.net\/pachuca\/index.php\/wp-json\/wp\/v2\/product\/107984","targetHints":{"allow":["GET"]}}],"collection":[{"href":"https:\/\/soydeaqui.ddns.net\/pachuca\/index.php\/wp-json\/wp\/v2\/product"}],"about":[{"href":"https:\/\/soydeaqui.ddns.net\/pachuca\/index.php\/wp-json\/wp\/v2\/types\/product"}],"replies":[{"embeddable":true,"href":"https:\/\/soydeaqui.ddns.net\/pachuca\/index.php\/wp-json\/wp\/v2\/comments?post=107984"}],"wp:featuredmedia":[{"embeddable":true,"href":"https:\/\/soydeaqui.ddns.net\/pachuca\/index.php\/wp-json\/wp\/v2\/media\/107983"}],"wp:attachment":[{"href":"https:\/\/soydeaqui.ddns.net\/pachuca\/index.php\/wp-json\/wp\/v2\/media?parent=107984"}],"wp:term":[{"taxonomy":"product_brand","embeddable":true,"href":"https:\/\/soydeaqui.ddns.net\/pachuca\/index.php\/wp-json\/wp\/v2\/product_brand?post=107984"},{"taxonomy":"product_cat","embeddable":true,"href":"https:\/\/soydeaqui.ddns.net\/pachuca\/index.php\/wp-json\/wp\/v2\/product_cat?post=107984"},{"taxonomy":"product_tag","embeddable":true,"href":"https:\/\/soydeaqui.ddns.net\/pachuca\/index.php\/wp-json\/wp\/v2\/product_tag?post=107984"}],"curies":[{"name":"wp","href":"https:\/\/api.w.org\/{rel}","templated":true}]}}