{"id":107967,"date":"2026-03-20T17:36:13","date_gmt":"2026-03-20T17:36:13","guid":{"rendered":"https:\/\/soydeaqui.ddns.net\/pachuca\/index.php\/producto\/adaptador-de-red-usb-c-3-1-5-gbps-a-rj45-thunderbolt-3-admite-10-100-1000-mbps-chip-inteligente-amplia-compatibilidad-caja-de-aluminio-longitud-del-cable-10-cm\/"},"modified":"2026-03-20T17:36:27","modified_gmt":"2026-03-20T17:36:27","slug":"adaptador-de-red-usb-c-3-1-5-gbps-a-rj45-thunderbolt-3-admite-10-100-1000-mbps-chip-inteligente-amplia-compatibilidad-caja-de-aluminio-longitud-del-cable-10-cm","status":"publish","type":"product","link":"https:\/\/soydeaqui.ddns.net\/pachuca\/index.php\/producto\/adaptador-de-red-usb-c-3-1-5-gbps-a-rj45-thunderbolt-3-admite-10-100-1000-mbps-chip-inteligente-amplia-compatibilidad-caja-de-aluminio-longitud-del-cable-10-cm\/","title":{"rendered":"Adaptador de Red USB-C 3.1 (5 Gbps) a RJ45 | Thunderbolt 3 | Admite 10\/100\/1000 Mbps |  Chip Inteligente | Amplia Compatibilidad | Caja de Aluminio | Longitud del cable 10 cm."},"content":{"rendered":"<div style='width: 100%; max-width: 1200px; margin: 0 auto; font-family: sans-serif; line-height: 1.6; color: inherit; background-color: transparent;'> <!-- Imagen principal --> <img style='width: 100%; height: auto; border: 1px solid rgba(150&comma;150&comma;150&comma;0.3); border-radius: 8px; margin-bottom: 30px;' src='http:\/\/ftp3.syscom.mx\/usuarios\/hallende\/UGREEN2\/Estaciones%20de%20acoplamiento\/50737\/50737-1.jpg' alt=''> <!-- Secci\u00f3n de caracter\u00edsticas --> <\/p>\n<div style='display: flex; flex-wrap: wrap; gap: 30px; margin-bottom: 30px;'>\n<div style='flex: 1 1 300px; min-width: 280px;'>\n<h3 style='font-size: 22px; border-bottom: 2px solid currentColor; padding-bottom: 5px; margin-top: 0; color: inherit; opacity: 0.8;'>Caracter\u00edsticas Principales<\/h3>\n<ul style='padding-left: 20px; font-size: 15px; color: inherit;'>\n<li style='margin-bottom: 15px;'> <img style='width: 100%; height: auto; border: 1px solid rgba(150&comma;150&comma;150&comma;0.3); border-radius: 8px; margin-bottom: 15px;' src='http:\/\/ftp3.syscom.mx\/usuarios\/hallende\/UGREEN2\/Estaciones%20de%20acoplamiento\/50737\/50737-2.jpg' alt=''> <strong>Streaming con Ethernet<\/strong><br \/> Realiza f\u00e1cilmente la conexi\u00f3n Ethernet a su celular&comma; tableta o notebook (compatible con Thunderbolt 3) sin puerto RJ45&comma; lo que le permite disfrutar Internet por router con cable RJ45&comma; obteniendo rendimientos m\u00e1s r\u00e1pidos y fiables en comparaci\u00f3n con la WIFI. <\/li>\n<li style='margin-bottom: 15px;'> <img style='width: 100%; height: auto; border: 1px solid rgba(150&comma;150&comma;150&comma;0.3); border-radius: 8px; margin-bottom: 15px;' src='http:\/\/ftp3.syscom.mx\/usuarios\/hallende\/UGREEN2\/Estaciones%20de%20acoplamiento\/50737\/50737-3.jpg' alt=''> <strong>Transmisi\u00f3n Super R\u00e1pida<\/strong><br \/> El adaptador USB tipo C a Ethernet proporciona una velocidad de ethernet hasta 1000 Mbps&comma; que es una soluci\u00f3n perfecta para la transmisi\u00f3n de pel\u00edculas sin b\u00fafer&comma; juegos en l\u00ednea&comma; la transferencia de datos y videoconferencias. <\/li>\n<li style='margin-bottom: 15px;'> <img style='width: 100%; height: auto; border: 1px solid rgba(150&comma;150&comma;150&comma;0.3); border-radius: 8px; margin-bottom: 15px;' src='http:\/\/ftp3.syscom.mx\/usuarios\/hallende\/UGREEN2\/Estaciones%20de%20acoplamiento\/50737\/50737-4.jpg' alt=''> <strong>Compatibilidad Amplia<\/strong><br \/> Es compatible con los celulares&comma; tablets&comma; ordenadores con puerto USB C (soporta sistemas de Android de versi\u00f3n 7.0 o superior)&comma; como iPad Pro 2021 2020&comma; Macbook Pro 2020 Air 2020&comma; Huawei Mate Book&comma; iMac 2021&comma; Surface Book 2&comma; Galaxy S22&comma; S21&comma; Huawei P40&comma; Mate 30&comma; etc. Es plug and play para sistemas de Windows 11\/10\/8\/8.1&comma; Mac OS&comma; iOS y Android. Otros necesitan instalar por primera vez el driver por el CD o bajarlo desde la p\u00e1gina del fabricante. <\/li>\n<\/ul><\/div>\n<div style='flex: 1 1 300px; min-width: 280px;'>\n<ul style='padding-left: 20px; font-size: 15px; color: inherit;'>\n<li style='margin-bottom: 15px;'> <img style='width: 100%; height: auto; border: 1px solid rgba(150&comma;150&comma;150&comma;0.3); border-radius: 8px; margin-bottom: 15px;' src='http:\/\/ftp3.syscom.mx\/usuarios\/hallende\/UGREEN2\/Estaciones%20de%20acoplamiento\/50737\/50737-5..jpg' alt=''> <strong>Estabilidad Excelente<\/strong><br \/> En comparaci\u00f3n con WIFI&comma; el adaptador Ethernet USB C puede obtener una velocidad de red m\u00e1s r\u00e1pida y confiable. Es ideal para evitar interferencias de WiFi y los problemas de privacidad. Est\u00e1 fabricado con una carcasa de aluminio de alta calidad que tiene una mejor disipaci\u00f3n del calor y el color plateado combina perfectamente con MacBook. <\/li>\n<li style='margin-bottom: 15px;'> <img style='width: 100%; height: auto; border: 1px solid rgba(150&comma;150&comma;150&comma;0.3); border-radius: 8px; margin-bottom: 15px;' src='http:\/\/ftp3.syscom.mx\/usuarios\/hallende\/UGREEN2\/Estaciones%20de%20acoplamiento\/50737\/50737-6..jpg' alt=''> <strong>Compacto y Port\u00e1til<\/strong><br \/> Dise\u00f1ado para ser lo m\u00e1s compacto posible&comma; ahorrando espacio en la casa o en la oficina. Carcasa de aluminio premium para un mejor aislamiento t\u00e9rmico. El cable de alta calidad ofrece una mejor protecci\u00f3n de transferencia de se\u00f1al. <\/li>\n<li style='margin-bottom: 15px;'> <img style='width: 100%; height: auto; border: 1px solid rgba(150&comma;150&comma;150&comma;0.3); border-radius: 8px; margin-bottom: 15px;' src='http:\/\/ftp3.syscom.mx\/usuarios\/hallende\/UGREEN2\/Estaciones%20de%20acoplamiento\/50737\/50737-7..jpg' alt=''> <strong>Chip de Alto Rendimiento<\/strong><br \/> El Adaptador de tipo C a RJ45 est\u00e1 hecho con un chip AX88179A&comma; que tiene una excelente compatibilidad y rendimiento. Garantiza que la red se mantenga siempre estable y r\u00e1pida. <\/li>\n<\/ul><\/div>\n<\/p><\/div>\n<p> <!-- Separador --> <\/p>\n<hr style='border: 0; border-top: 1px solid rgba(150&comma; 150&comma; 150&comma; 0.3); margin: 30px 0;'> <!-- Secci\u00f3n de caracter\u00edsticas especiales --> <\/p>\n<div style='display: flex; flex-wrap: wrap; gap: 30px; margin-bottom: 30px;'>\n<div style='flex: 1 1 300px; min-width: 280px;'>\n<h3 style='font-size: 22px; border-bottom: 2px solid currentColor; padding-bottom: 5px; margin-top: 0; color: inherit; opacity: 0.8;'>Caracter\u00edsticas Especiales<\/h3>\n<ul style='padding-left: 20px; font-size: 15px; color: inherit;'>\n<li style='margin-bottom: 15px;'> <img style='width: 100%; height: auto; border: 1px solid rgba(150&comma;150&comma;150&comma;0.3); border-radius: 8px; margin-bottom: 15px;' src='http:\/\/ftp3.syscom.mx\/usuarios\/hallende\/UGREEN2\/Estaciones%20de%20acoplamiento\/50737\/50737-9.jpg' alt=''> <strong>Compacto y Port\u00e1til<\/strong><br \/> Adaptador USB C a Ethernet tiene un nuevo dise\u00f1o de tama\u00f1o peque\u00f1o. Puede llevarlo f\u00e1cilmente a cualquier lugar con su malet\u00edn o bolsillo&comma; muy adecuado para una persona de negocios. <\/li>\n<li style='margin-bottom: 15px;'> <img style='width: 100%; height: auto; border: 1px solid rgba(150&comma;150&comma;150&comma;0.3); border-radius: 8px; margin-bottom: 15px;' src='http:\/\/ftp3.syscom.mx\/usuarios\/hallende\/UGREEN2\/Estaciones%20de%20acoplamiento\/50737\/50737-10.jpg' alt=''> <strong>LED Indicador<\/strong><br \/> UGREEN Gigabit USB C to Network Adapter est\u00e1 dise\u00f1ado con un indicador LED&comma; puede ver claramente el estado de funcionamiento de la tarjeta de red. Luz Verde Fija: Alimentaci\u00f3n Luz Amarilla Parpadea: Transferencia de Datos <\/li>\n<li style='margin-bottom: 15px;'> <img style='width: 100%; height: auto; border: 1px solid rgba(150&comma;150&comma;150&comma;0.3); border-radius: 8px; margin-bottom: 15px;' src='http:\/\/ftp3.syscom.mx\/usuarios\/hallende\/UGREEN2\/Estaciones%20de%20acoplamiento\/50737\/50737-11.jpg' alt=''> <strong>Garantiza un Funcionamiento Estable y Eficaz de la Red<\/strong><br \/> El adaptador de tipo C a RJ45 est\u00e1 hecho con un chip AX88179A&comma; que tiene una excelente compatibilidad y rendimiento. Garantiza que la red se mantenga siempre estable y r\u00e1pida. <\/li>\n<\/ul><\/div>\n<\/p><\/div>\n<p> <!-- Separador --> <\/p>\n<hr style='border: 0; border-top: 1px solid rgba(150&comma; 150&comma; 150&comma; 0.3); margin: 30px 0;'> <!-- Aplicaciones --> <img style='width: 100%; height: auto; border: 1px solid rgba(150&comma;150&comma;150&comma;0.3); border-radius: 8px; margin-bottom: 30px;' src='http:\/\/ftp3.syscom.mx\/usuarios\/hallende\/UGREEN2\/Estaciones%20de%20acoplamiento\/50737\/50737-12.jpg' alt=''> <!-- Especificaciones --> <\/p>\n<div style='display: flex; flex-wrap: wrap; gap: 20px; margin-bottom: 30px;'>\n<div style='flex: 1 1 250px; border: 1px solid rgba(150&comma; 150&comma; 150&comma; 0.4); border-radius: 8px; overflow: hidden; display: flex; flex-direction: column;'>\n<div style='padding: 15px; border-bottom: 1px solid rgba(150&comma; 150&comma; 150&comma; 0.2); font-weight: bold; font-size: 18px; color: inherit;'>Especificaciones<\/div>\n<div style='padding: 15px; color: inherit;'>\n<ul style='padding-left: 20px; margin: 0; font-size: 14px; list-style-type: disc; color: inherit;'>\n<li style='margin-bottom: 5px;'><strong>Entrada:<\/strong> USB-C<\/li>\n<li style='margin-bottom: 5px;'><strong>Salida:<\/strong> RJ45 (10\/100\/1000Mbps)<\/li>\n<li style='margin-bottom: 5px;'><strong>Dimensi\u00f3n:<\/strong> 60mm x 23&comma;9mm x 15&comma;8mm<\/li>\n<li style='margin-bottom: 5px;'><strong>Longitud:<\/strong> 10cm<\/li>\n<li style='margin-bottom: 5px;'><strong>Garant\u00eda:<\/strong> 1 A\u00f1o por defectos de fabricaci\u00f3n<\/li>\n<\/ul><\/div>\n<\/p><\/div>\n<\/p><\/div>\n<\/p><\/div>\n","protected":false},"excerpt":{"rendered":"<p>Adaptador de Red USB-C 3.1 (5 Gbps) a RJ45 | Thunderbolt 3 | Admite 10\/100\/1000 Mbps |  Chip Inteligente | Amplia Compatibilidad | Caja de Aluminio | Longitud del cable 10 cm.<\/p>\n","protected":false},"featured_media":107966,"comment_status":"open","ping_status":"closed","template":"","meta":[],"product_brand":[],"product_cat":[1235],"product_tag":[417,1236,650],"class_list":{"0":"post-107967","1":"product","2":"type-product","3":"status-publish","4":"has-post-thumbnail","6":"product_cat-accesorios-para-computadora-y-smartphones","7":"product_tag-accesorios-generales","8":"product_tag-accesorios-para-computadora-y-smartphones","9":"product_tag-ugreen","11":"first","12":"instock","13":"sale","14":"shipping-taxable","15":"purchasable","16":"product-type-simple"},"_links":{"self":[{"href":"https:\/\/soydeaqui.ddns.net\/pachuca\/index.php\/wp-json\/wp\/v2\/product\/107967","targetHints":{"allow":["GET"]}}],"collection":[{"href":"https:\/\/soydeaqui.ddns.net\/pachuca\/index.php\/wp-json\/wp\/v2\/product"}],"about":[{"href":"https:\/\/soydeaqui.ddns.net\/pachuca\/index.php\/wp-json\/wp\/v2\/types\/product"}],"replies":[{"embeddable":true,"href":"https:\/\/soydeaqui.ddns.net\/pachuca\/index.php\/wp-json\/wp\/v2\/comments?post=107967"}],"wp:featuredmedia":[{"embeddable":true,"href":"https:\/\/soydeaqui.ddns.net\/pachuca\/index.php\/wp-json\/wp\/v2\/media\/107966"}],"wp:attachment":[{"href":"https:\/\/soydeaqui.ddns.net\/pachuca\/index.php\/wp-json\/wp\/v2\/media?parent=107967"}],"wp:term":[{"taxonomy":"product_brand","embeddable":true,"href":"https:\/\/soydeaqui.ddns.net\/pachuca\/index.php\/wp-json\/wp\/v2\/product_brand?post=107967"},{"taxonomy":"product_cat","embeddable":true,"href":"https:\/\/soydeaqui.ddns.net\/pachuca\/index.php\/wp-json\/wp\/v2\/product_cat?post=107967"},{"taxonomy":"product_tag","embeddable":true,"href":"https:\/\/soydeaqui.ddns.net\/pachuca\/index.php\/wp-json\/wp\/v2\/product_tag?post=107967"}],"curies":[{"name":"wp","href":"https:\/\/api.w.org\/{rel}","templated":true}]}}