{"id":107950,"date":"2026-03-20T17:35:25","date_gmt":"2026-03-20T17:35:25","guid":{"rendered":"https:\/\/soydeaqui.ddns.net\/pachuca\/index.php\/producto\/cable-de-audio-2-rca-macho-a-2-rca-macho-3-metros-9-84-pies-color-negro-alta-calidad-anillos-de-goma-para-asegurar-un-agarre-firme-al-instalar-o-quitar-el-cable\/"},"modified":"2026-03-20T17:35:26","modified_gmt":"2026-03-20T17:35:26","slug":"cable-de-audio-2-rca-macho-a-2-rca-macho-3-metros-9-84-pies-color-negro-alta-calidad-anillos-de-goma-para-asegurar-un-agarre-firme-al-instalar-o-quitar-el-cable","status":"publish","type":"product","link":"https:\/\/soydeaqui.ddns.net\/pachuca\/index.php\/producto\/cable-de-audio-2-rca-macho-a-2-rca-macho-3-metros-9-84-pies-color-negro-alta-calidad-anillos-de-goma-para-asegurar-un-agarre-firme-al-instalar-o-quitar-el-cable\/","title":{"rendered":"Cable de Audio 2 RCA Macho a 2 RCA Macho \/ 3 Metros (9.84 Pies) \/ Color Negro \/ Alta Calidad \/ Anillos de Goma para Asegurar un Agarre Firme al Instalar o Quitar el Cable"},"content":{"rendered":"<div style='width: 100%; max-width: 1200px; margin: 0 auto; font-family: sans-serif; line-height: 1.6; color: inherit; background-color: transparent;'> <!-- Imagen principal --> <img style='width: 100%; height: auto; border: 1px solid rgba(150&comma;150&comma;150&comma;0.3); border-radius: 8px; margin-bottom: 30px;' src='http:\/\/ftp3.syscom.mx\/usuarios\/hallende\/UGREEN2\/Audio\/10519\/10519-10.jpg' alt=''> <!-- Secciones de caracter\u00edsticas --> <\/p>\n<div style='display: flex; flex-wrap: wrap; gap: 30px; margin-bottom: 30px;'>\n<div style='flex: 1 1 300px; min-width: 280px;'>\n<h3 style='font-size: 22px; border-bottom: 2px solid currentColor; padding-bottom: 5px; margin-top: 0; color: inherit; opacity: 0.8;'>Cable Audio Est\u00e9reo 2 RCA<\/h3>\n<ul style='padding-left: 20px; font-size: 15px; color: inherit;'>\n<li style='margin-bottom: 5px;'>Cable de audio con dos enchufes (izquierdo y derecho) en cada extremo<\/li>\n<li style='margin-bottom: 5px;'>Canal derecho (rojo) y canal izquierdo (blanco)<\/li>\n<li style='margin-bottom: 5px;'>Conecta sistemas de audio y entretenimiento en el hogar<\/li>\n<li style='margin-bottom: 5px;'>Compatible con sistemas de sonido 5.1 y 7.1<\/li>\n<\/ul><\/div>\n<div style='flex: 1 1 300px; min-width: 280px;'>\n<h3 style='font-size: 22px; border-bottom: 2px solid currentColor; padding-bottom: 5px; margin-top: 0; color: inherit; opacity: 0.8;'>Compatibilidad Universal<\/h3>\n<ul style='padding-left: 20px; font-size: 15px; color: inherit;'>\n<li style='margin-bottom: 5px;'>Compatible con dispositivos con conexi\u00f3n de audio RCA<\/li>\n<li style='margin-bottom: 5px;'>Funciona con XBOX 360&comma; PS3&comma; Wii&comma; controladores de DJ<\/li>\n<li style='margin-bottom: 5px;'>Sistemas de cine en casa&comma; amplificadores de alta fidelidad<\/li>\n<li style='margin-bottom: 5px;'>Barras de sonido&comma; tocadiscos&comma; preamplificadores de fono<\/li>\n<li style='margin-bottom: 5px;'>Consolas de juegos&comma; HDTV&comma; receptores de A\/V<\/li>\n<\/ul><\/div>\n<div style='flex: 1 1 300px; min-width: 280px;'>\n<h3 style='font-size: 22px; border-bottom: 2px solid currentColor; padding-bottom: 5px; margin-top: 0; color: inherit; opacity: 0.8;'>Sonido de Alta Fidelidad<\/h3>\n<ul style='padding-left: 20px; font-size: 15px; color: inherit;'>\n<li style='margin-bottom: 5px;'>Fabricado con cobre libre de ox\u00edgeno de alta pureza<\/li>\n<li style='margin-bottom: 5px;'>Doble blindaje para m\u00e1xima calidad de se\u00f1al<\/li>\n<li style='margin-bottom: 5px;'>Reduce la interferencia EMI\/RFI no deseada<\/li>\n<li style='margin-bottom: 5px;'>Calidad de sonido no destructiva de alta fidelidad<\/li>\n<li style='margin-bottom: 5px;'>Transmite se\u00f1ales extremadamente bien<\/li>\n<li style='margin-bottom: 5px;'>Reducci\u00f3n precisa de los detalles del sonido<\/li>\n<\/ul><\/div>\n<div style='flex: 1 1 300px; min-width: 280px;'>\n<h3 style='font-size: 22px; border-bottom: 2px solid currentColor; padding-bottom: 5px; margin-top: 0; color: inherit; opacity: 0.8;'>Conector Chapado en Oro de 24K<\/h3>\n<ul style='padding-left: 20px; font-size: 15px; color: inherit;'>\n<li style='margin-bottom: 5px;'>Dise\u00f1ado con conectores chapados en oro de 24K<\/li>\n<li style='margin-bottom: 5px;'>Conductores de cobre circulares esta\u00f1ados de tecnolog\u00eda avanzada<\/li>\n<li style='margin-bottom: 5px;'>Blindaje met\u00e1lico para mayor protecci\u00f3n<\/li>\n<li style='margin-bottom: 5px;'>Cable de alta calidad&comma; flexible y grueso<\/li>\n<li style='margin-bottom: 5px;'>Conectores antioxidantes de primera calidad<\/li>\n<li style='margin-bottom: 5px;'>Proporciona una conexi\u00f3n estable y segura<\/li>\n<\/ul><\/div>\n<div style='flex: 1 1 300px; min-width: 280px;'>\n<h3 style='font-size: 22px; border-bottom: 2px solid currentColor; padding-bottom: 5px; margin-top: 0; color: inherit; opacity: 0.8;'>Dise\u00f1o Vers\u00e1til y Pr\u00e1ctico<\/h3>\n<ul style='padding-left: 20px; font-size: 15px; color: inherit;'>\n<li style='margin-bottom: 5px;'>Enchufes de colores rojo y blanco para f\u00e1cil identificaci\u00f3n<\/li>\n<li style='margin-bottom: 5px;'>Permite conexi\u00f3n f\u00e1cil a canales izquierdo y derecho<\/li>\n<li style='margin-bottom: 5px;'>Conecta televisores a amplificadores de potencia<\/li>\n<li style='margin-bottom: 5px;'>Conecta reproductores de CD a equipos est\u00e9reo<\/li>\n<li style='margin-bottom: 5px;'>Opci\u00f3n perfecta para disfrutar de est\u00e9reo de alta fidelidad<\/li>\n<\/ul><\/div>\n<div style='flex: 1 1 300px; min-width: 280px;'>\n<h3 style='font-size: 22px; border-bottom: 2px solid currentColor; padding-bottom: 5px; margin-top: 0; color: inherit; opacity: 0.8;'>Caracter\u00edsticas Adicionales<\/h3>\n<ul style='padding-left: 20px; font-size: 15px; color: inherit;'>\n<li style='margin-bottom: 5px;'>Conector chapado en oro resistente a la corrosi\u00f3n<\/li>\n<li style='margin-bottom: 5px;'>Conectores de metal pulido de alta calidad<\/li>\n<li style='margin-bottom: 5px;'>Cable con exterior de PVC blando<\/li>\n<li style='margin-bottom: 5px;'>Mayor resistencia y flexibilidad<\/li>\n<li style='margin-bottom: 5px;'>F\u00e1cil colocaci\u00f3n incluso en espacios reducidos<\/li>\n<li style='margin-bottom: 5px;'>Dise\u00f1o port\u00e1til y compacto<\/li>\n<li style='margin-bottom: 5px;'>F\u00e1cil de transportar gracias a su tama\u00f1o port\u00e1til y dise\u00f1o ligero<\/li>\n<li style='margin-bottom: 5px;'>N\u00facleo de cobre de alta pureza<\/li>\n<li style='margin-bottom: 5px;'>Doble blindaje para m\u00e1xima calidad de se\u00f1al<\/li>\n<li style='margin-bottom: 5px;'>Reduce la interferencia EMI<\/li>\n<\/ul><\/div>\n<\/p><\/div>\n<p> <!-- Imagen de aplicaciones --> <img style='width: 100%; height: auto; border: 1px solid rgba(150&comma;150&comma;150&comma;0.3); border-radius: 8px; margin-bottom: 30px;' src='http:\/\/ftp3.syscom.mx\/usuarios\/hallende\/UGREEN2\/Audio\/10519\/10519-12.jpg' alt=''> <!-- Especificaciones --> <\/p>\n<div style='display: flex; flex-wrap: wrap; gap: 20px; margin-bottom: 30px;'>\n<div style='flex: 1 1 250px; border: 1px solid rgba(150&comma; 150&comma; 150&comma; 0.4); border-radius: 8px; overflow: hidden; display: flex; flex-direction: column;'>\n<div style='padding: 15px; border-bottom: 1px solid rgba(150&comma; 150&comma; 150&comma; 0.2); font-weight: bold; font-size: 18px; color: inherit;'>Especificaciones<\/div>\n<div style='padding: 15px; color: inherit;'>\n<ul style='padding-left: 20px; margin: 0; font-size: 14px; list-style-type: disc;'>\n<li style='margin-bottom: 5px;'><strong>Longitud del Cable:<\/strong> 3 metros<\/li>\n<li style='margin-bottom: 5px;'><strong>Material:<\/strong> Caja ABS y TPE<\/li>\n<li style='margin-bottom: 5px;'><strong>Conductor:<\/strong> Cobre de alta pureza<\/li>\n<li style='margin-bottom: 5px;'><strong>Blindaje:<\/strong> Doble blindaje para m\u00e1xima calidad de se\u00f1al<\/li>\n<li style='margin-bottom: 5px;'><strong>Garant\u00eda:<\/strong> 1 A\u00f1o por defectos de fabricaci\u00f3n<\/li>\n<\/ul><\/div>\n<\/p><\/div>\n<\/p><\/div>\n<p> <!-- Imagen final --> <img style='width: 100%; height: auto; border: 1px solid rgba(150&comma;150&comma;150&comma;0.3); border-radius: 8px; margin-bottom: 30px;' src='http:\/\/ftp3.syscom.mx\/usuarios\/hallende\/UGREEN2\/Audio\/10519\/10519-11.jpg' alt=''> <\/div>\n","protected":false},"excerpt":{"rendered":"<p>Cable de Audio 2 RCA Macho a 2 RCA Macho \/ 3 Metros (9.84 Pies) \/ Color Negro \/ Alta Calidad \/ Anillos de Goma para Asegurar un Agarre Firme al Instalar o Quitar el Cable<\/p>\n","protected":false},"featured_media":107949,"comment_status":"open","ping_status":"closed","template":"","meta":[],"product_brand":[],"product_cat":[505],"product_tag":[506,488,650],"class_list":{"0":"post-107950","1":"product","2":"type-product","3":"status-publish","4":"has-post-thumbnail","6":"product_cat-adaptador-a-rca","7":"product_tag-adaptador-a-rca","8":"product_tag-cables-y-conectores","9":"product_tag-ugreen","11":"first","12":"instock","13":"sale","14":"shipping-taxable","15":"purchasable","16":"product-type-simple"},"_links":{"self":[{"href":"https:\/\/soydeaqui.ddns.net\/pachuca\/index.php\/wp-json\/wp\/v2\/product\/107950","targetHints":{"allow":["GET"]}}],"collection":[{"href":"https:\/\/soydeaqui.ddns.net\/pachuca\/index.php\/wp-json\/wp\/v2\/product"}],"about":[{"href":"https:\/\/soydeaqui.ddns.net\/pachuca\/index.php\/wp-json\/wp\/v2\/types\/product"}],"replies":[{"embeddable":true,"href":"https:\/\/soydeaqui.ddns.net\/pachuca\/index.php\/wp-json\/wp\/v2\/comments?post=107950"}],"wp:featuredmedia":[{"embeddable":true,"href":"https:\/\/soydeaqui.ddns.net\/pachuca\/index.php\/wp-json\/wp\/v2\/media\/107949"}],"wp:attachment":[{"href":"https:\/\/soydeaqui.ddns.net\/pachuca\/index.php\/wp-json\/wp\/v2\/media?parent=107950"}],"wp:term":[{"taxonomy":"product_brand","embeddable":true,"href":"https:\/\/soydeaqui.ddns.net\/pachuca\/index.php\/wp-json\/wp\/v2\/product_brand?post=107950"},{"taxonomy":"product_cat","embeddable":true,"href":"https:\/\/soydeaqui.ddns.net\/pachuca\/index.php\/wp-json\/wp\/v2\/product_cat?post=107950"},{"taxonomy":"product_tag","embeddable":true,"href":"https:\/\/soydeaqui.ddns.net\/pachuca\/index.php\/wp-json\/wp\/v2\/product_tag?post=107950"}],"curies":[{"name":"wp","href":"https:\/\/api.w.org\/{rel}","templated":true}]}}