{"id":107945,"date":"2026-03-20T17:35:09","date_gmt":"2026-03-20T17:35:09","guid":{"rendered":"https:\/\/soydeaqui.ddns.net\/pachuca\/index.php\/producto\/cable-de-audio-2-rca-macho-a-2-rca-macho-5-metros-16-40-pies-color-negro-alta-calidad-anillos-de-goma-para-asegurar-un-agarre-firme-al-instalar-o-quitar-el-cable\/"},"modified":"2026-03-20T17:35:19","modified_gmt":"2026-03-20T17:35:19","slug":"cable-de-audio-2-rca-macho-a-2-rca-macho-5-metros-16-40-pies-color-negro-alta-calidad-anillos-de-goma-para-asegurar-un-agarre-firme-al-instalar-o-quitar-el-cable","status":"publish","type":"product","link":"https:\/\/soydeaqui.ddns.net\/pachuca\/index.php\/producto\/cable-de-audio-2-rca-macho-a-2-rca-macho-5-metros-16-40-pies-color-negro-alta-calidad-anillos-de-goma-para-asegurar-un-agarre-firme-al-instalar-o-quitar-el-cable\/","title":{"rendered":"Cable de Audio 2 RCA Macho a 2 RCA Macho \/ 5 Metros (16.40 Pies) \/ Color Negro \/ Alta Calidad \/ Anillos de Goma para Asegurar un Agarre Firme al Instalar o Quitar el Cable"},"content":{"rendered":"<div style='width: 100%; max-width: 1200px; margin: 0 auto; font-family: sans-serif; line-height: 1.6; color: inherit; background-color: transparent;'>\n<div style='width: 100%; margin-bottom: 30px;'> <img style='width: 100%; height: auto; border: 1px solid rgba(150&comma;150&comma;150&comma;0.3); border-radius: 8px;' src='http:\/\/ftp3.syscom.mx\/usuarios\/hallende\/UGREEN2\/Audio\/10519\/10519-10.jpg' alt=''> <\/div>\n<div style='display: flex; flex-wrap: wrap; gap: 30px; margin-bottom: 30px;'>\n<div style='flex: 1 1 300px; min-width: 280px;'>\n<h3 style='font-size: 22px; border-bottom: 2px solid currentColor; padding-bottom: 5px; margin-top: 0; color: inherit; opacity: 0.8;'>Caracter\u00edsticas Principales<\/h3>\n<ul style='padding-left: 20px; font-size: 15px; color: inherit;'>\n<li style='margin-bottom: 5px;'>El cable 2 RCA macho a macho cuenta con dos enchufes (izquierdo y derecho) en cada extremo&comma; uno para el canal derecho (rojo) y el otro para el canal izquierdo (blanco).<\/li>\n<li style='margin-bottom: 5px;'>Proporciona una forma perfecta de conectar sistemas de audio y entretenimiento en el hogar&comma; como reproductor de DVD&comma; subwoofer&comma; receptor Dolby Digital&comma; mini disco&comma; etc.<\/li>\n<li style='margin-bottom: 5px;'>Sirve para conectar sistema de sonido 5.1 y 7.1.<\/li>\n<li style='margin-bottom: 5px;'>Compatible con todos los dispositivos con conexi\u00f3n de audio RCA.<\/li>\n<li style='margin-bottom: 5px;'>Calidad de sonido no destructiva de alta fidelidad exacta&comma; transmite las se\u00f1ales extremadamente bien.<\/li>\n<\/ul><\/div>\n<div style='flex: 1 1 300px; min-width: 280px;'>\n<h3 style='font-size: 22px; border-bottom: 2px solid currentColor; padding-bottom: 5px; margin-top: 0; color: inherit; opacity: 0.8;'>Caracter\u00edsticas Especiales<\/h3>\n<ul style='padding-left: 20px; font-size: 15px; color: inherit;'>\n<li style='margin-bottom: 5px;'><strong>Conector Chapado en Oro:<\/strong> Resistente a la corrosi\u00f3n y conectores de metal pulido de alta calidad.<\/li>\n<li style='margin-bottom: 5px;'><strong>Cable Flexible:<\/strong> Exterior de PVC blando que ofrece mayor resistencia y flexibilidad.<\/li>\n<li style='margin-bottom: 5px;'><strong>Dise\u00f1o Port\u00e1til:<\/strong> Compacto y ligero para f\u00e1cil transporte.<\/li>\n<li style='margin-bottom: 5px;'><strong>N\u00facleo de Cobre Premium:<\/strong> Cobre libre de ox\u00edgeno de alta pureza y doble blindaje.<\/li>\n<\/ul><\/div>\n<\/p><\/div>\n<div style='width: 100%; margin-bottom: 30px;'> <img style='width: 100%; height: auto; border: 1px solid rgba(150&comma;150&comma;150&comma;0.3); border-radius: 8px;' src='http:\/\/ftp3.syscom.mx\/usuarios\/hallende\/UGREEN2\/Audio\/10519\/10519-11.jpg' alt=''> <\/div>\n<div style='width: 100%; margin-bottom: 30px;'>\n<h3 style='font-size: 22px; border-bottom: 2px solid currentColor; padding-bottom: 5px; margin-top: 0; color: inherit; opacity: 0.8;'>Aplicaciones<\/h3>\n<p> <img style='width: 100%; height: auto; border: 1px solid rgba(150&comma;150&comma;150&comma;0.3); border-radius: 8px;' src='http:\/\/ftp3.syscom.mx\/usuarios\/hallende\/UGREEN2\/Audio\/10519\/10519-12.jpg' alt=''> <\/div>\n<div style='display: flex; flex-wrap: wrap; gap: 20px; margin-bottom: 30px;'>\n<div style='flex: 1 1 250px; border: 1px solid rgba(150&comma; 150&comma; 150&comma; 0.4); border-radius: 8px; overflow: hidden; display: flex; flex-direction: column;'>\n<div style='padding: 15px; border-bottom: 1px solid rgba(150&comma; 150&comma; 150&comma; 0.2); font-weight: bold; font-size: 18px; color: inherit;'>Especificaciones<\/div>\n<div style='padding: 15px; color: inherit;'>\n<ul style='padding-left: 20px; margin: 0; font-size: 14px; list-style-type: disc;'>\n<li style='margin-bottom: 5px;'>Longitud del Cable: 5 metros<\/li>\n<li style='margin-bottom: 5px;'>Caja ABS y TPE<\/li>\n<li style='margin-bottom: 5px;'>Hecho de cobre de alta pureza<\/li>\n<li style='margin-bottom: 5px;'>Doble blindaje para m\u00e1xima calidad de se\u00f1al<\/li>\n<li style='margin-bottom: 5px;'>1 A\u00f1o de Garant\u00eda por defectos de fabricaci\u00f3n<\/li>\n<\/ul><\/div>\n<\/p><\/div>\n<\/p><\/div>\n<div style='display: flex; flex-wrap: wrap; gap: 30px; margin-bottom: 30px;'>\n<div style='flex: 1 1 300px; min-width: 280px;'>\n<h3 style='font-size: 22px; border-bottom: 2px solid currentColor; padding-bottom: 5px; margin-top: 0; color: inherit; opacity: 0.8;'>Dispositivos Compatibles<\/h3>\n<ul style='padding-left: 20px; font-size: 15px; color: inherit;'>\n<li style='margin-bottom: 5px;'>XBOX 360<\/li>\n<li style='margin-bottom: 5px;'>PS3<\/li>\n<li style='margin-bottom: 5px;'>Wii<\/li>\n<li style='margin-bottom: 5px;'>Controlador de DJ<\/li>\n<li style='margin-bottom: 5px;'>Sistemas de cine en casa<\/li>\n<li style='margin-bottom: 5px;'>Amplificador de alta fidelidad<\/li>\n<li style='margin-bottom: 5px;'>Barra de sonido<\/li>\n<li style='margin-bottom: 5px;'>Tocadiscos<\/li>\n<li style='margin-bottom: 5px;'>Preamplificador de fono<\/li>\n<li style='margin-bottom: 5px;'>Consolas de juegos<\/li>\n<li style='margin-bottom: 5px;'>HDTV<\/li>\n<li style='margin-bottom: 5px;'>Equipo de audio del receptor de A\/V<\/li>\n<\/ul><\/div>\n<div style='flex: 1 1 300px; min-width: 280px;'>\n<h3 style='font-size: 22px; border-bottom: 2px solid currentColor; padding-bottom: 5px; margin-top: 0; color: inherit; opacity: 0.8;'>Beneficios del Dise\u00f1o<\/h3>\n<ul style='padding-left: 20px; font-size: 15px; color: inherit;'>\n<li style='margin-bottom: 5px;'>Anillos de goma para asegurar un agarre firme<\/li>\n<li style='margin-bottom: 5px;'>Conectores antioxidantes de primera calidad<\/li>\n<li style='margin-bottom: 5px;'>Conexi\u00f3n estable y bien conectada<\/li>\n<li style='margin-bottom: 5px;'>F\u00e1cil conexi\u00f3n a canales izquierdo y derecho<\/li>\n<li style='margin-bottom: 5px;'>Dise\u00f1o port\u00e1til y compacto<\/li>\n<\/ul><\/div>\n<\/p><\/div>\n<div style='width: 100%; margin-bottom: 30px;'> <img style='width: 100%; height: auto; border: 1px solid rgba(150&comma;150&comma;150&comma;0.3); border-radius: 8px;' src='http:\/\/ftp3.syscom.mx\/usuarios\/hallende\/UGREEN2\/Audio\/10519\/10519-30.jpg' alt=''> <\/div>\n<div style='width: 100%; margin-bottom: 30px;'> <img style='width: 100%; height: auto; border: 1px solid rgba(150&comma;150&comma;150&comma;0.3); border-radius: 8px;' src='http:\/\/ftp3.syscom.mx\/usuarios\/hallende\/UGREEN2\/Audio\/10519\/10519-31.jpg' alt=''> <\/div>\n<div style='width: 100%; margin-bottom: 30px;'> <img style='width: 100%; height: auto; border: 1px solid rgba(150&comma;150&comma;150&comma;0.3); border-radius: 8px;' src='http:\/\/ftp3.syscom.mx\/usuarios\/hallende\/UGREEN2\/Audio\/10519\/10519-32.jpg' alt=''> <\/div>\n<div style='width: 100%; margin-bottom: 30px;'> <img style='width: 100%; height: auto; border: 1px solid rgba(150&comma;150&comma;150&comma;0.3); border-radius: 8px;' src='http:\/\/ftp3.syscom.mx\/usuarios\/hallende\/UGREEN2\/Audio\/10519\/10519-33.jpg' alt=''> <\/div>\n<\/p><\/div>\n","protected":false},"excerpt":{"rendered":"<p>Cable de Audio 2 RCA Macho a 2 RCA Macho \/ 5 Metros (16.40 Pies) \/ Color Negro \/ Alta Calidad \/ Anillos de Goma para Asegurar un Agarre Firme al Instalar o Quitar el Cable<\/p>\n","protected":false},"featured_media":107944,"comment_status":"open","ping_status":"closed","template":"","meta":[],"product_brand":[],"product_cat":[505],"product_tag":[506,488,650],"class_list":{"0":"post-107945","1":"product","2":"type-product","3":"status-publish","4":"has-post-thumbnail","6":"product_cat-adaptador-a-rca","7":"product_tag-adaptador-a-rca","8":"product_tag-cables-y-conectores","9":"product_tag-ugreen","11":"first","12":"instock","13":"sale","14":"shipping-taxable","15":"purchasable","16":"product-type-simple"},"_links":{"self":[{"href":"https:\/\/soydeaqui.ddns.net\/pachuca\/index.php\/wp-json\/wp\/v2\/product\/107945","targetHints":{"allow":["GET"]}}],"collection":[{"href":"https:\/\/soydeaqui.ddns.net\/pachuca\/index.php\/wp-json\/wp\/v2\/product"}],"about":[{"href":"https:\/\/soydeaqui.ddns.net\/pachuca\/index.php\/wp-json\/wp\/v2\/types\/product"}],"replies":[{"embeddable":true,"href":"https:\/\/soydeaqui.ddns.net\/pachuca\/index.php\/wp-json\/wp\/v2\/comments?post=107945"}],"wp:featuredmedia":[{"embeddable":true,"href":"https:\/\/soydeaqui.ddns.net\/pachuca\/index.php\/wp-json\/wp\/v2\/media\/107944"}],"wp:attachment":[{"href":"https:\/\/soydeaqui.ddns.net\/pachuca\/index.php\/wp-json\/wp\/v2\/media?parent=107945"}],"wp:term":[{"taxonomy":"product_brand","embeddable":true,"href":"https:\/\/soydeaqui.ddns.net\/pachuca\/index.php\/wp-json\/wp\/v2\/product_brand?post=107945"},{"taxonomy":"product_cat","embeddable":true,"href":"https:\/\/soydeaqui.ddns.net\/pachuca\/index.php\/wp-json\/wp\/v2\/product_cat?post=107945"},{"taxonomy":"product_tag","embeddable":true,"href":"https:\/\/soydeaqui.ddns.net\/pachuca\/index.php\/wp-json\/wp\/v2\/product_tag?post=107945"}],"curies":[{"name":"wp","href":"https:\/\/api.w.org\/{rel}","templated":true}]}}