{"id":107925,"date":"2026-03-20T17:34:13","date_gmt":"2026-03-20T17:34:13","guid":{"rendered":"https:\/\/soydeaqui.ddns.net\/pachuca\/index.php\/producto\/cable-usb-c-macho-a-usb-c-hembra-1metro-usb-c-3-1-gen-2-compatible-con-thunderbolt-3-carcasa-de-aluminio-nylon-trenzado-transferencia-de-datos-10-gbps-soporta-hasta-100w-para-carga-rapi\/"},"modified":"2026-03-20T17:34:15","modified_gmt":"2026-03-20T17:34:15","slug":"cable-usb-c-macho-a-usb-c-hembra-1metro-usb-c-3-1-gen-2-compatible-con-thunderbolt-3-carcasa-de-aluminio-nylon-trenzado-transferencia-de-datos-10-gbps-soporta-hasta-100w-para-carga-rapi","status":"publish","type":"product","link":"https:\/\/soydeaqui.ddns.net\/pachuca\/index.php\/producto\/cable-usb-c-macho-a-usb-c-hembra-1metro-usb-c-3-1-gen-2-compatible-con-thunderbolt-3-carcasa-de-aluminio-nylon-trenzado-transferencia-de-datos-10-gbps-soporta-hasta-100w-para-carga-rapi\/","title":{"rendered":"Cable USB-C Macho a USB-C Hembra | 1metro | USB-C 3.1 Gen 2 | Compatible con Thunderbolt 3 | Carcasa de Aluminio | Nylon Trenzado |  Transferencia de Datos 10 Gbps | Soporta hasta 100W para Carga R\u00e1pida."},"content":{"rendered":"<div style='width: 100%; max-width: 1200px; margin: 0 auto; font-family: sans-serif; line-height: 1.6; color: inherit; background-color: transparent;'> <!-- Imagen principal --> <\/p>\n<div style='margin-bottom: 30px;'> <img style='width: 100%; height: auto; border: 1px solid rgba(150&comma;150&comma;150&comma;0.3); border-radius: 8px;' src='http:\/\/ftp3.syscom.mx\/usuarios\/maguilar\/Ugreen\/30205\/30205-Banner2-4.png' alt=''> <\/div>\n<p> <!-- Secci\u00f3n de contenido con flex\/grid --> <\/p>\n<div style='display: flex; flex-wrap: wrap; gap: 30px; margin-bottom: 30px;'>\n<div style='flex: 1 1 300px; min-width: 280px;'>\n<h3 style='font-size: 22px; border-bottom: 2px solid currentColor; padding-bottom: 5px; margin-top: 0; color: inherit; opacity: 0.8;'>Conector USB-C de extensi\u00f3n<\/h3>\n<p style='font-size: 15px; color: inherit;'>Dise\u00f1ado para extender la distancia de uso del conector tipo c. Puede acceder a lugares de dif\u00edcil acceso y proteger el puerto USB tipo C hembra de su dispositivo de enchufar y desenchufar con frecuencia&comma; protegiendo la consola de interruptores de nintendo para que no se raye con la base.<\/p>\n<\/p><\/div>\n<\/p><\/div>\n<p> <!-- Secci\u00f3n de caracter\u00edsticas --> <\/p>\n<div style='display: flex; flex-wrap: wrap; gap: 30px; margin-bottom: 30px;'>\n<div style='flex: 1 1 300px; min-width: 280px;'>\n<h3 style='font-size: 22px; border-bottom: 2px solid currentColor; padding-bottom: 5px; margin-top: 0; color: inherit; opacity: 0.8;'>Caracter\u00edsticas<\/h3>\n<p style='font-size: 15px; color: inherit;'>Carga r\u00e1pida de 100 W y sincronizaci\u00f3n de 10 Gbps&comma; este cable es 10 veces m\u00e1s r\u00e1pido que el cable USB 2.0 y solo se necesitan 5 segundos para transferir archivos 5G. El cable admite una salida m\u00e1xima de 20 V\/ 5 A&comma; que puede cargar una MacBookPro de 16 pulgadas al 39% en 30 minutos.<\/p>\n<p style='font-size: 15px; color: inherit;'><strong>Nota:<\/strong> este producto es compatible con Thunderbolt 3 pasivo&comma; pero la velocidad de transferencia est\u00e1 limitada a un m\u00e1ximo de 10 Gbps.<\/p>\n<\/p><\/div>\n<\/p><\/div>\n<p> <!-- Secci\u00f3n de video\/audio --> <\/p>\n<div style='display: flex; flex-wrap: wrap; gap: 30px; margin-bottom: 30px;'>\n<div style='flex: 1 1 300px; min-width: 280px;'>\n<h3 style='font-size: 22px; border-bottom: 2px solid currentColor; padding-bottom: 5px; margin-top: 0; color: inherit; opacity: 0.8;'>Admite transferencia de video y audio 4K<\/h3>\n<p style='font-size: 15px; color: inherit;'>Este extensor USB-C admite transferencia de video y audio a una resoluci\u00f3n de 4K a 60 Hz para conectar su MacBook a una pantalla con una calidad de imagen hasta 4 veces m\u00e1s clara que el cable 1080P.<\/p>\n<p style='font-size: 15px; color: inherit;'><strong>Nota:<\/strong> aseg\u00farese de que tanto la entrada de su computadora port\u00e1til como los puertos tipo c del monitor de salida admitan la funci\u00f3n de entrada y salida de video (Thunderbolt 3).<\/p>\n<\/p><\/div>\n<\/p><\/div>\n<p> <!-- Secci\u00f3n de durabilidad --> <\/p>\n<div style='display: flex; flex-wrap: wrap; gap: 30px; margin-bottom: 30px;'>\n<div style='flex: 1 1 300px; min-width: 280px;'>\n<h3 style='font-size: 22px; border-bottom: 2px solid currentColor; padding-bottom: 5px; margin-top: 0; color: inherit; opacity: 0.8;'>Cable trenzado duradero<\/h3>\n<p style='font-size: 15px; color: inherit;'>Dise\u00f1ado con enchufes niquelados&comma; junta reforzada y trenzado de nailon resistente a enredos que puede soportar m\u00e1s de 10&comma;000 pruebas de conexi\u00f3n y desconexi\u00f3n. El cable trenzado de nailon duradero no solo no se enreda&comma; sino que es lo suficientemente flexible como para enrollarlo f\u00e1cilmente y colocarlo sobre una mesa.<\/p>\n<\/p><\/div>\n<\/p><\/div>\n<p> <!-- Secci\u00f3n de compatibilidad --> <\/p>\n<div style='display: flex; flex-wrap: wrap; gap: 30px; margin-bottom: 30px;'>\n<div style='flex: 1 1 300px; min-width: 280px;'>\n<h3 style='font-size: 22px; border-bottom: 2px solid currentColor; padding-bottom: 5px; margin-top: 0; color: inherit; opacity: 0.8;'>Compatibilidad universal<\/h3>\n<p style='font-size: 15px; color: inherit;'>El cable de extensi\u00f3n USB 3.1 Gen 2 Tipo C se adapta a la mayor\u00eda de los dispositivos USB-C: compatible con Nintendo Switch&comma; Magsafe Wireless Charger&comma; M1 Macbook Mac mini&comma; New Macbook Pro&comma; iPad Pro&comma; iMac Pro&comma; Chromebook Pixel&comma; Dell XPS&comma; Nexus 5X 6P&comma; Lumia 950 950XL&comma; etc.<\/p>\n<p style='font-size: 15px; color: inherit;'><strong>Nota:<\/strong> este extensor USB C no funciona con ninguna base\/hub\/cable Thunderbolt 3.<\/p>\n<\/p><\/div>\n<\/p><\/div>\n<p> <!-- Secci\u00f3n de especificaciones --> <\/p>\n<div style='display: flex; flex-wrap: wrap; gap: 20px; margin-bottom: 30px;'>\n<div style='flex: 1 1 250px; border: 1px solid rgba(150&comma; 150&comma; 150&comma; 0.4); border-radius: 8px; overflow: hidden; display: flex; flex-direction: column;'>\n<div style='padding: 15px; border-bottom: 1px solid rgba(150&comma; 150&comma; 150&comma; 0.2); font-weight: bold; font-size: 18px; color: inherit;'>Especificaciones<\/div>\n<div style='padding: 15px; color: inherit;'>\n<ul style='padding-left: 20px; margin: 0; font-size: 14px; list-style-type: disc;'>\n<li style='margin-bottom: 5px;'><strong>Longitud del Cable:<\/strong> 1 M<\/li>\n<li style='margin-bottom: 5px;'><strong>G\u00e9nero del conector:<\/strong> macho a hembra<\/li>\n<li style='margin-bottom: 5px;'><strong>Peso del articulo<\/strong> 22.0g<\/li>\n<\/ul><\/div>\n<\/p><\/div>\n<\/p><\/div>\n<p> <!-- Garant\u00eda --> <\/p>\n<div style='display: flex; flex-wrap: wrap; gap: 30px; margin-bottom: 30px;'>\n<div style='flex: 1 1 300px; min-width: 280px;'>\n<h4 style='font-size: 18px; margin-top: 0; color: inherit;'>1 A\u00f1o de Garant\u00eda<\/h4>\n<\/p><\/div>\n<\/p><\/div>\n<p> <!-- Imagen final --> <\/p>\n<div style='margin-bottom: 30px;'> <img style='width: 100%; height: auto; border: 1px solid rgba(150&comma;150&comma;150&comma;0.3); border-radius: 8px;' src='http:\/\/ftp3.syscom.mx\/usuarios\/maguilar\/Ugreen\/30205\/30205-Banner5-7.png' alt=''> <\/div>\n<p> <!-- Separador final --> <\/p>\n<hr style='border: 0; border-top: 1px solid rgba(150&comma; 150&comma; 150&comma; 0.3); margin: 30px 0;'> <\/div>\n","protected":false},"excerpt":{"rendered":"<p>Cable USB-C Macho a USB-C Hembra | 1metro | USB-C 3.1 Gen 2 | Compatible con Thunderbolt 3 | Carcasa de Aluminio | Nylon Trenzado |  Transferencia de Datos 10 Gbps | Soporta hasta 100W para Carga R\u00e1pida.<\/p>\n","protected":false},"featured_media":107924,"comment_status":"open","ping_status":"closed","template":"","meta":[],"product_brand":[],"product_cat":[1235],"product_tag":[417,1236,650],"class_list":{"0":"post-107925","1":"product","2":"type-product","3":"status-publish","4":"has-post-thumbnail","6":"product_cat-accesorios-para-computadora-y-smartphones","7":"product_tag-accesorios-generales","8":"product_tag-accesorios-para-computadora-y-smartphones","9":"product_tag-ugreen","11":"first","12":"instock","13":"sale","14":"shipping-taxable","15":"purchasable","16":"product-type-simple"},"_links":{"self":[{"href":"https:\/\/soydeaqui.ddns.net\/pachuca\/index.php\/wp-json\/wp\/v2\/product\/107925","targetHints":{"allow":["GET"]}}],"collection":[{"href":"https:\/\/soydeaqui.ddns.net\/pachuca\/index.php\/wp-json\/wp\/v2\/product"}],"about":[{"href":"https:\/\/soydeaqui.ddns.net\/pachuca\/index.php\/wp-json\/wp\/v2\/types\/product"}],"replies":[{"embeddable":true,"href":"https:\/\/soydeaqui.ddns.net\/pachuca\/index.php\/wp-json\/wp\/v2\/comments?post=107925"}],"wp:featuredmedia":[{"embeddable":true,"href":"https:\/\/soydeaqui.ddns.net\/pachuca\/index.php\/wp-json\/wp\/v2\/media\/107924"}],"wp:attachment":[{"href":"https:\/\/soydeaqui.ddns.net\/pachuca\/index.php\/wp-json\/wp\/v2\/media?parent=107925"}],"wp:term":[{"taxonomy":"product_brand","embeddable":true,"href":"https:\/\/soydeaqui.ddns.net\/pachuca\/index.php\/wp-json\/wp\/v2\/product_brand?post=107925"},{"taxonomy":"product_cat","embeddable":true,"href":"https:\/\/soydeaqui.ddns.net\/pachuca\/index.php\/wp-json\/wp\/v2\/product_cat?post=107925"},{"taxonomy":"product_tag","embeddable":true,"href":"https:\/\/soydeaqui.ddns.net\/pachuca\/index.php\/wp-json\/wp\/v2\/product_tag?post=107925"}],"curies":[{"name":"wp","href":"https:\/\/api.w.org\/{rel}","templated":true}]}}