{"id":107919,"date":"2026-03-20T17:33:55","date_gmt":"2026-03-20T17:33:55","guid":{"rendered":"https:\/\/soydeaqui.ddns.net\/pachuca\/index.php\/producto\/cable-auxiliar-5-metros-conector-3-5mm-a-3-5mm-macho-a-macho-cubierta-de-tpe-carcasa-de-aluminio-color-negro\/"},"modified":"2026-03-20T17:34:02","modified_gmt":"2026-03-20T17:34:02","slug":"cable-auxiliar-5-metros-conector-3-5mm-a-3-5mm-macho-a-macho-cubierta-de-tpe-carcasa-de-aluminio-color-negro","status":"publish","type":"product","link":"https:\/\/soydeaqui.ddns.net\/pachuca\/index.php\/producto\/cable-auxiliar-5-metros-conector-3-5mm-a-3-5mm-macho-a-macho-cubierta-de-tpe-carcasa-de-aluminio-color-negro\/","title":{"rendered":"Cable Auxiliar 5 Metros \/ Conector 3.5mm a 3.5mm \/ Macho a Macho \/ Cubierta de TPE \/ Carcasa de Aluminio \/ Color Negro"},"content":{"rendered":"<div style='width: 100%; max-width: 1200px; margin: 0 auto; font-family: sans-serif; line-height: 1.6; color: inherit; background-color: transparent;'>\n<div style='display: flex; flex-wrap: wrap; gap: 30px; margin-bottom: 30px;'>\n<div style='flex: 1 1 300px; min-width: 280px;'> <img style='width: 100%; height: auto; border: 1px solid rgba(150&comma;150&comma;150&comma;0.3); border-radius: 8px;' src='http:\/\/ftp3.syscom.mx\/usuarios\/maguilar\/Ugreen\/10735\/10735-Banner2-4.png' alt=''> <\/p>\n<h3 style='font-size: 22px; border-bottom: 2px solid currentColor; padding-bottom: 5px; margin-top: 20px; color: inherit; opacity: 0.8;'>Impresionante cable auxiliar<\/h3>\n<p style='font-size: 15px; color: inherit;'>El cable de audio UGREEN de 3&comma;5 mm transmite la lista de reproducci\u00f3n desde un dispositivo de salida auxiliar (salida de l\u00ednea) a un dispositivo de entrada auxiliar (entrada de l\u00ednea) directamente.<\/p>\n<p style='font-size: 15px; color: inherit;'>Adem\u00e1s&comma; este cable auxiliar es el reemplazo perfecto para aud\u00edfonos\/aud\u00edfonos\/altavoces.<\/p>\n<p style='font-size: 15px; color: inherit;'><strong>Cable de audio de 5 metros.<\/strong><\/p>\n<\/p><\/div>\n<\/p><\/div>\n<div style='display: flex; flex-wrap: wrap; gap: 30px; margin-bottom: 30px;'>\n<div style='flex: 1 1 300px; min-width: 280px;'>\n<h3 style='font-size: 22px; border-bottom: 2px solid currentColor; padding-bottom: 5px; margin-top: 0; color: inherit; opacity: 0.8;'>Calidad de sonido est\u00e9reo inigualable<\/h3>\n<p style='font-size: 15px; color: inherit;'>El miniconector macho a macho est\u00e1 bien fabricado y le ofrece una experiencia de sonido est\u00e9reo notable. El cable jack a jack profesional de 3&comma;5 mm combina conductores de cobre esmaltado&comma; conectores chapados en oro de 24 quilates con una robusta cubierta de TPE. Los blindajes s\u00f3lidos protegen el audio contra RF&comma; EM y la interferencia de bucle de tierra durante la transmisi\u00f3n y brindan una calidad de sonido ultra clara y sin ruido.<\/p>\n<\/p><\/div>\n<\/p><\/div>\n<div style='display: flex; flex-wrap: wrap; gap: 30px; margin-bottom: 30px;'>\n<div style='flex: 1 1 300px; min-width: 280px;'>\n<h3 style='font-size: 22px; border-bottom: 2px solid currentColor; padding-bottom: 5px; margin-top: 0; color: inherit; opacity: 0.8;'>Durabilidad y flexibilidad mejoradas<\/h3>\n<p style='font-size: 15px; color: inherit;'>El cable de audio de 3&comma;5 mm a 3&comma;5 mm evita enredos y torceduras. La cubierta suave de TPE hace que este cable auxiliar est\u00e9reo sea mucho m\u00e1s f\u00e1cil de enrollar para guardarlo. Los conectores de cobre libres de ox\u00edgeno y los enchufes chapados en oro de 24 quilates no solo garantizan un sonido de alta fidelidad y una conductividad m\u00e1xima&comma; sino que a\u00f1aden una mayor durabilidad a este cable auxiliar.<\/p>\n<\/p><\/div>\n<\/p><\/div>\n<div style='display: flex; flex-wrap: wrap; gap: 30px; margin-bottom: 30px;'>\n<div style='flex: 1 1 300px; min-width: 280px;'>\n<h3 style='font-size: 22px; border-bottom: 2px solid currentColor; padding-bottom: 5px; margin-top: 0; color: inherit; opacity: 0.8;'>Uso universal<\/h3>\n<p style='font-size: 15px; color: inherit;'>Con conectores macho est\u00e1ndar de 3&comma;5 mm&comma; este cable auxiliar de audio macho a macho se adapta perfectamente a dispositivos de puertos auxiliares de 3&comma;5 mm&comma; como:<\/p>\n<ul style='padding-left: 20px; font-size: 15px; color: inherit;'>\n<li style='margin-bottom: 5px;'>Radio est\u00e9reo de autom\u00f3vil<\/li>\n<li style='margin-bottom: 5px;'>MacBook Pro\/Air&comma; Surface Pro&comma; iMac<\/li>\n<li style='margin-bottom: 5px;'>Computadora port\u00e1til&comma; computadora de escritorio<\/li>\n<li style='margin-bottom: 5px;'>Nintendo Switch Lite&comma; PS4&comma; Xbox One<\/li>\n<li style='margin-bottom: 5px;'>Tel\u00e9fonos inteligentes (como iPhone 6\/5\/SE&comma; Samsung S10 Plus\/S9\/S8\/S7\/A70\/A50\/A20e\/A10&comma; Huawei P30 lite\/P smart\/Y7\/Y6&comma; Moto G7 Power\/G6&comma; Sony Xperia L1\/XA2\/Z5)<\/li>\n<li style='margin-bottom: 5px;'>iPad&comma; iPod&comma; tablet&comma; reproductor de MP3\/MP4&comma; smart TV&comma; walkman&comma; auriculares Beats\/Skullcandy&comma; altavoz&comma; caja de sonido&comma; amplificador&comma; etc.<\/li>\n<\/ul><\/div>\n<\/p><\/div>\n<div style='display: flex; flex-wrap: wrap; gap: 30px; margin-bottom: 30px;'>\n<div style='flex: 1 1 300px; min-width: 280px;'>\n<h4 style='font-size: 18px; color: inherit; opacity: 0.8; margin-top: 0;'>1 A\u00f1o de Garant\u00eda<\/h4>\n<p> <img style='width: 100%; height: auto; border: 1px solid rgba(150&comma;150&comma;150&comma;0.3); border-radius: 8px;' src='http:\/\/ftp3.syscom.mx\/usuarios\/maguilar\/Ugreen\/10735\/10735-Banner5-6.png' alt=''> <\/div>\n<\/p><\/div>\n<hr style='border: 0; border-top: 1px solid rgba(150&comma; 150&comma; 150&comma; 0.3); margin: 30px 0;'> <\/div>\n","protected":false},"excerpt":{"rendered":"<p>Cable Auxiliar 5 Metros \/ Conector 3.5mm a 3.5mm \/ Macho a Macho \/ Cubierta de TPE \/ Carcasa de Aluminio \/ Color Negro<\/p>\n","protected":false},"featured_media":107918,"comment_status":"open","ping_status":"closed","template":"","meta":[],"product_brand":[],"product_cat":[2204],"product_tag":[93,52,650],"class_list":{"0":"post-107919","1":"product","2":"type-product","3":"status-publish","4":"has-post-thumbnail","6":"product_cat-accesorios-audio-residencial-comercial","7":"product_tag-accesorios","8":"product_tag-audio-residencial-comercial","9":"product_tag-ugreen","11":"first","12":"instock","13":"sale","14":"shipping-taxable","15":"purchasable","16":"product-type-simple"},"_links":{"self":[{"href":"https:\/\/soydeaqui.ddns.net\/pachuca\/index.php\/wp-json\/wp\/v2\/product\/107919","targetHints":{"allow":["GET"]}}],"collection":[{"href":"https:\/\/soydeaqui.ddns.net\/pachuca\/index.php\/wp-json\/wp\/v2\/product"}],"about":[{"href":"https:\/\/soydeaqui.ddns.net\/pachuca\/index.php\/wp-json\/wp\/v2\/types\/product"}],"replies":[{"embeddable":true,"href":"https:\/\/soydeaqui.ddns.net\/pachuca\/index.php\/wp-json\/wp\/v2\/comments?post=107919"}],"wp:featuredmedia":[{"embeddable":true,"href":"https:\/\/soydeaqui.ddns.net\/pachuca\/index.php\/wp-json\/wp\/v2\/media\/107918"}],"wp:attachment":[{"href":"https:\/\/soydeaqui.ddns.net\/pachuca\/index.php\/wp-json\/wp\/v2\/media?parent=107919"}],"wp:term":[{"taxonomy":"product_brand","embeddable":true,"href":"https:\/\/soydeaqui.ddns.net\/pachuca\/index.php\/wp-json\/wp\/v2\/product_brand?post=107919"},{"taxonomy":"product_cat","embeddable":true,"href":"https:\/\/soydeaqui.ddns.net\/pachuca\/index.php\/wp-json\/wp\/v2\/product_cat?post=107919"},{"taxonomy":"product_tag","embeddable":true,"href":"https:\/\/soydeaqui.ddns.net\/pachuca\/index.php\/wp-json\/wp\/v2\/product_tag?post=107919"}],"curies":[{"name":"wp","href":"https:\/\/api.w.org\/{rel}","templated":true}]}}