{"id":107915,"date":"2026-03-20T17:33:43","date_gmt":"2026-03-20T17:33:43","guid":{"rendered":"https:\/\/soydeaqui.ddns.net\/pachuca\/index.php\/producto\/dvr-16-canales-turbohd-8-canales-ip-4-megapixel-acusense-evita-falsas-alarmas-audio-por-coaxitron-salidas-de-video-vga-y-hdmi-independientes-1-bahia-de-disco-duro-h-265\/"},"modified":"2026-03-20T17:33:46","modified_gmt":"2026-03-20T17:33:46","slug":"dvr-16-canales-turbohd-8-canales-ip-4-megapixel-acusense-evita-falsas-alarmas-audio-por-coaxitron-salidas-de-video-vga-y-hdmi-independientes-1-bahia-de-disco-duro-h-265","status":"publish","type":"product","link":"https:\/\/soydeaqui.ddns.net\/pachuca\/index.php\/producto\/dvr-16-canales-turbohd-8-canales-ip-4-megapixel-acusense-evita-falsas-alarmas-audio-por-coaxitron-salidas-de-video-vga-y-hdmi-independientes-1-bahia-de-disco-duro-h-265\/","title":{"rendered":"DVR 16 Canales TurboHD + 8 Canales IP \/ 4 Megapixel \/ Acusense (Evita Falsas Alarmas) \/ Audio por Coaxitron \/ Salidas de Video VGA y HDMI Independientes \/ 1 Bah\u00eda de Disco Duro \/ H.265+"},"content":{"rendered":"<div style='width: 100%; max-width: 1200px; margin: 0 auto; font-family: sans-serif; line-height: 1.6; color: inherit; background-color: transparent;'> <!-- Logo Hikvision --> <\/p>\n<div style='text-align: center; margin: 30px 0;'> <img style='width: 100%; max-width: 450px; height: auto; border: 1px solid rgba(150&comma;150&comma;150&comma;0.3); border-radius: 8px;' src='https:\/\/ftp3.syscom.mx\/usuarios\/jsosa\/HIKVISION\/imagenes\/logo\/hikvision%20see%20far.png' alt='Logo Hikvision'> <\/div>\n<p> <!-- Video principal --> <\/p>\n<div style='margin: 30px 0;'>\n<h3 style='text-align: center; font-size: 22px; margin-bottom: 15px; color: inherit; opacity: 0.8;'>Grabador con salidas independientes<\/h3>\n<div style='position: relative; padding-bottom: 56.25%; height: 0; overflow: hidden; margin-bottom: 30px;'>   <\/div>\n<\/p><\/div>\n<p> <!-- Videos secci\u00f3n 1 --> <\/p>\n<div style='display: grid; grid-template-columns: repeat(auto-fit&comma; minmax(280px&comma; 1fr)); gap: 30px; margin: 30px 0;'>\n<div>\n<h3 style='text-align: center; font-size: 20px; margin-bottom: 15px; color: inherit; opacity: 0.8;'>Filtrado de Humanos y Vehiculos desde Hik-Connect<\/h3>\n<div style='position: relative; padding-bottom: 56.25%; height: 0; overflow: hidden; margin-bottom: 30px;'>   <\/div>\n<\/p><\/div>\n<div>\n<h3 style='text-align: center; font-size: 20px; margin-bottom: 15px; color: inherit; opacity: 0.8;'>Agregar Equipo a Hik-Connect desde Grabador<\/h3>\n<div style='position: relative; padding-bottom: 56.25%; height: 0; overflow: hidden; margin-bottom: 30px;'>   <\/div>\n<\/p><\/div>\n<\/p><\/div>\n<p> <!-- Videos secci\u00f3n 2 --> <\/p>\n<div style='display: grid; grid-template-columns: repeat(auto-fit&comma; minmax(280px&comma; 1fr)); gap: 30px; margin: 30px 0;'>\n<div>\n<h3 style='text-align: center; font-size: 20px; margin-bottom: 15px; color: inherit; opacity: 0.8;'>AcuSense vs Anal\u00edticos Tradicionales<\/h3>\n<div style='position: relative; padding-bottom: 56.25%; height: 0; overflow: hidden; margin-bottom: 30px;'>   <\/div>\n<\/p><\/div>\n<div>\n<h3 style='text-align: center; font-size: 20px; margin-bottom: 15px; color: inherit; opacity: 0.8;'>Inteligencia Artificial con AcuSense<\/h3>\n<div style='position: relative; padding-bottom: 56.25%; height: 0; overflow: hidden; margin-bottom: 30px;'>   <\/div>\n<\/p><\/div>\n<\/p><\/div>\n<p> <!-- Im\u00e1genes principales --> <\/p>\n<div style='display: flex; flex-wrap: wrap; gap: 20px; margin: 30px 0;'>\n<div style='flex: 1 1 400px; min-width: 280px;'> <img style='width: 100%; height: auto; border: 1px solid rgba(150&comma;150&comma;150&comma;0.3); border-radius: 8px;' src='https:\/\/ftp3.syscom.mx\/usuarios\/fotos\/IDS7208HQHIM1\/S(C)\/192927-untitled.png' alt=''> <\/div>\n<div style='flex: 1 1 400px; min-width: 280px;'> <img style='width: 100%; height: auto; border: 1px solid rgba(150&comma;150&comma;150&comma;0.3); border-radius: 8px;' src='https:\/\/ftp3.syscom.mx\/usuarios\/fotos\/IDS7208HQHIM1\/S(C)\/192927-untitled_(2).png' alt=''> <\/div>\n<\/p><\/div>\n<p> <!-- Videos secci\u00f3n 3 --> <\/p>\n<div style='display: grid; grid-template-columns: repeat(auto-fit&comma; minmax(280px&comma; 1fr)); gap: 30px; margin: 30px 0;'>\n<div>\n<h4 style='text-align: center; font-size: 18px; margin-bottom: 15px; color: inherit; opacity: 0.8;'>AcuSense \u00c1reas Restringidas<\/h4>\n<div style='position: relative; padding-bottom: 56.25%; height: 0; overflow: hidden; margin-bottom: 30px;'>   <\/div>\n<\/p><\/div>\n<div>\n<h4 style='text-align: center; font-size: 18px; margin-bottom: 15px; color: inherit; opacity: 0.8;'>AcuSense Almacenes<\/h4>\n<div style='position: relative; padding-bottom: 56.25%; height: 0; overflow: hidden; margin-bottom: 30px;'>   <\/div>\n<\/p><\/div>\n<div>\n<h4 style='text-align: center; font-size: 18px; margin-bottom: 15px; color: inherit; opacity: 0.8;'>Evite Falsas Alarmas<\/h4>\n<div style='position: relative; padding-bottom: 56.25%; height: 0; overflow: hidden; margin-bottom: 30px;'>   <\/div>\n<\/p><\/div>\n<\/p><\/div>\n<p> <!-- Imagen Coaxitron --> <\/p>\n<div style='text-align: center; margin: 30px 0;'>\n<p style='font-weight: bold; margin-bottom: 15px; color: inherit;'>Audio&comma; Video y Datos por el Mismo Cable<\/p>\n<p> <img style='width: 100%; max-width: 800px; height: auto; border: 1px solid rgba(150&comma;150&comma;150&comma;0.3); border-radius: 8px;' src='https:\/\/ftp3.syscom.mx\/usuarios\/jsosa\/HIKVISION\/imagenes\/coaxitron\/coaxitron.jpg' alt=''> <\/div>\n<p> <!-- Nota importante --> <\/p>\n<div style='margin: 30px 0; padding: 15px; border-left: 5px solid #ff0000; background-color: rgba(255&comma; 0&comma; 0&comma; 0.05);'>\n<p style='margin: 0; font-weight: bold; color: #ff0000; font-size: 16px;'>Nota importante:<\/p>\n<p style='margin: 10px 0 0 0; color: inherit;'>Gracias a las nuevas actualizaciones (mejoras) ahora el DVR permite aceptar c\u00e1maras TURBOHD de 4 Megapixel que originalmente estaba dedicado a soportar 3 Megapixel&comma; el DVR podr\u00e1 grabar a 4 Megapixel Lite&comma; quiere decir que es un acoplamiento de se\u00f1al que permite aceptar c\u00e1maras de 4 Megapixel TURBOHD con grabacion Lite.<\/p>\n<ul style='padding-left: 20px; margin: 15px 0; color: inherit;'>\n<li style='margin-bottom: 5px;'><span style='color: #ff0000;'>4 Megapixel Real = 2560 X 1440.<\/span><\/li>\n<li style='margin-bottom: 5px;'><span style='color: #ff0000;'>4 Megapixel Lite = 1280 X 1440.<\/span><\/li>\n<\/ul><\/div>\n<p> <!-- Secci\u00f3n de caracter\u00edsticas --> <\/p>\n<div style='display: flex; flex-wrap: wrap; gap: 20px; margin: 30px 0;'>\n<div style='flex: 1 1 300px; min-width: 280px;'>\n<div style='border: 1px solid rgba(150&comma; 150&comma; 150&comma; 0.4); border-radius: 8px; overflow: hidden; display: flex; flex-direction: column; height: 100%;'>\n<div style='padding: 15px; border-bottom: 1px solid rgba(150&comma; 150&comma; 150&comma; 0.2); font-weight: bold; font-size: 18px; color: inherit; background-color: rgba(255&comma; 0&comma; 0&comma; 0.05);'>Caracter\u00edsticas principales<\/div>\n<div style='padding: 15px; color: inherit; flex-grow: 1;'>\n<ul style='padding-left: 20px; margin: 0; font-size: 14px; list-style-type: disc;'>\n<li style='margin-bottom: 5px;'>Serie Turbo HD Versi\u00f3n 5.0<\/li>\n<li style='margin-bottom: 5px;'>Permite apagar canales anal\u00f3gicos TURBOHD y poder colocar c\u00e1maras IP en todos sus canales&comma; podemos colocar hasta 24 c\u00e1maras IP en total. Por cada canal anal\u00f3gico TURBOHD que se apague se genera una canal IP adicional.<\/li>\n<li style='margin-bottom: 5px;'>DVR pentah\u00edbrido: HD-TVI \/ HD-CVI \/ Analogico \/ IP \/ AHD.<\/li>\n<li style='margin-bottom: 5px;'>Acceso remoto: PC (WINDOWS \/ MAC)&comma; Smart Phone (iPhone&comma; iPad&comma; Android).<\/li>\n<li style='margin-bottom: 5px;'>Compatibilidad con navegador Internet Explorer.<\/li>\n<li style='margin-bottom: 5px;'>Software cliente multi sitio de hasta 64 canales (iVMS-4200).<\/li>\n<li style='margin-bottom: 5px;'>Compatible con Hik-Connect P2P.<\/li>\n<li style='margin-bottom: 5px;'>Soporta servicio DDNS Hik-Connect Domain \/ DynDNS.<\/li>\n<li style='margin-bottom: 5px;'>Funciones Avanzadas: Detecci\u00f3n por cruce de l\u00ednea y detecci\u00f3n de intrusi\u00f3n.<\/li>\n<li style='margin-bottom: 5px;'>1 entrada y 1 salida de audio.<\/li>\n<li style='margin-bottom: 5px;'>Soporta 1 HDD de hasta 10 TB (no incluido).<\/li>\n<li style='margin-bottom: 5px;'>Interfaz serial: RS-485 (HIKVISION C&comma; COAXITRON&comma; PELCO D&comma; PELCO P&comma; etc).<\/li>\n<li style='margin-bottom: 5px;'><strong>Cuenta con Salidas VGA\/HDMI Independientes<\/strong><\/li>\n<\/ul>\n<p style='margin: 15px 0 5px 0;'><strong>El audio se recibe por la se\u00f1al TVI<\/strong><\/p>\n<p style='background-color: rgba(32&comma; 33&comma; 36&comma; 0.04); padding: 10px; border-radius: 4px; font-size: 14px; color: inherit;'>Para conectar los canales IP requiere utilizar un switch\/switch poe (no incluido)<\/p>\n<\/p><\/div>\n<\/p><\/div>\n<\/p><\/div>\n<div style='flex: 1 1 300px; min-width: 280px;'>\n<div style='border: 1px solid rgba(150&comma; 150&comma; 150&comma; 0.4); border-radius: 8px; overflow: hidden; display: flex; flex-direction: column; height: 100%;'>\n<div style='padding: 15px; border-bottom: 1px solid rgba(150&comma; 150&comma; 150&comma; 0.2); font-weight: bold; font-size: 18px; color: inherit; background-color: rgba(255&comma; 0&comma; 0&comma; 0.05);'>Caracter\u00edsticas F\u00edsicas y El\u00e9ctricas<\/div>\n<div style='padding: 15px; color: inherit; flex-grow: 1;'>\n<ul style='padding-left: 20px; margin: 0 0 15px 0; font-size: 14px; list-style-type: disc;'>\n<li style='margin-bottom: 5px;'>Alimentaci\u00f3n: 12 Vcc (fuente incluida).<\/li>\n<li style='margin-bottom: 5px;'>Consumo sin HDD: 25 watts.<\/li>\n<li style='margin-bottom: 5px;'>Temperatura de operaci\u00f3n: -10 \u00baC hasta 55 \u00baC.<\/li>\n<li style='margin-bottom: 5px;'>Dimensiones: 315 x 242 x 45 mm (W \u00d7 D \u00d7 H)<\/li>\n<li style='margin-bottom: 5px;'>Peso: 1.78 Kg sin HDD.<\/li>\n<li style='margin-bottom: 5px;'>No compatible con control remoto.<\/li>\n<\/ul>\n<p style='margin: 15px 0 5px 0; font-weight: bold; color: inherit;'>Compresi\u00f3n y resoluci\u00f3n:<\/p>\n<ul style='padding-left: 20px; margin: 0 0 15px 0; font-size: 14px; list-style-type: disc;'>\n<li style='margin-bottom: 5px;'>Compresi\u00f3n: H.265+ \/ H.265 \/ H.264+ \/ H.264.<\/li>\n<li style='margin-bottom: 5px;'>Soporta 16 canales TURBOHD \/ anal\u00f3gicos + 8 canales IP = 24 canales en total.<\/li>\n<li style='margin-bottom: 5px;'>Soporta 5 Tecnolog\u00edas:\n<ul style='padding-left: 20px; margin: 5px 0; font-size: 13px; list-style-type: circle;'>\n<li style='margin-bottom: 3px;'>TVI:4MP lite &comma; 3MP&comma; 1080p @ 30IPS \/ 720p @60IPS<\/li>\n<li style='margin-bottom: 3px;'>AHD:4MP lite&comma; 1080p @ 30IPS&comma; 720p @30IPS<\/li>\n<li style='margin-bottom: 3px;'>CVI: 4MP lite&comma; 1080p @ 30IPS&comma; 720p @ 30IPS<\/li>\n<li style='margin-bottom: 3px;'>CVBS: 30 IPS<\/li>\n<li style='margin-bottom: 3px;'>IP: 6MP<\/li>\n<\/ul>\n<\/li>\n<\/ul>\n<p style='color: inherit; font-size: 14px;'><strong>Nota: Acepta c\u00e1maras de 4MP&comma; 2MP y 1MP en todos sus canales BNC (C\u00e1maras de 3MP solo en el canal 1&comma; 2&comma; 3 y 4).<\/strong><\/p>\n<\/p><\/div>\n<\/p><\/div>\n<\/p><\/div>\n<div style='flex: 1 1 300px; min-width: 280px;'>\n<div style='border: 1px solid rgba(150&comma; 150&comma; 150&comma; 0.4); border-radius: 8px; overflow: hidden; display: flex; flex-direction: column; height: 100%;'>\n<div style='padding: 15px; border-bottom: 1px solid rgba(150&comma; 150&comma; 150&comma; 0.2); font-weight: bold; font-size: 18px; color: inherit; background-color: rgba(255&comma; 0&comma; 0&comma; 0.05);'>Caracter\u00edsticas Destacadas<\/div>\n<div style='padding: 15px; color: inherit; flex-grow: 1;'>\n<p style='margin-top: 0;'>El DVR soporta 4 canales de video con activaci\u00f3n de detecci\u00f3n de cuerpo humano o detecci\u00f3n de veh\u00edculos&comma; esto nos permite ser m\u00e1s precisos al momento de tener alguna grabaci\u00f3n de poder descargar cualquier otro tipo de movimientos.<\/p>\n<p>Es necesario contemplar cu\u00e1l de los anal\u00edticos se utilizar\u00e1n ya que no es posible utilizar ambos al mismo tiempo. Al activar la detecci\u00f3n de cuerpo humano no es posible activar detecci\u00f3n de veh\u00edculos y viceversa.<\/p>\n<ul style='padding-left: 20px; margin: 15px 0; font-size: 14px; list-style-type: disc;'>\n<li style='margin-bottom: 5px;'><a style='color: #005cb9; text-decoration: none;' href='https:\/\/soporte.syscom.mx\/es\/articles\/5388340-hikvision-acusense-guia-de-configuracion' target='_blank' rel='noopener'>Gu\u00eda de configuraci\u00f3n filtro de humanos y veh\u00edculos<\/a><\/li>\n<\/ul>\n<p style='margin: 15px 0 5px 0;'>Soporta audio en todos sus canales por coaxitron utilizando c\u00e1maras con audio integrado (<a style='color: #005cb9; text-decoration: none;' href='https:\/\/www.syscom.mx\/principal\/promociones\/camaras_con_audio_por_coaxitron_2_mp-5477.html?ordenar=Relevancia&#038;pag=1' target='_blank' rel='noopener'>ver modelos compatibles<\/a>).<\/p>\n<p style='margin: 15px 0 5px 0;'>Para utilizar audio de 2 v\u00edas se recomienda colocar un micr\u00f3fono en la entrada de audio&comma; no se recomienda para audio de 2 v\u00edas una c\u00e1mara con audio por coaxitron.<\/p>\n<div style='margin-top: 15px; padding: 15px; background-color: #ffffff; border: 1px solid #333333; border-left: 5px solid #333333; font-size: 14px; color: #333333;'> Los equipos con AcuSense pueden llegar a filtrar hasta el 95% de falsas alarmas&comma; la eficacia del filtrado depende de la distancia &#8211; \u00e1ngulo de visi\u00f3n del objetivo y la c\u00e1mara. Algunas mascotas&comma; insectos pueden generar alertamientos basados en lo anterior. <\/div>\n<\/p><\/div>\n<\/p><\/div>\n<\/p><\/div>\n<\/p><\/div>\n<p> <!-- Consideraciones --> <\/p>\n<div style='margin: 30px 0; padding: 15px; border-left: 5px solid #ff0000; background-color: rgba(255&comma; 0&comma; 0&comma; 0.05);'>\n<h4 style='margin-top: 0; margin-bottom: 10px; font-size: 18px; font-weight: bold; color: inherit;'>Consideraciones:<\/h4>\n<ul style='padding-left: 20px; color: inherit;'><\/ul>\n<\/p><\/div>\n<p> <!-- T\u00edtulo recursos --> <\/p>\n<div style='text-align: center; margin: 40px 0 20px 0;'>\n<h2 style='font-size: 24px; font-weight: bold; margin: 0; color: inherit;'>Recursos<\/h2>\n<\/p><\/div>\n<p> <!-- Recursos --> <\/p>\n<div style='display: grid; grid-template-columns: repeat(auto-fit&comma; minmax(280px&comma; 1fr)); gap: 20px; margin: 30px 0;'>\n<div style='text-align: center;'> <a href='https:\/\/www.hikvision.com\/es-la\/support\/download\/software\/ivms4200-series\/?q=serie%20ivms4200&#038;position=1' target='_blank' rel='noopener'> <img style='width: 100%; max-width: 300px; height: auto; border: 1px solid rgba(150&comma;150&comma;150&comma;0.3); border-radius: 8px;' src='https:\/\/ftp3.syscom.mx\/usuarios\/gmagos\/HIK\/IP\/IPC\/Imagenes%20pagina\/Descargas%20IVMS4200.jpg' alt='Descargas IVMS4200'> <\/a> <\/div>\n<div style='text-align: center;'> <a href='https:\/\/appstore.hikvision.com\/' target='_blank' rel='noopener'> <img style='width: 100%; max-width: 300px; height: auto; border: 1px solid rgba(150&comma;150&comma;150&comma;0.3); border-radius: 8px;' src='https:\/\/ftp3.syscom.mx\/usuarios\/gmagos\/HIK\/IP\/IPC\/Imagenes%20pagina\/Descargas%20de%20app.jpg' alt='Descargas de App'> <\/a> <\/div>\n<div style='text-align: center;'> <a href='https:\/\/ftp3.syscom.mx\/usuarios\/ftp\/2022\/04\/25\/fba7b\/Especificaci\u00f3nes%20T\u00e9cnicas%20-%20iDS-7216HQHI-M1_S_H(C).pdf' target='_blank' rel='noopener'> <img style='width: 100%; max-width: 300px; height: auto; border: 1px solid rgba(150&comma;150&comma;150&comma;0.3); border-radius: 8px;' src='https:\/\/ftp3.syscom.mx\/usuarios\/gmagos\/HIK\/IP\/IPC\/Imagenes%20pagina\/Descarga%20de%20PDF.jpg' alt='Descarga de PDF'> <\/a> <\/div>\n<\/p><\/div>\n<p> <!-- Imagenes AcuSense --> <\/p>\n<div style='display: flex; flex-wrap: wrap; gap: 20px; margin: 30px 0;'>\n<div style='flex: 1 1 300px; min-width: 280px;'> <img style='width: 100%; height: auto; border: 1px solid rgba(150&comma;150&comma;150&comma;0.3); border-radius: 8px;' src='https:\/\/ftp3.syscom.mx\/usuarios\/fotos\/S04TURBOG3\/195128-explicaci\u00f3n_acusense_turbohd.jpeg' alt=''> <\/div>\n<div style='flex: 1 1 300px; min-width: 280px; text-align: center;'> <img style='width: 100%; max-width: 150px; height: auto; border: 1px solid rgba(150&comma;150&comma;150&comma;0.3); border-radius: 8px;' src='https:\/\/ftp3.syscom.mx\/usuarios\/jsosa\/HIKVISION\/imagenes\/Acusense%20Icon.png' alt=''> <\/p>\n<p style='margin-top: 10px; font-weight: bold; color: inherit;'>Tecnolog\u00eda AcuSense<\/p>\n<\/p><\/div>\n<\/p><\/div>\n<p> <!-- Descripci\u00f3n AcuSense --> <\/p>\n<div style='margin: 30px 0;'>\n<p>La tecnolog\u00eda AcuSense se basa en el algoritmo <em><strong>Deep Learning<\/strong><\/em> de Hikvision. Los algoritmos de <strong><em>Deep Learning<\/em><\/strong> son mucho m\u00e1s profundos que los algoritmos inteligentes convencionales&comma; que solo operan de forma superficial. Estos realizan aprendizaje de caracter\u00edsticas&comma; proporcionando un rendimiento de an\u00e1lisis de contenido de v\u00eddeo (VCA) asombrosamente preciso y consistente.<\/p>\n<p>AcuSense es capaz de diferenciar&comma; con gran precisi\u00f3n&comma; un cuerpo humano y un veh\u00edculo en un escenario con una gran cantidad de objetos. No solo puede detectar la intrusi\u00f3n humana y del veh\u00edculo&comma; sino que tambi\u00e9n puede filtrar falsas alarmas que podr\u00edan haber sido disparadas por objetos en movimiento que no presentan un riesgo.<\/p>\n<p>La tecnolog\u00eda tambi\u00e9n brinda una funci\u00f3n de b\u00fasqueda de objetivos poderosa y r\u00e1pida que es capaz de analizar grabaciones y seleccionar todas las im\u00e1genes humanas o de veh\u00edculos que se vinculan al video clip relacionado.<\/p>\n<p><a style='color: #005cb9; text-decoration: none;' href='https:\/\/ftp3.syscom.mx\/usuarios\/jsosa\/HIKVISION\/presentaciones\/Presentation%20Turbo%20HD%205.0.pdf' target='_blank' rel='noopener'>Ver presentaci\u00f3n AcuSense<\/a><\/p>\n<\/p><\/div>\n<p> <!-- Im\u00e1genes AcuSense 2 --> <\/p>\n<div style='display: grid; grid-template-columns: repeat(auto-fit&comma; minmax(280px&comma; 1fr)); gap: 20px; margin: 30px 0;'>\n<div> <img style='width: 100%; height: auto; border: 1px solid rgba(150&comma;150&comma;150&comma;0.3); border-radius: 8px;' src='https:\/\/ftp3.syscom.mx\/usuarios\/jsosa\/josesosa\/Imagenes\/acusense1.jpg' alt=''> <\/div>\n<div> <img style='width: 100%; height: auto; border: 1px solid rgba(150&comma;150&comma;150&comma;0.3); border-radius: 8px;' src='https:\/\/ftp3.syscom.mx\/usuarios\/jsosa\/josesosa\/Imagenes\/acusense2.jpg' alt=''> <\/div>\n<div> <img style='width: 100%; height: auto; border: 1px solid rgba(150&comma;150&comma;150&comma;0.3); border-radius: 8px;' src='https:\/\/ftp3.syscom.mx\/usuarios\/jsosa\/josesosa\/Imagenes\/acusense3.jpg' alt=''> <\/div>\n<\/p><\/div>\n<p> <!-- Im\u00e1genes adicionales --> <\/p>\n<div style='display: grid; grid-template-columns: repeat(auto-fit&comma; minmax(280px&comma; 1fr)); gap: 20px; margin: 30px 0;'>\n<div style='text-align: center;'> <img style='width: 100%; max-width: 400px; height: auto; border: 1px solid rgba(150&comma;150&comma;150&comma;0.3); border-radius: 8px;' src='https:\/\/ftp3.syscom.mx\/usuarios\/paginaweb\/Gifs\/Zi7LTq5.gif' alt=''> <\/div>\n<div style='text-align: center;'> <img style='width: 100%; max-width: 200px; height: auto; border: 1px solid rgba(150&comma;150&comma;150&comma;0.3); border-radius: 8px;' src='https:\/\/ftp3.syscom.mx\/usuarios\/fotos\/DS7208HQHIK1\/97560-pentahi.jpg' alt=''> <\/div>\n<div style='text-align: center;'> <img style='width: 100%; max-width: 400px; height: auto; border: 1px solid rgba(150&comma;150&comma;150&comma;0.3); border-radius: 8px;' src='https:\/\/ftp3.syscom.mx\/usuarios\/paginaweb\/Gifs\/tq5yYz4.gif' alt=''> <\/div>\n<\/p><\/div>\n<p> <!-- H.265+ --> <\/p>\n<div style='margin: 30px 0;'>\n<h3 style='font-size: 20px; margin-bottom: 15px; color: inherit; opacity: 0.8;'>\u00bfQue es H.265+?<\/h3>\n<p>Es un formato de compresi\u00f3n inteligente que <strong>permite ahorrar hasta 80% de almacenamiento y ancho de banda<\/strong>&comma; para que la compresi\u00f3n se pueda activa debemos de contar con c\u00e1mara IP y NVR que soporten el mismo formato de compresi\u00f3n.<\/p>\n<\/p><\/div>\n<p> <!-- Comparativas H.265+ --> <\/p>\n<div style='display: grid; grid-template-columns: repeat(auto-fit&comma; minmax(280px&comma; 1fr)); gap: 20px; margin: 30px 0;'>\n<div style='text-align: center;'>\n<p style='margin: 0 0 10px 0; font-weight: bold; color: inherit;'>80% menos consumo que H.264<\/p>\n<p> <img style='width: 100%; height: auto; border: 1px solid rgba(150&comma;150&comma;150&comma;0.3); border-radius: 8px;' src='https:\/\/3.bp.blogspot.com\/-c6ufw54r2xk\/WW_f4nkqWQI\/AAAAAAAAKVY\/I0edD6XJMPM-KppoJFsy-aINcLNxg6opQCEwYBhgL\/s400\/primero.tiff' alt=''> <\/div>\n<div style='text-align: center;'>\n<p style='margin: 0 0 10px 0; font-weight: bold; color: inherit;'>Mismo dias de almacenamiento pero con menos discos duros<\/p>\n<p> <img style='width: 100%; height: auto; border: 1px solid rgba(150&comma;150&comma;150&comma;0.3); border-radius: 8px;' src='https:\/\/1.bp.blogspot.com\/-tJoVn4NunDQ\/WW_f4qn0b0I\/AAAAAAAAKVU\/8aiRMT3NK0wg2s2bSbQI7zAQrjGN0ZJ5wCEwYBhgL\/s400\/tercero.tiff' alt=''> <\/div>\n<div style='text-align: center;'>\n<p style='margin: 0 0 10px 0; font-weight: bold; color: inherit;'>Hasta 20 c\u00e1maras Full HD tiempo real en un ancho de banda de 20Mbps<\/p>\n<p> <img style='width: 100%; height: auto; border: 1px solid rgba(150&comma;150&comma;150&comma;0.3); border-radius: 8px;' src='https:\/\/2.bp.blogspot.com\/-4pPL-F39Ka4\/WW_f4Tqv-nI\/AAAAAAAAKVQ\/URQf8vDTvxM1pHB9hbg_DvHTemJ-B7isgCEwYBhgL\/s400\/segundo.tiff' alt=''> <\/div>\n<\/p><\/div>\n<p> <!-- Imagenes finales --> <\/p>\n<div style='display: flex; flex-wrap: wrap; gap: 20px; margin: 30px 0;'>\n<div style='flex: 1 1 100%;'> <img style='width: 100%; height: auto; border: 1px solid rgba(150&comma;150&comma;150&comma;0.3); border-radius: 8px;' src='https:\/\/ftp3.syscom.mx\/usuarios\/jsosa\/josesosa\/Imagenes\/menosconsumoh.jpg' alt=''> <\/div>\n<div style='flex: 1 1 100%;'> <img style='width: 100%; height: auto; border: 1px solid rgba(150&comma;150&comma;150&comma;0.3); border-radius: 8px;' src='https:\/\/ftp3.syscom.mx\/usuarios\/jsosa\/HIKVISION\/imagenes\/banners\/solution%20complete.png' alt=''> <\/div>\n<\/p><\/div>\n<\/p><\/div>\n","protected":false},"excerpt":{"rendered":"<p>DVR 16 Canales TurboHD + 8 Canales IP \/ 4 Megapixel \/ Acusense (Evita Falsas Alarmas) \/ Audio por Coaxitron \/ Salidas de Video VGA y HDMI Independientes \/ 1 Bah\u00eda de Disco Duro \/ H.265+<\/p>\n","protected":false},"featured_media":107914,"comment_status":"open","ping_status":"closed","template":"","meta":[],"product_brand":[],"product_cat":[2254],"product_tag":[2255,54,2256],"class_list":{"0":"post-107915","1":"product","2":"type-product","3":"status-publish","4":"has-post-thumbnail","6":"product_cat-videograbadoras-analogicas-turbohd-tvi-ahd-cvi","7":"product_tag-camaras-y-dvrs-hd-turbohd-ahd-hd-tvi","8":"product_tag-hikvision","9":"product_tag-videograbadoras-analogicas-turbohd-tvi-ahd-cvi","11":"first","12":"outofstock","13":"sale","14":"shipping-taxable","15":"purchasable","16":"product-type-simple"},"_links":{"self":[{"href":"https:\/\/soydeaqui.ddns.net\/pachuca\/index.php\/wp-json\/wp\/v2\/product\/107915","targetHints":{"allow":["GET"]}}],"collection":[{"href":"https:\/\/soydeaqui.ddns.net\/pachuca\/index.php\/wp-json\/wp\/v2\/product"}],"about":[{"href":"https:\/\/soydeaqui.ddns.net\/pachuca\/index.php\/wp-json\/wp\/v2\/types\/product"}],"replies":[{"embeddable":true,"href":"https:\/\/soydeaqui.ddns.net\/pachuca\/index.php\/wp-json\/wp\/v2\/comments?post=107915"}],"wp:featuredmedia":[{"embeddable":true,"href":"https:\/\/soydeaqui.ddns.net\/pachuca\/index.php\/wp-json\/wp\/v2\/media\/107914"}],"wp:attachment":[{"href":"https:\/\/soydeaqui.ddns.net\/pachuca\/index.php\/wp-json\/wp\/v2\/media?parent=107915"}],"wp:term":[{"taxonomy":"product_brand","embeddable":true,"href":"https:\/\/soydeaqui.ddns.net\/pachuca\/index.php\/wp-json\/wp\/v2\/product_brand?post=107915"},{"taxonomy":"product_cat","embeddable":true,"href":"https:\/\/soydeaqui.ddns.net\/pachuca\/index.php\/wp-json\/wp\/v2\/product_cat?post=107915"},{"taxonomy":"product_tag","embeddable":true,"href":"https:\/\/soydeaqui.ddns.net\/pachuca\/index.php\/wp-json\/wp\/v2\/product_tag?post=107915"}],"curies":[{"name":"wp","href":"https:\/\/api.w.org\/{rel}","templated":true}]}}