{"id":107902,"date":"2026-03-20T17:33:02","date_gmt":"2026-03-20T17:33:02","guid":{"rendered":"https:\/\/soydeaqui.ddns.net\/pachuca\/index.php\/producto\/dvr-32-canales-turbohd-8-canales-ip-5-megapixel-lite-3k-lite-acusense-evita-falsas-alarmas-audio-por-coaxitron-2-bahias-de-disco-duro-h-265-salida-de-video-en-full-hd\/"},"modified":"2026-03-20T17:33:23","modified_gmt":"2026-03-20T17:33:23","slug":"dvr-32-canales-turbohd-8-canales-ip-5-megapixel-lite-3k-lite-acusense-evita-falsas-alarmas-audio-por-coaxitron-2-bahias-de-disco-duro-h-265-salida-de-video-en-full-hd","status":"publish","type":"product","link":"https:\/\/soydeaqui.ddns.net\/pachuca\/index.php\/producto\/dvr-32-canales-turbohd-8-canales-ip-5-megapixel-lite-3k-lite-acusense-evita-falsas-alarmas-audio-por-coaxitron-2-bahias-de-disco-duro-h-265-salida-de-video-en-full-hd\/","title":{"rendered":"DVR 32 Canales TurboHD + 8 Canales IP \/ 5 Megapixel Lite &#8211; 3K Lite \/ Acusense (Evita Falsas Alarmas) \/ Audio por Coaxitron \/ 2 Bah\u00edas de Disco Duro \/ H.265+ \/ Salida de Video en Full HD"},"content":{"rendered":"<div style='width: 100%; max-width: 1200px; margin: 0 auto; font-family: sans-serif; line-height: 1.6; color: inherit; background-color: transparent;'> <!-- Logo --> <\/p>\n<p style='text-align: center; margin: 20px 0;'> <img style='width: 45%; height: auto; border: 1px solid rgba(150&comma;150&comma;150&comma;0.3); border-radius: 8px;' src='https:\/\/ftp3.syscom.mx\/usuarios\/jsosa\/HIKVISION\/imagenes\/logo\/hikvision%20see%20far.png' alt='Logo Hikvision'> <\/p>\n<p> <!-- Videos AcuSense --> <\/p>\n<div style='display: grid; grid-template-columns: repeat(auto-fit&comma; minmax(300px&comma; 1fr)); gap: 30px; margin: 30px 0;'>\n<div style='display: flex; flex-direction: column; align-items: center;'>\n<h3 style='font-size: 22px; border-bottom: 2px solid currentColor; padding-bottom: 5px; margin: 0 0 15px 0; color: inherit; opacity: 0.8; text-align: center;'>AcuSense vs Anal\u00edticos Tradicionales<\/h3>\n<div style='position: relative; padding-bottom: 56.25%; height: 0; overflow: hidden; width: 100%;'>   <\/div>\n<\/p><\/div>\n<div style='display: flex; flex-direction: column; align-items: center;'>\n<h3 style='font-size: 22px; border-bottom: 2px solid currentColor; padding-bottom: 5px; margin: 0 0 15px 0; color: inherit; opacity: 0.8; text-align: center;'>Inteligencia Artificial con AcuSense<\/h3>\n<div style='position: relative; padding-bottom: 56.25%; height: 0; overflow: hidden; width: 100%;'>   <\/div>\n<\/p><\/div>\n<\/p><\/div>\n<p> <!-- Videos configuraci\u00f3n --> <\/p>\n<div style='display: grid; grid-template-columns: repeat(auto-fit&comma; minmax(300px&comma; 1fr)); gap: 30px; margin: 30px 0;'>\n<div style='display: flex; flex-direction: column; align-items: center;'>\n<h3 style='font-size: 22px; border-bottom: 2px solid currentColor; padding-bottom: 5px; margin: 0 0 15px 0; color: inherit; opacity: 0.8; text-align: center;'>Crear Cuenta Hik-Connect<\/h3>\n<div style='position: relative; padding-bottom: 56.25%; height: 0; overflow: hidden; width: 100%;'>   <\/div>\n<\/p><\/div>\n<div style='display: flex; flex-direction: column; align-items: center;'>\n<h3 style='font-size: 22px; border-bottom: 2px solid currentColor; padding-bottom: 5px; margin: 0 0 15px 0; color: inherit; opacity: 0.8; text-align: center;'>Cruce de L\u00ednea en 90 Segundos<\/h3>\n<div style='position: relative; padding-bottom: 56.25%; height: 0; overflow: hidden; width: 100%;'>   <\/div>\n<\/p><\/div>\n<\/p><\/div>\n<p> <!-- Videos t\u00e9cnicos --> <\/p>\n<div style='display: grid; grid-template-columns: repeat(auto-fit&comma; minmax(300px&comma; 1fr)); gap: 30px; margin: 30px 0;'>\n<div style='display: flex; flex-direction: column; align-items: center;'>\n<h3 style='font-size: 22px; border-bottom: 2px solid currentColor; padding-bottom: 5px; margin: 0 0 15px 0; color: inherit; opacity: 0.8; text-align: center;'>Cambiar la resoluci\u00f3n de una c\u00e1mara TURBO<\/h3>\n<div style='position: relative; padding-bottom: 56.25%; height: 0; overflow: hidden; width: 100%;'>   <\/div>\n<\/p><\/div>\n<div style='display: flex; flex-direction: column; align-items: center;'>\n<h3 style='font-size: 22px; border-bottom: 2px solid currentColor; padding-bottom: 5px; margin: 0 0 15px 0; color: inherit; opacity: 0.8; text-align: center;'>Habilitar detecci\u00f3n de rostro grabadores l\u00ednea iDS72HQ<\/h3>\n<div style='position: relative; padding-bottom: 56.25%; height: 0; overflow: hidden; width: 100%;'>   <\/div>\n<\/p><\/div>\n<\/p><\/div>\n<p> <!-- Videos AcuSense aplicaciones --> <\/p>\n<div style='display: grid; grid-template-columns: repeat(auto-fit&comma; minmax(300px&comma; 1fr)); gap: 30px; margin: 30px 0;'>\n<div style='display: flex; flex-direction: column; align-items: center;'>\n<h4 style='font-size: 18px; border-bottom: 2px solid currentColor; padding-bottom: 5px; margin: 0 0 15px 0; color: inherit; opacity: 0.8; text-align: center;'>AcuSense \u00c1reas Restringidas<\/h4>\n<div style='position: relative; padding-bottom: 56.25%; height: 0; overflow: hidden; width: 100%;'>   <\/div>\n<\/p><\/div>\n<div style='display: flex; flex-direction: column; align-items: center;'>\n<h4 style='font-size: 18px; border-bottom: 2px solid currentColor; padding-bottom: 5px; margin: 0 0 15px 0; color: inherit; opacity: 0.8; text-align: center;'>AcuSense Almacenes<\/h4>\n<div style='position: relative; padding-bottom: 56.25%; height: 0; overflow: hidden; width: 100%;'>   <\/div>\n<\/p><\/div>\n<div style='display: flex; flex-direction: column; align-items: center;'>\n<h4 style='font-size: 18px; border-bottom: 2px solid currentColor; padding-bottom: 5px; margin: 0 0 15px 0; color: inherit; opacity: 0.8; text-align: center;'>Evite Falsas Alarmas<\/h4>\n<div style='position: relative; padding-bottom: 56.25%; height: 0; overflow: hidden; width: 100%;'>   <\/div>\n<\/p><\/div>\n<\/p><\/div>\n<p> <!-- Imagen coaxitron --> <\/p>\n<p style='text-align: center; margin: 30px 0;'><strong style='font-size: 18px; color: inherit;'>Audio&comma; Video y Datos por el Mismo Cable<\/strong><\/p>\n<p style='margin: 20px 0;'> <img style='width: 100%; height: auto; border: 1px solid rgba(150&comma;150&comma;150&comma;0.3); border-radius: 8px;' src='https:\/\/ftp3.syscom.mx\/usuarios\/jsosa\/HIKVISION\/imagenes\/coaxitron\/coaxitron.jpg' alt='Audio&comma; Video y Datos por el Mismo Cable'> <\/p>\n<p> <!-- Nota importante --> <\/p>\n<div style='margin: 30px 0; padding: 20px; border-left: 5px solid #ff0000; background-color: rgba(255&comma; 0&comma; 0&comma; 0.05);'>\n<p style='margin: 0 0 15px 0; font-weight: bold; color: #ff0000;'>Nota importante:<\/p>\n<p style='margin: 0 0 15px 0;'>Gracias a las nuevas actualizaciones (mejoras) ahora el DVR permite aceptar c\u00e1maras TURBOHD de 5 Megapixel que originalmente estaba dedicado a soportar 3 Megapixel&comma; el DVR podr\u00e1 grabar a 5 Megapixel Lite&comma; quiere decir que es un acoplamiento de se\u00f1al que permite aceptar c\u00e1maras de 5 Megapixel TURBOHD con grabaci\u00f3n Lite.<\/p>\n<ul style='padding-left: 20px; margin: 15px 0;'>\n<li style='margin-bottom: 5px; color: #ff0000;'><strong>5 Megapixel Real = 2560 X 1940.<\/strong><\/li>\n<li style='margin-bottom: 5px; color: #ff0000;'><strong>5 Megapixel Lite = 1280 X 1940.<\/strong><\/li>\n<\/ul><\/div>\n<p> <!-- Secci\u00f3n de caracter\u00edsticas --> <\/p>\n<div style='display: grid; grid-template-columns: repeat(auto-fit&comma; minmax(280px&comma; 1fr)); gap: 20px; margin: 30px 0;'>\n<div style='border: 1px solid rgba(150&comma; 150&comma; 150&comma; 0.4); border-radius: 8px; overflow: hidden;'>\n<div style='padding: 15px; border-bottom: 1px solid rgba(150&comma; 150&comma; 150&comma; 0.2); font-weight: bold; font-size: 18px; color: inherit; background-color: rgba(255&comma; 0&comma; 0&comma; 0.05);'>Caracter\u00edsticas principales<\/div>\n<div style='padding: 15px; color: inherit;'>\n<ul style='padding-left: 20px; margin: 0; font-size: 14px; list-style-type: disc;'>\n<li style='margin-bottom: 8px;'>Serie Turbo HD Versi\u00f3n 5.0<\/li>\n<li style='margin-bottom: 8px;'>Permite apagar canales anal\u00f3gicos TURBOHD y poder colocar c\u00e1maras IP en todos sus canales&comma; podemos colocar hasta 40 c\u00e1maras IP en total. Por cada canal anal\u00f3gico TURBOHD que se apague se genera una canal IP adicional.<\/li>\n<li style='margin-bottom: 8px;'>DVR pentah\u00edbrido: HD-TVI \/ HD-CVI \/ Anal\u00f3gico \/ IP \/ AHD.<\/li>\n<li style='margin-bottom: 8px;'>Acceso remoto: PC (WINDOWS \/ MAC)&comma; Smart Phone (iPhone&comma; iPad&comma; Android).<\/li>\n<li style='margin-bottom: 8px;'>Compatibilidad con navegador Internet Explorer.<\/li>\n<li style='margin-bottom: 8px;'>Software cliente multi sitio de hasta 64 canales (iVMS-4200).<\/li>\n<li style='margin-bottom: 8px;'>Compatible con Hik-Connect P2P<\/li>\n<li style='margin-bottom: 8px;'>Funciones Avanzadas: Detecci\u00f3n por cruce de l\u00ednea y detecci\u00f3n de intrusi\u00f3n por Inteligencia Artificial<\/li>\n<li style='margin-bottom: 8px;'>1 entrada y 1 salida de audio&comma; puede integrar c\u00e1maras con audio por coaxitron en todos sus canales anal\u00f3gicos.<\/li>\n<li style='margin-bottom: 8px;'>Soporta 2 HDD de hasta 10 TB (no incluido).<\/li>\n<li style='margin-bottom: 8px;'>Interfaz serial: RS-485 (HIKVISION C&comma; COAXITRON&comma; PELCO D&comma; PELCO P&comma; etc).<\/li>\n<\/ul>\n<p style='margin: 15px 0 0 0;'>El audio se recibe por la se\u00f1al TVI<\/p>\n<p style='margin: 15px 0 0 0; font-size: 14px; background-color: rgba(32&comma; 33&comma; 36&comma; 0.04); padding: 10px; border-radius: 4px;'>Para conectar los canales IP requiere utilizar un switch\/switch poe (no incluido)<\/p>\n<\/p><\/div>\n<\/p><\/div>\n<div style='border: 1px solid rgba(150&comma; 150&comma; 150&comma; 0.4); border-radius: 8px; overflow: hidden;'>\n<div style='padding: 15px; border-bottom: 1px solid rgba(150&comma; 150&comma; 150&comma; 0.2); font-weight: bold; font-size: 18px; color: inherit; background-color: rgba(255&comma; 0&comma; 0&comma; 0.05);'>Caracter\u00edsticas F\u00edsicas y El\u00e9ctricas<\/div>\n<div style='padding: 15px; color: inherit;'>\n<ul style='padding-left: 20px; margin: 0; font-size: 14px; list-style-type: disc;'>\n<li style='margin-bottom: 8px;'>Alimentaci\u00f3n: 12 Vcc (fuente incluida).<\/li>\n<li style='margin-bottom: 8px;'>Consumo sin HDD: 40 watts.<\/li>\n<li style='margin-bottom: 8px;'>Temperatura de operaci\u00f3n: -10 \u00baC hasta 55 \u00baC.<\/li>\n<li style='margin-bottom: 8px;'>Dimensiones: 385 x 315 x 52 mm (W \u00d7 D \u00d7 H)<\/li>\n<li style='margin-bottom: 8px;'>Peso: 1.78 Kg sin HDD.<\/li>\n<li style='margin-bottom: 8px;'>No compatible con control remoto.<\/li>\n<\/ul>\n<p style='margin: 15px 0 0 0; font-weight: bold;'>Compresi\u00f3n y resoluci\u00f3n:<\/p>\n<ul style='padding-left: 20px; margin: 15px 0 0 0; font-size: 14px; list-style-type: disc;'>\n<li style='margin-bottom: 8px;'>Compresi\u00f3n: H.265+ \/ H.265 \/ H.264+ \/ H.264.<\/li>\n<li style='margin-bottom: 8px;'>Soporta 32 canales TURBOHD \/ anal\u00f3gicos + 8 canales IP = 40 canales en total.<\/li>\n<li style='margin-bottom: 8px;'>Soporta 5 Tecnolog\u00edas (TVI \/ AHD \/ CVI \/ CVBS \/ IP):<\/li>\n<li style='margin-bottom: 8px;'>4 Megapixel Lite@ 15 IPS<\/li>\n<li style='margin-bottom: 8px;'>3 Megapixel @ 15 IPS<\/li>\n<li style='margin-bottom: 8px;'>2 Megapixel @ 30 IPS<\/li>\n<li style='margin-bottom: 8px;'>1 Megapixel @ 30 IPS<\/li>\n<li style='margin-bottom: 8px;'>Anal\u00f3gico 1200TVL (CVBS) @ 30 IPS<\/li>\n<li style='margin-bottom: 8px;'>IP hasta 6 Megapixel<\/li>\n<li style='margin-bottom: 8px; font-weight: bold;'>Nota: Acepta c\u00e1maras de 4MP&comma; 2MP y 1MP en todos sus canales BNC (C\u00e1maras de 3MP solo en el canal 1&comma; 2&comma; 3 y 4).<\/li>\n<\/ul><\/div>\n<\/p><\/div>\n<div style='border: 1px solid rgba(150&comma; 150&comma; 150&comma; 0.4); border-radius: 8px; overflow: hidden;'>\n<div style='padding: 15px; border-bottom: 1px solid rgba(150&comma; 150&comma; 150&comma; 0.2); font-weight: bold; font-size: 18px; color: inherit; background-color: rgba(255&comma; 0&comma; 0&comma; 0.05);'>Caracter\u00edsticas Destacadas<\/div>\n<div style='padding: 15px; color: inherit;'>\n<p style='margin-bottom: 15px;'>El DVR soporta 4 canales de video con activaci\u00f3n de detecci\u00f3n de cuerpo humano o detecci\u00f3n de veh\u00edculos&comma; esto nos permite ser m\u00e1s precisos al momento de tener alguna grabaci\u00f3n de poder descargar cualquier otro tipo de movimientos.<\/p>\n<p style='margin-bottom: 15px;'>Es necesario contemplar cu\u00e1l de los anal\u00edticos se utilizar\u00e1n ya que no es posible utilizar ambos al mismo tiempo. Al activar la detecci\u00f3n de cuerpo humano no es posible activar detecci\u00f3n de veh\u00edculos y viceversa.<\/p>\n<ul style='padding-left: 20px; margin: 0; font-size: 14px; list-style-type: disc;'>\n<li style='margin-bottom: 5px;'>Gu\u00eda de configuraci\u00f3n filtro de humanos y veh\u00edculos <a style='color: #005cb9; text-decoration: none;' href='https:\/\/soporte.syscom.mx\/es\/articles\/5388340-hikvision-acusense-guia-de-configuracion' target='_blank' rel='noopener'>aqu\u00ed<\/a><\/li>\n<\/ul>\n<p style='margin: 15px 0 0 0; font-weight: bold;'>Soporta audio en todos sus canales por coaxitron utilizando c\u00e1maras con audio integrado <a style='color: #005cb9; text-decoration: none;' href='https:\/\/www.syscom.mx\/principal\/promociones\/camaras_con_audio_por_coaxitron_2_mp-5477.html?ordenar=Relevancia&#038;pag=1' target='_blank' rel='noopener'>(ver modelos compatibles)<\/a>.<\/p>\n<p style='margin: 15px 0 0 0; font-weight: bold;'>Para utilizar audio de 2 v\u00edas se recomienda colocar un micr\u00f3fono en la entrada de audio&comma; no se recomienda para audio de 2 v\u00edas una c\u00e1mara con audio por coaxitron<\/p>\n<\/p><\/div>\n<\/p><\/div>\n<\/p><\/div>\n<p> <!-- Consideraciones --> <\/p>\n<div style='margin: 30px 0; padding: 15px; border-left: 5px solid #ff0000; background-color: rgba(255&comma; 0&comma; 0&comma; 0.05);'>\n<h3 style='margin-top: 0; margin-bottom: 15px; font-size: 18px; color: inherit; opacity: 0.8;'>Consideraciones:<\/h3>\n<ul style='padding-left: 20px; margin: 0;'>\n<li style='margin-bottom: 5px;'> <\/li>\n<\/ul><\/div>\n<p> <!-- Recursos --> <\/p>\n<h1 style='text-align: center; font-size: 24px; margin: 30px 0 20px 0; color: inherit; opacity: 0.8;'>Recursos<\/h1>\n<div style='display: grid; grid-template-columns: repeat(auto-fit&comma; minmax(200px&comma; 1fr)); gap: 20px; margin: 30px 0;'>\n<div style='text-align: center;'> <a href='https:\/\/www.hikvision.com\/es-la\/support\/download\/software\/ivms4200-series\/?q=serie%20ivms4200&#038;position=1' target='_blank' rel='noopener'> <img style='width: 100%; height: auto; border: 1px solid rgba(150&comma;150&comma;150&comma;0.3); border-radius: 8px;' src='https:\/\/ftp3.syscom.mx\/usuarios\/gmagos\/HIK\/IP\/IPC\/Imagenes%20pagina\/Descargas%20IVMS4200.jpg' alt='IVMS4200 Software'> <\/a> <\/div>\n<div style='text-align: center;'> <a href='https:\/\/appstore.hikvision.com\/' target='_blank' rel='noopener'> <img style='width: 100%; height: auto; border: 1px solid rgba(150&comma;150&comma;150&comma;0.3); border-radius: 8px;' src='https:\/\/ftp3.syscom.mx\/usuarios\/gmagos\/HIK\/IP\/IPC\/Imagenes%20pagina\/Descargas%20de%20app.jpg' alt='App Store Hikvision'> <\/a> <\/div>\n<div style='text-align: center;'> <a href='https:\/\/ftp3.syscom.mx\/usuarios\/ftp\/2022\/03\/10\/0dfad\/Especificaci%C3%B3nes%20T%C3%A9cnicas%20-%20iDS-7232HQHI-M2_S.pdf' target='_blank' rel='noopener'> <img style='width: 100%; height: auto; border: 1px solid rgba(150&comma;150&comma;150&comma;0.3); border-radius: 8px;' src='https:\/\/ftp3.syscom.mx\/usuarios\/gmagos\/HIK\/IP\/IPC\/Imagenes%20pagina\/Descarga%20de%20PDF.jpg' alt='Especificaciones T\u00e9cnicas PDF'> <\/a> <\/div>\n<\/p><\/div>\n<p> <!-- Im\u00e1genes adicionales --> <\/p>\n<div style='display: grid; grid-template-columns: repeat(auto-fit&comma; minmax(300px&comma; 1fr)); gap: 20px; margin: 30px 0;'>\n<div style='text-align: center;'> <img style='width: 100%; height: auto; border: 1px solid rgba(150&comma;150&comma;150&comma;0.3); border-radius: 8px;' src='https:\/\/ftp3.syscom.mx\/usuarios\/fotos\/S04TURBOG3\/195128-explicaci\u00f3n_acusense_turbohd.jpeg' alt='Explicaci\u00f3n AcuSense TurboHD'> <\/div>\n<div style='text-align: center;'> <img style='width: 100%; height: auto; border: 1px solid rgba(150&comma;150&comma;150&comma;0.3); border-radius: 8px;' src='https:\/\/ftp3.syscom.mx\/usuarios\/jsosa\/HIKVISION\/imagenes\/banners\/solution%20complete.png' alt='Soluci\u00f3n completa'> <\/div>\n<\/p><\/div>\n<\/p><\/div>\n","protected":false},"excerpt":{"rendered":"<p>DVR 32 Canales TurboHD + 8 Canales IP \/ 5 Megapixel Lite &#8211; 3K Lite \/ Acusense (Evita Falsas Alarmas) \/ Audio por Coaxitron \/ 2 Bah\u00edas de Disco Duro \/ H.265+ \/ Salida de Video en Full HD<\/p>\n","protected":false},"featured_media":107901,"comment_status":"open","ping_status":"closed","template":"","meta":[],"product_brand":[],"product_cat":[2254],"product_tag":[2255,54,2256],"class_list":{"0":"post-107902","1":"product","2":"type-product","3":"status-publish","4":"has-post-thumbnail","6":"product_cat-videograbadoras-analogicas-turbohd-tvi-ahd-cvi","7":"product_tag-camaras-y-dvrs-hd-turbohd-ahd-hd-tvi","8":"product_tag-hikvision","9":"product_tag-videograbadoras-analogicas-turbohd-tvi-ahd-cvi","11":"first","12":"outofstock","13":"sale","14":"shipping-taxable","15":"purchasable","16":"product-type-simple"},"_links":{"self":[{"href":"https:\/\/soydeaqui.ddns.net\/pachuca\/index.php\/wp-json\/wp\/v2\/product\/107902","targetHints":{"allow":["GET"]}}],"collection":[{"href":"https:\/\/soydeaqui.ddns.net\/pachuca\/index.php\/wp-json\/wp\/v2\/product"}],"about":[{"href":"https:\/\/soydeaqui.ddns.net\/pachuca\/index.php\/wp-json\/wp\/v2\/types\/product"}],"replies":[{"embeddable":true,"href":"https:\/\/soydeaqui.ddns.net\/pachuca\/index.php\/wp-json\/wp\/v2\/comments?post=107902"}],"wp:featuredmedia":[{"embeddable":true,"href":"https:\/\/soydeaqui.ddns.net\/pachuca\/index.php\/wp-json\/wp\/v2\/media\/107901"}],"wp:attachment":[{"href":"https:\/\/soydeaqui.ddns.net\/pachuca\/index.php\/wp-json\/wp\/v2\/media?parent=107902"}],"wp:term":[{"taxonomy":"product_brand","embeddable":true,"href":"https:\/\/soydeaqui.ddns.net\/pachuca\/index.php\/wp-json\/wp\/v2\/product_brand?post=107902"},{"taxonomy":"product_cat","embeddable":true,"href":"https:\/\/soydeaqui.ddns.net\/pachuca\/index.php\/wp-json\/wp\/v2\/product_cat?post=107902"},{"taxonomy":"product_tag","embeddable":true,"href":"https:\/\/soydeaqui.ddns.net\/pachuca\/index.php\/wp-json\/wp\/v2\/product_tag?post=107902"}],"curies":[{"name":"wp","href":"https:\/\/api.w.org\/{rel}","templated":true}]}}