{"id":107900,"date":"2026-03-20T17:32:57","date_gmt":"2026-03-20T17:32:57","guid":{"rendered":"https:\/\/soydeaqui.ddns.net\/pachuca\/index.php\/producto\/llave-impacto-1-2in-torque-700-nm-inc-2-bat-5-0-a-h-y-carg-c-luz-est-mack-pack-18v\/"},"modified":"2026-03-20T17:32:58","modified_gmt":"2026-03-20T17:32:58","slug":"llave-impacto-1-2in-torque-700-nm-inc-2-bat-5-0-a-h-y-carg-c-luz-est-mack-pack-18v","status":"publish","type":"product","link":"https:\/\/soydeaqui.ddns.net\/pachuca\/index.php\/producto\/llave-impacto-1-2in-torque-700-nm-inc-2-bat-5-0-a-h-y-carg-c-luz-est-mack-pack-18v\/","title":{"rendered":"LLAVE IMPACTO 1\/2IN TORQUE 700 NM INC\/ 2 BAT 5.0 A.H Y CARG C\/LUZ EST.MACK PACK 18V"},"content":{"rendered":"<div style='width: 100%; max-width: 1200px; margin: 0 auto; font-family: sans-serif; line-height: 1.6; color: inherit; background-color: transparent;'>\n<div style='display: flex; flex-wrap: wrap; gap: 30px; margin-bottom: 30px;'>\n<div style='flex: 1 1 300px; min-width: 280px;'>\n<h3 style='font-size: 22px; border-bottom: 2px solid currentColor; padding-bottom: 5px; margin-top: 0; color: inherit; opacity: 0.8;'>Caracter\u00edsticas<\/h3>\n<ul style='padding-left: 20px; font-size: 15px; color: inherit;'>\n<li style='margin-bottom: 5px;'>El motor BL sin escobillas proporciona hasta 700 Nm de m\u00e1x. par de apriete y 1.000 Nm de rotura (desapriete) del tornillo.<\/li>\n<li style='margin-bottom: 5px;'>Optimiza la energ\u00eda de la bater\u00eda otorgando un 50% m\u00e1s duraci\u00f3n por carga.<\/li>\n<li style='margin-bottom: 5px;'>Dise\u00f1o compacto y ergon\u00f3mico con s\u00f3lo 170 mm de largo.<\/li>\n<li style='margin-bottom: 5px;'>Interruptor con selecci\u00f3n de 4 velocidades (0-500 \/ 0-1.200 \/ 0-1.900 \/ 0-2.200 rpm y 0-1.000 \/ 0-1.700 \/ 0-2.400 \/ 0-2.700 ipm).<\/li>\n<li style='margin-bottom: 5px;'>3 modos de detenci\u00f3n autom\u00e1ticos hacia adelante y 3 de reversa.<\/li>\n<li style='margin-bottom: 5px;'>En el modo de m\u00e1xima velocidad se reduce la presi\u00f3n en el gatillo.<\/li>\n<li style='margin-bottom: 5px;'>La tecnolog\u00eda de protecci\u00f3n extrema XPT est\u00e1 dise\u00f1ada para aumentar la resistencia contra el polvo y el agua pudiendo trabajar en los lugares m\u00e1s dif\u00edciles.<\/li>\n<li style='margin-bottom: 5px;'>Luz LED para mejor visibilidad en lugares con baja luminiscencia.<\/li>\n<\/ul><\/div>\n<\/p><\/div>\n<div style='display: flex; flex-wrap: wrap; gap: 20px; margin-bottom: 30px;'>\n<div style='flex: 1 1 250px; border: 1px solid rgba(150&comma; 150&comma; 150&comma; 0.4); border-radius: 8px; overflow: hidden; display: flex; flex-direction: column;'>\n<div style='padding: 15px; border-bottom: 1px solid rgba(150&comma; 150&comma; 150&comma; 0.2); font-weight: bold; font-size: 18px; color: inherit;'>Especificaciones<\/div>\n<div style='padding: 15px; color: inherit;'>\n<ul style='padding-left: 20px; margin: 0; font-size: 14px; list-style-type: disc;'>\n<li style='margin-bottom: 5px;'><strong>Tensi\u00f3n de la bater\u00eda:<\/strong> 18 V<\/li>\n<li style='margin-bottom: 5px;'><strong>Tipo de bater\u00eda:<\/strong> LXT<\/li>\n<li style='margin-bottom: 5px;'><strong>Amperaje de la bater\u00eda:<\/strong> 5&comma;0 Ah<\/li>\n<li style='margin-bottom: 5px;'><strong>Tiempo de carga:<\/strong> 45 min<\/li>\n<li style='margin-bottom: 5px;'><strong>Motor:<\/strong> BL<\/li>\n<li style='margin-bottom: 5px;'><strong>R.p.m:<\/strong> 0 &#8211; 2.200 Rpm<\/li>\n<li style='margin-bottom: 5px;'><strong>R.p.m alta:<\/strong> 0 &#8211; 1.900 Rpm<\/li>\n<li style='margin-bottom: 5px;'><strong>R.p.m media:<\/strong> 0 &#8211; 1.200 Rpm<\/li>\n<li style='margin-bottom: 5px;'><strong>R.p.m baja:<\/strong> 0 &#8211; 500 Rpm<\/li>\n<li style='margin-bottom: 5px;'><strong>I.p.m:<\/strong> 0 &#8211; 2.700 ipm<\/li>\n<li style='margin-bottom: 5px;'><strong>I.p.m alta:<\/strong> 0 &#8211; 2.400 ipm<\/li>\n<li style='margin-bottom: 5px;'><strong>I.p.m media:<\/strong> 0 &#8211; 1.700 ipm<\/li>\n<li style='margin-bottom: 5px;'><strong>I.p.m baja:<\/strong> 0 &#8211; 1.000 ipm<\/li>\n<li style='margin-bottom: 5px;'><strong>Par m\u00e1x. de apriete:<\/strong> 700 Nm<\/li>\n<li style='margin-bottom: 5px;'><strong>Par m\u00e1x. de rotura (desapriete):<\/strong> 1.000 Nm<\/li>\n<li style='margin-bottom: 5px;'><strong>Capacidad m\u00e1x de tornillo:<\/strong> M10 &#8211; M24<\/li>\n<li style='margin-bottom: 5px;'><strong>Inserci\u00f3n:<\/strong> 1\/2&#8242;<\/li>\n<\/ul><\/div>\n<\/p><\/div>\n<div style='flex: 1 1 250px; border: 1px solid rgba(150&comma; 150&comma; 150&comma; 0.4); border-radius: 8px; overflow: hidden; display: flex; flex-direction: column;'>\n<div style='padding: 15px; border-bottom: 1px solid rgba(150&comma; 150&comma; 150&comma; 0.2); font-weight: bold; font-size: 18px; color: inherit;'>Incluye<\/div>\n<div style='padding: 15px; color: inherit;'>\n<ul style='padding-left: 20px; margin: 0; font-size: 14px; list-style-type: disc;'>\n<li style='margin-bottom: 5px;'>2 bater\u00edas de 18 V 5 Ah<\/li>\n<li style='margin-bottom: 5px;'>1 Cargador r\u00e1pido 18V LXT<\/li>\n<li style='margin-bottom: 5px;'>1 Pl\u00e1stico interior<\/li>\n<li style='margin-bottom: 5px;'>1 Malet\u00edn MakPac tipo 3<\/li>\n<\/ul><\/div>\n<\/p><\/div>\n<\/p><\/div>\n<div style='display: flex; flex-wrap: wrap; gap: 30px; margin-bottom: 30px;'>\n<div style='flex: 1 1 300px; min-width: 280px;'> <img style='width: 100%; height: auto; border: 1px solid rgba(150&comma;150&comma;150&comma;0.3); border-radius: 8px;' src='https:\/\/ftp3.syscom.mx\/usuarios\/fotos\/DTW701RTJ\/206064-logo.png' alt=''> <\/div>\n<div style='flex: 1 1 300px; min-width: 280px;'> <img style='width: 100%; height: auto; border: 1px solid rgba(150&comma;150&comma;150&comma;0.3); border-radius: 8px;' src='https:\/\/ftp3.syscom.mx\/usuarios\/fotos\/DTW701RTJ\/206064-dtw701rtj_imagen.png' alt=''> <\/div>\n<\/p><\/div>\n<hr style='border: 0; border-top: 1px solid rgba(150&comma; 150&comma; 150&comma; 0.3); margin: 30px 0;'> <\/div>\n","protected":false},"excerpt":{"rendered":"<p>LLAVE IMPACTO 1\/2IN TORQUE 700 NM INC\/ 2 BAT 5.0 A.H Y CARG C\/LUZ EST.MACK PACK 18V<\/p>\n","protected":false},"featured_media":107899,"comment_status":"open","ping_status":"closed","template":"","meta":[],"product_brand":[],"product_cat":[1227],"product_tag":[1058,1228,252],"class_list":{"0":"post-107900","1":"product","2":"type-product","3":"status-publish","4":"has-post-thumbnail","6":"product_cat-herramienta-electrica-a-bateria","7":"product_tag-ferreteria","8":"product_tag-herramienta-electrica-a-bateria","9":"product_tag-makita","11":"first","12":"outofstock","13":"sale","14":"shipping-taxable","15":"purchasable","16":"product-type-simple"},"_links":{"self":[{"href":"https:\/\/soydeaqui.ddns.net\/pachuca\/index.php\/wp-json\/wp\/v2\/product\/107900","targetHints":{"allow":["GET"]}}],"collection":[{"href":"https:\/\/soydeaqui.ddns.net\/pachuca\/index.php\/wp-json\/wp\/v2\/product"}],"about":[{"href":"https:\/\/soydeaqui.ddns.net\/pachuca\/index.php\/wp-json\/wp\/v2\/types\/product"}],"replies":[{"embeddable":true,"href":"https:\/\/soydeaqui.ddns.net\/pachuca\/index.php\/wp-json\/wp\/v2\/comments?post=107900"}],"wp:featuredmedia":[{"embeddable":true,"href":"https:\/\/soydeaqui.ddns.net\/pachuca\/index.php\/wp-json\/wp\/v2\/media\/107899"}],"wp:attachment":[{"href":"https:\/\/soydeaqui.ddns.net\/pachuca\/index.php\/wp-json\/wp\/v2\/media?parent=107900"}],"wp:term":[{"taxonomy":"product_brand","embeddable":true,"href":"https:\/\/soydeaqui.ddns.net\/pachuca\/index.php\/wp-json\/wp\/v2\/product_brand?post=107900"},{"taxonomy":"product_cat","embeddable":true,"href":"https:\/\/soydeaqui.ddns.net\/pachuca\/index.php\/wp-json\/wp\/v2\/product_cat?post=107900"},{"taxonomy":"product_tag","embeddable":true,"href":"https:\/\/soydeaqui.ddns.net\/pachuca\/index.php\/wp-json\/wp\/v2\/product_tag?post=107900"}],"curies":[{"name":"wp","href":"https:\/\/api.w.org\/{rel}","templated":true}]}}