{"id":107898,"date":"2026-03-20T17:32:52","date_gmt":"2026-03-20T17:32:52","guid":{"rendered":"https:\/\/soydeaqui.ddns.net\/pachuca\/index.php\/producto\/llave-impacto-1-2in-v-v-r-0-1800-0-2600-0-3500-ipm-280-n-m-m-bl-ind-bat-li-ion-2-bat-4-0-a-h-y-carg-c-luzfreno-est-mont-18v\/"},"modified":"2026-03-20T17:32:54","modified_gmt":"2026-03-20T17:32:54","slug":"llave-impacto-1-2in-v-v-r-0-1800-0-2600-0-3500-ipm-280-n-m-m-bl-ind-bat-li-ion-2-bat-4-0-a-h-y-carg-c-luzfreno-est-mont-18v","status":"publish","type":"product","link":"https:\/\/soydeaqui.ddns.net\/pachuca\/index.php\/producto\/llave-impacto-1-2in-v-v-r-0-1800-0-2600-0-3500-ipm-280-n-m-m-bl-ind-bat-li-ion-2-bat-4-0-a-h-y-carg-c-luzfreno-est-mont-18v\/","title":{"rendered":"LLAVE IMPACTO 1\/2IN V.V.R. 0-1800 0-2600 0-3500 IPM 280 N.M M\/BL IND BAT LI-ION 2 BAT. 4.0 A.H Y CARG C\/LUZFRENO EST.MONT 18V"},"content":{"rendered":"<div style='width: 100%; max-width: 1200px; margin: 0 auto; font-family: sans-serif; line-height: 1.6; color: inherit; background-color: transparent;'>\n<div style='display: flex; flex-wrap: wrap; gap: 30px; margin-bottom: 30px;'>\n<div style='flex: 1 1 300px; min-width: 280px;'>\n<h3 style='font-size: 22px; border-bottom: 2px solid currentColor; padding-bottom: 5px; margin-top: 0; color: inherit; opacity: 0.8;'>Caracter\u00edsticas<\/h3>\n<ul style='padding-left: 20px; font-size: 15px; color: inherit;'>\n<li style='margin-bottom: 5px;'>El freno el\u00e9ctrico detiene el impacto y la rotaci\u00f3n en 0.2 segundos despu\u00e9s que el tornillo o tuerca se afloje lo suficiente.<\/li>\n<li style='margin-bottom: 5px;'>Motor BL proporciona torque m\u00e1ximo de 280 N\u00b7m (210 ft.lbs.)<\/li>\n<li style='margin-bottom: 5px;'>Motor BL es controlado electr\u00f3nicamente para optimizar el uso de la energ\u00eda de la bater\u00eda hasta 50% de tiempo de funcionamiento m\u00e1s largo por carga<\/li>\n<\/ul><\/div>\n<\/p><\/div>\n<div style='display: flex; flex-wrap: wrap; gap: 20px; margin-bottom: 30px;'>\n<div style='flex: 1 1 250px; border: 1px solid rgba(150&comma; 150&comma; 150&comma; 0.4); border-radius: 8px; overflow: hidden; display: flex; flex-direction: column;'>\n<div style='padding: 15px; border-bottom: 1px solid rgba(150&comma; 150&comma; 150&comma; 0.2); font-weight: bold; font-size: 18px; color: inherit;'>Especificaciones<\/div>\n<div style='padding: 15px; color: inherit;'>\n<ul style='padding-left: 20px; margin: 0; font-size: 14px; list-style-type: disc;'>\n<li style='margin-bottom: 5px;'><strong>Tornillo est\u00e1ndar:<\/strong> M10-M20 (3\/8&#8242;-3\/4&#8242;)<\/li>\n<li style='margin-bottom: 5px;'><strong>Tornillo alta resistencia:<\/strong> M10-M16 (3\/8&#8242;-5\/8&#8242;)<\/li>\n<li style='margin-bottom: 5px;'><strong>Cuadro de inserci\u00f3n:<\/strong> 12.7 mm (1\/2&#8242;)<\/li>\n<li style='margin-bottom: 5px;'><strong>Velocidad sin carga:<\/strong> Fuerte \/ Medio \/ Suave: 0-2&comma;800 \/ 0-2&comma;100 \/ 0-1&comma;600<\/li>\n<li style='margin-bottom: 5px;'><strong>Impactos por minuto:<\/strong> Fuerte \/ Medio \/ Suave: 0-3&comma;500 \/ 0-2&comma;600 \/ 0-1&comma;800<\/li>\n<li style='margin-bottom: 5px;'><strong>Torque m\u00e1ximo:<\/strong> 280 N.m (210ft.lbs)<\/li>\n<li style='margin-bottom: 5px;'><strong>Nivel de vibraci\u00f3n:<\/strong> 11.5m\/s<\/li>\n<li style='margin-bottom: 5px;'><strong>Dimensiones (LxAxA):<\/strong> 147 x 79 x 249 mm (5-3\/4&#8242; x 3-1\/8&#8217;x9-3\/4&#8242;)<\/li>\n<li style='margin-bottom: 5px;'><strong>Peso neto:<\/strong> 1.8 kg<\/li>\n<\/ul><\/div>\n<\/p><\/div>\n<div style='flex: 1 1 250px; border: 1px solid rgba(150&comma; 150&comma; 150&comma; 0.4); border-radius: 8px; overflow: hidden; display: flex; flex-direction: column;'>\n<div style='padding: 15px; border-bottom: 1px solid rgba(150&comma; 150&comma; 150&comma; 0.2); font-weight: bold; font-size: 18px; color: inherit;'>Incluye<\/div>\n<div style='padding: 15px; color: inherit;'>\n<ul style='padding-left: 20px; margin: 0; font-size: 14px; list-style-type: disc;'>\n<li style='margin-bottom: 5px;'>2 bater\u00edas de 18 V 4 Ah<\/li>\n<li style='margin-bottom: 5px;'>1 Cargador r\u00e1pido 18V LXT<\/li>\n<li style='margin-bottom: 5px;'>1 Malet\u00edn MakPac<\/li>\n<\/ul><\/div>\n<\/p><\/div>\n<\/p><\/div>\n<div style='display: grid; grid-template-columns: repeat(auto-fill&comma; minmax(280px&comma; 1fr)); gap: 30px; margin-bottom: 30px;'>\n<div style='display: flex; flex-direction: column; align-items: center;'> <img style='width: 100%; height: auto; border: 1px solid rgba(150&comma;150&comma;150&comma;0.3); border-radius: 8px;' src='https:\/\/ftp3.syscom.mx\/usuarios\/fotos\/DTW285RMJ\/206053-logo.png' alt=''> <\/div>\n<div style='display: flex; flex-direction: column; align-items: center;'> <img style='width: 100%; height: auto; border: 1px solid rgba(150&comma;150&comma;150&comma;0.3); border-radius: 8px;' src='https:\/\/ftp3.syscom.mx\/usuarios\/fotos\/DTW285RMJ\/206053-dtw285rmj_imagen.jpg' alt=''> <\/div>\n<div style='display: flex; flex-direction: column; align-items: center;'> <img style='width: 100%; height: auto; border: 1px solid rgba(150&comma;150&comma;150&comma;0.3); border-radius: 8px;' src='https:\/\/ftp3.syscom.mx\/usuarios\/fotos\/DTW285RMJ\/206053-dtw285rmj_imagen_2.jpg' alt=''> <\/div>\n<\/p><\/div>\n<hr style='border: 0; border-top: 1px solid rgba(150&comma; 150&comma; 150&comma; 0.3); margin: 30px 0;'> <\/div>\n","protected":false},"excerpt":{"rendered":"<p>LLAVE IMPACTO 1\/2IN V.V.R. 0-1800 0-2600 0-3500 IPM 280 N.M M\/BL IND BAT LI-ION 2 BAT. 4.0 A.H Y CARG C\/LUZFRENO EST.MONT 18V<\/p>\n","protected":false},"featured_media":107897,"comment_status":"open","ping_status":"closed","template":"","meta":[],"product_brand":[],"product_cat":[1227],"product_tag":[1058,1228,252],"class_list":{"0":"post-107898","1":"product","2":"type-product","3":"status-publish","4":"has-post-thumbnail","6":"product_cat-herramienta-electrica-a-bateria","7":"product_tag-ferreteria","8":"product_tag-herramienta-electrica-a-bateria","9":"product_tag-makita","11":"first","12":"outofstock","13":"sale","14":"shipping-taxable","15":"purchasable","16":"product-type-simple"},"_links":{"self":[{"href":"https:\/\/soydeaqui.ddns.net\/pachuca\/index.php\/wp-json\/wp\/v2\/product\/107898","targetHints":{"allow":["GET"]}}],"collection":[{"href":"https:\/\/soydeaqui.ddns.net\/pachuca\/index.php\/wp-json\/wp\/v2\/product"}],"about":[{"href":"https:\/\/soydeaqui.ddns.net\/pachuca\/index.php\/wp-json\/wp\/v2\/types\/product"}],"replies":[{"embeddable":true,"href":"https:\/\/soydeaqui.ddns.net\/pachuca\/index.php\/wp-json\/wp\/v2\/comments?post=107898"}],"wp:featuredmedia":[{"embeddable":true,"href":"https:\/\/soydeaqui.ddns.net\/pachuca\/index.php\/wp-json\/wp\/v2\/media\/107897"}],"wp:attachment":[{"href":"https:\/\/soydeaqui.ddns.net\/pachuca\/index.php\/wp-json\/wp\/v2\/media?parent=107898"}],"wp:term":[{"taxonomy":"product_brand","embeddable":true,"href":"https:\/\/soydeaqui.ddns.net\/pachuca\/index.php\/wp-json\/wp\/v2\/product_brand?post=107898"},{"taxonomy":"product_cat","embeddable":true,"href":"https:\/\/soydeaqui.ddns.net\/pachuca\/index.php\/wp-json\/wp\/v2\/product_cat?post=107898"},{"taxonomy":"product_tag","embeddable":true,"href":"https:\/\/soydeaqui.ddns.net\/pachuca\/index.php\/wp-json\/wp\/v2\/product_tag?post=107898"}],"curies":[{"name":"wp","href":"https:\/\/api.w.org\/{rel}","templated":true}]}}