{"id":107871,"date":"2026-03-20T17:31:28","date_gmt":"2026-03-20T17:31:28","guid":{"rendered":"https:\/\/soydeaqui.ddns.net\/pachuca\/index.php\/producto\/microfono-de-solapa-para-dvr-movil-audio-de-dos-vias-2-metros-de-cable-compatible-con-ds-mp5604\/"},"modified":"2026-03-20T17:31:42","modified_gmt":"2026-03-20T17:31:42","slug":"microfono-de-solapa-para-dvr-movil-audio-de-dos-vias-2-metros-de-cable-compatible-con-ds-mp5604","status":"publish","type":"product","link":"https:\/\/soydeaqui.ddns.net\/pachuca\/index.php\/producto\/microfono-de-solapa-para-dvr-movil-audio-de-dos-vias-2-metros-de-cable-compatible-con-ds-mp5604\/","title":{"rendered":"Micr\u00f3fono de Solapa para DVR M\u00f3vil \/ Audio de Dos V\u00edas \/ 2 Metros de Cable \/ Compatible con DS-MP5604"},"content":{"rendered":"<div style='width: 100%; max-width: 1200px; margin: 0 auto; font-family: sans-serif; line-height: 1.6; color: inherit; background-color: transparent;'>\n<div style='display: flex; flex-wrap: wrap; gap: 30px; margin-bottom: 30px;'>\n<div style='flex: 1 1 300px; min-width: 280px;'> <img style='width: 100%; height: auto; border: 1px solid rgba(150&comma;150&comma;150&comma;0.3); border-radius: 8px;' src='https:\/\/ftp3.syscom.mx\/usuarios\/jsosa\/HIKVISION\/imagenes\/logo\/hikvision%20see%20far.png' alt='Logo Hikvision'> <\/div>\n<\/p><\/div>\n<div style='display: flex; flex-wrap: wrap; gap: 30px; margin-bottom: 30px;'>\n<div style='flex: 1 1 300px; min-width: 280px;'>\n<h3 style='font-size: 22px; border-bottom: 2px solid currentColor; padding-bottom: 5px; margin-top: 0; color: inherit; opacity: 0.8;'>Caracter\u00edsticas Principales<\/h3>\n<ul style='padding-left: 20px; font-size: 15px; color: inherit;'>\n<li style='margin-bottom: 5px;'>Modo semid\u00faplex<\/li>\n<li style='margin-bottom: 5px;'>Alimentado por el DVR m\u00f3vil conectado<\/li>\n<li style='margin-bottom: 5px;'>Baja impedancia&comma; bajo consumo de energ\u00eda y larga distancia de transmisi\u00f3n<\/li>\n<li style='margin-bottom: 5px;'>Tap\u00f3n de aviaci\u00f3n para garantizar la estabilidad en los veh\u00edculos<\/li>\n<li style='margin-bottom: 5px;'>Operaci\u00f3n f\u00e1cil presionando y manteniendo presionado el PTT para la entrada de audio y solt\u00e1ndolo para salida de audio<\/li>\n<li style='margin-bottom: 5px;'>Conectable con auriculares de 4 secciones. Despu\u00e9s de conectar los auriculares externos<\/li>\n<li style='margin-bottom: 5px;'>Puedes realizar audio bidireccional con los auriculares directamente<\/li>\n<li style='margin-bottom: 5px;'>Instalaci\u00f3n y fijaci\u00f3n con gancho en la parte trasera del intercomunicador<\/li>\n<li style='margin-bottom: 5px;'>Audio bidireccional con alta calidad de sonido y baja interferencia de ruido<\/li>\n<li style='margin-bottom: 5px;'>Temperatura de trabajo: -20\u00b0 C a 70\u00b0 C<\/li>\n<\/ul><\/div>\n<\/p><\/div>\n<hr style='border: 0; border-top: 1px solid rgba(150&comma; 150&comma; 150&comma; 0.3); margin: 30px 0;'> <\/div>\n","protected":false},"excerpt":{"rendered":"<p>Micr\u00f3fono de Solapa para DVR M\u00f3vil \/ Audio de Dos V\u00edas \/ 2 Metros de Cable \/ Compatible con DS-MP5604<\/p>\n","protected":false},"featured_media":107870,"comment_status":"open","ping_status":"closed","template":"","meta":[],"product_brand":[],"product_cat":[1408,1406],"product_tag":[93,1409,54,1345],"class_list":{"0":"post-107871","1":"product","2":"type-product","3":"status-publish","4":"has-post-thumbnail","6":"product_cat-accesorios-dash-cams-y-body-cams","7":"product_cat-videograbadoras-moviles-videovigilancia","8":"product_tag-accesorios","9":"product_tag-dash-cams-y-body-cams","10":"product_tag-hikvision","11":"product_tag-videograbadoras-moviles","13":"first","14":"instock","15":"sale","16":"shipping-taxable","17":"purchasable","18":"product-type-simple"},"_links":{"self":[{"href":"https:\/\/soydeaqui.ddns.net\/pachuca\/index.php\/wp-json\/wp\/v2\/product\/107871","targetHints":{"allow":["GET"]}}],"collection":[{"href":"https:\/\/soydeaqui.ddns.net\/pachuca\/index.php\/wp-json\/wp\/v2\/product"}],"about":[{"href":"https:\/\/soydeaqui.ddns.net\/pachuca\/index.php\/wp-json\/wp\/v2\/types\/product"}],"replies":[{"embeddable":true,"href":"https:\/\/soydeaqui.ddns.net\/pachuca\/index.php\/wp-json\/wp\/v2\/comments?post=107871"}],"wp:featuredmedia":[{"embeddable":true,"href":"https:\/\/soydeaqui.ddns.net\/pachuca\/index.php\/wp-json\/wp\/v2\/media\/107870"}],"wp:attachment":[{"href":"https:\/\/soydeaqui.ddns.net\/pachuca\/index.php\/wp-json\/wp\/v2\/media?parent=107871"}],"wp:term":[{"taxonomy":"product_brand","embeddable":true,"href":"https:\/\/soydeaqui.ddns.net\/pachuca\/index.php\/wp-json\/wp\/v2\/product_brand?post=107871"},{"taxonomy":"product_cat","embeddable":true,"href":"https:\/\/soydeaqui.ddns.net\/pachuca\/index.php\/wp-json\/wp\/v2\/product_cat?post=107871"},{"taxonomy":"product_tag","embeddable":true,"href":"https:\/\/soydeaqui.ddns.net\/pachuca\/index.php\/wp-json\/wp\/v2\/product_tag?post=107871"}],"curies":[{"name":"wp","href":"https:\/\/api.w.org\/{rel}","templated":true}]}}