{"id":107869,"date":"2026-03-20T17:31:23","date_gmt":"2026-03-20T17:31:23","guid":{"rendered":"https:\/\/soydeaqui.ddns.net\/pachuca\/index.php\/producto\/kit-de-biometrico-touch-reconocimiento-facial-ultra-rapido-con-funcion-de-videoportero-ambientes-no-ruidosos-incluye-lector-de-huellas-lectura-de-codigos-qr-6000-usuarios-alta-tecnologia-dee\/"},"modified":"2026-03-20T17:31:26","modified_gmt":"2026-03-20T17:31:26","slug":"kit-de-biometrico-touch-reconocimiento-facial-ultra-rapido-con-funcion-de-videoportero-ambientes-no-ruidosos-incluye-lector-de-huellas-lectura-de-codigos-qr-6000-usuarios-alta-tecnologia-dee","status":"publish","type":"product","link":"https:\/\/soydeaqui.ddns.net\/pachuca\/index.php\/producto\/kit-de-biometrico-touch-reconocimiento-facial-ultra-rapido-con-funcion-de-videoportero-ambientes-no-ruidosos-incluye-lector-de-huellas-lectura-de-codigos-qr-6000-usuarios-alta-tecnologia-dee\/","title":{"rendered":"Kit de Biom\u00e9trico Touch Reconocimiento Facial ULTRA R\u00e1pido con funci\u00f3n de Videoportero  (ambientes no ruidosos) Incluye LECTOR DE HUELLAS \/ Lectura de C\u00f3digos QR \/ 6,000 usuarios \/ Alta tecnolog\u00eda Deep Learning \/ HIK-IA"},"content":{"rendered":"<div style='width: 100%; max-width: 1200px; margin: 0 auto; font-family: sans-serif; line-height: 1.6; color: inherit; background-color: transparent;'> <!-- Imagen principal --> <img style='width: 100%; height: auto; border: 1px solid rgba(150&comma;150&comma;150&comma;0.3); border-radius: 8px;' src='https:\/\/ftp3.syscom.mx\/usuarios\/fespinoza\/HIKVISION\/Dispositivos\/Banners\/Deep-learning-2.jpg' alt='Banner Deep Learning'> <!-- Videos de demostraci\u00f3n --> <\/p>\n<div style='display: flex; flex-wrap: wrap; gap: 20px; margin: 30px 0;'>\n<div style='flex: 1 1 300px; min-width: 280px;'>\n<div style='position: relative; padding-bottom: 56.25%; height: 0; overflow: hidden; margin-bottom: 15px;'>   <\/div>\n<h3 style='font-size: 18px; text-align: center; margin: 0; color: inherit; opacity: 0.8;'>Demostraci\u00f3n de Velocidad Deep Learning<\/h3>\n<\/p><\/div>\n<div style='flex: 1 1 300px; min-width: 280px;'>\n<div style='position: relative; padding-bottom: 56.25%; height: 0; overflow: hidden; margin-bottom: 15px;'>   <\/div>\n<h3 style='font-size: 18px; text-align: center; margin: 0; color: inherit; opacity: 0.8;'>Prueba en Gemelos con Deep Learning<\/h3>\n<\/p><\/div>\n<div style='flex: 1 1 300px; min-width: 280px;'>\n<div style='position: relative; padding-bottom: 56.25%; height: 0; overflow: hidden; margin-bottom: 15px;'>   <\/div>\n<h3 style='font-size: 18px; text-align: center; margin: 0; color: inherit; opacity: 0.8;'>Velocidad en Torniquetes con Deep Learning<\/h3>\n<\/p><\/div>\n<\/p><\/div>\n<p> <!-- Nuevo firmware --> <\/p>\n<h1 style='text-align: center; font-size: 24px; margin: 30px 0 15px; color: #152b81;'>\u00a1NUEVAS FUNCIONES CON NUEVO FIRMWARE!<\/h1>\n<div style='position: relative; padding-bottom: 35%; max-width: 800px; margin: 0 auto 30px;'>   <\/div>\n<p> <!-- Secci\u00f3n principal de caracter\u00edsticas --> <\/p>\n<div style='display: flex; flex-wrap: wrap; gap: 30px;'> <!-- Caracter\u00edsticas principales --> <\/p>\n<div style='flex: 1 1 300px; min-width: 280px;'>\n<div style='border-left: 5px solid #ff0000; border-radius: 5px; padding: 5px; box-shadow: 2px 2px 10px rgba(216&comma;216&comma;216&comma;0.3);'> <strong style='font-size: 16px;'>Caracter\u00edsticas principales:<\/strong> <\/div>\n<ul style='padding-left: 20px; margin-top: 15px; color: inherit;'>\n<li style='margin-bottom: 8px;'>Pantalla LCD touch 7&#8242; (1024&#215;600)<\/li>\n<li style='margin-bottom: 8px;'>Doble Camara de 2 mp&comma; con luz complementaria (IR&comma; WDR)<\/li>\n<li style='margin-bottom: 8px;'>Comunicaci\u00f3n IP (10\/100\/1000 Mbps)<\/li>\n<li style='margin-bottom: 8px;'>Distancia para reconocer rostro: 0.3 a 1.5 metros<\/li>\n<li style='margin-bottom: 8px;'>M\u00faltiple autentificaci\u00f3n<\/li>\n<li style='margin-bottom: 8px;'>Soporta hasta 6&comma;000 rostros<\/li>\n<li style='margin-bottom: 8px;'>Soporta hasta 6000 tarjetas MIFARE<\/li>\n<li style='margin-bottom: 8px;'>Tarjetas recomendadas: <strong>ACCESSCARM1K&comma; ACCESSCARDM4K&comma; ACCESKFBM1K&comma; ACCESSWB65M1K&comma; ACCESSWB74M1K<\/strong>. <a style='color: #005cb9; text-decoration: underline;' href='https:\/\/www.syscom.mx\/principal\/promociones\/tarjetas_mifare-7359.html?ordenar=Relevancia&#038;pag=1'>Ver aqu\u00ed.<\/a><\/li>\n<li style='margin-bottom: 8px;'>Soporta hasta 5&comma;000 huellas con <a style='color: #005cb9; text-decoration: underline;' href='https:\/\/www.syscom.mx\/producto\/DS-KAB671F-HIKVISION-171904.html'>DS-KAB671F<\/a><\/li>\n<li style='margin-bottom: 8px;'>Control de acceso por horarios<\/li>\n<li style='margin-bottom: 8px;'>Audio bidireccional<\/li>\n<li style='margin-bottom: 8px;'> <span style='color: #27ae60; font-size: 24px;'>\u2713<\/span> <strong>IVMS4200<\/strong> <a style='color: #005cb9; text-decoration: underline;' href='https:\/\/ftp3.syscom.mx\/usuarios\/fespinoza\/HIKVISION\/Software\/IVMS-4200%20V3.6.1.3\/iVMS-4200-Client-Software_Datasheet_V3.6.0_20210622.pdf'>Alcances (ficha t\u00e9cnica)<\/a> <\/li>\n<li style='margin-bottom: 8px;'> <span style='color: #27ae60; font-size: 24px;'>\u2713<\/span> <strong>HikCentral<\/strong> (mediante licencia) <\/li>\n<\/ul><\/div>\n<p> <!-- Caracter\u00edsticas f\u00edsicas y el\u00e9ctricas --> <\/p>\n<div style='flex: 1 1 300px; min-width: 280px;'>\n<div style='border-left: 5px solid #ff0000; border-radius: 5px; padding: 5px; box-shadow: 2px 2px 10px rgba(216&comma;216&comma;216&comma;0.3);'> <strong style='font-size: 16px;'>Caracter\u00edsticas F\u00edsicas y El\u00e9ctricas:<\/strong> <\/div>\n<ul style='padding-left: 20px; margin-top: 15px; color: inherit;'>\n<li style='margin-bottom: 8px;'>Alimentaci\u00f3n: 12Vcc @ 2A (No incluida)<\/li>\n<li style='margin-bottom: 8px;'>Se recomienda este modelo de fuente: <strong>PL12DC5ABK<\/strong><\/li>\n<li style='margin-bottom: 8px;'>Temperatura de operaci\u00f3n: -30\u00b0C a 60\u00b0C (-22\u00b0F a 140\u00b0 F) 0 a 90% sin condensaci\u00f3n<\/li>\n<li style='margin-bottom: 8px;'>Dimensiones: 290mm x 116.5 mm \/ 33mm<\/li>\n<li style='margin-bottom: 8px;'> <span style='color: #c0392b;'>INCLUYE LECTOR DE HUELLAS DS-KAB671F<\/span> <\/li>\n<\/ul>\n<div style='margin-top: 25px;'> <strong style='font-size: 16px; color: #333333;'>Interfaces:<\/strong> <\/p>\n<ul style='padding-left: 20px; color: inherit;'>\n<li style='margin-bottom: 8px;'>Wiegand: 1<\/li>\n<li style='margin-bottom: 8px;'>Network: 1<\/li>\n<li style='margin-bottom: 8px;'>USB 2.0: 1<\/li>\n<li style='margin-bottom: 8px;'>RS-485: 1<\/li>\n<li style='margin-bottom: 8px;'>Alarma IN\/OUT: 2\/1<\/li>\n<li style='margin-bottom: 8px;'>Timbre de puerta: 1<\/li>\n<li style='margin-bottom: 8px;'>Bot\u00f3n de salida: 1<\/li>\n<li style='margin-bottom: 8px;'>Tamper: 1<\/li>\n<li style='margin-bottom: 8px;'>Salida de relevador para chapa<\/li>\n<\/ul><\/div>\n<\/p><\/div>\n<p> <!-- Caracter\u00edsticas destacadas --> <\/p>\n<div style='flex: 1 1 300px; min-width: 280px;'>\n<div style='border-left: 5px solid #ff0000; border-radius: 5px; padding: 5px; box-shadow: 2px 2px 10px rgba(216&comma;216&comma;216&comma;0.3);'> <strong style='font-size: 16px;'>Caracter\u00edsticas Destacadas:<\/strong> <\/div>\n<ul style='padding-left: 20px; margin-top: 15px; color: inherit;'>\n<li style='margin-bottom: 8px;'>El terminal frontal de la serie DS-K1T671 adopta un algoritmo DEEP LEARNING con <strong>HIK-IA<\/strong> que ayuda a reconocer el rostro de las personas m\u00e1s r\u00e1pido y con mayor precisi\u00f3n. Aplicable en escenarios&comma; como edificios&comma; empresas&comma; industrias y otras \u00e1reas importantes.<\/li>\n<li style='margin-bottom: 8px;'>Reconocimiento facial al instante&comma; con taza de precisi\u00f3n del 99%<\/li>\n<li style='margin-bottom: 8px;'>Se puede a\u00f1adir modulo lector de huellas modelo <a style='color: #005cb9; text-decoration: underline;' href='https:\/\/www.syscom.mx\/principal\/searchcont?route=DS-KAB671F-HIKVISION-171904&#038;autodetect=DS-KAB671F'>DS-KAB671F<\/a><\/li>\n<li style='margin-bottom: 8px;'>Compatible con soluci\u00f3n de TV porteros IP Hikvision<\/li>\n<li style='margin-bottom: 8px;'>Administrado mediante IVMS4200<\/li>\n<\/ul>\n<div style='margin-top: 25px;'> <strong style='font-size: 16px;'>NUEVAS FUNCIONES (V3.2.30_build210629)<\/strong> <\/p>\n<ul style='padding-left: 20px; color: inherit;'>\n<li style='margin-bottom: 8px;'>Detecci\u00f3n de Cubrebocas<\/li>\n<li style='margin-bottom: 8px;'>Acceso por solo PIN (alta desde IVMS4200)<\/li>\n<li style='margin-bottom: 8px;'>Screensaver con im\u00e1genes personalizadas<\/li>\n<li style='margin-bottom: 8px;'>Interfaz Web<\/li>\n<li style='margin-bottom: 8px;'>Optimizaci\u00f3n de performance general<\/li>\n<li style='margin-bottom: 8px;'>Descarga de registros en excel por USB (registros de acceso)<\/li>\n<\/ul><\/div>\n<div style='margin-top: 25px;'> <strong style='font-size: 16px;'>Monitores compatibles:<\/strong> <\/p>\n<ul style='padding-left: 20px; color: inherit;'>\n<li style='margin-bottom: 8px;'> <a style='color: #005cb9; text-decoration: underline;' href='https:\/\/www.syscom.mx\/principal\/searchcont?route=DS-KH6220-LE1-HIKVISION-189752&#038;autodetect=dskh6220'>DS-KH6220-LE1<\/a> (solo local&comma; sin llamada a la App) <\/li>\n<li style='margin-bottom: 8px;'> <a style='color: #005cb9; text-decoration: underline;' href='https:\/\/www.syscom.mx\/principal\/searchcont?route=DS-KH6320-WTE1-HIKVISION-170761&#038;autodetect=DSKH6310'>DS-KH6320-WTE1<\/a> <\/li>\n<li style='margin-bottom: 8px;'> <a style='color: #005cb9; text-decoration: underline;' href='https:\/\/www.syscom.mx\/principal\/searchcont?route=DS-KH8520-WTE1-HIKVISION-170927&#038;autodetect=DSKH'>DS-KH8520-WTE1<\/a> <\/li>\n<li style='margin-bottom: 8px;'> <a style='color: #005cb9; text-decoration: underline;' href='https:\/\/www.syscom.mx\/principal\/searchcont?route=DS-KH9510-WTE1-HIKVISION-194544&#038;autodetect=dskh9'>DS-KH9510-WTE1<\/a> <\/li>\n<li style='margin-bottom: 8px;'> <a style='color: #005cb9; text-decoration: underline;' href='https:\/\/www.syscom.mx\/principal\/searchcont?route=DS-KH9310-WTE1-HIKVISION-194536&#038;autodetect=dskh9'>DS-KH9310-WTE1<\/a> <\/li>\n<\/ul><\/div>\n<\/p><\/div>\n<\/p><\/div>\n<p> <!-- Consideraciones --> <\/p>\n<div style='margin: 30px 0; border-left: 5px solid #ff0000; border-radius: 5px; padding: 15px; box-shadow: 2px 2px 10px rgba(216&comma;216&comma;216&comma;0.3);'> <strong style='font-size: 16px;'>Consideraciones:<\/strong> <\/div>\n<p> <!-- SDK para integraciones --> <\/p>\n<div style='text-align: center; margin: 30px 0;'>\n<p>SDK para integraciones propias gratuito y disponible: <a style='color: #005cb9; text-decoration: underline;' href='https:\/\/www.hikvision.com\/en\/support\/download\/sdk\/'>Desc\u00e1rguelo Aqu\u00ed.<\/a><\/p>\n<\/p><\/div>\n<p> <!-- Algoritmo Deep Learning --> <\/p>\n<div style='display: flex; flex-wrap: wrap; gap: 30px; align-items: center; margin: 30px 0;'>\n<div style='flex: 1 1 300px; min-width: 280px;'> <img style='width: 100%; height: auto; border: 1px solid rgba(150&comma;150&comma;150&comma;0.3); border-radius: 8px;' src='https:\/\/ftp3.syscom.mx\/usuarios\/fespinoza\/HIKVISION\/Dispositivos\/Biometricos\/DS-K1T607EILUMINADO.jpg' alt='Algoritmo Deep Learning'> <\/div>\n<div style='flex: 2 1 500px;'>\n<h2 style='font-size: 20px; margin-top: 0;'>Algoritmo patentado DEEP LEARNING<\/h2>\n<p>Lector desarrollado con el algoritmo de reconocimiento de rostros m\u00e1s avanzado del mundo&comma; m\u00e1s r\u00e1pido que cualquier otro y m\u00e1s seguro debido a su algoritmo patentado imposible de falsificar.<\/p>\n<ul style='padding-left: 20px; color: inherit;'>\n<li style='margin-bottom: 8px;'> <span style='color: #27ae60; font-size: 24px;'>\u2713<\/span> Funciona como Videoportero IP Multiapartamento (Touch) <\/li>\n<li style='margin-bottom: 8px;'> <span style='color: #27ae60; font-size: 24px;'>\u2713<\/span> Apertura con tarjeta de proximidad para residentes <\/li>\n<li style='margin-bottom: 8px;'> <span style='color: #27ae60; font-size: 24px;'>\u2713<\/span> Lectura de rostros ULTRA r\u00e1pida hasta a 1.5 mts <\/li>\n<li style='margin-bottom: 8px;'> <span style='color: #27ae60; font-size: 24px;'>\u2713<\/span> Apertura con c\u00f3digos QR desde Smartphone (Por vigencia o numero de accesos) <\/li>\n<li style='margin-bottom: 8px;'> <span style='color: #27ae60; font-size: 24px;'>\u2713<\/span> Graba como c\u00e1mara IP convencional en DVR \u00f3 NVR <\/li>\n<li style='margin-bottom: 8px;'> <span style='color: #27ae60; font-size: 24px;'>\u2713<\/span> Compatible con software de Integraci\u00f3n IVMS4200 <\/li>\n<li style='margin-bottom: 8px;'> <span style='color: #27ae60; font-size: 24px;'>\u2713<\/span> IP65 para instalaci\u00f3n en exterior protegido (No intemperie) <\/li>\n<li style='margin-bottom: 8px;'> <span style='color: #27ae60; font-size: 24px;'>\u2713<\/span> Salida de relevador para chapa y reportes de asistencia por IVMS4200 <\/li>\n<\/ul><\/div>\n<\/p><\/div>\n<p> <!-- Nota sobre funci\u00f3n de llamada a App --> <\/p>\n<div style='text-align: center; margin: 30px 0; color: #333333;'>\n<p>* La funci\u00f3n de llamada a App de Smartphone HikConnect es posible a trav\u00e9s de monitores IP Hikvision como el modelo <a style='color: #005cb9; text-decoration: underline;' href='https:\/\/www.syscom.mx\/producto\/DS-KH6320-WTE1-HIKVISION-170761.html'>DS-KH6320-WTE1<\/a> si el sistema es Multiapartamento. Se puede configurar sin monitores pero para que siempre marque a una sola cuenta de HikConnect. <\/p>\n<p>Funci\u00f3n de Videoportero apta para ambientes no ruidosos.<\/p>\n<\/p><\/div>\n<p> <!-- Accesorios opcionales --> <\/p>\n<div style='text-align: center; margin: 30px 0;'>\n<h3 style='margin-bottom: 15px; font-size: 18px; color: inherit;'><strong>ACCESORIOS OPCIONALES<\/strong><\/h3>\n<p><strong>(No Incluidos)<\/strong><\/p>\n<div style='display: flex; flex-wrap: wrap; justify-content: center; gap: 20px; margin-top: 20px;'>\n<div style='flex: 1 1 200px; min-width: 180px;'> <img style='width: 100%; height: auto; border: 1px solid rgba(150&comma;150&comma;150&comma;0.3); border-radius: 8px;' src='https:\/\/ftp3.syscom.mx\/usuarios\/fotos\/BancoFotografiasSyscom\/HIKVISION\/DSKAB671S\/DSKAB671S-g.PNG' alt='Carcasa protectora DS-KAB671-S'> <\/p>\n<p style='text-align: center; margin-top: 10px;'>Carcasa protectora modelo <a style='color: #005cb9; text-decoration: underline;' href='https:\/\/www.syscom.mx\/producto\/DS-KAB671-S-HIKVISION-176293.html'>DS-KAB671-S<\/a><\/p>\n<\/p><\/div>\n<div style='flex: 1 1 200px; min-width: 180px;'> <img style='width: 100%; height: auto; border: 1px solid rgba(150&comma;150&comma;150&comma;0.3); border-radius: 8px;' src='https:\/\/ftp3.syscom.mx\/usuarios\/fotos\/BancoFotografiasSyscom\/HIKVISION\/DSKAB671B\/DSKAB671B-g.PNG' alt='Pedestal de piso DS-KAB671-B'> <\/p>\n<p style='text-align: center; margin-top: 10px;'>Pedestal de piso modelo <a style='color: #005cb9; text-decoration: underline;' href='https:\/\/www.syscom.mx\/producto\/DS-KAB671-B-HIKVISION-176289.html'>DS-KAB671-B<\/a> <br \/>*Para torniquete: <a style='color: #005cb9; text-decoration: underline;' href='https:\/\/www.syscom.mx\/principal\/searchcont?route=DS-KAB6-ZU1-HIKVISION-195201&#038;autodetect=dskab'>DS-KAB6-ZU1<\/a> <\/p>\n<\/p><\/div>\n<div style='flex: 1 1 200px; min-width: 180px;'> <img style='width: 100%; height: auto; border: 1px solid rgba(150&comma;150&comma;150&comma;0.3); border-radius: 8px;' src='https:\/\/ftp3.syscom.mx\/usuarios\/fotos\/BancoFotografiasSyscom\/HIKVISION\/DSKAB671F\/DSKAB671F-g.PNG' alt='M\u00f3dulo de huella DS-KAB671F'> <\/p>\n<p style='text-align: center; margin-top: 10px;'>M\u00f3dulo de huella modelo <a style='color: #005cb9; text-decoration: underline;' href='https:\/\/www.syscom.mx\/producto\/DS-KAB671F-HIKVISION-171904.html'>DS-KAB671F<\/a><\/p>\n<\/p><\/div>\n<\/p><\/div>\n<\/p><\/div>\n<p> <!-- Chapa magn\u00e9tica --> <\/p>\n<div style='display: flex; flex-wrap: wrap; gap: 30px; align-items: center; margin: 30px 0;'>\n<div style='flex: 1 1 300px; min-width: 280px;'> <img style='width: 100%; height: auto; border: 1px solid rgba(150&comma;150&comma;150&comma;0.3); border-radius: 8px;' src='https:\/\/ftp3.syscom.mx\/usuarios\/fotos\/BancoFotografiasSyscom\/HIKVISION\/DSK4H258S\/DSK4H258S-p.PNG' alt='Chapa Magn\u00e9tica HIKVISION'> <\/div>\n<div style='flex: 2 1 500px;'>\n<h2 style='font-size: 20px; margin-top: 0;'>Chapa Magn\u00e9tica HIKVISION<\/h2>\n<p>Modelo: <a style='color: #005cb9; text-decoration: underline;' href='https:\/\/www.syscom.mx\/principal\/searchcont?route=DS-K4H258S-HIKVISION-176625&#038;autodetect=dsk4'>DS-K4H258S<\/a> (No incluida en este biometrico)<\/p>\n<p>Hikvision lanza su propio modelo de chapa magn\u00e9tica&comma; permitiendo contemplar toda la soluci\u00f3n completa en la misma marca.<\/p>\n<ul style='padding-left: 20px; color: inherit;'>\n<li style='margin-bottom: 8px;'> <span style='color: #27ae60; font-size: 24px;'>\u2713<\/span> 600 lbs de fuerza (280 Kg) <\/li>\n<li style='margin-bottom: 8px;'> <span style='color: #27ae60; font-size: 24px;'>\u2713<\/span> Certificado CE <\/li>\n<li style='margin-bottom: 8px;'> <span style='color: #27ae60; font-size: 24px;'>\u2713<\/span> Indicador LED <\/li>\n<\/ul><\/div>\n<\/p><\/div>\n<p> <!-- Montajes Z y L --> <\/p>\n<div style='display: flex; flex-wrap: wrap; gap: 30px; margin: 30px 0;'>\n<div style='flex: 1 1 300px; min-width: 280px;'>\n<h3 style='font-size: 18px; margin-top: 0;'>Montajes Z y L (Requeridos)<\/h3>\n<p>Los montajes &#8216;Z&#8217; y &#8216;L&#8217; son requeridos para la instalaci\u00f3n de las chapas magn\u00e9ticas&comma; se adquieren por separado y el modelo es <a style='color: #005cb9; text-decoration: underline;' href='https:\/\/www.syscom.mx\/principal\/searchcont?route=DS-K4H258-L\/Z-HIKVISION-176632&#038;autodetect=DSK4'>DS-K4H258-L\/Z<\/a><\/p>\n<\/p><\/div>\n<div style='flex: 1 1 300px; min-width: 280px;'> <img style='width: 100%; height: auto; border: 1px solid rgba(150&comma;150&comma;150&comma;0.3); border-radius: 8px;' src='https:\/\/ftp3.syscom.mx\/usuarios\/fotos\/BancoFotografiasSyscom\/HIKVISION\/DSK4H258LZ\/DSK4H258LZ-g.PNG' alt='Montajes Z y L'> <\/div>\n<\/p><\/div>\n<p> <!-- Videos demostrativos --> <\/p>\n<h2 style='text-align: center; font-size: 20px; margin: 30px 0;'>Videos demostrativos de la soluci\u00f3n<\/h2>\n<div style='display: flex; flex-wrap: wrap; gap: 20px; margin-bottom: 30px;'>\n<div style='flex: 1 1 400px; min-width: 300px;'>\n<div style='position: relative; padding-bottom: 56.25%; height: 0; overflow: hidden;'>   <\/div>\n<\/p><\/div>\n<div style='flex: 1 1 400px; min-width: 300px;'>\n<div style='position: relative; padding-bottom: 56.25%; height: 0; overflow: hidden;'>   <\/div>\n<\/p><\/div>\n<\/p><\/div>\n<div style='position: relative; padding-bottom: 56.25%; height: 0; overflow: hidden; margin-bottom: 30px;'>   <\/div>\n<div style='text-align: center; margin-bottom: 30px;'> <a href='http:\/\/soporte.syscom.mx\/es\/articles\/3879039-hikvision-control-de-acceso-lista-de-videos-y-tips-tecnicos'> <img style='width: 100%; max-width: 600px; height: auto; border: 1px solid rgba(150&comma;150&comma;150&comma;0.3); border-radius: 8px;' src='https:\/\/ftp3.syscom.mx\/usuarios\/fotos\/DSK1T607E\/171893-hikvision-controlacceso.png' alt='Soporte T\u00e9cnico Hikvision'> <\/a> <\/div>\n<div style='position: relative; padding-bottom: 56.25%; height: 0; overflow: hidden; margin-bottom: 30px;'>   <\/div>\n<\/p><\/div>\n","protected":false},"excerpt":{"rendered":"<p>Kit de Biom\u00e9trico Touch Reconocimiento Facial ULTRA R\u00e1pido con funci\u00f3n de Videoportero  (ambientes no ruidosos) Incluye LECTOR DE HUELLAS \/ Lectura de C\u00f3digos QR \/ 6,000 usuarios \/ Alta tecnolog\u00eda Deep Learning \/ HIK-IA<\/p>\n","protected":false},"featured_media":107868,"comment_status":"open","ping_status":"closed","template":"","meta":[],"product_brand":[],"product_cat":[743],"product_tag":[744,54,745],"class_list":{"0":"post-107869","1":"product","2":"type-product","3":"status-publish","4":"has-post-thumbnail","6":"product_cat-para-tiempo-y-asistencia-checadores","7":"product_tag-biometricos","8":"product_tag-hikvision","9":"product_tag-para-tiempo-y-asistencia-checadores","11":"first","12":"outofstock","13":"sale","14":"shipping-taxable","15":"purchasable","16":"product-type-simple"},"_links":{"self":[{"href":"https:\/\/soydeaqui.ddns.net\/pachuca\/index.php\/wp-json\/wp\/v2\/product\/107869","targetHints":{"allow":["GET"]}}],"collection":[{"href":"https:\/\/soydeaqui.ddns.net\/pachuca\/index.php\/wp-json\/wp\/v2\/product"}],"about":[{"href":"https:\/\/soydeaqui.ddns.net\/pachuca\/index.php\/wp-json\/wp\/v2\/types\/product"}],"replies":[{"embeddable":true,"href":"https:\/\/soydeaqui.ddns.net\/pachuca\/index.php\/wp-json\/wp\/v2\/comments?post=107869"}],"wp:featuredmedia":[{"embeddable":true,"href":"https:\/\/soydeaqui.ddns.net\/pachuca\/index.php\/wp-json\/wp\/v2\/media\/107868"}],"wp:attachment":[{"href":"https:\/\/soydeaqui.ddns.net\/pachuca\/index.php\/wp-json\/wp\/v2\/media?parent=107869"}],"wp:term":[{"taxonomy":"product_brand","embeddable":true,"href":"https:\/\/soydeaqui.ddns.net\/pachuca\/index.php\/wp-json\/wp\/v2\/product_brand?post=107869"},{"taxonomy":"product_cat","embeddable":true,"href":"https:\/\/soydeaqui.ddns.net\/pachuca\/index.php\/wp-json\/wp\/v2\/product_cat?post=107869"},{"taxonomy":"product_tag","embeddable":true,"href":"https:\/\/soydeaqui.ddns.net\/pachuca\/index.php\/wp-json\/wp\/v2\/product_tag?post=107869"}],"curies":[{"name":"wp","href":"https:\/\/api.w.org\/{rel}","templated":true}]}}