{"id":107867,"date":"2026-03-20T17:31:17","date_gmt":"2026-03-20T17:31:17","guid":{"rendered":"https:\/\/soydeaqui.ddns.net\/pachuca\/index.php\/producto\/domo-ip-4-megapixel-anticorrosivo-anti-explosion-atex-lente-2-8-mm-dwdr-ip68-onvif-poe-316l-ultra-baja-iluminacion\/"},"modified":"2026-03-20T17:31:19","modified_gmt":"2026-03-20T17:31:19","slug":"domo-ip-4-megapixel-anticorrosivo-anti-explosion-atex-lente-2-8-mm-dwdr-ip68-onvif-poe-316l-ultra-baja-iluminacion","status":"publish","type":"product","link":"https:\/\/soydeaqui.ddns.net\/pachuca\/index.php\/producto\/domo-ip-4-megapixel-anticorrosivo-anti-explosion-atex-lente-2-8-mm-dwdr-ip68-onvif-poe-316l-ultra-baja-iluminacion\/","title":{"rendered":"Domo IP 4 Megapixel \/ Anticorrosivo \/ Anti-Explosi\u00f3n (ATEX) \/ Lente 2.8 mm \/ dWDR \/ IP68 \/ Onvif \/ PoE \/ 316L \/ Ultra Baja Iluminaci\u00f3n"},"content":{"rendered":"<div style='width: 100%; max-width: 1200px; margin: 0 auto; font-family: sans-serif; line-height: 1.6; color: inherit; background-color: transparent;'> <!-- Imagen de logo --> <\/p>\n<div style='text-align: center; margin: 30px 0;'> <img style='width: 100%; max-width: 400px; height: auto; border: 1px solid rgba(150&comma;150&comma;150&comma;0.3); border-radius: 8px;' src='https:\/\/ftp3.syscom.mx\/usuarios\/jsosa\/HIKVISION\/imagenes\/logo\/hikvision%20see%20far.png' alt='Logo Hikvision'> <\/div>\n<p> <!-- Secci\u00f3n principal con flex --> <\/p>\n<div style='display: flex; flex-wrap: wrap; gap: 30px; margin-bottom: 30px;'> <!-- Caracter\u00edsticas principales --> <\/p>\n<div style='flex: 1 1 300px; min-width: 280px;'>\n<h3 style='font-size: 22px; border-bottom: 2px solid currentColor; padding-bottom: 5px; margin-top: 0; color: inherit; opacity: 0.8;'>Caracter\u00edsticas principales<\/h3>\n<ul style='padding-left: 20px; font-size: 15px; color: inherit;'>\n<li style='margin-bottom: 5px;'><strong>Sensor de imagen:<\/strong> 1\/2.7&#8242; CMOS Scan Progresivo<\/li>\n<li style='margin-bottom: 5px;'><strong>Iluminaci\u00f3n m\u00ednima:<\/strong> 0.01lux @(F1.2&comma;AGC ON)<\/li>\n<li style='margin-bottom: 5px;'><strong>Velocidad del shutter:<\/strong> 1 s a 1\/100&comma;000 s<\/li>\n<li style='margin-bottom: 5px;'><strong>D\u00eda \/ Noche:<\/strong> Real con filtro ICR<\/li>\n<li style='margin-bottom: 5px;'><strong>Lente:<\/strong> Fijo 2.8 mm (\u00e1ngulo de visi\u00f3n 100.8\u00b0)<\/li>\n<li style='margin-bottom: 5px;'><strong>Funciones:<\/strong> dWDR \/ 3D-DNR \/ BLC \/ HLC \/ Defog \/ EIS<\/li>\n<li style='margin-bottom: 5px;'><strong>Detecci\u00f3n inteligente:<\/strong> Cruce de l\u00ednea \/ intrusi\u00f3n de \u00e1rea \/ detecci\u00f3n de excepci\u00f3n de audio \/ detecci\u00f3n de entrada\/salida de \u00e1rea \/ objeto removido<\/li>\n<\/ul><\/div>\n<p> <!-- Caracter\u00edsticas f\u00edsicas y el\u00e9ctricas --> <\/p>\n<div style='flex: 1 1 300px; min-width: 280px;'>\n<h3 style='font-size: 22px; border-bottom: 2px solid currentColor; padding-bottom: 5px; margin-top: 0; color: inherit; opacity: 0.8;'>Caracter\u00edsticas F\u00edsicas y El\u00e9ctricas<\/h3>\n<ul style='padding-left: 20px; font-size: 15px; color: inherit;'>\n<li style='margin-bottom: 5px;'><strong>Temperatura de operaci\u00f3n:<\/strong> -40 a 60 \u00b0C (-22 \u00b0F \u2013 140 \u00b0F)&comma; humedad 95%<\/li>\n<li style='margin-bottom: 5px;'><strong>Alimentaci\u00f3n:<\/strong> 12Vcc \/ PoE (802.3af) \/ 12.5 W<\/li>\n<li style='margin-bottom: 5px;'><strong>Aplicaci\u00f3n:<\/strong> Interior \/ Exterior<\/li>\n<li style='margin-bottom: 5px;'><strong>Protecci\u00f3n:<\/strong> IP68 y certificaci\u00f3n 316L<\/li>\n<li style='margin-bottom: 5px;'><strong>ATEX:<\/strong> II 2 G D Ex db IIC T6 Gb\/Ex tb IIIC T80\u00b0C Db IP68<\/li>\n<li style='margin-bottom: 5px;'><strong>IECEx:<\/strong> Ex db IIC T6 Gb\/Ex tb IIIC T80\u00b0C Db IP68<\/li>\n<li style='margin-bottom: 5px;'><strong>Dimensiones:<\/strong> 138 x 123.4 mm<\/li>\n<li style='margin-bottom: 5px;'><strong>Peso:<\/strong> 2.5 Kgs<\/li>\n<\/ul><\/div>\n<p> <!-- Compresi\u00f3n de video y resoluci\u00f3n --> <\/p>\n<div style='flex: 1 1 300px; min-width: 280px;'>\n<h3 style='font-size: 22px; border-bottom: 2px solid currentColor; padding-bottom: 5px; margin-top: 0; color: inherit; opacity: 0.8;'>Compresi\u00f3n de video y resoluci\u00f3n m\u00e1xima<\/h3>\n<ul style='padding-left: 20px; font-size: 15px; color: inherit;'>\n<li style='margin-bottom: 5px;'><strong>Formato de compresi\u00f3n:<\/strong> H.265+ \/ H.265 \/ H.264+ \/ H.264<\/li>\n<li style='margin-bottom: 5px;'><strong>Video bit rate:<\/strong> 32 Kbps &#8211; 16 Mbps<\/li>\n<li style='margin-bottom: 5px;'><strong>Compresi\u00f3n de audio:<\/strong> G.711\/G.722.1\/G.726\/MP2L2<\/li>\n<li style='margin-bottom: 5px;'><strong>Audio bit rate:<\/strong> 64Kbps(G.711) \/ 16Kbps(G.722.1) \/ 16Kbps(G.726) \/ 32-128Kbps (MP2L2)<\/li>\n<li style='margin-bottom: 5px;'><strong>Resoluci\u00f3n m\u00e1xima:<\/strong> 4 Megapixel (2560 x 1440)<\/li>\n<li style='margin-bottom: 5px;'><strong>Main stream:<\/strong> 60Hz: 24fps (2560 \u00d7 1440&comma; 1920 \u00d7 1080&comma; 1280 \u00d7 960&comma; 1280 \u00d7720)<\/li>\n<li style='margin-bottom: 5px;'><strong>Sub stream:<\/strong> 60Hz: 24fps (704 \u00d7 480&comma; 640 \u00d7 480&comma; 352 \u00d7 240&comma; 320 \u00d7 240)<\/li>\n<\/ul><\/div>\n<\/p><\/div>\n<p> <!-- Secci\u00f3n de funcionalidades --> <\/p>\n<div style='display: flex; flex-wrap: wrap; gap: 30px; margin-bottom: 30px;'> <!-- Funciones de red y almacenamiento --> <\/p>\n<div style='flex: 1 1 400px; min-width: 300px;'>\n<h3 style='font-size: 22px; border-bottom: 2px solid currentColor; padding-bottom: 5px; margin-top: 0; color: inherit; opacity: 0.8;'>Funciones de red y almacenamiento<\/h3>\n<ul style='padding-left: 20px; font-size: 15px; color: inherit;'>\n<li style='margin-bottom: 5px;'><strong>Almacenamiento:<\/strong> Soporta microSD de hasta 128GB (no incluida)<\/li>\n<li style='margin-bottom: 5px;'><strong>Soporta NAS:<\/strong> (NFS&comma; SMB\/CIFS)<\/li>\n<li style='margin-bottom: 5px;'><strong>Protocolos:<\/strong> TCP\/IP&comma; ICMP&comma; HTTP&comma; HTTPS&comma; FTP&comma; DHCP&comma; DNS&comma; DDNS&comma; RTP&comma; RTSP&comma; RTCP&comma; PPPoE&comma; NTP&comma; UPnP&comma; SMTP&comma; SNMP&comma; IGMP&comma; 802.1X&comma; QoS&comma; IPv6&comma; UDP&comma; Bonjour<\/li>\n<li style='margin-bottom: 5px;'><strong>Soporta:<\/strong> ONVIF (PROFILE S&comma; PROFILE G) \/ ISAPI<\/li>\n<\/ul><\/div>\n<p> <!-- Interfaces y audio --> <\/p>\n<div style='flex: 1 1 400px; min-width: 300px;'>\n<h3 style='font-size: 22px; border-bottom: 2px solid currentColor; padding-bottom: 5px; margin-top: 0; color: inherit; opacity: 0.8;'>Interfaces y Audio<\/h3>\n<ul style='padding-left: 20px; font-size: 15px; color: inherit;'>\n<li style='margin-bottom: 5px;'><strong>Audio:<\/strong> 1 entrada y 1 salida<\/li>\n<li style='margin-bottom: 5px;'><strong>Red:<\/strong> 1 puerto RJ45 10\/100\/1000 Mbps<\/li>\n<li style='margin-bottom: 5px;'><strong>Alarma:<\/strong> 1 entrada y 1 salida (24Vcc&comma; 1A \u00f3 110Vca&comma; 500mA)<\/li>\n<li style='margin-bottom: 5px;'><strong>Salida de video:<\/strong> BNC&comma; resoluci\u00f3n 4CIF<\/li>\n<\/ul><\/div>\n<\/p><\/div>\n<p> <!-- Separador --> <\/p>\n<hr style='border: 0; border-top: 1px solid rgba(150&comma; 150&comma; 150&comma; 0.3); margin: 30px 0;'> <!-- Secci\u00f3n de recursos --> <\/p>\n<div style='margin: 40px 0;'>\n<h3 style='text-align: center; font-size: 20px; margin-bottom: 20px; color: inherit;'>Recursos<\/h3>\n<div style='display: flex; flex-wrap: wrap; gap: 20px; justify-content: center;'> <!-- IVMS4200 --> <\/p>\n<div style='flex: 1 1 250px; max-width: 300px;'> <a href='https:\/\/www.hikvision.com\/es-la\/support\/download\/software\/ivms4200-series\/?q=serie%20ivms4200&#038;position=1' target='_blank' rel='noopener' style='text-decoration: none; color: inherit;'> <img style='width: 100%; height: auto; border: 1px solid rgba(150&comma;150&comma;150&comma;0.3); border-radius: 8px;' src='https:\/\/ftp3.syscom.mx\/usuarios\/gmagos\/HIK\/IP\/IPC\/Imagenes%20pagina\/Descargas%20IVMS4200.jpg' alt='IVMS4200'> <\/a> <\/div>\n<p> <!-- App Hikvision --> <\/p>\n<div style='flex: 1 1 250px; max-width: 300px;'> <a href='https:\/\/appstore.hikvision.com\/' target='_blank' rel='noopener' style='text-decoration: none; color: inherit;'> <img style='width: 100%; height: auto; border: 1px solid rgba(150&comma;150&comma;150&comma;0.3); border-radius: 8px;' src='https:\/\/ftp3.syscom.mx\/usuarios\/gmagos\/HIK\/IP\/IPC\/Imagenes%20pagina\/Descargas%20de%20app.jpg' alt='App Hikvision'> <\/a> <\/div>\n<p> <!-- Especificaciones t\u00e9cnicas --> <\/p>\n<div style='flex: 1 1 250px; max-width: 300px;'> <a href='https:\/\/ftp3.syscom.mx\/usuarios\/roberto.espino\/Specs\/Domo\/Especificaciones%20Tecnicas%20DS-2XE6146F-HS-C_Datasheet_V5.7.0_20211208.pdf' target='_blank' rel='noopener' style='text-decoration: none; color: inherit;'> <img style='width: 100%; height: auto; border: 1px solid rgba(150&comma;150&comma;150&comma;0.3); border-radius: 8px;' src='https:\/\/ftp3.syscom.mx\/usuarios\/gmagos\/HIK\/IP\/IPC\/Imagenes%20pagina\/Descarga%20de%20PDF.jpg' alt='Especificaciones t\u00e9cnicas PDF'> <\/a> <\/div>\n<\/p><\/div>\n<\/p><\/div>\n<p> <!-- Banner final --> <\/p>\n<div style='text-align: center; margin: 30px 0;'> <img style='width: 100%; max-width: 1200px; height: auto; border: 1px solid rgba(150&comma;150&comma;150&comma;0.3); border-radius: 8px;' src='https:\/\/ftp3.syscom.mx\/usuarios\/fcarrillo\/Hikvision\/Imagenes\/solution-banner-2021.png' alt='Banner Hikvision'> <\/div>\n<\/p><\/div>\n","protected":false},"excerpt":{"rendered":"<p>Domo IP 4 Megapixel \/ Anticorrosivo \/ Anti-Explosi\u00f3n (ATEX) \/ Lente 2.8 mm \/ dWDR \/ IP68 \/ Onvif \/ PoE \/ 316L \/ Ultra Baja Iluminaci\u00f3n<\/p>\n","protected":false},"featured_media":107866,"comment_status":"open","ping_status":"closed","template":"","meta":[],"product_brand":[],"product_cat":[2258],"product_tag":[2259,122,54],"class_list":{"0":"post-107867","1":"product","2":"type-product","3":"status-publish","4":"has-post-thumbnail","6":"product_cat-antiexplosion","7":"product_tag-antiexplosion","8":"product_tag-camaras-ip-y-nvrs","9":"product_tag-hikvision","11":"first","12":"outofstock","13":"sale","14":"shipping-taxable","15":"purchasable","16":"product-type-simple"},"_links":{"self":[{"href":"https:\/\/soydeaqui.ddns.net\/pachuca\/index.php\/wp-json\/wp\/v2\/product\/107867","targetHints":{"allow":["GET"]}}],"collection":[{"href":"https:\/\/soydeaqui.ddns.net\/pachuca\/index.php\/wp-json\/wp\/v2\/product"}],"about":[{"href":"https:\/\/soydeaqui.ddns.net\/pachuca\/index.php\/wp-json\/wp\/v2\/types\/product"}],"replies":[{"embeddable":true,"href":"https:\/\/soydeaqui.ddns.net\/pachuca\/index.php\/wp-json\/wp\/v2\/comments?post=107867"}],"wp:featuredmedia":[{"embeddable":true,"href":"https:\/\/soydeaqui.ddns.net\/pachuca\/index.php\/wp-json\/wp\/v2\/media\/107866"}],"wp:attachment":[{"href":"https:\/\/soydeaqui.ddns.net\/pachuca\/index.php\/wp-json\/wp\/v2\/media?parent=107867"}],"wp:term":[{"taxonomy":"product_brand","embeddable":true,"href":"https:\/\/soydeaqui.ddns.net\/pachuca\/index.php\/wp-json\/wp\/v2\/product_brand?post=107867"},{"taxonomy":"product_cat","embeddable":true,"href":"https:\/\/soydeaqui.ddns.net\/pachuca\/index.php\/wp-json\/wp\/v2\/product_cat?post=107867"},{"taxonomy":"product_tag","embeddable":true,"href":"https:\/\/soydeaqui.ddns.net\/pachuca\/index.php\/wp-json\/wp\/v2\/product_tag?post=107867"}],"curies":[{"name":"wp","href":"https:\/\/api.w.org\/{rel}","templated":true}]}}