{"id":107824,"date":"2026-03-20T17:29:06","date_gmt":"2026-03-20T17:29:06","guid":{"rendered":"https:\/\/soydeaqui.ddns.net\/pachuca\/index.php\/producto\/kit-rastreador-de-cables-escondidos-detecta-falla-de-circuito-abierto-o-cortocircuito\/"},"modified":"2026-03-20T17:29:27","modified_gmt":"2026-03-20T17:29:27","slug":"kit-rastreador-de-cables-escondidos-detecta-falla-de-circuito-abierto-o-cortocircuito","status":"publish","type":"product","link":"https:\/\/soydeaqui.ddns.net\/pachuca\/index.php\/producto\/kit-rastreador-de-cables-escondidos-detecta-falla-de-circuito-abierto-o-cortocircuito\/","title":{"rendered":"Kit Rastreador de Cables Escondidos \/ Detecta falla de Circuito Abierto o Cortocircuito."},"content":{"rendered":"<div style='width: 100%; max-width: 1200px; margin: 0 auto; font-family: sans-serif; line-height: 1.6; color: inherit; background-color: transparent;'>\n<div style='display: flex; flex-wrap: wrap; gap: 30px; margin-bottom: 30px;'>\n<div style='flex: 1 1 300px; min-width: 280px;'>\n<h3 style='font-size: 22px; border-bottom: 2px solid currentColor; padding-bottom: 5px; margin-top: 0; color: inherit; opacity: 0.8;'>Descripci\u00f3n<\/h3>\n<p style='font-size: 15px; color: inherit;'>El kit de rastreador de circuito ET450 de Klein Tools es un rastreador profesional para cortacircuitos&comma; fusibles y cables energizados y no energizados. Cuando el transmisor est\u00e1 conectado a un circuito&comma; la sensibilidad del receptor se puede ajustar f\u00e1cilmente para detectar la se\u00f1al transmitida en interruptores&comma; fusibles y cables a trav\u00e9s de Tablaroca&comma; bloques de cemento y subterr\u00e1neos. El kit viene con transmisor&comma; receptor&comma; cuchilla y puntas de conexi\u00f3n a tierra&comma; pinzas de tipo cocodrilo&comma; adaptadores de cable de 3 y 20 pies&comma; cables de enchufe de CA&comma; instrucciones&comma; todas las bater\u00edas necesarias y un estuche r\u00edgido con asa para un transporte y almacenamiento convenientes.<\/p>\n<\/p><\/div>\n<\/p><\/div>\n<div style='display: flex; flex-wrap: wrap; gap: 30px; margin-bottom: 30px;'>\n<div style='flex: 1 1 300px; min-width: 280px;'>\n<h3 style='font-size: 22px; border-bottom: 2px solid currentColor; padding-bottom: 5px; margin-top: 0; color: inherit; opacity: 0.8;'>Caracter\u00edsticas<\/h3>\n<ul style='padding-left: 20px; font-size: 15px; color: inherit;'>\n<li style='margin-bottom: 5px;'>Rastreo confiable de cortacircuitos&comma; fusibles y cables energizados o no energizados<\/li>\n<li style='margin-bottom: 5px;'>Ajuste f\u00e1cilmente el nivel de sensibilidad del receptor para detectar la se\u00f1al transmitida a trav\u00e9s de tablaroca&comma; bloques de cemento y subterr\u00e1neos<\/li>\n<li style='margin-bottom: 5px;'>El pitido audible y los indicadores visuales en el receptor indican la intensidad de la se\u00f1al<\/li>\n<li style='margin-bottom: 5px;'>El receptor cuenta con una linterna para iluminaci\u00f3n en \u00e1reas con poca luz y funci\u00f3n NCV para probar si los cables est\u00e1n energizados<\/li>\n<li style='margin-bottom: 5px;'>El transmisor tiene indicadores de voltaje externo de CA\/CC de 12 V&comma; 48 V&comma; 120 V&comma; 240 V y 480 V<\/li>\n<li style='margin-bottom: 5px;'>Clasificaci\u00f3n de seguridad CAT III 600 V<\/li>\n<li style='margin-bottom: 5px;'>Protecci\u00f3n contra ca\u00eddas de 2 m<\/li>\n<li style='margin-bottom: 5px;'>Certificaci\u00f3n CE y UKCA<\/li>\n<\/ul><\/div>\n<\/p><\/div>\n<div style='display: flex; flex-wrap: wrap; gap: 30px; margin-bottom: 30px;'>\n<div style='flex: 1 1 300px; min-width: 280px;'>\n<h3 style='font-size: 22px; border-bottom: 2px solid currentColor; padding-bottom: 5px; margin-top: 0; color: inherit; opacity: 0.8;'>Target<\/h3>\n<ul style='padding-left: 20px; font-size: 15px; color: inherit;'>\n<li style='margin-bottom: 5px;'>Electricista<\/li>\n<li style='margin-bottom: 5px;'>Linieros<\/li>\n<li style='margin-bottom: 5px;'>Inspectores<\/li>\n<\/ul><\/div>\n<\/p><\/div>\n<div style='display: flex; flex-wrap: wrap; gap: 30px; margin-bottom: 30px;'>\n<div style='flex: 1 1 100%;'>\n<h3 style='font-size: 22px; border-bottom: 2px solid currentColor; padding-bottom: 5px; margin-top: 0; color: inherit; opacity: 0.8;'>Im\u00e1genes del producto<\/h3>\n<div style='display: flex; flex-wrap: wrap; gap: 15px;'>\n<div style='flex: 1 1 100%; max-width: 100%;'> <img style='width: 100%; height: auto; border: 1px solid rgba(150&comma;150&comma;150&comma;0.3); border-radius: 8px;' src='https:\/\/ftp3.syscom.mx\/usuarios\/fotos\/ET450\/207818-captura_de_pantalla_2023-04-28_a_la(s)_11.53.36.png' alt='Captura de pantalla 1' \/> <\/div>\n<div style='flex: 1 1 100%; max-width: 100%;'> <img style='width: 100%; height: auto; border: 1px solid rgba(150&comma;150&comma;150&comma;0.3); border-radius: 8px;' src='https:\/\/ftp3.syscom.mx\/usuarios\/fotos\/ET450\/207818-captura_de_pantalla_2023-04-28_a_la(s)_11.54.19.png' alt='Captura de pantalla 2' \/> <\/div>\n<\/p><\/div>\n<\/p><\/div>\n<\/p><\/div>\n<\/p><\/div>\n","protected":false},"excerpt":{"rendered":"<p>Kit Rastreador de Cables Escondidos \/ Detecta falla de Circuito Abierto o Cortocircuito.<\/p>\n","protected":false},"featured_media":107823,"comment_status":"open","ping_status":"closed","template":"","meta":[],"product_brand":[],"product_cat":[24],"product_tag":[26,25,432],"class_list":{"0":"post-107824","1":"product","2":"type-product","3":"status-publish","4":"has-post-thumbnail","6":"product_cat-accesorios-de-instalacion","7":"product_tag-accesorios-de-instalacion","8":"product_tag-herramientas","9":"product_tag-klein-tools","11":"first","12":"instock","13":"sale","14":"shipping-taxable","15":"purchasable","16":"product-type-simple"},"_links":{"self":[{"href":"https:\/\/soydeaqui.ddns.net\/pachuca\/index.php\/wp-json\/wp\/v2\/product\/107824","targetHints":{"allow":["GET"]}}],"collection":[{"href":"https:\/\/soydeaqui.ddns.net\/pachuca\/index.php\/wp-json\/wp\/v2\/product"}],"about":[{"href":"https:\/\/soydeaqui.ddns.net\/pachuca\/index.php\/wp-json\/wp\/v2\/types\/product"}],"replies":[{"embeddable":true,"href":"https:\/\/soydeaqui.ddns.net\/pachuca\/index.php\/wp-json\/wp\/v2\/comments?post=107824"}],"wp:featuredmedia":[{"embeddable":true,"href":"https:\/\/soydeaqui.ddns.net\/pachuca\/index.php\/wp-json\/wp\/v2\/media\/107823"}],"wp:attachment":[{"href":"https:\/\/soydeaqui.ddns.net\/pachuca\/index.php\/wp-json\/wp\/v2\/media?parent=107824"}],"wp:term":[{"taxonomy":"product_brand","embeddable":true,"href":"https:\/\/soydeaqui.ddns.net\/pachuca\/index.php\/wp-json\/wp\/v2\/product_brand?post=107824"},{"taxonomy":"product_cat","embeddable":true,"href":"https:\/\/soydeaqui.ddns.net\/pachuca\/index.php\/wp-json\/wp\/v2\/product_cat?post=107824"},{"taxonomy":"product_tag","embeddable":true,"href":"https:\/\/soydeaqui.ddns.net\/pachuca\/index.php\/wp-json\/wp\/v2\/product_tag?post=107824"}],"curies":[{"name":"wp","href":"https:\/\/api.w.org\/{rel}","templated":true}]}}