{"id":107812,"date":"2026-03-20T17:28:27","date_gmt":"2026-03-20T17:28:27","guid":{"rendered":"https:\/\/soydeaqui.ddns.net\/pachuca\/index.php\/producto\/sistema-profesional-de-camara-de-reversa-y-monitor-alambrico-para-vehiculos-de-trabajo-y-montacargas\/"},"modified":"2026-03-20T17:29:00","modified_gmt":"2026-03-20T17:29:00","slug":"sistema-profesional-de-camara-de-reversa-y-monitor-alambrico-para-vehiculos-de-trabajo-y-montacargas","status":"publish","type":"product","link":"https:\/\/soydeaqui.ddns.net\/pachuca\/index.php\/producto\/sistema-profesional-de-camara-de-reversa-y-monitor-alambrico-para-vehiculos-de-trabajo-y-montacargas\/","title":{"rendered":"Sistema Profesional de C\u00e1mara de Reversa y Monitor Al\u00e1mbrico para Veh\u00edculos de Trabajo y Montacargas"},"content":{"rendered":"<div style='width: 100%; max-width: 1200px; margin: 0 auto; font-family: sans-serif; line-height: 1.6; color: inherit; background-color: transparent;'> <!-- T\u00edtulo principal (comentado ya que est\u00e1 en otra parte de la p\u00e1gina) \n\n<h2 style='font-size: 22px; margin-bottom: 20px; color: inherit; opacity: 0.9;'>SISTEMA PROFESIONAL DE C\u00c1MARA DE REVERSA Y MONITOR AL\u00c1MBRICO PARA VEH\u00cdCULOS DE TRABAJO Y MONTACARGAS<\/h2>\n\n --> <!-- Secci\u00f3n de descripci\u00f3n general --> <\/p>\n<div style='margin-bottom: 30px; font-size: 15px; color: inherit;'>\n<p>El monitor a color de alta resoluci\u00f3n LCD de 7&#8242; incluido con este sistema proporciona la visualizaci\u00f3n \u00f3ptima para aplicaciones de CCTV m\u00f3viles. La excelente calidad de imagen est\u00e1 garantizada incluso en condiciones de poca luz usando una c\u00e1mara infrarroja de color CMOS.<\/p>\n<p>El monitor plano y de pantalla ancha permite un montaje discreto.<\/p>\n<\/p><\/div>\n<p> <!-- Secci\u00f3n de caracter\u00edsticas --> <\/p>\n<div style='margin-bottom: 30px;'>\n<h3 style='font-size: 20px; border-bottom: 2px solid currentColor; padding-bottom: 5px; margin-top: 0; margin-bottom: 15px; color: inherit; opacity: 0.8;'>Caracter\u00edsticas y beneficios<\/h3>\n<ul style='padding-left: 20px; font-size: 15px; color: inherit;'>\n<li style='margin-bottom: 8px;'>C\u00e1mara de infrarrojos CMOS 18 LED<\/li>\n<li style='margin-bottom: 8px;'><strong>Soporta hasta dos c\u00e1maras modelo EPC633<\/strong><\/li>\n<li style='margin-bottom: 8px;'><strong>Sistema no preparado para grabaci\u00f3n&comma; solo visi\u00f3n en directo<\/strong><\/li>\n<li style='margin-bottom: 8px;'>\u00c1ngulo de visi\u00f3n 120\u00b0<\/li>\n<li style='margin-bottom: 8px;'>Visi\u00f3n nocturna<\/li>\n<li style='margin-bottom: 8px;'><strong>Voltaje 12 \/ 24 Vcc<\/strong><\/li>\n<li style='margin-bottom: 8px;'><strong>1 A\u00f1o de Garant\u00eda<\/strong><\/li>\n<li style='margin-bottom: 8px;'><strong>IP69K (Solo en C\u00e1mara EPC633)<\/strong><\/li>\n<li style='margin-bottom: 8px;'><strong>Incluye cable de 20 metros de extensi\u00f3n a c\u00e1mara<\/strong><\/li>\n<li style='margin-bottom: 8px;'><strong>FCC (Solo en C\u00e1mara)<\/strong><\/li>\n<li style='margin-bottom: 8px;'><strong>Monitor de 7 Pulgadas<\/strong><\/li>\n<li style='margin-bottom: 8px;'>Resoluci\u00f3n 700TVL\/720P\/1080P<\/li>\n<li style='margin-bottom: 8px;'>Sensor de imagen CMOS de 1\/3&#8242;<\/li>\n<li style='margin-bottom: 8px;'>\u00c1ngulo del lente 120 grados<\/li>\n<li style='margin-bottom: 8px;'>Conector RCA de 4 pines<\/li>\n<li style='margin-bottom: 8px;'>Aplicaciones en Cami\u00f3n\/autob\u00fas\/cami\u00f3n\/servicio pesado<\/li>\n<li style='margin-bottom: 8px;'><strong>No incluye funci\u00f3n de pantalla dividida para visualizar 2 c\u00e1maras a la vez<\/strong><\/li>\n<\/ul><\/div>\n<p> <!-- Secci\u00f3n de contenido incluido --> <\/p>\n<div style='margin-bottom: 30px;'>\n<h3 style='font-size: 20px; border-bottom: 2px solid currentColor; padding-bottom: 5px; margin-top: 0; margin-bottom: 15px; color: inherit; opacity: 0.8;'>Contenido del sistema<\/h3>\n<ul style='padding-left: 20px; font-size: 15px; color: inherit;'>\n<li style='margin-bottom: 8px;'><strong>Camara Modelo EPC633<\/strong><\/li>\n<li style='margin-bottom: 8px;'><strong>Monitor Modelo EPM790<\/strong><\/li>\n<li style='margin-bottom: 8px;'><strong>Control Remoto Modelo EPCON01<\/strong><\/li>\n<li style='margin-bottom: 8px;'><strong>Cable extensi\u00f3n para monitor (Longitud 20 Metros)<\/strong><\/li>\n<\/ul><\/div>\n<p> <!-- Secci\u00f3n de descripci\u00f3n adicional --> <\/p>\n<div style='margin-bottom: 30px; font-size: 15px; color: inherit;'>\n<p>El sistema de Reversa EP790J est\u00e1 compuesto por un monitor LCD digital y una c\u00e1mara de alta definici\u00f3n montada en el veh\u00edculo. Muestra obst\u00e1culos alrededor del veh\u00edculo a trav\u00e9s de im\u00e1genes de alta definici\u00f3n&comma; ampl\u00eda el campo de visi\u00f3n del conductor&comma; ayuda al conductor a capturar claramente la imagen de reversa y encuentra obst\u00e1culos a tiempo&comma; lo que aumenta el factor de seguridad de conducci\u00f3n y la seguridad de conducci\u00f3n asistida. Todo el sistema est\u00e1 dise\u00f1ado con multicapa a prueba de agua y el nivel de protecci\u00f3n alcanza IP69K. Puede ser ampliamente utilizado en veh\u00edculos de maquinaria de construcci\u00f3n&comma; cosechadoras&comma; excavadoras&comma; etc.<\/p>\n<\/p><\/div>\n<p> <!-- Secci\u00f3n de especificaciones el\u00e9ctricas --> <\/p>\n<div style='margin-bottom: 30px;'>\n<h3 style='font-size: 20px; border-bottom: 2px solid currentColor; padding-bottom: 5px; margin-top: 0; margin-bottom: 15px; color: inherit; opacity: 0.8;'>Especificaciones El\u00e9ctricas<\/h3>\n<div style='display: flex; flex-wrap: wrap; gap: 30px;'>\n<div style='flex: 1 1 250px; min-width: 200px;'>\n<ul style='padding-left: 20px; margin: 0; font-size: 15px; color: inherit;'>\n<li style='margin-bottom: 8px;'><strong>12 \/ 24 Vcc<\/strong><\/li>\n<li style='margin-bottom: 8px;'><strong>Corriente de consumo del Monitor:<\/strong><\/li>\n<li style='margin-left: 20px; margin-bottom: 8px;'>12V: 0.42A\u00b10.03A<\/li>\n<li style='margin-left: 20px; margin-bottom: 8px;'>24V: 0.17A\u00b10.03A<\/li>\n<li style='margin-bottom: 8px;'><strong>Corriente de consumo de C\u00e1mara:<\/strong><\/li>\n<li style='margin-left: 20px; margin-bottom: 8px;'>12V: 0.03A<\/li>\n<li style='margin-bottom: 8px;'><strong>Corriente de consumo total del sistema:<\/strong><\/li>\n<li style='margin-left: 20px; margin-bottom: 8px;'>12V: 0.45A\u00b10.03A<\/li>\n<li style='margin-left: 20px;'>24V: 0.20A\u00b10.03A<\/li>\n<\/ul><\/div>\n<\/p><\/div>\n<\/p><\/div>\n<p> <!-- Separador --> <\/p>\n<hr style='border: 0; border-top: 1px solid rgba(150&comma; 150&comma; 150&comma; 0.3); margin: 30px 0;'> <\/div>\n","protected":false},"excerpt":{"rendered":"<p>Sistema Profesional de C\u00e1mara de Reversa y Monitor Al\u00e1mbrico para Veh\u00edculos de Trabajo y Montacargas<\/p>\n","protected":false},"featured_media":107811,"comment_status":"open","ping_status":"closed","template":"","meta":[],"product_brand":[],"product_cat":[1408,1406],"product_tag":[93,1409,935,1345],"class_list":{"0":"post-107812","1":"product","2":"type-product","3":"status-publish","4":"has-post-thumbnail","6":"product_cat-accesorios-dash-cams-y-body-cams","7":"product_cat-videograbadoras-moviles-videovigilancia","8":"product_tag-accesorios","9":"product_tag-dash-cams-y-body-cams","10":"product_tag-epcom","11":"product_tag-videograbadoras-moviles","13":"first","14":"instock","15":"sale","16":"shipping-taxable","17":"purchasable","18":"product-type-simple"},"_links":{"self":[{"href":"https:\/\/soydeaqui.ddns.net\/pachuca\/index.php\/wp-json\/wp\/v2\/product\/107812","targetHints":{"allow":["GET"]}}],"collection":[{"href":"https:\/\/soydeaqui.ddns.net\/pachuca\/index.php\/wp-json\/wp\/v2\/product"}],"about":[{"href":"https:\/\/soydeaqui.ddns.net\/pachuca\/index.php\/wp-json\/wp\/v2\/types\/product"}],"replies":[{"embeddable":true,"href":"https:\/\/soydeaqui.ddns.net\/pachuca\/index.php\/wp-json\/wp\/v2\/comments?post=107812"}],"wp:featuredmedia":[{"embeddable":true,"href":"https:\/\/soydeaqui.ddns.net\/pachuca\/index.php\/wp-json\/wp\/v2\/media\/107811"}],"wp:attachment":[{"href":"https:\/\/soydeaqui.ddns.net\/pachuca\/index.php\/wp-json\/wp\/v2\/media?parent=107812"}],"wp:term":[{"taxonomy":"product_brand","embeddable":true,"href":"https:\/\/soydeaqui.ddns.net\/pachuca\/index.php\/wp-json\/wp\/v2\/product_brand?post=107812"},{"taxonomy":"product_cat","embeddable":true,"href":"https:\/\/soydeaqui.ddns.net\/pachuca\/index.php\/wp-json\/wp\/v2\/product_cat?post=107812"},{"taxonomy":"product_tag","embeddable":true,"href":"https:\/\/soydeaqui.ddns.net\/pachuca\/index.php\/wp-json\/wp\/v2\/product_tag?post=107812"}],"curies":[{"name":"wp","href":"https:\/\/api.w.org\/{rel}","templated":true}]}}